{"id":59704,"date":"2021-08-11T15:21:24","date_gmt":"2021-08-11T13:21:24","guid":{"rendered":"https:\/\/global-exam.com\/blog\/?page_id=59704"},"modified":"2022-08-31T14:22:16","modified_gmt":"2022-08-31T12:22:16","slug":"categorie-presentation-du-test-ielts","status":"publish","type":"page","link":"https:\/\/global-exam.com\/blog\/fr\/examens\/ielts\/categorie-presentation-du-test-ielts\/","title":{"rendered":"Pr\u00e9sentation du test IELTS"},"content":{"rendered":"<p>D\u00e9couvrir le test IELTS<\/p>\n<p>L&rsquo;<em><strong>International English Language Testing System<\/strong><\/em> (IELTS) est un test d&rsquo;anglais standardis\u00e9 reconnu \u00e0 l&rsquo;international. Ce test, administr\u00e9 par l&rsquo;<strong>universit\u00e9 de Cambridge et le British Council<\/strong>, est l&rsquo;un des plus reconnus par les universit\u00e9s et entreprises internationales.<\/p>\n<p>Cette cat\u00e9gorie d&rsquo;articles vous donne toutes les <strong>informations n\u00e9cessaires<\/strong> sur l&rsquo;<strong>IELTS<\/strong> : l&rsquo;utilit\u00e9 du test, le d\u00e9roulement des \u00e9preuves, les endroits o\u00f9 s&rsquo;inscrire, le co\u00fbt de l&rsquo;inscription et les portes que cette <strong>certification<\/strong> peut vous ouvrir.<\/p>\n<p>Retrouvez \u00e9galement tout ce qu&rsquo;il y a \u00e0 savoir sur les <strong>deux versions<\/strong> de l&rsquo;examen que sont l&rsquo;<strong>IELTS Academic<\/strong> et l&rsquo;<strong>IELTS General Training<\/strong>, et informez-vous sur les meilleures fa\u00e7ons de se pr\u00e9parer \u00e0 l&rsquo;examen pour obtenir les meilleures <strong>chances de r\u00e9ussite<\/strong>.<\/p>\n","protected":false},"excerpt":{"rendered":"<p>D\u00e9couvrir le test IELTS L&rsquo;International English Language Testing System (IELTS) est un test d&rsquo;anglais standardis\u00e9 reconnu \u00e0 l&rsquo;international. Ce test, administr\u00e9 par [&hellip;]<\/p>\n","protected":false},"author":2,"featured_media":0,"parent":2851,"menu_order":0,"comment_status":"closed","ping_status":"closed","template":"","meta":[],"acf":[],"yoast_head":"<!-- This site is optimized with the Yoast SEO plugin v17.2.1 - https:\/\/yoast.com\/wordpress\/plugins\/seo\/ -->\n<title>Pr\u00e9sentation du test IELTS<\/title>\n<meta name=\"description\" content=\"D\u00e9couvrez la structure du test d&#039;anglais IELTS en parcourant nos articles de pr\u00e9sentation de cet examen reconnu \u00e0 l&#039;international.\" \/>\n<meta name=\"robots\" content=\"index, follow, max-snippet:-1, max-image-preview:large, max-video-preview:-1\" \/>\n<link rel=\"canonical\" href=\"https:\/\/global-exam.com\/blog\/fr\/examens\/ielts\/categorie-presentation-du-test-ielts\/\" \/>\n<meta property=\"og:locale\" content=\"fr_FR\" \/>\n<meta property=\"og:type\" content=\"article\" \/>\n<meta property=\"og:title\" content=\"Pr\u00e9sentation du test IELTS\" \/>\n<meta property=\"og:description\" content=\"D\u00e9couvrez la structure du test d&#039;anglais IELTS en parcourant nos articles de pr\u00e9sentation de cet examen reconnu \u00e0 l&#039;international.\" \/>\n<meta property=\"og:url\" content=\"https:\/\/global-exam.com\/blog\/fr\/examens\/ielts\/categorie-presentation-du-test-ielts\/\" \/>\n<meta property=\"og:site_name\" content=\"GlobalExam Blog\" \/>\n<meta property=\"article:publisher\" content=\"https:\/\/www.facebook.com\/Global.Exam\" \/>\n<meta property=\"article:modified_time\" content=\"2022-08-31T12:22:16+00:00\" \/>\n<meta name=\"twitter:card\" content=\"summary_large_image\" \/>\n<meta name=\"twitter:site\" content=\"@Global_Exam\" \/>\n<meta name=\"twitter:label1\" content=\"Dur\u00e9e de lecture estim\u00e9e\" \/>\n\t<meta name=\"twitter:data1\" content=\"1 minute\" \/>\n<script type=\"application\/ld+json\" class=\"yoast-schema-graph\">{\"@context\":\"https:\/\/schema.org\",\"@graph\":[{\"@type\":\"WebSite\",\"@id\":\"https:\/\/global-exam.com\/blog\/#website\",\"url\":\"https:\/\/global-exam.com\/blog\/\",\"name\":\"GlobalExam Blog\",\"description\":\"Le blog du sp\\u00e9cialiste de la certification linguistique\",\"potentialAction\":[{\"@type\":\"SearchAction\",\"target\":{\"@type\":\"EntryPoint\",\"urlTemplate\":\"https:\/\/global-exam.com\/blog\/?s={search_term_string}\"},\"query-input\":\"required name=search_term_string\"}],\"inLanguage\":\"fr-FR\"},{\"@type\":\"WebPage\",\"@id\":\"https:\/\/global-exam.com\/blog\/fr\/examens\/ielts\/categorie-presentation-du-test-ielts\/#webpage\",\"url\":\"https:\/\/global-exam.com\/blog\/fr\/examens\/ielts\/categorie-presentation-du-test-ielts\/\",\"name\":\"Pr\\u00e9sentation du test IELTS\",\"isPartOf\":{\"@id\":\"https:\/\/global-exam.com\/blog\/#website\"},\"datePublished\":\"2021-08-11T13:21:24+00:00\",\"dateModified\":\"2022-08-31T12:22:16+00:00\",\"description\":\"D\\u00e9couvrez la structure du test d'anglais IELTS en parcourant nos articles de pr\\u00e9sentation de cet examen reconnu \\u00e0 l'international.\",\"breadcrumb\":{\"@id\":\"https:\/\/global-exam.com\/blog\/fr\/examens\/ielts\/categorie-presentation-du-test-ielts\/#breadcrumb\"},\"inLanguage\":\"fr-FR\",\"potentialAction\":[{\"@type\":\"ReadAction\",\"target\":[\"https:\/\/global-exam.com\/blog\/fr\/examens\/ielts\/categorie-presentation-du-test-ielts\/\"]}]},{\"@type\":\"BreadcrumbList\",\"@id\":\"https:\/\/global-exam.com\/blog\/fr\/examens\/ielts\/categorie-presentation-du-test-ielts\/#breadcrumb\",\"itemListElement\":[{\"@type\":\"ListItem\",\"position\":1,\"name\":\"Les examens de langue\",\"item\":\"https:\/\/global-exam.com\/blog\/fr\/examens\/\"},{\"@type\":\"ListItem\",\"position\":2,\"name\":\"IELTS Test : examen d&rsquo;anglais\",\"item\":\"https:\/\/global-exam.com\/blog\/fr\/examens\/ielts\/\"},{\"@type\":\"ListItem\",\"position\":3,\"name\":\"Pr\\u00e9sentation du test IELTS\"}]}]}<\/script>\n<!-- \/ Yoast SEO plugin. -->","yoast_head_json":{"title":"Pr\u00e9sentation du test IELTS","description":"D\u00e9couvrez la structure du test d'anglais IELTS en parcourant nos articles de pr\u00e9sentation de cet examen reconnu \u00e0 l'international.","robots":{"index":"index","follow":"follow","max-snippet":"max-snippet:-1","max-image-preview":"max-image-preview:large","max-video-preview":"max-video-preview:-1"},"canonical":"https:\/\/global-exam.com\/blog\/fr\/examens\/ielts\/categorie-presentation-du-test-ielts\/","og_locale":"fr_FR","og_type":"article","og_title":"Pr\u00e9sentation du test IELTS","og_description":"D\u00e9couvrez la structure du test d'anglais IELTS en parcourant nos articles de pr\u00e9sentation de cet examen reconnu \u00e0 l'international.","og_url":"https:\/\/global-exam.com\/blog\/fr\/examens\/ielts\/categorie-presentation-du-test-ielts\/","og_site_name":"GlobalExam Blog","article_publisher":"https:\/\/www.facebook.com\/Global.Exam","article_modified_time":"2022-08-31T12:22:16+00:00","twitter_card":"summary_large_image","twitter_site":"@Global_Exam","twitter_misc":{"Dur\u00e9e de lecture estim\u00e9e":"1 minute"},"schema":{"@context":"https:\/\/schema.org","@graph":[{"@type":"WebSite","@id":"https:\/\/global-exam.com\/blog\/#website","url":"https:\/\/global-exam.com\/blog\/","name":"GlobalExam Blog","description":"Le blog du sp\u00e9cialiste de la certification linguistique","potentialAction":[{"@type":"SearchAction","target":{"@type":"EntryPoint","urlTemplate":"https:\/\/global-exam.com\/blog\/?s={search_term_string}"},"query-input":"required name=search_term_string"}],"inLanguage":"fr-FR"},{"@type":"WebPage","@id":"https:\/\/global-exam.com\/blog\/fr\/examens\/ielts\/categorie-presentation-du-test-ielts\/#webpage","url":"https:\/\/global-exam.com\/blog\/fr\/examens\/ielts\/categorie-presentation-du-test-ielts\/","name":"Pr\u00e9sentation du test IELTS","isPartOf":{"@id":"https:\/\/global-exam.com\/blog\/#website"},"datePublished":"2021-08-11T13:21:24+00:00","dateModified":"2022-08-31T12:22:16+00:00","description":"D\u00e9couvrez la structure du test d'anglais IELTS en parcourant nos articles de pr\u00e9sentation de cet examen reconnu \u00e0 l'international.","breadcrumb":{"@id":"https:\/\/global-exam.com\/blog\/fr\/examens\/ielts\/categorie-presentation-du-test-ielts\/#breadcrumb"},"inLanguage":"fr-FR","potentialAction":[{"@type":"ReadAction","target":["https:\/\/global-exam.com\/blog\/fr\/examens\/ielts\/categorie-presentation-du-test-ielts\/"]}]},{"@type":"BreadcrumbList","@id":"https:\/\/global-exam.com\/blog\/fr\/examens\/ielts\/categorie-presentation-du-test-ielts\/#breadcrumb","itemListElement":[{"@type":"ListItem","position":1,"name":"Les examens de langue","item":"https:\/\/global-exam.com\/blog\/fr\/examens\/"},{"@type":"ListItem","position":2,"name":"IELTS Test : examen d&rsquo;anglais","item":"https:\/\/global-exam.com\/blog\/fr\/examens\/ielts\/"},{"@type":"ListItem","position":3,"name":"Pr\u00e9sentation du test IELTS"}]}]}},"lang":"fr","translations":{"fr":59704},"pll_sync_post":[],"_links":{"self":[{"href":"https:\/\/global-exam.com\/blog\/wp-json\/wp\/v2\/pages\/59704"}],"collection":[{"href":"https:\/\/global-exam.com\/blog\/wp-json\/wp\/v2\/pages"}],"about":[{"href":"https:\/\/global-exam.com\/blog\/wp-json\/wp\/v2\/types\/page"}],"author":[{"embeddable":true,"href":"https:\/\/global-exam.com\/blog\/wp-json\/wp\/v2\/users\/2"}],"replies":[{"embeddable":true,"href":"https:\/\/global-exam.com\/blog\/wp-json\/wp\/v2\/comments?post=59704"}],"version-history":[{"count":8,"href":"https:\/\/global-exam.com\/blog\/wp-json\/wp\/v2\/pages\/59704\/revisions"}],"predecessor-version":[{"id":79187,"href":"https:\/\/global-exam.com\/blog\/wp-json\/wp\/v2\/pages\/59704\/revisions\/79187"}],"up":[{"embeddable":true,"href":"https:\/\/global-exam.com\/blog\/wp-json\/wp\/v2\/pages\/2851"}],"wp:attachment":[{"href":"https:\/\/global-exam.com\/blog\/wp-json\/wp\/v2\/media?parent=59704"}],"curies":[{"name":"wp","href":"https:\/\/api.w.org\/{rel}","templated":true}]}}