{"id":59707,"date":"2021-08-11T15:23:40","date_gmt":"2021-08-11T13:23:40","guid":{"rendered":"https:\/\/global-exam.com\/blog\/?page_id=59707"},"modified":"2022-08-31T14:23:02","modified_gmt":"2022-08-31T12:23:02","slug":"categorie-sinscrire-au-test-ielts","status":"publish","type":"page","link":"https:\/\/global-exam.com\/blog\/fr\/examens\/ielts\/categorie-sinscrire-au-test-ielts\/","title":{"rendered":"S&rsquo;inscrire au test IELTS"},"content":{"rendered":"<p>S&rsquo;inscrire pour passer l&rsquo;IELTS<\/p>\n<p>\u00c7a y est, vous avez d\u00e9cid\u00e9 de passer l\u2019<strong>IELTS<\/strong>, l\u2019un des tests d\u2019anglais les plus\u00a0<strong>reconnus au monde <\/strong>?\u00a0Vous vous posez alors probablement des questions sur la marche \u00e0 suivre : o\u00f9 et comment s\u2019inscrire au test ? Combien cela co\u00fbte-t-il ? Quelle est la dur\u00e9e de validit\u00e9 de la certification ? Quelle version de l\u2019IELTS choisir ? Quels sont les d\u00e9lais d\u2019attente ?<\/p>\n<p>Pour vous aider \u00e0 vous organiser et \u00e0 g\u00e9rer au mieux votre\u00a0<strong>inscription<\/strong>\u00a0\u00e0 l\u2019<em>International English Language Testing System<\/em>, nous regroupons dans cette cat\u00e9gorie l\u2019ensemble des articles li\u00e9s aux\u00a0<strong>informations pratiques<\/strong>\u00a0et \u00e0 l\u2019<strong>inscription au test<\/strong>.<\/p>\n<p>Que vous pr\u00e9voyiez de passer l\u2019<strong>IELTS<\/strong>\u00a0pour partir\u00a0<strong>\u00e9tudier \u00e0 l\u2019\u00e9tranger<\/strong>, pour valider un master ou aller vivre et travailler dans un\u00a0<strong>pays anglophone<\/strong>, d\u00e9couvrez toutes les informations n\u00e9cessaires \u00e0 la\u00a0<strong>logistique<\/strong>\u00a0et \u00e0 votre\u00a0<strong>inscription<\/strong>\u00a0\u00e0 l\u2019examen. Vous d\u00e9couvrirez \u00e9galement ici comment choisir entre les deux versions du test : l\u2019<strong>IELTS Academic<\/strong>\u00a0ou l\u2019<strong>IELTS General Training<\/strong>, en fonction des objectifs vis\u00e9s.<\/p>\n","protected":false},"excerpt":{"rendered":"<p>S&rsquo;inscrire pour passer l&rsquo;IELTS \u00c7a y est, vous avez d\u00e9cid\u00e9 de passer l\u2019IELTS, l\u2019un des tests d\u2019anglais les plus\u00a0reconnus au monde ?\u00a0Vous [&hellip;]<\/p>\n","protected":false},"author":2,"featured_media":0,"parent":2851,"menu_order":0,"comment_status":"closed","ping_status":"closed","template":"","meta":[],"acf":[],"yoast_head":"<!-- This site is optimized with the Yoast SEO plugin v17.2.1 - https:\/\/yoast.com\/wordpress\/plugins\/seo\/ -->\n<title>S&#039;inscrire au test IELTS<\/title>\n<meta name=\"description\" content=\"Retrouvez toutes les informations n\u00e9cessaires \u00e0 votre inscription au test d&#039;anglais IELTS dans nos articles GlobalExam.\" \/>\n<meta name=\"robots\" content=\"index, follow, max-snippet:-1, max-image-preview:large, max-video-preview:-1\" \/>\n<link rel=\"canonical\" href=\"https:\/\/global-exam.com\/blog\/fr\/examens\/ielts\/categorie-sinscrire-au-test-ielts\/\" \/>\n<meta property=\"og:locale\" content=\"fr_FR\" \/>\n<meta property=\"og:type\" content=\"article\" \/>\n<meta property=\"og:title\" content=\"S&#039;inscrire au test IELTS\" \/>\n<meta property=\"og:description\" content=\"Retrouvez toutes les informations n\u00e9cessaires \u00e0 votre inscription au test d&#039;anglais IELTS dans nos articles GlobalExam.\" \/>\n<meta property=\"og:url\" content=\"https:\/\/global-exam.com\/blog\/fr\/examens\/ielts\/categorie-sinscrire-au-test-ielts\/\" \/>\n<meta property=\"og:site_name\" content=\"GlobalExam Blog\" \/>\n<meta property=\"article:publisher\" content=\"https:\/\/www.facebook.com\/Global.Exam\" \/>\n<meta property=\"article:modified_time\" content=\"2022-08-31T12:23:02+00:00\" \/>\n<meta name=\"twitter:card\" content=\"summary_large_image\" \/>\n<meta name=\"twitter:site\" content=\"@Global_Exam\" \/>\n<meta name=\"twitter:label1\" content=\"Dur\u00e9e de lecture estim\u00e9e\" \/>\n\t<meta name=\"twitter:data1\" content=\"3 minutes\" \/>\n<script type=\"application\/ld+json\" class=\"yoast-schema-graph\">{\"@context\":\"https:\/\/schema.org\",\"@graph\":[{\"@type\":\"WebSite\",\"@id\":\"https:\/\/global-exam.com\/blog\/#website\",\"url\":\"https:\/\/global-exam.com\/blog\/\",\"name\":\"GlobalExam Blog\",\"description\":\"Le blog du sp\\u00e9cialiste de la certification linguistique\",\"potentialAction\":[{\"@type\":\"SearchAction\",\"target\":{\"@type\":\"EntryPoint\",\"urlTemplate\":\"https:\/\/global-exam.com\/blog\/?s={search_term_string}\"},\"query-input\":\"required name=search_term_string\"}],\"inLanguage\":\"fr-FR\"},{\"@type\":\"WebPage\",\"@id\":\"https:\/\/global-exam.com\/blog\/fr\/examens\/ielts\/categorie-sinscrire-au-test-ielts\/#webpage\",\"url\":\"https:\/\/global-exam.com\/blog\/fr\/examens\/ielts\/categorie-sinscrire-au-test-ielts\/\",\"name\":\"S'inscrire au test IELTS\",\"isPartOf\":{\"@id\":\"https:\/\/global-exam.com\/blog\/#website\"},\"datePublished\":\"2021-08-11T13:23:40+00:00\",\"dateModified\":\"2022-08-31T12:23:02+00:00\",\"description\":\"Retrouvez toutes les informations n\\u00e9cessaires \\u00e0 votre inscription au test d'anglais IELTS dans nos articles GlobalExam.\",\"breadcrumb\":{\"@id\":\"https:\/\/global-exam.com\/blog\/fr\/examens\/ielts\/categorie-sinscrire-au-test-ielts\/#breadcrumb\"},\"inLanguage\":\"fr-FR\",\"potentialAction\":[{\"@type\":\"ReadAction\",\"target\":[\"https:\/\/global-exam.com\/blog\/fr\/examens\/ielts\/categorie-sinscrire-au-test-ielts\/\"]}]},{\"@type\":\"BreadcrumbList\",\"@id\":\"https:\/\/global-exam.com\/blog\/fr\/examens\/ielts\/categorie-sinscrire-au-test-ielts\/#breadcrumb\",\"itemListElement\":[{\"@type\":\"ListItem\",\"position\":1,\"name\":\"Les examens de langue\",\"item\":\"https:\/\/global-exam.com\/blog\/fr\/examens\/\"},{\"@type\":\"ListItem\",\"position\":2,\"name\":\"IELTS Test : examen d&rsquo;anglais\",\"item\":\"https:\/\/global-exam.com\/blog\/fr\/examens\/ielts\/\"},{\"@type\":\"ListItem\",\"position\":3,\"name\":\"S&rsquo;inscrire au test IELTS\"}]}]}<\/script>\n<!-- \/ Yoast SEO plugin. -->","yoast_head_json":{"title":"S'inscrire au test IELTS","description":"Retrouvez toutes les informations n\u00e9cessaires \u00e0 votre inscription au test d'anglais IELTS dans nos articles GlobalExam.","robots":{"index":"index","follow":"follow","max-snippet":"max-snippet:-1","max-image-preview":"max-image-preview:large","max-video-preview":"max-video-preview:-1"},"canonical":"https:\/\/global-exam.com\/blog\/fr\/examens\/ielts\/categorie-sinscrire-au-test-ielts\/","og_locale":"fr_FR","og_type":"article","og_title":"S'inscrire au test IELTS","og_description":"Retrouvez toutes les informations n\u00e9cessaires \u00e0 votre inscription au test d'anglais IELTS dans nos articles GlobalExam.","og_url":"https:\/\/global-exam.com\/blog\/fr\/examens\/ielts\/categorie-sinscrire-au-test-ielts\/","og_site_name":"GlobalExam Blog","article_publisher":"https:\/\/www.facebook.com\/Global.Exam","article_modified_time":"2022-08-31T12:23:02+00:00","twitter_card":"summary_large_image","twitter_site":"@Global_Exam","twitter_misc":{"Dur\u00e9e de lecture estim\u00e9e":"3 minutes"},"schema":{"@context":"https:\/\/schema.org","@graph":[{"@type":"WebSite","@id":"https:\/\/global-exam.com\/blog\/#website","url":"https:\/\/global-exam.com\/blog\/","name":"GlobalExam Blog","description":"Le blog du sp\u00e9cialiste de la certification linguistique","potentialAction":[{"@type":"SearchAction","target":{"@type":"EntryPoint","urlTemplate":"https:\/\/global-exam.com\/blog\/?s={search_term_string}"},"query-input":"required name=search_term_string"}],"inLanguage":"fr-FR"},{"@type":"WebPage","@id":"https:\/\/global-exam.com\/blog\/fr\/examens\/ielts\/categorie-sinscrire-au-test-ielts\/#webpage","url":"https:\/\/global-exam.com\/blog\/fr\/examens\/ielts\/categorie-sinscrire-au-test-ielts\/","name":"S'inscrire au test IELTS","isPartOf":{"@id":"https:\/\/global-exam.com\/blog\/#website"},"datePublished":"2021-08-11T13:23:40+00:00","dateModified":"2022-08-31T12:23:02+00:00","description":"Retrouvez toutes les informations n\u00e9cessaires \u00e0 votre inscription au test d'anglais IELTS dans nos articles GlobalExam.","breadcrumb":{"@id":"https:\/\/global-exam.com\/blog\/fr\/examens\/ielts\/categorie-sinscrire-au-test-ielts\/#breadcrumb"},"inLanguage":"fr-FR","potentialAction":[{"@type":"ReadAction","target":["https:\/\/global-exam.com\/blog\/fr\/examens\/ielts\/categorie-sinscrire-au-test-ielts\/"]}]},{"@type":"BreadcrumbList","@id":"https:\/\/global-exam.com\/blog\/fr\/examens\/ielts\/categorie-sinscrire-au-test-ielts\/#breadcrumb","itemListElement":[{"@type":"ListItem","position":1,"name":"Les examens de langue","item":"https:\/\/global-exam.com\/blog\/fr\/examens\/"},{"@type":"ListItem","position":2,"name":"IELTS Test : examen d&rsquo;anglais","item":"https:\/\/global-exam.com\/blog\/fr\/examens\/ielts\/"},{"@type":"ListItem","position":3,"name":"S&rsquo;inscrire au test IELTS"}]}]}},"lang":"fr","translations":{"fr":59707},"pll_sync_post":[],"_links":{"self":[{"href":"https:\/\/global-exam.com\/blog\/wp-json\/wp\/v2\/pages\/59707"}],"collection":[{"href":"https:\/\/global-exam.com\/blog\/wp-json\/wp\/v2\/pages"}],"about":[{"href":"https:\/\/global-exam.com\/blog\/wp-json\/wp\/v2\/types\/page"}],"author":[{"embeddable":true,"href":"https:\/\/global-exam.com\/blog\/wp-json\/wp\/v2\/users\/2"}],"replies":[{"embeddable":true,"href":"https:\/\/global-exam.com\/blog\/wp-json\/wp\/v2\/comments?post=59707"}],"version-history":[{"count":9,"href":"https:\/\/global-exam.com\/blog\/wp-json\/wp\/v2\/pages\/59707\/revisions"}],"predecessor-version":[{"id":79188,"href":"https:\/\/global-exam.com\/blog\/wp-json\/wp\/v2\/pages\/59707\/revisions\/79188"}],"up":[{"embeddable":true,"href":"https:\/\/global-exam.com\/blog\/wp-json\/wp\/v2\/pages\/2851"}],"wp:attachment":[{"href":"https:\/\/global-exam.com\/blog\/wp-json\/wp\/v2\/media?parent=59707"}],"curies":[{"name":"wp","href":"https:\/\/api.w.org\/{rel}","templated":true}]}}