{"id":59711,"date":"2021-08-11T15:26:03","date_gmt":"2021-08-11T13:26:03","guid":{"rendered":"https:\/\/global-exam.com\/blog\/?page_id=59711"},"modified":"2022-08-31T14:24:12","modified_gmt":"2022-08-31T12:24:12","slug":"categorie-supports-pour-sentrainer-a-lielts","status":"publish","type":"page","link":"https:\/\/global-exam.com\/blog\/fr\/examens\/ielts\/categorie-supports-pour-sentrainer-a-lielts\/","title":{"rendered":"Supports pour s&rsquo;entra\u00eener \u00e0 l&rsquo;IELTS"},"content":{"rendered":"<p>Choisir ses supports pour s&rsquo;entra\u00eener \u00e0 l&rsquo;IELTS<\/p>\n<p><strong>Test d&rsquo;anglais <\/strong>reconnu \u00e0 l&rsquo;international, l&rsquo;<strong>IELTS<\/strong> \u00e9value les comp\u00e9tences linguistiques g\u00e9n\u00e9rales de pr\u00e8s de 3 millions de candidats chaque ann\u00e9e et leur ouvre les portes de nombreux <strong>\u00e9tablissements universitaires et professionnels<\/strong> prestigieux.<\/p>\n<p>Pour mettre toutes les chances de son c\u00f4t\u00e9, il est indispensable d&rsquo;<strong>\u00e9tudier le fonctionnement de l&rsquo;IELTS<\/strong> et de s&rsquo;entra\u00eener plusieurs semaines \u00e0 l&rsquo;avance gr\u00e2ce \u00e0 des <strong>exercices types<\/strong> et des <strong>sujets blancs<\/strong>. L&rsquo;IELTS se d\u00e9roule sur un <strong>temps limit\u00e9<\/strong> et demande donc <strong>rapidit\u00e9 et r\u00e9activit\u00e9<\/strong>. Pour ma\u00eetriser les r\u00e8gles et la structure du test, plusieurs supports sont disponibles et mettent \u00e0 la disposition des candidats des exercices, examens blancs, fiches de r\u00e9visions et corrections.<\/p>\n<p>Dans cette cat\u00e9gorie, retrouvez l&rsquo;ensemble des <strong>supports<\/strong> que vous pourrez utiliser pour vous pr\u00e9parer \u00e0 passer l&rsquo;IELTS. Livres, sites internet sp\u00e9cialis\u00e9s, e-books&#8230;, toutes les <strong>ressources n\u00e9cessaires<\/strong> <strong>pour s&rsquo;entra\u00eener<\/strong> vous sont pr\u00e9sent\u00e9es dans les diff\u00e9rents articles.<\/p>\n","protected":false},"excerpt":{"rendered":"<p>Choisir ses supports pour s&rsquo;entra\u00eener \u00e0 l&rsquo;IELTS Test d&rsquo;anglais reconnu \u00e0 l&rsquo;international, l&rsquo;IELTS \u00e9value les comp\u00e9tences linguistiques g\u00e9n\u00e9rales de pr\u00e8s de 3 [&hellip;]<\/p>\n","protected":false},"author":2,"featured_media":0,"parent":2851,"menu_order":0,"comment_status":"closed","ping_status":"closed","template":"","meta":[],"acf":[],"yoast_head":"<!-- This site is optimized with the Yoast SEO plugin v17.2.1 - https:\/\/yoast.com\/wordpress\/plugins\/seo\/ -->\n<title>Supports pour s&#039;entra\u00eener \u00e0 l&#039;IELTS<\/title>\n<meta name=\"description\" content=\"D\u00e9couvrez les consignes de l&#039;IELTS pour vous familiariser avec le format de ce test d&#039;anglais avant le jour J.\" \/>\n<meta name=\"robots\" content=\"index, follow, max-snippet:-1, max-image-preview:large, max-video-preview:-1\" \/>\n<link rel=\"canonical\" href=\"https:\/\/global-exam.com\/blog\/fr\/examens\/ielts\/categorie-supports-pour-sentrainer-a-lielts\/\" \/>\n<meta property=\"og:locale\" content=\"fr_FR\" \/>\n<meta property=\"og:type\" content=\"article\" \/>\n<meta property=\"og:title\" content=\"Supports pour s&#039;entra\u00eener \u00e0 l&#039;IELTS\" \/>\n<meta property=\"og:description\" content=\"D\u00e9couvrez les consignes de l&#039;IELTS pour vous familiariser avec le format de ce test d&#039;anglais avant le jour J.\" \/>\n<meta property=\"og:url\" content=\"https:\/\/global-exam.com\/blog\/fr\/examens\/ielts\/categorie-supports-pour-sentrainer-a-lielts\/\" \/>\n<meta property=\"og:site_name\" content=\"GlobalExam Blog\" \/>\n<meta property=\"article:publisher\" content=\"https:\/\/www.facebook.com\/Global.Exam\" \/>\n<meta property=\"article:modified_time\" content=\"2022-08-31T12:24:12+00:00\" \/>\n<meta name=\"twitter:card\" content=\"summary_large_image\" \/>\n<meta name=\"twitter:site\" content=\"@Global_Exam\" \/>\n<meta name=\"twitter:label1\" content=\"Dur\u00e9e de lecture estim\u00e9e\" \/>\n\t<meta name=\"twitter:data1\" content=\"1 minute\" \/>\n<script type=\"application\/ld+json\" class=\"yoast-schema-graph\">{\"@context\":\"https:\/\/schema.org\",\"@graph\":[{\"@type\":\"WebSite\",\"@id\":\"https:\/\/global-exam.com\/blog\/#website\",\"url\":\"https:\/\/global-exam.com\/blog\/\",\"name\":\"GlobalExam Blog\",\"description\":\"Le blog du sp\\u00e9cialiste de la certification linguistique\",\"potentialAction\":[{\"@type\":\"SearchAction\",\"target\":{\"@type\":\"EntryPoint\",\"urlTemplate\":\"https:\/\/global-exam.com\/blog\/?s={search_term_string}\"},\"query-input\":\"required name=search_term_string\"}],\"inLanguage\":\"fr-FR\"},{\"@type\":\"WebPage\",\"@id\":\"https:\/\/global-exam.com\/blog\/fr\/examens\/ielts\/categorie-supports-pour-sentrainer-a-lielts\/#webpage\",\"url\":\"https:\/\/global-exam.com\/blog\/fr\/examens\/ielts\/categorie-supports-pour-sentrainer-a-lielts\/\",\"name\":\"Supports pour s'entra\\u00eener \\u00e0 l'IELTS\",\"isPartOf\":{\"@id\":\"https:\/\/global-exam.com\/blog\/#website\"},\"datePublished\":\"2021-08-11T13:26:03+00:00\",\"dateModified\":\"2022-08-31T12:24:12+00:00\",\"description\":\"D\\u00e9couvrez les consignes de l'IELTS pour vous familiariser avec le format de ce test d'anglais avant le jour J.\",\"breadcrumb\":{\"@id\":\"https:\/\/global-exam.com\/blog\/fr\/examens\/ielts\/categorie-supports-pour-sentrainer-a-lielts\/#breadcrumb\"},\"inLanguage\":\"fr-FR\",\"potentialAction\":[{\"@type\":\"ReadAction\",\"target\":[\"https:\/\/global-exam.com\/blog\/fr\/examens\/ielts\/categorie-supports-pour-sentrainer-a-lielts\/\"]}]},{\"@type\":\"BreadcrumbList\",\"@id\":\"https:\/\/global-exam.com\/blog\/fr\/examens\/ielts\/categorie-supports-pour-sentrainer-a-lielts\/#breadcrumb\",\"itemListElement\":[{\"@type\":\"ListItem\",\"position\":1,\"name\":\"Les examens de langue\",\"item\":\"https:\/\/global-exam.com\/blog\/fr\/examens\/\"},{\"@type\":\"ListItem\",\"position\":2,\"name\":\"IELTS Test : examen d&rsquo;anglais\",\"item\":\"https:\/\/global-exam.com\/blog\/fr\/examens\/ielts\/\"},{\"@type\":\"ListItem\",\"position\":3,\"name\":\"Supports pour s&rsquo;entra\\u00eener \\u00e0 l&rsquo;IELTS\"}]}]}<\/script>\n<!-- \/ Yoast SEO plugin. -->","yoast_head_json":{"title":"Supports pour s'entra\u00eener \u00e0 l'IELTS","description":"D\u00e9couvrez les consignes de l'IELTS pour vous familiariser avec le format de ce test d'anglais avant le jour J.","robots":{"index":"index","follow":"follow","max-snippet":"max-snippet:-1","max-image-preview":"max-image-preview:large","max-video-preview":"max-video-preview:-1"},"canonical":"https:\/\/global-exam.com\/blog\/fr\/examens\/ielts\/categorie-supports-pour-sentrainer-a-lielts\/","og_locale":"fr_FR","og_type":"article","og_title":"Supports pour s'entra\u00eener \u00e0 l'IELTS","og_description":"D\u00e9couvrez les consignes de l'IELTS pour vous familiariser avec le format de ce test d'anglais avant le jour J.","og_url":"https:\/\/global-exam.com\/blog\/fr\/examens\/ielts\/categorie-supports-pour-sentrainer-a-lielts\/","og_site_name":"GlobalExam Blog","article_publisher":"https:\/\/www.facebook.com\/Global.Exam","article_modified_time":"2022-08-31T12:24:12+00:00","twitter_card":"summary_large_image","twitter_site":"@Global_Exam","twitter_misc":{"Dur\u00e9e de lecture estim\u00e9e":"1 minute"},"schema":{"@context":"https:\/\/schema.org","@graph":[{"@type":"WebSite","@id":"https:\/\/global-exam.com\/blog\/#website","url":"https:\/\/global-exam.com\/blog\/","name":"GlobalExam Blog","description":"Le blog du sp\u00e9cialiste de la certification linguistique","potentialAction":[{"@type":"SearchAction","target":{"@type":"EntryPoint","urlTemplate":"https:\/\/global-exam.com\/blog\/?s={search_term_string}"},"query-input":"required name=search_term_string"}],"inLanguage":"fr-FR"},{"@type":"WebPage","@id":"https:\/\/global-exam.com\/blog\/fr\/examens\/ielts\/categorie-supports-pour-sentrainer-a-lielts\/#webpage","url":"https:\/\/global-exam.com\/blog\/fr\/examens\/ielts\/categorie-supports-pour-sentrainer-a-lielts\/","name":"Supports pour s'entra\u00eener \u00e0 l'IELTS","isPartOf":{"@id":"https:\/\/global-exam.com\/blog\/#website"},"datePublished":"2021-08-11T13:26:03+00:00","dateModified":"2022-08-31T12:24:12+00:00","description":"D\u00e9couvrez les consignes de l'IELTS pour vous familiariser avec le format de ce test d'anglais avant le jour J.","breadcrumb":{"@id":"https:\/\/global-exam.com\/blog\/fr\/examens\/ielts\/categorie-supports-pour-sentrainer-a-lielts\/#breadcrumb"},"inLanguage":"fr-FR","potentialAction":[{"@type":"ReadAction","target":["https:\/\/global-exam.com\/blog\/fr\/examens\/ielts\/categorie-supports-pour-sentrainer-a-lielts\/"]}]},{"@type":"BreadcrumbList","@id":"https:\/\/global-exam.com\/blog\/fr\/examens\/ielts\/categorie-supports-pour-sentrainer-a-lielts\/#breadcrumb","itemListElement":[{"@type":"ListItem","position":1,"name":"Les examens de langue","item":"https:\/\/global-exam.com\/blog\/fr\/examens\/"},{"@type":"ListItem","position":2,"name":"IELTS Test : examen d&rsquo;anglais","item":"https:\/\/global-exam.com\/blog\/fr\/examens\/ielts\/"},{"@type":"ListItem","position":3,"name":"Supports pour s&rsquo;entra\u00eener \u00e0 l&rsquo;IELTS"}]}]}},"lang":"fr","translations":{"fr":59711},"pll_sync_post":[],"_links":{"self":[{"href":"https:\/\/global-exam.com\/blog\/wp-json\/wp\/v2\/pages\/59711"}],"collection":[{"href":"https:\/\/global-exam.com\/blog\/wp-json\/wp\/v2\/pages"}],"about":[{"href":"https:\/\/global-exam.com\/blog\/wp-json\/wp\/v2\/types\/page"}],"author":[{"embeddable":true,"href":"https:\/\/global-exam.com\/blog\/wp-json\/wp\/v2\/users\/2"}],"replies":[{"embeddable":true,"href":"https:\/\/global-exam.com\/blog\/wp-json\/wp\/v2\/comments?post=59711"}],"version-history":[{"count":8,"href":"https:\/\/global-exam.com\/blog\/wp-json\/wp\/v2\/pages\/59711\/revisions"}],"predecessor-version":[{"id":79189,"href":"https:\/\/global-exam.com\/blog\/wp-json\/wp\/v2\/pages\/59711\/revisions\/79189"}],"up":[{"embeddable":true,"href":"https:\/\/global-exam.com\/blog\/wp-json\/wp\/v2\/pages\/2851"}],"wp:attachment":[{"href":"https:\/\/global-exam.com\/blog\/wp-json\/wp\/v2\/media?parent=59711"}],"curies":[{"name":"wp","href":"https:\/\/api.w.org\/{rel}","templated":true}]}}