{"id":59714,"date":"2021-08-11T15:27:58","date_gmt":"2021-08-11T13:27:58","guid":{"rendered":"https:\/\/global-exam.com\/blog\/?page_id=59714"},"modified":"2022-08-31T14:25:00","modified_gmt":"2022-08-31T12:25:00","slug":"categorie-temoignages-passage-de-lielts","status":"publish","type":"page","link":"https:\/\/global-exam.com\/blog\/fr\/examens\/ielts\/categorie-temoignages-passage-de-lielts\/","title":{"rendered":"T\u00e9moignages : passage de l&rsquo;IELTS"},"content":{"rendered":"<p>Choisir GlobalExam pour se pr\u00e9parer \u00e0 l&rsquo;IELTS<\/p>\n<p>Vous vous interrogez beaucoup sur le\u00a0<strong>passage de l\u2019IELTS <\/strong>? Vous vous demandez si cette certification sera vraiment utile \u00e0 votre\u00a0<strong>carri\u00e8re professionnelle<\/strong>\u00a0<strong>ou \u00e9tudiante<\/strong>\u00a0? Comment bien vous pr\u00e9parer\u00a0?<\/p>\n<p>Pour vous aider \u00e0 y voir plus clair et \u00e0 vous organiser dans les\u00a0<strong>meilleures conditions<\/strong>, nous regroupons dans cette cat\u00e9gorie les\u00a0<strong>t\u00e9moignages de candidats<\/strong>\u00a0ayant pass\u00e9 l\u2019<strong>IELTS<\/strong>. En vous partageant leur exp\u00e9rience, ces candidats vous donnent toutes les cl\u00e9s pour vous\u00a0<strong>pr\u00e9parer \u00e0 l\u2019examen<\/strong>\u00a0sans stress, pour vous inscrire sans accroc et pour atteindre les objectifs que vous vous \u00eates fix\u00e9s.<\/p>\n<p>D\u00e9couvrez ici les\u00a0<strong>t\u00e9moignages de candidats<\/strong>\u00a0relatant leur exp\u00e9rience de A \u00e0 Z, depuis leur prise de d\u00e9cision de passer l\u2019IELTS jusqu\u2019\u00e0 l\u2019obtention de leur score. Tout ceci accompagn\u00e9 de\u00a0<strong>conseils<\/strong>\u00a0et de\u00a0<strong>petites anecdotes pratiques<\/strong>.<\/p>\n","protected":false},"excerpt":{"rendered":"<p>Choisir GlobalExam pour se pr\u00e9parer \u00e0 l&rsquo;IELTS Vous vous interrogez beaucoup sur le\u00a0passage de l\u2019IELTS ? Vous vous demandez si cette certification [&hellip;]<\/p>\n","protected":false},"author":2,"featured_media":0,"parent":2851,"menu_order":0,"comment_status":"closed","ping_status":"closed","template":"","meta":[],"acf":[],"yoast_head":"<!-- This site is optimized with the Yoast SEO plugin v17.2.1 - https:\/\/yoast.com\/wordpress\/plugins\/seo\/ -->\n<title>T\u00e9moignages : passage de l&#039;IELTS<\/title>\n<meta name=\"description\" content=\"D\u00e9couvrez les t\u00e9moignages de candidats ayant pass\u00e9 l&#039;IELTS ! Inscription, pr\u00e9paration, conseils, ils vous partagent leur exp\u00e9rience.\" \/>\n<meta name=\"robots\" content=\"index, follow, max-snippet:-1, max-image-preview:large, max-video-preview:-1\" \/>\n<link rel=\"canonical\" href=\"https:\/\/global-exam.com\/blog\/fr\/examens\/ielts\/categorie-temoignages-passage-de-lielts\/\" \/>\n<meta property=\"og:locale\" content=\"fr_FR\" \/>\n<meta property=\"og:type\" content=\"article\" \/>\n<meta property=\"og:title\" content=\"T\u00e9moignages : passage de l&#039;IELTS\" \/>\n<meta property=\"og:description\" content=\"D\u00e9couvrez les t\u00e9moignages de candidats ayant pass\u00e9 l&#039;IELTS ! Inscription, pr\u00e9paration, conseils, ils vous partagent leur exp\u00e9rience.\" \/>\n<meta property=\"og:url\" content=\"https:\/\/global-exam.com\/blog\/fr\/examens\/ielts\/categorie-temoignages-passage-de-lielts\/\" \/>\n<meta property=\"og:site_name\" content=\"GlobalExam Blog\" \/>\n<meta property=\"article:publisher\" content=\"https:\/\/www.facebook.com\/Global.Exam\" \/>\n<meta property=\"article:modified_time\" content=\"2022-08-31T12:25:00+00:00\" \/>\n<meta name=\"twitter:card\" content=\"summary_large_image\" \/>\n<meta name=\"twitter:site\" content=\"@Global_Exam\" \/>\n<meta name=\"twitter:label1\" content=\"Dur\u00e9e de lecture estim\u00e9e\" \/>\n\t<meta name=\"twitter:data1\" content=\"3 minutes\" \/>\n<script type=\"application\/ld+json\" class=\"yoast-schema-graph\">{\"@context\":\"https:\/\/schema.org\",\"@graph\":[{\"@type\":\"WebSite\",\"@id\":\"https:\/\/global-exam.com\/blog\/#website\",\"url\":\"https:\/\/global-exam.com\/blog\/\",\"name\":\"GlobalExam Blog\",\"description\":\"Le blog du sp\\u00e9cialiste de la certification linguistique\",\"potentialAction\":[{\"@type\":\"SearchAction\",\"target\":{\"@type\":\"EntryPoint\",\"urlTemplate\":\"https:\/\/global-exam.com\/blog\/?s={search_term_string}\"},\"query-input\":\"required name=search_term_string\"}],\"inLanguage\":\"fr-FR\"},{\"@type\":\"WebPage\",\"@id\":\"https:\/\/global-exam.com\/blog\/fr\/examens\/ielts\/categorie-temoignages-passage-de-lielts\/#webpage\",\"url\":\"https:\/\/global-exam.com\/blog\/fr\/examens\/ielts\/categorie-temoignages-passage-de-lielts\/\",\"name\":\"T\\u00e9moignages : passage de l'IELTS\",\"isPartOf\":{\"@id\":\"https:\/\/global-exam.com\/blog\/#website\"},\"datePublished\":\"2021-08-11T13:27:58+00:00\",\"dateModified\":\"2022-08-31T12:25:00+00:00\",\"description\":\"D\\u00e9couvrez les t\\u00e9moignages de candidats ayant pass\\u00e9 l'IELTS ! Inscription, pr\\u00e9paration, conseils, ils vous partagent leur exp\\u00e9rience.\",\"breadcrumb\":{\"@id\":\"https:\/\/global-exam.com\/blog\/fr\/examens\/ielts\/categorie-temoignages-passage-de-lielts\/#breadcrumb\"},\"inLanguage\":\"fr-FR\",\"potentialAction\":[{\"@type\":\"ReadAction\",\"target\":[\"https:\/\/global-exam.com\/blog\/fr\/examens\/ielts\/categorie-temoignages-passage-de-lielts\/\"]}]},{\"@type\":\"BreadcrumbList\",\"@id\":\"https:\/\/global-exam.com\/blog\/fr\/examens\/ielts\/categorie-temoignages-passage-de-lielts\/#breadcrumb\",\"itemListElement\":[{\"@type\":\"ListItem\",\"position\":1,\"name\":\"Les examens de langue\",\"item\":\"https:\/\/global-exam.com\/blog\/fr\/examens\/\"},{\"@type\":\"ListItem\",\"position\":2,\"name\":\"IELTS Test : examen d&rsquo;anglais\",\"item\":\"https:\/\/global-exam.com\/blog\/fr\/examens\/ielts\/\"},{\"@type\":\"ListItem\",\"position\":3,\"name\":\"T\\u00e9moignages : passage de l&rsquo;IELTS\"}]}]}<\/script>\n<!-- \/ Yoast SEO plugin. -->","yoast_head_json":{"title":"T\u00e9moignages : passage de l'IELTS","description":"D\u00e9couvrez les t\u00e9moignages de candidats ayant pass\u00e9 l'IELTS ! Inscription, pr\u00e9paration, conseils, ils vous partagent leur exp\u00e9rience.","robots":{"index":"index","follow":"follow","max-snippet":"max-snippet:-1","max-image-preview":"max-image-preview:large","max-video-preview":"max-video-preview:-1"},"canonical":"https:\/\/global-exam.com\/blog\/fr\/examens\/ielts\/categorie-temoignages-passage-de-lielts\/","og_locale":"fr_FR","og_type":"article","og_title":"T\u00e9moignages : passage de l'IELTS","og_description":"D\u00e9couvrez les t\u00e9moignages de candidats ayant pass\u00e9 l'IELTS ! Inscription, pr\u00e9paration, conseils, ils vous partagent leur exp\u00e9rience.","og_url":"https:\/\/global-exam.com\/blog\/fr\/examens\/ielts\/categorie-temoignages-passage-de-lielts\/","og_site_name":"GlobalExam Blog","article_publisher":"https:\/\/www.facebook.com\/Global.Exam","article_modified_time":"2022-08-31T12:25:00+00:00","twitter_card":"summary_large_image","twitter_site":"@Global_Exam","twitter_misc":{"Dur\u00e9e de lecture estim\u00e9e":"3 minutes"},"schema":{"@context":"https:\/\/schema.org","@graph":[{"@type":"WebSite","@id":"https:\/\/global-exam.com\/blog\/#website","url":"https:\/\/global-exam.com\/blog\/","name":"GlobalExam Blog","description":"Le blog du sp\u00e9cialiste de la certification linguistique","potentialAction":[{"@type":"SearchAction","target":{"@type":"EntryPoint","urlTemplate":"https:\/\/global-exam.com\/blog\/?s={search_term_string}"},"query-input":"required name=search_term_string"}],"inLanguage":"fr-FR"},{"@type":"WebPage","@id":"https:\/\/global-exam.com\/blog\/fr\/examens\/ielts\/categorie-temoignages-passage-de-lielts\/#webpage","url":"https:\/\/global-exam.com\/blog\/fr\/examens\/ielts\/categorie-temoignages-passage-de-lielts\/","name":"T\u00e9moignages : passage de l'IELTS","isPartOf":{"@id":"https:\/\/global-exam.com\/blog\/#website"},"datePublished":"2021-08-11T13:27:58+00:00","dateModified":"2022-08-31T12:25:00+00:00","description":"D\u00e9couvrez les t\u00e9moignages de candidats ayant pass\u00e9 l'IELTS ! Inscription, pr\u00e9paration, conseils, ils vous partagent leur exp\u00e9rience.","breadcrumb":{"@id":"https:\/\/global-exam.com\/blog\/fr\/examens\/ielts\/categorie-temoignages-passage-de-lielts\/#breadcrumb"},"inLanguage":"fr-FR","potentialAction":[{"@type":"ReadAction","target":["https:\/\/global-exam.com\/blog\/fr\/examens\/ielts\/categorie-temoignages-passage-de-lielts\/"]}]},{"@type":"BreadcrumbList","@id":"https:\/\/global-exam.com\/blog\/fr\/examens\/ielts\/categorie-temoignages-passage-de-lielts\/#breadcrumb","itemListElement":[{"@type":"ListItem","position":1,"name":"Les examens de langue","item":"https:\/\/global-exam.com\/blog\/fr\/examens\/"},{"@type":"ListItem","position":2,"name":"IELTS Test : examen d&rsquo;anglais","item":"https:\/\/global-exam.com\/blog\/fr\/examens\/ielts\/"},{"@type":"ListItem","position":3,"name":"T\u00e9moignages : passage de l&rsquo;IELTS"}]}]}},"lang":"fr","translations":{"fr":59714},"pll_sync_post":[],"_links":{"self":[{"href":"https:\/\/global-exam.com\/blog\/wp-json\/wp\/v2\/pages\/59714"}],"collection":[{"href":"https:\/\/global-exam.com\/blog\/wp-json\/wp\/v2\/pages"}],"about":[{"href":"https:\/\/global-exam.com\/blog\/wp-json\/wp\/v2\/types\/page"}],"author":[{"embeddable":true,"href":"https:\/\/global-exam.com\/blog\/wp-json\/wp\/v2\/users\/2"}],"replies":[{"embeddable":true,"href":"https:\/\/global-exam.com\/blog\/wp-json\/wp\/v2\/comments?post=59714"}],"version-history":[{"count":8,"href":"https:\/\/global-exam.com\/blog\/wp-json\/wp\/v2\/pages\/59714\/revisions"}],"predecessor-version":[{"id":79190,"href":"https:\/\/global-exam.com\/blog\/wp-json\/wp\/v2\/pages\/59714\/revisions\/79190"}],"up":[{"embeddable":true,"href":"https:\/\/global-exam.com\/blog\/wp-json\/wp\/v2\/pages\/2851"}],"wp:attachment":[{"href":"https:\/\/global-exam.com\/blog\/wp-json\/wp\/v2\/media?parent=59714"}],"curies":[{"name":"wp","href":"https:\/\/api.w.org\/{rel}","templated":true}]}}