{"id":59717,"date":"2021-08-11T15:29:56","date_gmt":"2021-08-11T13:29:56","guid":{"rendered":"https:\/\/global-exam.com\/blog\/?page_id=59717"},"modified":"2022-08-31T14:18:53","modified_gmt":"2022-08-31T12:18:53","slug":"categorie-grammaire-ielts","status":"publish","type":"page","link":"https:\/\/global-exam.com\/blog\/fr\/examens\/ielts\/categorie-grammaire-ielts\/","title":{"rendered":"Grammaire IELTS"},"content":{"rendered":"<p>Ma\u00eetriser la grammaire de l&rsquo;IELTS<\/p>\n<p>Pour mettre toutes les chances de votre c\u00f4t\u00e9 et\u00a0<strong>r\u00e9ussir l\u2019examen de l\u2019IELTS<\/strong>, il est n\u00e9cessaire de se pr\u00e9parer plusieurs semaines en amont du jour J. L\u2019IELTS est en effet un\u00a0<strong>examen d\u2019anglais standardis\u00e9<\/strong> qui demande de la pratique pour apprivoiser sa structure et ses consignes sp\u00e9cifiques.<\/p>\n<p>Acc\u00e9dez dans cette cat\u00e9gorie \u00e0 <strong>nos fiches de grammaire gratuites<\/strong> pour progresser en anglais avant l&rsquo;examen !<\/p>\n<p>Nous vous proposons chez\u00a0<strong>GlobalExam<\/strong>\u00a0plusieurs<strong>\u00a0fiches de r\u00e9vision\u00a0<\/strong>gratuites pour perfectionner votre\u00a0<strong>grammaire anglaise<\/strong>, comp\u00e9tence indispensable \u00e0 la\u00a0<strong>r\u00e9ussite de l\u2019examen<\/strong>. Ces fiches sont d\u00e9clin\u00e9es en plusieurs sp\u00e9cificit\u00e9s grammaticales : comparatifs et superlatifs, pr\u00e9positions, expressions, mots-pi\u00e8ges, etc. Retrouvez dans cette cat\u00e9gorie toutes les\u00a0<strong>fiches de r\u00e9visions de grammaire<\/strong>\u00a0disponibles sur notre plateforme.<\/p>\n","protected":false},"excerpt":{"rendered":"<p>Ma\u00eetriser la grammaire de l&rsquo;IELTS Pour mettre toutes les chances de votre c\u00f4t\u00e9 et\u00a0r\u00e9ussir l\u2019examen de l\u2019IELTS, il est n\u00e9cessaire de se [&hellip;]<\/p>\n","protected":false},"author":2,"featured_media":0,"parent":2851,"menu_order":0,"comment_status":"closed","ping_status":"closed","template":"","meta":[],"acf":[],"yoast_head":"<!-- This site is optimized with the Yoast SEO plugin v17.2.1 - https:\/\/yoast.com\/wordpress\/plugins\/seo\/ -->\n<title>Grammaire IELTS<\/title>\n<meta name=\"description\" content=\"Acc\u00e9dez \u00e0 de nombreuses fiches de grammaire gratuites pour renforcer votre niveau d&#039;anglais avant le passage de l&#039;IELTS.\" \/>\n<meta name=\"robots\" content=\"index, follow, max-snippet:-1, max-image-preview:large, max-video-preview:-1\" \/>\n<link rel=\"canonical\" href=\"https:\/\/global-exam.com\/blog\/fr\/examens\/ielts\/categorie-grammaire-ielts\/\" \/>\n<meta property=\"og:locale\" content=\"fr_FR\" \/>\n<meta property=\"og:type\" content=\"article\" \/>\n<meta property=\"og:title\" content=\"Grammaire IELTS\" \/>\n<meta property=\"og:description\" content=\"Acc\u00e9dez \u00e0 de nombreuses fiches de grammaire gratuites pour renforcer votre niveau d&#039;anglais avant le passage de l&#039;IELTS.\" \/>\n<meta property=\"og:url\" content=\"https:\/\/global-exam.com\/blog\/fr\/examens\/ielts\/categorie-grammaire-ielts\/\" \/>\n<meta property=\"og:site_name\" content=\"GlobalExam Blog\" \/>\n<meta property=\"article:publisher\" content=\"https:\/\/www.facebook.com\/Global.Exam\" \/>\n<meta property=\"article:modified_time\" content=\"2022-08-31T12:18:53+00:00\" \/>\n<meta name=\"twitter:card\" content=\"summary_large_image\" \/>\n<meta name=\"twitter:site\" content=\"@Global_Exam\" \/>\n<meta name=\"twitter:label1\" content=\"Dur\u00e9e de lecture estim\u00e9e\" \/>\n\t<meta name=\"twitter:data1\" content=\"1 minute\" \/>\n<script type=\"application\/ld+json\" class=\"yoast-schema-graph\">{\"@context\":\"https:\/\/schema.org\",\"@graph\":[{\"@type\":\"WebSite\",\"@id\":\"https:\/\/global-exam.com\/blog\/#website\",\"url\":\"https:\/\/global-exam.com\/blog\/\",\"name\":\"GlobalExam Blog\",\"description\":\"Le blog du sp\\u00e9cialiste de la certification linguistique\",\"potentialAction\":[{\"@type\":\"SearchAction\",\"target\":{\"@type\":\"EntryPoint\",\"urlTemplate\":\"https:\/\/global-exam.com\/blog\/?s={search_term_string}\"},\"query-input\":\"required name=search_term_string\"}],\"inLanguage\":\"fr-FR\"},{\"@type\":\"WebPage\",\"@id\":\"https:\/\/global-exam.com\/blog\/fr\/examens\/ielts\/categorie-grammaire-ielts\/#webpage\",\"url\":\"https:\/\/global-exam.com\/blog\/fr\/examens\/ielts\/categorie-grammaire-ielts\/\",\"name\":\"Grammaire IELTS\",\"isPartOf\":{\"@id\":\"https:\/\/global-exam.com\/blog\/#website\"},\"datePublished\":\"2021-08-11T13:29:56+00:00\",\"dateModified\":\"2022-08-31T12:18:53+00:00\",\"description\":\"Acc\\u00e9dez \\u00e0 de nombreuses fiches de grammaire gratuites pour renforcer votre niveau d'anglais avant le passage de l'IELTS.\",\"breadcrumb\":{\"@id\":\"https:\/\/global-exam.com\/blog\/fr\/examens\/ielts\/categorie-grammaire-ielts\/#breadcrumb\"},\"inLanguage\":\"fr-FR\",\"potentialAction\":[{\"@type\":\"ReadAction\",\"target\":[\"https:\/\/global-exam.com\/blog\/fr\/examens\/ielts\/categorie-grammaire-ielts\/\"]}]},{\"@type\":\"BreadcrumbList\",\"@id\":\"https:\/\/global-exam.com\/blog\/fr\/examens\/ielts\/categorie-grammaire-ielts\/#breadcrumb\",\"itemListElement\":[{\"@type\":\"ListItem\",\"position\":1,\"name\":\"Les examens de langue\",\"item\":\"https:\/\/global-exam.com\/blog\/fr\/examens\/\"},{\"@type\":\"ListItem\",\"position\":2,\"name\":\"IELTS Test : examen d&rsquo;anglais\",\"item\":\"https:\/\/global-exam.com\/blog\/fr\/examens\/ielts\/\"},{\"@type\":\"ListItem\",\"position\":3,\"name\":\"Grammaire IELTS\"}]}]}<\/script>\n<!-- \/ Yoast SEO plugin. -->","yoast_head_json":{"title":"Grammaire IELTS","description":"Acc\u00e9dez \u00e0 de nombreuses fiches de grammaire gratuites pour renforcer votre niveau d'anglais avant le passage de l'IELTS.","robots":{"index":"index","follow":"follow","max-snippet":"max-snippet:-1","max-image-preview":"max-image-preview:large","max-video-preview":"max-video-preview:-1"},"canonical":"https:\/\/global-exam.com\/blog\/fr\/examens\/ielts\/categorie-grammaire-ielts\/","og_locale":"fr_FR","og_type":"article","og_title":"Grammaire IELTS","og_description":"Acc\u00e9dez \u00e0 de nombreuses fiches de grammaire gratuites pour renforcer votre niveau d'anglais avant le passage de l'IELTS.","og_url":"https:\/\/global-exam.com\/blog\/fr\/examens\/ielts\/categorie-grammaire-ielts\/","og_site_name":"GlobalExam Blog","article_publisher":"https:\/\/www.facebook.com\/Global.Exam","article_modified_time":"2022-08-31T12:18:53+00:00","twitter_card":"summary_large_image","twitter_site":"@Global_Exam","twitter_misc":{"Dur\u00e9e de lecture estim\u00e9e":"1 minute"},"schema":{"@context":"https:\/\/schema.org","@graph":[{"@type":"WebSite","@id":"https:\/\/global-exam.com\/blog\/#website","url":"https:\/\/global-exam.com\/blog\/","name":"GlobalExam Blog","description":"Le blog du sp\u00e9cialiste de la certification linguistique","potentialAction":[{"@type":"SearchAction","target":{"@type":"EntryPoint","urlTemplate":"https:\/\/global-exam.com\/blog\/?s={search_term_string}"},"query-input":"required name=search_term_string"}],"inLanguage":"fr-FR"},{"@type":"WebPage","@id":"https:\/\/global-exam.com\/blog\/fr\/examens\/ielts\/categorie-grammaire-ielts\/#webpage","url":"https:\/\/global-exam.com\/blog\/fr\/examens\/ielts\/categorie-grammaire-ielts\/","name":"Grammaire IELTS","isPartOf":{"@id":"https:\/\/global-exam.com\/blog\/#website"},"datePublished":"2021-08-11T13:29:56+00:00","dateModified":"2022-08-31T12:18:53+00:00","description":"Acc\u00e9dez \u00e0 de nombreuses fiches de grammaire gratuites pour renforcer votre niveau d'anglais avant le passage de l'IELTS.","breadcrumb":{"@id":"https:\/\/global-exam.com\/blog\/fr\/examens\/ielts\/categorie-grammaire-ielts\/#breadcrumb"},"inLanguage":"fr-FR","potentialAction":[{"@type":"ReadAction","target":["https:\/\/global-exam.com\/blog\/fr\/examens\/ielts\/categorie-grammaire-ielts\/"]}]},{"@type":"BreadcrumbList","@id":"https:\/\/global-exam.com\/blog\/fr\/examens\/ielts\/categorie-grammaire-ielts\/#breadcrumb","itemListElement":[{"@type":"ListItem","position":1,"name":"Les examens de langue","item":"https:\/\/global-exam.com\/blog\/fr\/examens\/"},{"@type":"ListItem","position":2,"name":"IELTS Test : examen d&rsquo;anglais","item":"https:\/\/global-exam.com\/blog\/fr\/examens\/ielts\/"},{"@type":"ListItem","position":3,"name":"Grammaire IELTS"}]}]}},"lang":"fr","translations":{"fr":59717},"pll_sync_post":[],"_links":{"self":[{"href":"https:\/\/global-exam.com\/blog\/wp-json\/wp\/v2\/pages\/59717"}],"collection":[{"href":"https:\/\/global-exam.com\/blog\/wp-json\/wp\/v2\/pages"}],"about":[{"href":"https:\/\/global-exam.com\/blog\/wp-json\/wp\/v2\/types\/page"}],"author":[{"embeddable":true,"href":"https:\/\/global-exam.com\/blog\/wp-json\/wp\/v2\/users\/2"}],"replies":[{"embeddable":true,"href":"https:\/\/global-exam.com\/blog\/wp-json\/wp\/v2\/comments?post=59717"}],"version-history":[{"count":8,"href":"https:\/\/global-exam.com\/blog\/wp-json\/wp\/v2\/pages\/59717\/revisions"}],"predecessor-version":[{"id":79183,"href":"https:\/\/global-exam.com\/blog\/wp-json\/wp\/v2\/pages\/59717\/revisions\/79183"}],"up":[{"embeddable":true,"href":"https:\/\/global-exam.com\/blog\/wp-json\/wp\/v2\/pages\/2851"}],"wp:attachment":[{"href":"https:\/\/global-exam.com\/blog\/wp-json\/wp\/v2\/media?parent=59717"}],"curies":[{"name":"wp","href":"https:\/\/api.w.org\/{rel}","templated":true}]}}