{"id":59720,"date":"2021-08-11T15:31:52","date_gmt":"2021-08-11T13:31:52","guid":{"rendered":"https:\/\/global-exam.com\/blog\/?page_id=59720"},"modified":"2022-08-31T14:26:12","modified_gmt":"2022-08-31T12:26:12","slug":"categorie-vocabulaire-ielts","status":"publish","type":"page","link":"https:\/\/global-exam.com\/blog\/fr\/examens\/ielts\/categorie-vocabulaire-ielts\/","title":{"rendered":"Vocabulaire IELTS"},"content":{"rendered":"<p>Ma\u00eetrisez le vocabulaire de l&rsquo;IELTS<\/p>\n<p>Pour <strong>r\u00e9ussir l\u2019IELTS<\/strong>, il est bien s\u00fbr indispensable d\u2019acqu\u00e9rir un maximum de\u00a0<strong>vocabulaire en anglais<\/strong>. Pour trouver ses mots, saisir le sens et les subtilit\u00e9s d\u2019un texte ou d\u2019une conversation, la richesse du vocabulaire fait partie des<strong>\u00a0atouts indispensables<\/strong>\u00a0dont un candidat \u00e0 l\u2019IELTS doit faire preuve. D\u00e9couvrez dans cette cat\u00e9gorie <strong>nos fiches de vocabulaire anglais gratuites<\/strong> !<\/p>\n<p>Pour vous aider \u00e0\u00a0<strong>am\u00e9liorer et \u00e0 r\u00e9viser votre vocabulaire<\/strong>, retrouvez dans cette cat\u00e9gorie tous les\u00a0<strong>articles<\/strong>\u00a0et\u00a0<strong>fiches de r\u00e9visions<\/strong>\u00a0ax\u00e9s sur cette comp\u00e9tence. Ma\u00eetrise du vocabulaire de l\u2019entreprise, de l\u2019immobilier ou des ressources humaines\u00a0; vocabulaire \u00e0 conna\u00eetre dans le contexte des appels t\u00e9l\u00e9phoniques\u00a0; vocabulaire de l\u2019informatique, du droit et de la fiscalit\u00e9\u2026<\/p>\n<p>De nombreuses\u00a0<strong>fiches de r\u00e9vision sp\u00e9cifiques<\/strong>\u00a0sont mises\u00a0<strong>gratuitement<\/strong>\u00a0\u00e0 votre disposition sur notre plateforme pour vous permettre de vous\u00a0<strong>pr\u00e9parer \u00e0 l\u2019IELTS<\/strong>\u00a0et de r\u00e9ussir avec brio le jour de l\u2019examen.<\/p>\n","protected":false},"excerpt":{"rendered":"<p>Ma\u00eetrisez le vocabulaire de l&rsquo;IELTS Pour r\u00e9ussir l\u2019IELTS, il est bien s\u00fbr indispensable d\u2019acqu\u00e9rir un maximum de\u00a0vocabulaire en anglais. Pour trouver ses [&hellip;]<\/p>\n","protected":false},"author":2,"featured_media":0,"parent":2851,"menu_order":0,"comment_status":"closed","ping_status":"closed","template":"","meta":[],"acf":[],"yoast_head":"<!-- This site is optimized with the Yoast SEO plugin v17.2.1 - https:\/\/yoast.com\/wordpress\/plugins\/seo\/ -->\n<title>Vocabulaire IELTS<\/title>\n<meta name=\"description\" content=\"Boostez votre vocabulaire en anglais avant de passer l&#039;IELTS gr\u00e2ce \u00e0 nos fiches de vocabulaire gratuites disponibles sur GlobalExam.\" \/>\n<meta name=\"robots\" content=\"index, follow, max-snippet:-1, max-image-preview:large, max-video-preview:-1\" \/>\n<link rel=\"canonical\" href=\"https:\/\/global-exam.com\/blog\/fr\/examens\/ielts\/categorie-vocabulaire-ielts\/\" \/>\n<meta property=\"og:locale\" content=\"fr_FR\" \/>\n<meta property=\"og:type\" content=\"article\" \/>\n<meta property=\"og:title\" content=\"Vocabulaire IELTS\" \/>\n<meta property=\"og:description\" content=\"Boostez votre vocabulaire en anglais avant de passer l&#039;IELTS gr\u00e2ce \u00e0 nos fiches de vocabulaire gratuites disponibles sur GlobalExam.\" \/>\n<meta property=\"og:url\" content=\"https:\/\/global-exam.com\/blog\/fr\/examens\/ielts\/categorie-vocabulaire-ielts\/\" \/>\n<meta property=\"og:site_name\" content=\"GlobalExam Blog\" \/>\n<meta property=\"article:publisher\" content=\"https:\/\/www.facebook.com\/Global.Exam\" \/>\n<meta property=\"article:modified_time\" content=\"2022-08-31T12:26:12+00:00\" \/>\n<meta name=\"twitter:card\" content=\"summary_large_image\" \/>\n<meta name=\"twitter:site\" content=\"@Global_Exam\" \/>\n<meta name=\"twitter:label1\" content=\"Dur\u00e9e de lecture estim\u00e9e\" \/>\n\t<meta name=\"twitter:data1\" content=\"1 minute\" \/>\n<script type=\"application\/ld+json\" class=\"yoast-schema-graph\">{\"@context\":\"https:\/\/schema.org\",\"@graph\":[{\"@type\":\"WebSite\",\"@id\":\"https:\/\/global-exam.com\/blog\/#website\",\"url\":\"https:\/\/global-exam.com\/blog\/\",\"name\":\"GlobalExam Blog\",\"description\":\"Le blog du sp\\u00e9cialiste de la certification linguistique\",\"potentialAction\":[{\"@type\":\"SearchAction\",\"target\":{\"@type\":\"EntryPoint\",\"urlTemplate\":\"https:\/\/global-exam.com\/blog\/?s={search_term_string}\"},\"query-input\":\"required name=search_term_string\"}],\"inLanguage\":\"fr-FR\"},{\"@type\":\"WebPage\",\"@id\":\"https:\/\/global-exam.com\/blog\/fr\/examens\/ielts\/categorie-vocabulaire-ielts\/#webpage\",\"url\":\"https:\/\/global-exam.com\/blog\/fr\/examens\/ielts\/categorie-vocabulaire-ielts\/\",\"name\":\"Vocabulaire IELTS\",\"isPartOf\":{\"@id\":\"https:\/\/global-exam.com\/blog\/#website\"},\"datePublished\":\"2021-08-11T13:31:52+00:00\",\"dateModified\":\"2022-08-31T12:26:12+00:00\",\"description\":\"Boostez votre vocabulaire en anglais avant de passer l'IELTS gr\\u00e2ce \\u00e0 nos fiches de vocabulaire gratuites disponibles sur GlobalExam.\",\"breadcrumb\":{\"@id\":\"https:\/\/global-exam.com\/blog\/fr\/examens\/ielts\/categorie-vocabulaire-ielts\/#breadcrumb\"},\"inLanguage\":\"fr-FR\",\"potentialAction\":[{\"@type\":\"ReadAction\",\"target\":[\"https:\/\/global-exam.com\/blog\/fr\/examens\/ielts\/categorie-vocabulaire-ielts\/\"]}]},{\"@type\":\"BreadcrumbList\",\"@id\":\"https:\/\/global-exam.com\/blog\/fr\/examens\/ielts\/categorie-vocabulaire-ielts\/#breadcrumb\",\"itemListElement\":[{\"@type\":\"ListItem\",\"position\":1,\"name\":\"Les examens de langue\",\"item\":\"https:\/\/global-exam.com\/blog\/fr\/examens\/\"},{\"@type\":\"ListItem\",\"position\":2,\"name\":\"IELTS Test : examen d&rsquo;anglais\",\"item\":\"https:\/\/global-exam.com\/blog\/fr\/examens\/ielts\/\"},{\"@type\":\"ListItem\",\"position\":3,\"name\":\"Vocabulaire IELTS\"}]}]}<\/script>\n<!-- \/ Yoast SEO plugin. -->","yoast_head_json":{"title":"Vocabulaire IELTS","description":"Boostez votre vocabulaire en anglais avant de passer l'IELTS gr\u00e2ce \u00e0 nos fiches de vocabulaire gratuites disponibles sur GlobalExam.","robots":{"index":"index","follow":"follow","max-snippet":"max-snippet:-1","max-image-preview":"max-image-preview:large","max-video-preview":"max-video-preview:-1"},"canonical":"https:\/\/global-exam.com\/blog\/fr\/examens\/ielts\/categorie-vocabulaire-ielts\/","og_locale":"fr_FR","og_type":"article","og_title":"Vocabulaire IELTS","og_description":"Boostez votre vocabulaire en anglais avant de passer l'IELTS gr\u00e2ce \u00e0 nos fiches de vocabulaire gratuites disponibles sur GlobalExam.","og_url":"https:\/\/global-exam.com\/blog\/fr\/examens\/ielts\/categorie-vocabulaire-ielts\/","og_site_name":"GlobalExam Blog","article_publisher":"https:\/\/www.facebook.com\/Global.Exam","article_modified_time":"2022-08-31T12:26:12+00:00","twitter_card":"summary_large_image","twitter_site":"@Global_Exam","twitter_misc":{"Dur\u00e9e de lecture estim\u00e9e":"1 minute"},"schema":{"@context":"https:\/\/schema.org","@graph":[{"@type":"WebSite","@id":"https:\/\/global-exam.com\/blog\/#website","url":"https:\/\/global-exam.com\/blog\/","name":"GlobalExam Blog","description":"Le blog du sp\u00e9cialiste de la certification linguistique","potentialAction":[{"@type":"SearchAction","target":{"@type":"EntryPoint","urlTemplate":"https:\/\/global-exam.com\/blog\/?s={search_term_string}"},"query-input":"required name=search_term_string"}],"inLanguage":"fr-FR"},{"@type":"WebPage","@id":"https:\/\/global-exam.com\/blog\/fr\/examens\/ielts\/categorie-vocabulaire-ielts\/#webpage","url":"https:\/\/global-exam.com\/blog\/fr\/examens\/ielts\/categorie-vocabulaire-ielts\/","name":"Vocabulaire IELTS","isPartOf":{"@id":"https:\/\/global-exam.com\/blog\/#website"},"datePublished":"2021-08-11T13:31:52+00:00","dateModified":"2022-08-31T12:26:12+00:00","description":"Boostez votre vocabulaire en anglais avant de passer l'IELTS gr\u00e2ce \u00e0 nos fiches de vocabulaire gratuites disponibles sur GlobalExam.","breadcrumb":{"@id":"https:\/\/global-exam.com\/blog\/fr\/examens\/ielts\/categorie-vocabulaire-ielts\/#breadcrumb"},"inLanguage":"fr-FR","potentialAction":[{"@type":"ReadAction","target":["https:\/\/global-exam.com\/blog\/fr\/examens\/ielts\/categorie-vocabulaire-ielts\/"]}]},{"@type":"BreadcrumbList","@id":"https:\/\/global-exam.com\/blog\/fr\/examens\/ielts\/categorie-vocabulaire-ielts\/#breadcrumb","itemListElement":[{"@type":"ListItem","position":1,"name":"Les examens de langue","item":"https:\/\/global-exam.com\/blog\/fr\/examens\/"},{"@type":"ListItem","position":2,"name":"IELTS Test : examen d&rsquo;anglais","item":"https:\/\/global-exam.com\/blog\/fr\/examens\/ielts\/"},{"@type":"ListItem","position":3,"name":"Vocabulaire IELTS"}]}]}},"lang":"fr","translations":{"fr":59720},"pll_sync_post":[],"_links":{"self":[{"href":"https:\/\/global-exam.com\/blog\/wp-json\/wp\/v2\/pages\/59720"}],"collection":[{"href":"https:\/\/global-exam.com\/blog\/wp-json\/wp\/v2\/pages"}],"about":[{"href":"https:\/\/global-exam.com\/blog\/wp-json\/wp\/v2\/types\/page"}],"author":[{"embeddable":true,"href":"https:\/\/global-exam.com\/blog\/wp-json\/wp\/v2\/users\/2"}],"replies":[{"embeddable":true,"href":"https:\/\/global-exam.com\/blog\/wp-json\/wp\/v2\/comments?post=59720"}],"version-history":[{"count":8,"href":"https:\/\/global-exam.com\/blog\/wp-json\/wp\/v2\/pages\/59720\/revisions"}],"predecessor-version":[{"id":79191,"href":"https:\/\/global-exam.com\/blog\/wp-json\/wp\/v2\/pages\/59720\/revisions\/79191"}],"up":[{"embeddable":true,"href":"https:\/\/global-exam.com\/blog\/wp-json\/wp\/v2\/pages\/2851"}],"wp:attachment":[{"href":"https:\/\/global-exam.com\/blog\/wp-json\/wp\/v2\/media?parent=59720"}],"curies":[{"name":"wp","href":"https:\/\/api.w.org\/{rel}","templated":true}]}}