{"id":59739,"date":"2021-08-11T15:51:09","date_gmt":"2021-08-11T13:51:09","guid":{"rendered":"https:\/\/global-exam.com\/blog\/?page_id=59739"},"modified":"2022-08-17T15:36:47","modified_gmt":"2022-08-17T13:36:47","slug":"categorie-avoir-un-bon-score-au-toefl-ibt","status":"publish","type":"page","link":"https:\/\/global-exam.com\/blog\/fr\/examens\/toefl-ibt\/categorie-avoir-un-bon-score-au-toefl-ibt\/","title":{"rendered":"Avoir un bon score au TOEFL IBT"},"content":{"rendered":"<p>R\u00e9ussir le TOEFL IBT<\/p>\n<p><span style=\"font-weight: 400;\">Le <a href=\"https:\/\/global-exam.com\/fr\/exam\/toefl-ibt\" target=\"_blank\" rel=\"noopener\">TOEFL IBT<\/a> est un <strong>test d\u2019anglais<\/strong> visant \u00e0 \u00e9valuer votre niveau et vous permettre de le prouver aupr\u00e8s de recruteurs et d&rsquo;universit\u00e9s. Dans cette cat\u00e9gorie, vous retrouverez tous nos articles concernant le score TOEFL : notation, interpr\u00e9tation du score, comparaison internationale des scores, tout y est ! D\u00e9couvrez notre rubrique \u00ab Avoir un bon score \u00bb !<\/span><\/p>\n<p><span style=\"font-weight: 400;\">Le total des points est de 120, ce qui signifie que votre note sera comprise entre 1 et 120. <\/span><span style=\"font-weight: 400;\">Les scores sup\u00e9rieurs \u00e0 90 points sont consid\u00e9r\u00e9s comme bons.<\/span><\/p>\n<p><span style=\"font-weight: 400;\">Vous souhaitez vous entra\u00eener efficacement au TOEFL IBT\u00a0? GlobalExam vous propose un entra\u00eenement de qualit\u00e9, pour<strong> r\u00e9ussir votre test avec facilit\u00e9<\/strong>. Notre plateforme vous permet d\u2019augmenter votre niveau gr\u00e2ce \u00e0 des exercices types, des examens blancs et des fiches de r\u00e9visions \u00e9labor\u00e9es par des professionnels de la langue anglaise.\u00a0<\/span><\/p>\n","protected":false},"excerpt":{"rendered":"<p>R\u00e9ussir le TOEFL IBT Le TOEFL IBT est un test d\u2019anglais visant \u00e0 \u00e9valuer votre niveau et vous permettre de le prouver [&hellip;]<\/p>\n","protected":false},"author":2,"featured_media":0,"parent":2845,"menu_order":0,"comment_status":"closed","ping_status":"closed","template":"","meta":[],"acf":[],"yoast_head":"<!-- This site is optimized with the Yoast SEO plugin v17.2.1 - https:\/\/yoast.com\/wordpress\/plugins\/seo\/ -->\n<title>Avoir un bon score au TOEFL IBT<\/title>\n<meta name=\"description\" content=\"Vous voulez avoir un bon score au TOEFL IBT ? D\u00e9couvrez toutes nos astuces et conseils pour booster votre score le jour de l&#039;examen.\" \/>\n<meta name=\"robots\" content=\"index, follow, max-snippet:-1, max-image-preview:large, max-video-preview:-1\" \/>\n<link rel=\"canonical\" href=\"https:\/\/global-exam.com\/blog\/fr\/examens\/toefl-ibt\/categorie-avoir-un-bon-score-au-toefl-ibt\/\" \/>\n<meta property=\"og:locale\" content=\"fr_FR\" \/>\n<meta property=\"og:type\" content=\"article\" \/>\n<meta property=\"og:title\" content=\"Avoir un bon score au TOEFL IBT\" \/>\n<meta property=\"og:description\" content=\"Vous voulez avoir un bon score au TOEFL IBT ? D\u00e9couvrez toutes nos astuces et conseils pour booster votre score le jour de l&#039;examen.\" \/>\n<meta property=\"og:url\" content=\"https:\/\/global-exam.com\/blog\/fr\/examens\/toefl-ibt\/categorie-avoir-un-bon-score-au-toefl-ibt\/\" \/>\n<meta property=\"og:site_name\" content=\"GlobalExam Blog\" \/>\n<meta property=\"article:publisher\" content=\"https:\/\/www.facebook.com\/Global.Exam\" \/>\n<meta property=\"article:modified_time\" content=\"2022-08-17T13:36:47+00:00\" \/>\n<meta name=\"twitter:card\" content=\"summary_large_image\" \/>\n<meta name=\"twitter:site\" content=\"@Global_Exam\" \/>\n<meta name=\"twitter:label1\" content=\"Dur\u00e9e de lecture estim\u00e9e\" \/>\n\t<meta name=\"twitter:data1\" content=\"1 minute\" \/>\n<script type=\"application\/ld+json\" class=\"yoast-schema-graph\">{\"@context\":\"https:\/\/schema.org\",\"@graph\":[{\"@type\":\"WebSite\",\"@id\":\"https:\/\/global-exam.com\/blog\/#website\",\"url\":\"https:\/\/global-exam.com\/blog\/\",\"name\":\"GlobalExam Blog\",\"description\":\"Le blog du sp\\u00e9cialiste de la certification linguistique\",\"potentialAction\":[{\"@type\":\"SearchAction\",\"target\":{\"@type\":\"EntryPoint\",\"urlTemplate\":\"https:\/\/global-exam.com\/blog\/?s={search_term_string}\"},\"query-input\":\"required name=search_term_string\"}],\"inLanguage\":\"fr-FR\"},{\"@type\":\"WebPage\",\"@id\":\"https:\/\/global-exam.com\/blog\/fr\/examens\/toefl-ibt\/categorie-avoir-un-bon-score-au-toefl-ibt\/#webpage\",\"url\":\"https:\/\/global-exam.com\/blog\/fr\/examens\/toefl-ibt\/categorie-avoir-un-bon-score-au-toefl-ibt\/\",\"name\":\"Avoir un bon score au TOEFL IBT\",\"isPartOf\":{\"@id\":\"https:\/\/global-exam.com\/blog\/#website\"},\"datePublished\":\"2021-08-11T13:51:09+00:00\",\"dateModified\":\"2022-08-17T13:36:47+00:00\",\"description\":\"Vous voulez avoir un bon score au TOEFL IBT ? D\\u00e9couvrez toutes nos astuces et conseils pour booster votre score le jour de l'examen.\",\"breadcrumb\":{\"@id\":\"https:\/\/global-exam.com\/blog\/fr\/examens\/toefl-ibt\/categorie-avoir-un-bon-score-au-toefl-ibt\/#breadcrumb\"},\"inLanguage\":\"fr-FR\",\"potentialAction\":[{\"@type\":\"ReadAction\",\"target\":[\"https:\/\/global-exam.com\/blog\/fr\/examens\/toefl-ibt\/categorie-avoir-un-bon-score-au-toefl-ibt\/\"]}]},{\"@type\":\"BreadcrumbList\",\"@id\":\"https:\/\/global-exam.com\/blog\/fr\/examens\/toefl-ibt\/categorie-avoir-un-bon-score-au-toefl-ibt\/#breadcrumb\",\"itemListElement\":[{\"@type\":\"ListItem\",\"position\":1,\"name\":\"Les examens de langue\",\"item\":\"https:\/\/global-exam.com\/blog\/fr\/examens\/\"},{\"@type\":\"ListItem\",\"position\":2,\"name\":\"TOEFL IBT : pr\\u00e9parer le test\",\"item\":\"https:\/\/global-exam.com\/blog\/fr\/examens\/toefl-ibt\/\"},{\"@type\":\"ListItem\",\"position\":3,\"name\":\"Avoir un bon score au TOEFL IBT\"}]}]}<\/script>\n<!-- \/ Yoast SEO plugin. -->","yoast_head_json":{"title":"Avoir un bon score au TOEFL IBT","description":"Vous voulez avoir un bon score au TOEFL IBT ? D\u00e9couvrez toutes nos astuces et conseils pour booster votre score le jour de l'examen.","robots":{"index":"index","follow":"follow","max-snippet":"max-snippet:-1","max-image-preview":"max-image-preview:large","max-video-preview":"max-video-preview:-1"},"canonical":"https:\/\/global-exam.com\/blog\/fr\/examens\/toefl-ibt\/categorie-avoir-un-bon-score-au-toefl-ibt\/","og_locale":"fr_FR","og_type":"article","og_title":"Avoir un bon score au TOEFL IBT","og_description":"Vous voulez avoir un bon score au TOEFL IBT ? D\u00e9couvrez toutes nos astuces et conseils pour booster votre score le jour de l'examen.","og_url":"https:\/\/global-exam.com\/blog\/fr\/examens\/toefl-ibt\/categorie-avoir-un-bon-score-au-toefl-ibt\/","og_site_name":"GlobalExam Blog","article_publisher":"https:\/\/www.facebook.com\/Global.Exam","article_modified_time":"2022-08-17T13:36:47+00:00","twitter_card":"summary_large_image","twitter_site":"@Global_Exam","twitter_misc":{"Dur\u00e9e de lecture estim\u00e9e":"1 minute"},"schema":{"@context":"https:\/\/schema.org","@graph":[{"@type":"WebSite","@id":"https:\/\/global-exam.com\/blog\/#website","url":"https:\/\/global-exam.com\/blog\/","name":"GlobalExam Blog","description":"Le blog du sp\u00e9cialiste de la certification linguistique","potentialAction":[{"@type":"SearchAction","target":{"@type":"EntryPoint","urlTemplate":"https:\/\/global-exam.com\/blog\/?s={search_term_string}"},"query-input":"required name=search_term_string"}],"inLanguage":"fr-FR"},{"@type":"WebPage","@id":"https:\/\/global-exam.com\/blog\/fr\/examens\/toefl-ibt\/categorie-avoir-un-bon-score-au-toefl-ibt\/#webpage","url":"https:\/\/global-exam.com\/blog\/fr\/examens\/toefl-ibt\/categorie-avoir-un-bon-score-au-toefl-ibt\/","name":"Avoir un bon score au TOEFL IBT","isPartOf":{"@id":"https:\/\/global-exam.com\/blog\/#website"},"datePublished":"2021-08-11T13:51:09+00:00","dateModified":"2022-08-17T13:36:47+00:00","description":"Vous voulez avoir un bon score au TOEFL IBT ? D\u00e9couvrez toutes nos astuces et conseils pour booster votre score le jour de l'examen.","breadcrumb":{"@id":"https:\/\/global-exam.com\/blog\/fr\/examens\/toefl-ibt\/categorie-avoir-un-bon-score-au-toefl-ibt\/#breadcrumb"},"inLanguage":"fr-FR","potentialAction":[{"@type":"ReadAction","target":["https:\/\/global-exam.com\/blog\/fr\/examens\/toefl-ibt\/categorie-avoir-un-bon-score-au-toefl-ibt\/"]}]},{"@type":"BreadcrumbList","@id":"https:\/\/global-exam.com\/blog\/fr\/examens\/toefl-ibt\/categorie-avoir-un-bon-score-au-toefl-ibt\/#breadcrumb","itemListElement":[{"@type":"ListItem","position":1,"name":"Les examens de langue","item":"https:\/\/global-exam.com\/blog\/fr\/examens\/"},{"@type":"ListItem","position":2,"name":"TOEFL IBT : pr\u00e9parer le test","item":"https:\/\/global-exam.com\/blog\/fr\/examens\/toefl-ibt\/"},{"@type":"ListItem","position":3,"name":"Avoir un bon score au TOEFL IBT"}]}]}},"lang":"fr","translations":{"fr":59739},"pll_sync_post":[],"_links":{"self":[{"href":"https:\/\/global-exam.com\/blog\/wp-json\/wp\/v2\/pages\/59739"}],"collection":[{"href":"https:\/\/global-exam.com\/blog\/wp-json\/wp\/v2\/pages"}],"about":[{"href":"https:\/\/global-exam.com\/blog\/wp-json\/wp\/v2\/types\/page"}],"author":[{"embeddable":true,"href":"https:\/\/global-exam.com\/blog\/wp-json\/wp\/v2\/users\/2"}],"replies":[{"embeddable":true,"href":"https:\/\/global-exam.com\/blog\/wp-json\/wp\/v2\/comments?post=59739"}],"version-history":[{"count":10,"href":"https:\/\/global-exam.com\/blog\/wp-json\/wp\/v2\/pages\/59739\/revisions"}],"predecessor-version":[{"id":78073,"href":"https:\/\/global-exam.com\/blog\/wp-json\/wp\/v2\/pages\/59739\/revisions\/78073"}],"up":[{"embeddable":true,"href":"https:\/\/global-exam.com\/blog\/wp-json\/wp\/v2\/pages\/2845"}],"wp:attachment":[{"href":"https:\/\/global-exam.com\/blog\/wp-json\/wp\/v2\/media?parent=59739"}],"curies":[{"name":"wp","href":"https:\/\/api.w.org\/{rel}","templated":true}]}}