{"id":59753,"date":"2021-08-11T16:18:49","date_gmt":"2021-08-11T14:18:49","guid":{"rendered":"https:\/\/global-exam.com\/blog\/?page_id=59753"},"modified":"2022-08-17T15:37:29","modified_gmt":"2022-08-17T13:37:29","slug":"categorie-centres-dexamens-toefl-ibt","status":"publish","type":"page","link":"https:\/\/global-exam.com\/blog\/fr\/examens\/toefl-ibt\/categorie-centres-dexamens-toefl-ibt\/","title":{"rendered":"Centres d&rsquo;examens TOEFL IBT"},"content":{"rendered":"<p>Trouver un centre agr\u00e9\u00e9 TOEFL<\/p>\n<p>Il existe plusieurs\u00a0<strong>centres d\u2019examen en France<\/strong>\u00a0proposant le passage de l\u2019<strong>examen<\/strong>. Il est donc possible de passer le test quelle que soit la r\u00e9gion dans laquelle vous vous trouvez. La s\u00e9rie d\u2019articles qui va suivre vous pr\u00e9sente chaque<strong>\u00a0\u00e9tape \u00e0 suivre<\/strong>\u00a0si vous souhaitez\u00a0<strong>passer le TOEFL<\/strong>\u00a0\u00e0 Paris, Lyon, Marseille ou ailleurs.<\/p>\n<p>L\u2019<strong>inscription au TOEFL IBT<\/strong>\u00a0se fait uniquement en ligne, par courrier ou par t\u00e9l\u00e9phone directement aupr\u00e8s de l\u2019<strong>organisation ETS<\/strong>\u00a0(Educational Testing Service) qui g\u00e8re l\u2019organisation du\u00a0<strong>TOEFL<\/strong>. Nul besoin de vous pr\u00e9senter dans un centre d\u2019examens pour vous inscrire, vous vous verrez refuser l\u2019inscription. Dans cette cat\u00e9gorie, vous trouverez toutes les\u00a0<strong>modalit\u00e9s d\u2019inscription<\/strong>\u00a0et de<strong>\u00a0passage de l\u2019examen<\/strong>\u00a0afin de vous mettre dans les\u00a0<strong>meilleures conditions<\/strong>\u00a0possibles (dates limites d\u2019inscription, dates des sessions\u2026).<\/p>\n<p>Alors n\u2019h\u00e9sitez pas une seconde de plus, d\u00e9couvrez tous nos articles et\u00a0<a href=\"https:\/\/global-exam.com\/fr\/exam\/toefl-ibt\" target=\"_blank\" rel=\"noopener\">entra\u00eenez-vous pour le TOEFL en ligne<\/a>\u00a0\u00e0 l\u2019aide de nos formations compl\u00e8tes, cr\u00e9\u00e9es par des\u00a0<strong>experts en langues<\/strong>\u00a0!<\/p>\n","protected":false},"excerpt":{"rendered":"<p>Trouver un centre agr\u00e9\u00e9 TOEFL Il existe plusieurs\u00a0centres d\u2019examen en France\u00a0proposant le passage de l\u2019examen. Il est donc possible de passer le [&hellip;]<\/p>\n","protected":false},"author":2,"featured_media":0,"parent":2845,"menu_order":0,"comment_status":"closed","ping_status":"closed","template":"","meta":[],"acf":[],"yoast_head":"<!-- This site is optimized with the Yoast SEO plugin v17.2.1 - https:\/\/yoast.com\/wordpress\/plugins\/seo\/ -->\n<title>Centres d&#039;examens TOEFL IBT<\/title>\n<meta name=\"description\" content=\"Paris, Marseille, Lyon, Bordeaux ou encore Toulouse ? O\u00f9 est-il possible de passer le TOEFL IBT en France ? GlobalExam vous guide.\" \/>\n<meta name=\"robots\" content=\"index, follow, max-snippet:-1, max-image-preview:large, max-video-preview:-1\" \/>\n<link rel=\"canonical\" href=\"https:\/\/global-exam.com\/blog\/fr\/examens\/toefl-ibt\/categorie-centres-dexamens-toefl-ibt\/\" \/>\n<meta property=\"og:locale\" content=\"fr_FR\" \/>\n<meta property=\"og:type\" content=\"article\" \/>\n<meta property=\"og:title\" content=\"Centres d&#039;examens TOEFL IBT\" \/>\n<meta property=\"og:description\" content=\"Paris, Marseille, Lyon, Bordeaux ou encore Toulouse ? O\u00f9 est-il possible de passer le TOEFL IBT en France ? GlobalExam vous guide.\" \/>\n<meta property=\"og:url\" content=\"https:\/\/global-exam.com\/blog\/fr\/examens\/toefl-ibt\/categorie-centres-dexamens-toefl-ibt\/\" \/>\n<meta property=\"og:site_name\" content=\"GlobalExam Blog\" \/>\n<meta property=\"article:publisher\" content=\"https:\/\/www.facebook.com\/Global.Exam\" \/>\n<meta property=\"article:modified_time\" content=\"2022-08-17T13:37:29+00:00\" \/>\n<meta name=\"twitter:card\" content=\"summary_large_image\" \/>\n<meta name=\"twitter:site\" content=\"@Global_Exam\" \/>\n<meta name=\"twitter:label1\" content=\"Dur\u00e9e de lecture estim\u00e9e\" \/>\n\t<meta name=\"twitter:data1\" content=\"1 minute\" \/>\n<script type=\"application\/ld+json\" class=\"yoast-schema-graph\">{\"@context\":\"https:\/\/schema.org\",\"@graph\":[{\"@type\":\"WebSite\",\"@id\":\"https:\/\/global-exam.com\/blog\/#website\",\"url\":\"https:\/\/global-exam.com\/blog\/\",\"name\":\"GlobalExam Blog\",\"description\":\"Le blog du sp\\u00e9cialiste de la certification linguistique\",\"potentialAction\":[{\"@type\":\"SearchAction\",\"target\":{\"@type\":\"EntryPoint\",\"urlTemplate\":\"https:\/\/global-exam.com\/blog\/?s={search_term_string}\"},\"query-input\":\"required name=search_term_string\"}],\"inLanguage\":\"fr-FR\"},{\"@type\":\"WebPage\",\"@id\":\"https:\/\/global-exam.com\/blog\/fr\/examens\/toefl-ibt\/categorie-centres-dexamens-toefl-ibt\/#webpage\",\"url\":\"https:\/\/global-exam.com\/blog\/fr\/examens\/toefl-ibt\/categorie-centres-dexamens-toefl-ibt\/\",\"name\":\"Centres d'examens TOEFL IBT\",\"isPartOf\":{\"@id\":\"https:\/\/global-exam.com\/blog\/#website\"},\"datePublished\":\"2021-08-11T14:18:49+00:00\",\"dateModified\":\"2022-08-17T13:37:29+00:00\",\"description\":\"Paris, Marseille, Lyon, Bordeaux ou encore Toulouse ? O\\u00f9 est-il possible de passer le TOEFL IBT en France ? GlobalExam vous guide.\",\"breadcrumb\":{\"@id\":\"https:\/\/global-exam.com\/blog\/fr\/examens\/toefl-ibt\/categorie-centres-dexamens-toefl-ibt\/#breadcrumb\"},\"inLanguage\":\"fr-FR\",\"potentialAction\":[{\"@type\":\"ReadAction\",\"target\":[\"https:\/\/global-exam.com\/blog\/fr\/examens\/toefl-ibt\/categorie-centres-dexamens-toefl-ibt\/\"]}]},{\"@type\":\"BreadcrumbList\",\"@id\":\"https:\/\/global-exam.com\/blog\/fr\/examens\/toefl-ibt\/categorie-centres-dexamens-toefl-ibt\/#breadcrumb\",\"itemListElement\":[{\"@type\":\"ListItem\",\"position\":1,\"name\":\"Les examens de langue\",\"item\":\"https:\/\/global-exam.com\/blog\/fr\/examens\/\"},{\"@type\":\"ListItem\",\"position\":2,\"name\":\"TOEFL IBT : pr\\u00e9parer le test\",\"item\":\"https:\/\/global-exam.com\/blog\/fr\/examens\/toefl-ibt\/\"},{\"@type\":\"ListItem\",\"position\":3,\"name\":\"Centres d&rsquo;examens TOEFL IBT\"}]}]}<\/script>\n<!-- \/ Yoast SEO plugin. -->","yoast_head_json":{"title":"Centres d'examens TOEFL IBT","description":"Paris, Marseille, Lyon, Bordeaux ou encore Toulouse ? O\u00f9 est-il possible de passer le TOEFL IBT en France ? GlobalExam vous guide.","robots":{"index":"index","follow":"follow","max-snippet":"max-snippet:-1","max-image-preview":"max-image-preview:large","max-video-preview":"max-video-preview:-1"},"canonical":"https:\/\/global-exam.com\/blog\/fr\/examens\/toefl-ibt\/categorie-centres-dexamens-toefl-ibt\/","og_locale":"fr_FR","og_type":"article","og_title":"Centres d'examens TOEFL IBT","og_description":"Paris, Marseille, Lyon, Bordeaux ou encore Toulouse ? O\u00f9 est-il possible de passer le TOEFL IBT en France ? GlobalExam vous guide.","og_url":"https:\/\/global-exam.com\/blog\/fr\/examens\/toefl-ibt\/categorie-centres-dexamens-toefl-ibt\/","og_site_name":"GlobalExam Blog","article_publisher":"https:\/\/www.facebook.com\/Global.Exam","article_modified_time":"2022-08-17T13:37:29+00:00","twitter_card":"summary_large_image","twitter_site":"@Global_Exam","twitter_misc":{"Dur\u00e9e de lecture estim\u00e9e":"1 minute"},"schema":{"@context":"https:\/\/schema.org","@graph":[{"@type":"WebSite","@id":"https:\/\/global-exam.com\/blog\/#website","url":"https:\/\/global-exam.com\/blog\/","name":"GlobalExam Blog","description":"Le blog du sp\u00e9cialiste de la certification linguistique","potentialAction":[{"@type":"SearchAction","target":{"@type":"EntryPoint","urlTemplate":"https:\/\/global-exam.com\/blog\/?s={search_term_string}"},"query-input":"required name=search_term_string"}],"inLanguage":"fr-FR"},{"@type":"WebPage","@id":"https:\/\/global-exam.com\/blog\/fr\/examens\/toefl-ibt\/categorie-centres-dexamens-toefl-ibt\/#webpage","url":"https:\/\/global-exam.com\/blog\/fr\/examens\/toefl-ibt\/categorie-centres-dexamens-toefl-ibt\/","name":"Centres d'examens TOEFL IBT","isPartOf":{"@id":"https:\/\/global-exam.com\/blog\/#website"},"datePublished":"2021-08-11T14:18:49+00:00","dateModified":"2022-08-17T13:37:29+00:00","description":"Paris, Marseille, Lyon, Bordeaux ou encore Toulouse ? O\u00f9 est-il possible de passer le TOEFL IBT en France ? GlobalExam vous guide.","breadcrumb":{"@id":"https:\/\/global-exam.com\/blog\/fr\/examens\/toefl-ibt\/categorie-centres-dexamens-toefl-ibt\/#breadcrumb"},"inLanguage":"fr-FR","potentialAction":[{"@type":"ReadAction","target":["https:\/\/global-exam.com\/blog\/fr\/examens\/toefl-ibt\/categorie-centres-dexamens-toefl-ibt\/"]}]},{"@type":"BreadcrumbList","@id":"https:\/\/global-exam.com\/blog\/fr\/examens\/toefl-ibt\/categorie-centres-dexamens-toefl-ibt\/#breadcrumb","itemListElement":[{"@type":"ListItem","position":1,"name":"Les examens de langue","item":"https:\/\/global-exam.com\/blog\/fr\/examens\/"},{"@type":"ListItem","position":2,"name":"TOEFL IBT : pr\u00e9parer le test","item":"https:\/\/global-exam.com\/blog\/fr\/examens\/toefl-ibt\/"},{"@type":"ListItem","position":3,"name":"Centres d&rsquo;examens TOEFL IBT"}]}]}},"lang":"fr","translations":{"fr":59753},"pll_sync_post":[],"_links":{"self":[{"href":"https:\/\/global-exam.com\/blog\/wp-json\/wp\/v2\/pages\/59753"}],"collection":[{"href":"https:\/\/global-exam.com\/blog\/wp-json\/wp\/v2\/pages"}],"about":[{"href":"https:\/\/global-exam.com\/blog\/wp-json\/wp\/v2\/types\/page"}],"author":[{"embeddable":true,"href":"https:\/\/global-exam.com\/blog\/wp-json\/wp\/v2\/users\/2"}],"replies":[{"embeddable":true,"href":"https:\/\/global-exam.com\/blog\/wp-json\/wp\/v2\/comments?post=59753"}],"version-history":[{"count":11,"href":"https:\/\/global-exam.com\/blog\/wp-json\/wp\/v2\/pages\/59753\/revisions"}],"predecessor-version":[{"id":78074,"href":"https:\/\/global-exam.com\/blog\/wp-json\/wp\/v2\/pages\/59753\/revisions\/78074"}],"up":[{"embeddable":true,"href":"https:\/\/global-exam.com\/blog\/wp-json\/wp\/v2\/pages\/2845"}],"wp:attachment":[{"href":"https:\/\/global-exam.com\/blog\/wp-json\/wp\/v2\/media?parent=59753"}],"curies":[{"name":"wp","href":"https:\/\/api.w.org\/{rel}","templated":true}]}}