{"id":59759,"date":"2021-08-11T16:24:26","date_gmt":"2021-08-11T14:24:26","guid":{"rendered":"https:\/\/global-exam.com\/blog\/?page_id=59759"},"modified":"2022-08-17T15:44:00","modified_gmt":"2022-08-17T13:44:00","slug":"categorie-conseils-pour-sentrainer-au-toefl-ibt","status":"publish","type":"page","link":"https:\/\/global-exam.com\/blog\/fr\/examens\/toefl-ibt\/categorie-conseils-pour-sentrainer-au-toefl-ibt\/","title":{"rendered":"TOEFL IBT : Conseils pour s&rsquo;entra\u00eener"},"content":{"rendered":"<p>R\u00e9ussir sa pr\u00e9paration pour le TOEFL<\/p>\n<p>Vous souhaitez obtenir des <strong>conseils et astuces pour vous <a href=\"https:\/\/global-exam.com\/fr\/exam\/toefl-ibt\" target=\"_blank\" rel=\"noopener\">entra\u00eener efficacement au TOEFL IBT<\/a><\/strong> ? Dans cette cat\u00e9gorie, vous d\u00e9couvrirez toutes nos astuces pour un entra\u00eenement efficace qui vous permettra de r\u00e9ussir votre test haut la main.<\/p>\n<p>Pour commencer, nous vous conseillons de vous familiariser avec la <strong>structure de l\u2019examen<\/strong>. En effet, conna\u00eetre le d\u00e9roulement du test sur le bout des doigts pour vous permettre de gagner un temps pr\u00e9cieux le jour J.<\/p>\n<p>Pour <strong>vous entra\u00eener efficacement au TOEFL IBT<\/strong>, il vous faut une organisation sans faille. Une fois que vous avez choisi le ou les support(s) d\u2019entra\u00eenement, vous devrez vous fixer des objectifs et des paliers. Les sous-objectifs vous permettront de conserver votre motivation et d\u2019analyser votre progression.<\/p>\n<p>D\u00e9couvrez tous nos conseils pour vous entra\u00eener efficacement au TOEFL IBT dans cette cat\u00e9gorie\u00a0!<\/p>\n","protected":false},"excerpt":{"rendered":"<p>R\u00e9ussir sa pr\u00e9paration pour le TOEFL Vous souhaitez obtenir des conseils et astuces pour vous entra\u00eener efficacement au TOEFL IBT ? Dans [&hellip;]<\/p>\n","protected":false},"author":2,"featured_media":0,"parent":2845,"menu_order":0,"comment_status":"closed","ping_status":"closed","template":"","meta":[],"acf":[],"yoast_head":"<!-- This site is optimized with the Yoast SEO plugin v17.2.1 - https:\/\/yoast.com\/wordpress\/plugins\/seo\/ -->\n<title>TOEFL IBT : Conseils pour s&#039;entra\u00eener<\/title>\n<meta name=\"description\" content=\"D\u00e9couvrez nos conseils pour vous entra\u00eener au TOEFL IBT et obtenir le meilleur score possible \u00e0 l&#039;examen.\" \/>\n<meta name=\"robots\" content=\"index, follow, max-snippet:-1, max-image-preview:large, max-video-preview:-1\" \/>\n<link rel=\"canonical\" href=\"https:\/\/global-exam.com\/blog\/fr\/examens\/toefl-ibt\/categorie-conseils-pour-sentrainer-au-toefl-ibt\/\" \/>\n<meta property=\"og:locale\" content=\"fr_FR\" \/>\n<meta property=\"og:type\" content=\"article\" \/>\n<meta property=\"og:title\" content=\"TOEFL IBT : Conseils pour s&#039;entra\u00eener\" \/>\n<meta property=\"og:description\" content=\"D\u00e9couvrez nos conseils pour vous entra\u00eener au TOEFL IBT et obtenir le meilleur score possible \u00e0 l&#039;examen.\" \/>\n<meta property=\"og:url\" content=\"https:\/\/global-exam.com\/blog\/fr\/examens\/toefl-ibt\/categorie-conseils-pour-sentrainer-au-toefl-ibt\/\" \/>\n<meta property=\"og:site_name\" content=\"GlobalExam Blog\" \/>\n<meta property=\"article:publisher\" content=\"https:\/\/www.facebook.com\/Global.Exam\" \/>\n<meta property=\"article:modified_time\" content=\"2022-08-17T13:44:00+00:00\" \/>\n<meta name=\"twitter:card\" content=\"summary_large_image\" \/>\n<meta name=\"twitter:site\" content=\"@Global_Exam\" \/>\n<meta name=\"twitter:label1\" content=\"Dur\u00e9e de lecture estim\u00e9e\" \/>\n\t<meta name=\"twitter:data1\" content=\"1 minute\" \/>\n<script type=\"application\/ld+json\" class=\"yoast-schema-graph\">{\"@context\":\"https:\/\/schema.org\",\"@graph\":[{\"@type\":\"WebSite\",\"@id\":\"https:\/\/global-exam.com\/blog\/#website\",\"url\":\"https:\/\/global-exam.com\/blog\/\",\"name\":\"GlobalExam Blog\",\"description\":\"Le blog du sp\\u00e9cialiste de la certification linguistique\",\"potentialAction\":[{\"@type\":\"SearchAction\",\"target\":{\"@type\":\"EntryPoint\",\"urlTemplate\":\"https:\/\/global-exam.com\/blog\/?s={search_term_string}\"},\"query-input\":\"required name=search_term_string\"}],\"inLanguage\":\"fr-FR\"},{\"@type\":\"WebPage\",\"@id\":\"https:\/\/global-exam.com\/blog\/fr\/examens\/toefl-ibt\/categorie-conseils-pour-sentrainer-au-toefl-ibt\/#webpage\",\"url\":\"https:\/\/global-exam.com\/blog\/fr\/examens\/toefl-ibt\/categorie-conseils-pour-sentrainer-au-toefl-ibt\/\",\"name\":\"TOEFL IBT : Conseils pour s'entra\\u00eener\",\"isPartOf\":{\"@id\":\"https:\/\/global-exam.com\/blog\/#website\"},\"datePublished\":\"2021-08-11T14:24:26+00:00\",\"dateModified\":\"2022-08-17T13:44:00+00:00\",\"description\":\"D\\u00e9couvrez nos conseils pour vous entra\\u00eener au TOEFL IBT et obtenir le meilleur score possible \\u00e0 l'examen.\",\"breadcrumb\":{\"@id\":\"https:\/\/global-exam.com\/blog\/fr\/examens\/toefl-ibt\/categorie-conseils-pour-sentrainer-au-toefl-ibt\/#breadcrumb\"},\"inLanguage\":\"fr-FR\",\"potentialAction\":[{\"@type\":\"ReadAction\",\"target\":[\"https:\/\/global-exam.com\/blog\/fr\/examens\/toefl-ibt\/categorie-conseils-pour-sentrainer-au-toefl-ibt\/\"]}]},{\"@type\":\"BreadcrumbList\",\"@id\":\"https:\/\/global-exam.com\/blog\/fr\/examens\/toefl-ibt\/categorie-conseils-pour-sentrainer-au-toefl-ibt\/#breadcrumb\",\"itemListElement\":[{\"@type\":\"ListItem\",\"position\":1,\"name\":\"Les examens de langue\",\"item\":\"https:\/\/global-exam.com\/blog\/fr\/examens\/\"},{\"@type\":\"ListItem\",\"position\":2,\"name\":\"TOEFL IBT : pr\\u00e9parer le test\",\"item\":\"https:\/\/global-exam.com\/blog\/fr\/examens\/toefl-ibt\/\"},{\"@type\":\"ListItem\",\"position\":3,\"name\":\"TOEFL IBT : Conseils pour s&rsquo;entra\\u00eener\"}]}]}<\/script>\n<!-- \/ Yoast SEO plugin. -->","yoast_head_json":{"title":"TOEFL IBT : Conseils pour s'entra\u00eener","description":"D\u00e9couvrez nos conseils pour vous entra\u00eener au TOEFL IBT et obtenir le meilleur score possible \u00e0 l'examen.","robots":{"index":"index","follow":"follow","max-snippet":"max-snippet:-1","max-image-preview":"max-image-preview:large","max-video-preview":"max-video-preview:-1"},"canonical":"https:\/\/global-exam.com\/blog\/fr\/examens\/toefl-ibt\/categorie-conseils-pour-sentrainer-au-toefl-ibt\/","og_locale":"fr_FR","og_type":"article","og_title":"TOEFL IBT : Conseils pour s'entra\u00eener","og_description":"D\u00e9couvrez nos conseils pour vous entra\u00eener au TOEFL IBT et obtenir le meilleur score possible \u00e0 l'examen.","og_url":"https:\/\/global-exam.com\/blog\/fr\/examens\/toefl-ibt\/categorie-conseils-pour-sentrainer-au-toefl-ibt\/","og_site_name":"GlobalExam Blog","article_publisher":"https:\/\/www.facebook.com\/Global.Exam","article_modified_time":"2022-08-17T13:44:00+00:00","twitter_card":"summary_large_image","twitter_site":"@Global_Exam","twitter_misc":{"Dur\u00e9e de lecture estim\u00e9e":"1 minute"},"schema":{"@context":"https:\/\/schema.org","@graph":[{"@type":"WebSite","@id":"https:\/\/global-exam.com\/blog\/#website","url":"https:\/\/global-exam.com\/blog\/","name":"GlobalExam Blog","description":"Le blog du sp\u00e9cialiste de la certification linguistique","potentialAction":[{"@type":"SearchAction","target":{"@type":"EntryPoint","urlTemplate":"https:\/\/global-exam.com\/blog\/?s={search_term_string}"},"query-input":"required name=search_term_string"}],"inLanguage":"fr-FR"},{"@type":"WebPage","@id":"https:\/\/global-exam.com\/blog\/fr\/examens\/toefl-ibt\/categorie-conseils-pour-sentrainer-au-toefl-ibt\/#webpage","url":"https:\/\/global-exam.com\/blog\/fr\/examens\/toefl-ibt\/categorie-conseils-pour-sentrainer-au-toefl-ibt\/","name":"TOEFL IBT : Conseils pour s'entra\u00eener","isPartOf":{"@id":"https:\/\/global-exam.com\/blog\/#website"},"datePublished":"2021-08-11T14:24:26+00:00","dateModified":"2022-08-17T13:44:00+00:00","description":"D\u00e9couvrez nos conseils pour vous entra\u00eener au TOEFL IBT et obtenir le meilleur score possible \u00e0 l'examen.","breadcrumb":{"@id":"https:\/\/global-exam.com\/blog\/fr\/examens\/toefl-ibt\/categorie-conseils-pour-sentrainer-au-toefl-ibt\/#breadcrumb"},"inLanguage":"fr-FR","potentialAction":[{"@type":"ReadAction","target":["https:\/\/global-exam.com\/blog\/fr\/examens\/toefl-ibt\/categorie-conseils-pour-sentrainer-au-toefl-ibt\/"]}]},{"@type":"BreadcrumbList","@id":"https:\/\/global-exam.com\/blog\/fr\/examens\/toefl-ibt\/categorie-conseils-pour-sentrainer-au-toefl-ibt\/#breadcrumb","itemListElement":[{"@type":"ListItem","position":1,"name":"Les examens de langue","item":"https:\/\/global-exam.com\/blog\/fr\/examens\/"},{"@type":"ListItem","position":2,"name":"TOEFL IBT : pr\u00e9parer le test","item":"https:\/\/global-exam.com\/blog\/fr\/examens\/toefl-ibt\/"},{"@type":"ListItem","position":3,"name":"TOEFL IBT : Conseils pour s&rsquo;entra\u00eener"}]}]}},"lang":"fr","translations":{"fr":59759},"pll_sync_post":[],"_links":{"self":[{"href":"https:\/\/global-exam.com\/blog\/wp-json\/wp\/v2\/pages\/59759"}],"collection":[{"href":"https:\/\/global-exam.com\/blog\/wp-json\/wp\/v2\/pages"}],"about":[{"href":"https:\/\/global-exam.com\/blog\/wp-json\/wp\/v2\/types\/page"}],"author":[{"embeddable":true,"href":"https:\/\/global-exam.com\/blog\/wp-json\/wp\/v2\/users\/2"}],"replies":[{"embeddable":true,"href":"https:\/\/global-exam.com\/blog\/wp-json\/wp\/v2\/comments?post=59759"}],"version-history":[{"count":13,"href":"https:\/\/global-exam.com\/blog\/wp-json\/wp\/v2\/pages\/59759\/revisions"}],"predecessor-version":[{"id":78081,"href":"https:\/\/global-exam.com\/blog\/wp-json\/wp\/v2\/pages\/59759\/revisions\/78081"}],"up":[{"embeddable":true,"href":"https:\/\/global-exam.com\/blog\/wp-json\/wp\/v2\/pages\/2845"}],"wp:attachment":[{"href":"https:\/\/global-exam.com\/blog\/wp-json\/wp\/v2\/media?parent=59759"}],"curies":[{"name":"wp","href":"https:\/\/api.w.org\/{rel}","templated":true}]}}