{"id":59764,"date":"2021-08-11T16:30:34","date_gmt":"2021-08-11T14:30:34","guid":{"rendered":"https:\/\/global-exam.com\/blog\/?page_id=59764"},"modified":"2022-08-17T15:38:27","modified_gmt":"2022-08-17T13:38:27","slug":"categorie-consignes-du-test-toefl-ibt","status":"publish","type":"page","link":"https:\/\/global-exam.com\/blog\/fr\/examens\/toefl-ibt\/categorie-consignes-du-test-toefl-ibt\/","title":{"rendered":"Consignes du test TOEFL IBT"},"content":{"rendered":"<p>Conna\u00eetre la structure du TOEFL IBT<\/p>\n<p>Si vous envisagez de passer l\u2019examen du <a href=\"https:\/\/global-exam.com\/fr\/exam\/toefl-ibt\" target=\"_blank\" rel=\"noopener\"><strong>TOEFL IBT<\/strong><\/a> prochainement, une bonne <strong>connaissance de l\u2019examen<\/strong> et des <strong>consignes <\/strong>vous permettra de gagner un temps pr\u00e9cieux le jour du test. Les diff\u00e9rents articles qui vont suivre vous pr\u00e9senteront les <strong>nouvelles consignes<\/strong> du <strong>TOEFL IBT<\/strong>.<\/p>\n<p>Nous vous d\u00e9taillons toutes les <strong>consignes<\/strong> relatives au <strong>temps de passage<\/strong>, au nombre de <strong>questions<\/strong>, au temps d\u2019\u00e9coute, etc. pour chaque section.<\/p>\n<p>Nous vous expliquerons \u00e9galement au cours de ces <strong>articles<\/strong> chaque <strong>nouveaut\u00e9<\/strong> ou <strong>modification<\/strong> par exercice et par sections, notamment par le biais d\u2019<strong>exemples concrets<\/strong> et visuels afin de vous \u00e9clairer de la meilleure des fa\u00e7ons.<\/p>\n<p>Enfin, nous mettons \u00e0 votre disposition les <strong>meilleurs outils<\/strong> afin de vous <strong>entra\u00eener<\/strong> et nous vous accompagnons dans la <strong>r\u00e9ussite<\/strong> de votre examen <strong>TOEFL IBT<\/strong>. A bient\u00f4t sur <strong>GlobalExam<\/strong> !<\/p>\n","protected":false},"excerpt":{"rendered":"<p>Conna\u00eetre la structure du TOEFL IBT Si vous envisagez de passer l\u2019examen du TOEFL IBT prochainement, une bonne connaissance de l\u2019examen et [&hellip;]<\/p>\n","protected":false},"author":2,"featured_media":0,"parent":2845,"menu_order":0,"comment_status":"closed","ping_status":"closed","template":"","meta":[],"acf":[],"yoast_head":"<!-- This site is optimized with the Yoast SEO plugin v17.2.1 - https:\/\/yoast.com\/wordpress\/plugins\/seo\/ -->\n<title>Consignes du test TOEFL IBT<\/title>\n<meta name=\"description\" content=\"Familiarisez-vous avec les consignes du TOEFL IBT pour r\u00e9ussir le test haut la main le jour de l&#039;examen !\" \/>\n<meta name=\"robots\" content=\"index, follow, max-snippet:-1, max-image-preview:large, max-video-preview:-1\" \/>\n<link rel=\"canonical\" href=\"https:\/\/global-exam.com\/blog\/fr\/examens\/toefl-ibt\/categorie-consignes-du-test-toefl-ibt\/\" \/>\n<meta property=\"og:locale\" content=\"fr_FR\" \/>\n<meta property=\"og:type\" content=\"article\" \/>\n<meta property=\"og:title\" content=\"Consignes du test TOEFL IBT\" \/>\n<meta property=\"og:description\" content=\"Familiarisez-vous avec les consignes du TOEFL IBT pour r\u00e9ussir le test haut la main le jour de l&#039;examen !\" \/>\n<meta property=\"og:url\" content=\"https:\/\/global-exam.com\/blog\/fr\/examens\/toefl-ibt\/categorie-consignes-du-test-toefl-ibt\/\" \/>\n<meta property=\"og:site_name\" content=\"GlobalExam Blog\" \/>\n<meta property=\"article:publisher\" content=\"https:\/\/www.facebook.com\/Global.Exam\" \/>\n<meta property=\"article:modified_time\" content=\"2022-08-17T13:38:27+00:00\" \/>\n<meta name=\"twitter:card\" content=\"summary_large_image\" \/>\n<meta name=\"twitter:site\" content=\"@Global_Exam\" \/>\n<meta name=\"twitter:label1\" content=\"Dur\u00e9e de lecture estim\u00e9e\" \/>\n\t<meta name=\"twitter:data1\" content=\"1 minute\" \/>\n<script type=\"application\/ld+json\" class=\"yoast-schema-graph\">{\"@context\":\"https:\/\/schema.org\",\"@graph\":[{\"@type\":\"WebSite\",\"@id\":\"https:\/\/global-exam.com\/blog\/#website\",\"url\":\"https:\/\/global-exam.com\/blog\/\",\"name\":\"GlobalExam Blog\",\"description\":\"Le blog du sp\\u00e9cialiste de la certification linguistique\",\"potentialAction\":[{\"@type\":\"SearchAction\",\"target\":{\"@type\":\"EntryPoint\",\"urlTemplate\":\"https:\/\/global-exam.com\/blog\/?s={search_term_string}\"},\"query-input\":\"required name=search_term_string\"}],\"inLanguage\":\"fr-FR\"},{\"@type\":\"WebPage\",\"@id\":\"https:\/\/global-exam.com\/blog\/fr\/examens\/toefl-ibt\/categorie-consignes-du-test-toefl-ibt\/#webpage\",\"url\":\"https:\/\/global-exam.com\/blog\/fr\/examens\/toefl-ibt\/categorie-consignes-du-test-toefl-ibt\/\",\"name\":\"Consignes du test TOEFL IBT\",\"isPartOf\":{\"@id\":\"https:\/\/global-exam.com\/blog\/#website\"},\"datePublished\":\"2021-08-11T14:30:34+00:00\",\"dateModified\":\"2022-08-17T13:38:27+00:00\",\"description\":\"Familiarisez-vous avec les consignes du TOEFL IBT pour r\\u00e9ussir le test haut la main le jour de l'examen !\",\"breadcrumb\":{\"@id\":\"https:\/\/global-exam.com\/blog\/fr\/examens\/toefl-ibt\/categorie-consignes-du-test-toefl-ibt\/#breadcrumb\"},\"inLanguage\":\"fr-FR\",\"potentialAction\":[{\"@type\":\"ReadAction\",\"target\":[\"https:\/\/global-exam.com\/blog\/fr\/examens\/toefl-ibt\/categorie-consignes-du-test-toefl-ibt\/\"]}]},{\"@type\":\"BreadcrumbList\",\"@id\":\"https:\/\/global-exam.com\/blog\/fr\/examens\/toefl-ibt\/categorie-consignes-du-test-toefl-ibt\/#breadcrumb\",\"itemListElement\":[{\"@type\":\"ListItem\",\"position\":1,\"name\":\"Les examens de langue\",\"item\":\"https:\/\/global-exam.com\/blog\/fr\/examens\/\"},{\"@type\":\"ListItem\",\"position\":2,\"name\":\"TOEFL IBT : pr\\u00e9parer le test\",\"item\":\"https:\/\/global-exam.com\/blog\/fr\/examens\/toefl-ibt\/\"},{\"@type\":\"ListItem\",\"position\":3,\"name\":\"Consignes du test TOEFL IBT\"}]}]}<\/script>\n<!-- \/ Yoast SEO plugin. -->","yoast_head_json":{"title":"Consignes du test TOEFL IBT","description":"Familiarisez-vous avec les consignes du TOEFL IBT pour r\u00e9ussir le test haut la main le jour de l'examen !","robots":{"index":"index","follow":"follow","max-snippet":"max-snippet:-1","max-image-preview":"max-image-preview:large","max-video-preview":"max-video-preview:-1"},"canonical":"https:\/\/global-exam.com\/blog\/fr\/examens\/toefl-ibt\/categorie-consignes-du-test-toefl-ibt\/","og_locale":"fr_FR","og_type":"article","og_title":"Consignes du test TOEFL IBT","og_description":"Familiarisez-vous avec les consignes du TOEFL IBT pour r\u00e9ussir le test haut la main le jour de l'examen !","og_url":"https:\/\/global-exam.com\/blog\/fr\/examens\/toefl-ibt\/categorie-consignes-du-test-toefl-ibt\/","og_site_name":"GlobalExam Blog","article_publisher":"https:\/\/www.facebook.com\/Global.Exam","article_modified_time":"2022-08-17T13:38:27+00:00","twitter_card":"summary_large_image","twitter_site":"@Global_Exam","twitter_misc":{"Dur\u00e9e de lecture estim\u00e9e":"1 minute"},"schema":{"@context":"https:\/\/schema.org","@graph":[{"@type":"WebSite","@id":"https:\/\/global-exam.com\/blog\/#website","url":"https:\/\/global-exam.com\/blog\/","name":"GlobalExam Blog","description":"Le blog du sp\u00e9cialiste de la certification linguistique","potentialAction":[{"@type":"SearchAction","target":{"@type":"EntryPoint","urlTemplate":"https:\/\/global-exam.com\/blog\/?s={search_term_string}"},"query-input":"required name=search_term_string"}],"inLanguage":"fr-FR"},{"@type":"WebPage","@id":"https:\/\/global-exam.com\/blog\/fr\/examens\/toefl-ibt\/categorie-consignes-du-test-toefl-ibt\/#webpage","url":"https:\/\/global-exam.com\/blog\/fr\/examens\/toefl-ibt\/categorie-consignes-du-test-toefl-ibt\/","name":"Consignes du test TOEFL IBT","isPartOf":{"@id":"https:\/\/global-exam.com\/blog\/#website"},"datePublished":"2021-08-11T14:30:34+00:00","dateModified":"2022-08-17T13:38:27+00:00","description":"Familiarisez-vous avec les consignes du TOEFL IBT pour r\u00e9ussir le test haut la main le jour de l'examen !","breadcrumb":{"@id":"https:\/\/global-exam.com\/blog\/fr\/examens\/toefl-ibt\/categorie-consignes-du-test-toefl-ibt\/#breadcrumb"},"inLanguage":"fr-FR","potentialAction":[{"@type":"ReadAction","target":["https:\/\/global-exam.com\/blog\/fr\/examens\/toefl-ibt\/categorie-consignes-du-test-toefl-ibt\/"]}]},{"@type":"BreadcrumbList","@id":"https:\/\/global-exam.com\/blog\/fr\/examens\/toefl-ibt\/categorie-consignes-du-test-toefl-ibt\/#breadcrumb","itemListElement":[{"@type":"ListItem","position":1,"name":"Les examens de langue","item":"https:\/\/global-exam.com\/blog\/fr\/examens\/"},{"@type":"ListItem","position":2,"name":"TOEFL IBT : pr\u00e9parer le test","item":"https:\/\/global-exam.com\/blog\/fr\/examens\/toefl-ibt\/"},{"@type":"ListItem","position":3,"name":"Consignes du test TOEFL IBT"}]}]}},"lang":"fr","translations":{"fr":59764},"pll_sync_post":[],"_links":{"self":[{"href":"https:\/\/global-exam.com\/blog\/wp-json\/wp\/v2\/pages\/59764"}],"collection":[{"href":"https:\/\/global-exam.com\/blog\/wp-json\/wp\/v2\/pages"}],"about":[{"href":"https:\/\/global-exam.com\/blog\/wp-json\/wp\/v2\/types\/page"}],"author":[{"embeddable":true,"href":"https:\/\/global-exam.com\/blog\/wp-json\/wp\/v2\/users\/2"}],"replies":[{"embeddable":true,"href":"https:\/\/global-exam.com\/blog\/wp-json\/wp\/v2\/comments?post=59764"}],"version-history":[{"count":11,"href":"https:\/\/global-exam.com\/blog\/wp-json\/wp\/v2\/pages\/59764\/revisions"}],"predecessor-version":[{"id":78075,"href":"https:\/\/global-exam.com\/blog\/wp-json\/wp\/v2\/pages\/59764\/revisions\/78075"}],"up":[{"embeddable":true,"href":"https:\/\/global-exam.com\/blog\/wp-json\/wp\/v2\/pages\/2845"}],"wp:attachment":[{"href":"https:\/\/global-exam.com\/blog\/wp-json\/wp\/v2\/media?parent=59764"}],"curies":[{"name":"wp","href":"https:\/\/api.w.org\/{rel}","templated":true}]}}