{"id":59772,"date":"2021-08-11T16:35:32","date_gmt":"2021-08-11T14:35:32","guid":{"rendered":"https:\/\/global-exam.com\/blog\/?page_id=59772"},"modified":"2022-08-17T15:39:34","modified_gmt":"2022-08-17T13:39:34","slug":"categorie-le-toefl-ibt-pour-ses-etudes","status":"publish","type":"page","link":"https:\/\/global-exam.com\/blog\/fr\/examens\/toefl-ibt\/categorie-le-toefl-ibt-pour-ses-etudes\/","title":{"rendered":"Le TOEFL iBT pour ses \u00e9tudes"},"content":{"rendered":"<p>Pourquoi passer le TOEFL pour ses \u00e9tudes ?<\/p>\n<p>Le\u00a0<strong>TOEFL<\/strong> ou <em>Test Of English as a Foreign Language<\/em> est un test d\u2019anglais \u00e0 passer par tout \u00e9tudiant qui souhaite <strong>\u00e9tudier ou travailler<\/strong> <strong>\u00e0 l&rsquo;\u00e9tranger<\/strong>. Largement reconnu \u00e0 l&rsquo;international, le TOEFL\u00a0figure parmi les conditions d\u2019<strong>acc\u00e8s aux \u00e9tudes<\/strong>\u00a0ou au\u00a0<strong>milieu professionnel<\/strong> de nombreux pays \u00e9trangers. Vous l&rsquo;aurez compris, une bonne <a href=\"https:\/\/global-exam.com\/fr\/exam\/toefl-ibt\" target=\"_blank\" rel=\"noopener\">pr\u00e9paration au TOEFL<\/a> est primordiale pour augmenter vos chances de r\u00e9ussite \u00e0 l&rsquo;examen. Dans cette cat\u00e9gorie, GlobalExam vous explique l\u2019<strong>int\u00e9r\u00eat de passer le TOEFL<\/strong> pour vos \u00e9tudes !<\/p>\n<p>Le\u00a0TOEFL\u00a0sert \u00e0\u00a0\u00e9valuer\u00a0votre ma\u00eetrise de la\u00a0langue anglaise. Vous souhaitez poursuivre vos \u00e9tudes en MBA ? \u00c9tudier ou travailler \u00e0 l&rsquo;\u00e9tranger ? Comment est-ce que vous pourrez vous \u00e9panouir dans votre travail si vous ne dominez pas cette langue\u2009? Le passage de ce test est aussi obligatoire.<\/p>\n","protected":false},"excerpt":{"rendered":"<p>Pourquoi passer le TOEFL pour ses \u00e9tudes ? Le\u00a0TOEFL ou Test Of English as a Foreign Language est un test d\u2019anglais \u00e0 [&hellip;]<\/p>\n","protected":false},"author":2,"featured_media":0,"parent":2845,"menu_order":0,"comment_status":"closed","ping_status":"closed","template":"","meta":[],"acf":[],"yoast_head":"<!-- This site is optimized with the Yoast SEO plugin v17.2.1 - https:\/\/yoast.com\/wordpress\/plugins\/seo\/ -->\n<title>Le TOEFL iBT pour ses \u00e9tudes<\/title>\n<meta name=\"description\" content=\"Passer le TOEFL est obligatoire pour int\u00e9grer un MBA ou pour acc\u00e9der \u00e0 de nombreuses universit\u00e9s \u00e9trang\u00e8res. Nous vous expliquons tout !\" \/>\n<meta name=\"robots\" content=\"index, follow, max-snippet:-1, max-image-preview:large, max-video-preview:-1\" \/>\n<link rel=\"canonical\" href=\"https:\/\/global-exam.com\/blog\/fr\/examens\/toefl-ibt\/categorie-le-toefl-ibt-pour-ses-etudes\/\" \/>\n<meta property=\"og:locale\" content=\"fr_FR\" \/>\n<meta property=\"og:type\" content=\"article\" \/>\n<meta property=\"og:title\" content=\"Le TOEFL iBT pour ses \u00e9tudes\" \/>\n<meta property=\"og:description\" content=\"Passer le TOEFL est obligatoire pour int\u00e9grer un MBA ou pour acc\u00e9der \u00e0 de nombreuses universit\u00e9s \u00e9trang\u00e8res. Nous vous expliquons tout !\" \/>\n<meta property=\"og:url\" content=\"https:\/\/global-exam.com\/blog\/fr\/examens\/toefl-ibt\/categorie-le-toefl-ibt-pour-ses-etudes\/\" \/>\n<meta property=\"og:site_name\" content=\"GlobalExam Blog\" \/>\n<meta property=\"article:publisher\" content=\"https:\/\/www.facebook.com\/Global.Exam\" \/>\n<meta property=\"article:modified_time\" content=\"2022-08-17T13:39:34+00:00\" \/>\n<meta name=\"twitter:card\" content=\"summary_large_image\" \/>\n<meta name=\"twitter:site\" content=\"@Global_Exam\" \/>\n<meta name=\"twitter:label1\" content=\"Dur\u00e9e de lecture estim\u00e9e\" \/>\n\t<meta name=\"twitter:data1\" content=\"1 minute\" \/>\n<script type=\"application\/ld+json\" class=\"yoast-schema-graph\">{\"@context\":\"https:\/\/schema.org\",\"@graph\":[{\"@type\":\"WebSite\",\"@id\":\"https:\/\/global-exam.com\/blog\/#website\",\"url\":\"https:\/\/global-exam.com\/blog\/\",\"name\":\"GlobalExam Blog\",\"description\":\"Le blog du sp\\u00e9cialiste de la certification linguistique\",\"potentialAction\":[{\"@type\":\"SearchAction\",\"target\":{\"@type\":\"EntryPoint\",\"urlTemplate\":\"https:\/\/global-exam.com\/blog\/?s={search_term_string}\"},\"query-input\":\"required name=search_term_string\"}],\"inLanguage\":\"fr-FR\"},{\"@type\":\"WebPage\",\"@id\":\"https:\/\/global-exam.com\/blog\/fr\/examens\/toefl-ibt\/categorie-le-toefl-ibt-pour-ses-etudes\/#webpage\",\"url\":\"https:\/\/global-exam.com\/blog\/fr\/examens\/toefl-ibt\/categorie-le-toefl-ibt-pour-ses-etudes\/\",\"name\":\"Le TOEFL iBT pour ses \\u00e9tudes\",\"isPartOf\":{\"@id\":\"https:\/\/global-exam.com\/blog\/#website\"},\"datePublished\":\"2021-08-11T14:35:32+00:00\",\"dateModified\":\"2022-08-17T13:39:34+00:00\",\"description\":\"Passer le TOEFL est obligatoire pour int\\u00e9grer un MBA ou pour acc\\u00e9der \\u00e0 de nombreuses universit\\u00e9s \\u00e9trang\\u00e8res. Nous vous expliquons tout !\",\"breadcrumb\":{\"@id\":\"https:\/\/global-exam.com\/blog\/fr\/examens\/toefl-ibt\/categorie-le-toefl-ibt-pour-ses-etudes\/#breadcrumb\"},\"inLanguage\":\"fr-FR\",\"potentialAction\":[{\"@type\":\"ReadAction\",\"target\":[\"https:\/\/global-exam.com\/blog\/fr\/examens\/toefl-ibt\/categorie-le-toefl-ibt-pour-ses-etudes\/\"]}]},{\"@type\":\"BreadcrumbList\",\"@id\":\"https:\/\/global-exam.com\/blog\/fr\/examens\/toefl-ibt\/categorie-le-toefl-ibt-pour-ses-etudes\/#breadcrumb\",\"itemListElement\":[{\"@type\":\"ListItem\",\"position\":1,\"name\":\"Les examens de langue\",\"item\":\"https:\/\/global-exam.com\/blog\/fr\/examens\/\"},{\"@type\":\"ListItem\",\"position\":2,\"name\":\"TOEFL IBT : pr\\u00e9parer le test\",\"item\":\"https:\/\/global-exam.com\/blog\/fr\/examens\/toefl-ibt\/\"},{\"@type\":\"ListItem\",\"position\":3,\"name\":\"Le TOEFL iBT pour ses \\u00e9tudes\"}]}]}<\/script>\n<!-- \/ Yoast SEO plugin. -->","yoast_head_json":{"title":"Le TOEFL iBT pour ses \u00e9tudes","description":"Passer le TOEFL est obligatoire pour int\u00e9grer un MBA ou pour acc\u00e9der \u00e0 de nombreuses universit\u00e9s \u00e9trang\u00e8res. Nous vous expliquons tout !","robots":{"index":"index","follow":"follow","max-snippet":"max-snippet:-1","max-image-preview":"max-image-preview:large","max-video-preview":"max-video-preview:-1"},"canonical":"https:\/\/global-exam.com\/blog\/fr\/examens\/toefl-ibt\/categorie-le-toefl-ibt-pour-ses-etudes\/","og_locale":"fr_FR","og_type":"article","og_title":"Le TOEFL iBT pour ses \u00e9tudes","og_description":"Passer le TOEFL est obligatoire pour int\u00e9grer un MBA ou pour acc\u00e9der \u00e0 de nombreuses universit\u00e9s \u00e9trang\u00e8res. Nous vous expliquons tout !","og_url":"https:\/\/global-exam.com\/blog\/fr\/examens\/toefl-ibt\/categorie-le-toefl-ibt-pour-ses-etudes\/","og_site_name":"GlobalExam Blog","article_publisher":"https:\/\/www.facebook.com\/Global.Exam","article_modified_time":"2022-08-17T13:39:34+00:00","twitter_card":"summary_large_image","twitter_site":"@Global_Exam","twitter_misc":{"Dur\u00e9e de lecture estim\u00e9e":"1 minute"},"schema":{"@context":"https:\/\/schema.org","@graph":[{"@type":"WebSite","@id":"https:\/\/global-exam.com\/blog\/#website","url":"https:\/\/global-exam.com\/blog\/","name":"GlobalExam Blog","description":"Le blog du sp\u00e9cialiste de la certification linguistique","potentialAction":[{"@type":"SearchAction","target":{"@type":"EntryPoint","urlTemplate":"https:\/\/global-exam.com\/blog\/?s={search_term_string}"},"query-input":"required name=search_term_string"}],"inLanguage":"fr-FR"},{"@type":"WebPage","@id":"https:\/\/global-exam.com\/blog\/fr\/examens\/toefl-ibt\/categorie-le-toefl-ibt-pour-ses-etudes\/#webpage","url":"https:\/\/global-exam.com\/blog\/fr\/examens\/toefl-ibt\/categorie-le-toefl-ibt-pour-ses-etudes\/","name":"Le TOEFL iBT pour ses \u00e9tudes","isPartOf":{"@id":"https:\/\/global-exam.com\/blog\/#website"},"datePublished":"2021-08-11T14:35:32+00:00","dateModified":"2022-08-17T13:39:34+00:00","description":"Passer le TOEFL est obligatoire pour int\u00e9grer un MBA ou pour acc\u00e9der \u00e0 de nombreuses universit\u00e9s \u00e9trang\u00e8res. Nous vous expliquons tout !","breadcrumb":{"@id":"https:\/\/global-exam.com\/blog\/fr\/examens\/toefl-ibt\/categorie-le-toefl-ibt-pour-ses-etudes\/#breadcrumb"},"inLanguage":"fr-FR","potentialAction":[{"@type":"ReadAction","target":["https:\/\/global-exam.com\/blog\/fr\/examens\/toefl-ibt\/categorie-le-toefl-ibt-pour-ses-etudes\/"]}]},{"@type":"BreadcrumbList","@id":"https:\/\/global-exam.com\/blog\/fr\/examens\/toefl-ibt\/categorie-le-toefl-ibt-pour-ses-etudes\/#breadcrumb","itemListElement":[{"@type":"ListItem","position":1,"name":"Les examens de langue","item":"https:\/\/global-exam.com\/blog\/fr\/examens\/"},{"@type":"ListItem","position":2,"name":"TOEFL IBT : pr\u00e9parer le test","item":"https:\/\/global-exam.com\/blog\/fr\/examens\/toefl-ibt\/"},{"@type":"ListItem","position":3,"name":"Le TOEFL iBT pour ses \u00e9tudes"}]}]}},"lang":"fr","translations":{"fr":59772},"pll_sync_post":[],"_links":{"self":[{"href":"https:\/\/global-exam.com\/blog\/wp-json\/wp\/v2\/pages\/59772"}],"collection":[{"href":"https:\/\/global-exam.com\/blog\/wp-json\/wp\/v2\/pages"}],"about":[{"href":"https:\/\/global-exam.com\/blog\/wp-json\/wp\/v2\/types\/page"}],"author":[{"embeddable":true,"href":"https:\/\/global-exam.com\/blog\/wp-json\/wp\/v2\/users\/2"}],"replies":[{"embeddable":true,"href":"https:\/\/global-exam.com\/blog\/wp-json\/wp\/v2\/comments?post=59772"}],"version-history":[{"count":12,"href":"https:\/\/global-exam.com\/blog\/wp-json\/wp\/v2\/pages\/59772\/revisions"}],"predecessor-version":[{"id":78077,"href":"https:\/\/global-exam.com\/blog\/wp-json\/wp\/v2\/pages\/59772\/revisions\/78077"}],"up":[{"embeddable":true,"href":"https:\/\/global-exam.com\/blog\/wp-json\/wp\/v2\/pages\/2845"}],"wp:attachment":[{"href":"https:\/\/global-exam.com\/blog\/wp-json\/wp\/v2\/media?parent=59772"}],"curies":[{"name":"wp","href":"https:\/\/api.w.org\/{rel}","templated":true}]}}