{"id":59779,"date":"2021-08-11T16:41:17","date_gmt":"2021-08-11T14:41:17","guid":{"rendered":"https:\/\/global-exam.com\/blog\/?page_id=59779"},"modified":"2022-08-17T15:41:53","modified_gmt":"2022-08-17T13:41:53","slug":"categorie-pourquoi-passer-le-toefl-ibt","status":"publish","type":"page","link":"https:\/\/global-exam.com\/blog\/fr\/examens\/toefl-ibt\/categorie-pourquoi-passer-le-toefl-ibt\/","title":{"rendered":"Pourquoi passer le TOEFL iBT ?"},"content":{"rendered":"<p>Les avantages de passer le TOEFL iBT<\/p>\n<p>Cette cat\u00e9gorie pr\u00e9sente les<strong>\u00a0principaux avantages<\/strong> de la certification du TOEFL. De nombreux <strong>\u00e9tudiants<\/strong> et <strong>travailleurs<\/strong> choisissent chaque ann\u00e9e de passer le TOEFL et de commencer leur <a href=\"https:\/\/global-exam.com\/fr\/exam\/toefl-ibt\" target=\"_blank\" rel=\"noopener\">entra\u00eenement au TOEFL<\/a> avec GlobalExam.<\/p>\n<p>Dans la majorit\u00e9 des cas, les \u00e9tudiants et travailleurs choisissent de <strong>passer le TOEFL<\/strong> pour <strong>int\u00e9grer un MBA<\/strong>. Le passage du TOEFL figure parmi les conditions essentielles requises pour pouvoir <strong>acc\u00e9der aux formations<\/strong> de nombreuses <strong>\u00e9coles prestigieuses<\/strong>\u00a0o\u00f9 l\u2019anglais est la langue principalement utilis\u00e9e.<\/p>\n<p>Cette cat\u00e9gorie pr\u00e9sentera \u00e9galement la\u00a0<strong>diff\u00e9rence entre le TOEIC et le TOEFL<\/strong>. En effet, la majorit\u00e9 des candidats qui veulent s\u2019inscrire \u00e0 des\u00a0<strong>universit\u00e9s anglaises<\/strong>\u00a0ou am\u00e9ricaines h\u00e9sitent encore entre passer le\u00a0<strong>TOEIC et le TOEFL<\/strong>. Une fois que vous aurez lu ce passage, vous n\u2019h\u00e9siterez plus \u00e0 choisir celui qui vous correspond.<\/p>\n","protected":false},"excerpt":{"rendered":"<p>Les avantages de passer le TOEFL iBT Cette cat\u00e9gorie pr\u00e9sente les\u00a0principaux avantages de la certification du TOEFL. De nombreux \u00e9tudiants et travailleurs [&hellip;]<\/p>\n","protected":false},"author":2,"featured_media":0,"parent":2845,"menu_order":0,"comment_status":"closed","ping_status":"closed","template":"","meta":[],"acf":[],"yoast_head":"<!-- This site is optimized with the Yoast SEO plugin v17.2.1 - https:\/\/yoast.com\/wordpress\/plugins\/seo\/ -->\n<title>Pourquoi passer le TOEFL iBT ?<\/title>\n<meta name=\"description\" content=\"Vous souhaitez valider votre niveau d&#039;anglais avec le TOEFL iBT ? D\u00e9couvrez les raisons pour lesquelles vous devriez passer l&#039;examen.\" \/>\n<meta name=\"robots\" content=\"index, follow, max-snippet:-1, max-image-preview:large, max-video-preview:-1\" \/>\n<link rel=\"canonical\" href=\"https:\/\/global-exam.com\/blog\/fr\/examens\/toefl-ibt\/categorie-pourquoi-passer-le-toefl-ibt\/\" \/>\n<meta property=\"og:locale\" content=\"fr_FR\" \/>\n<meta property=\"og:type\" content=\"article\" \/>\n<meta property=\"og:title\" content=\"Pourquoi passer le TOEFL iBT ?\" \/>\n<meta property=\"og:description\" content=\"Vous souhaitez valider votre niveau d&#039;anglais avec le TOEFL iBT ? D\u00e9couvrez les raisons pour lesquelles vous devriez passer l&#039;examen.\" \/>\n<meta property=\"og:url\" content=\"https:\/\/global-exam.com\/blog\/fr\/examens\/toefl-ibt\/categorie-pourquoi-passer-le-toefl-ibt\/\" \/>\n<meta property=\"og:site_name\" content=\"GlobalExam Blog\" \/>\n<meta property=\"article:publisher\" content=\"https:\/\/www.facebook.com\/Global.Exam\" \/>\n<meta property=\"article:modified_time\" content=\"2022-08-17T13:41:53+00:00\" \/>\n<meta name=\"twitter:card\" content=\"summary_large_image\" \/>\n<meta name=\"twitter:site\" content=\"@Global_Exam\" \/>\n<meta name=\"twitter:label1\" content=\"Dur\u00e9e de lecture estim\u00e9e\" \/>\n\t<meta name=\"twitter:data1\" content=\"1 minute\" \/>\n<script type=\"application\/ld+json\" class=\"yoast-schema-graph\">{\"@context\":\"https:\/\/schema.org\",\"@graph\":[{\"@type\":\"WebSite\",\"@id\":\"https:\/\/global-exam.com\/blog\/#website\",\"url\":\"https:\/\/global-exam.com\/blog\/\",\"name\":\"GlobalExam Blog\",\"description\":\"Le blog du sp\\u00e9cialiste de la certification linguistique\",\"potentialAction\":[{\"@type\":\"SearchAction\",\"target\":{\"@type\":\"EntryPoint\",\"urlTemplate\":\"https:\/\/global-exam.com\/blog\/?s={search_term_string}\"},\"query-input\":\"required name=search_term_string\"}],\"inLanguage\":\"fr-FR\"},{\"@type\":\"WebPage\",\"@id\":\"https:\/\/global-exam.com\/blog\/fr\/examens\/toefl-ibt\/categorie-pourquoi-passer-le-toefl-ibt\/#webpage\",\"url\":\"https:\/\/global-exam.com\/blog\/fr\/examens\/toefl-ibt\/categorie-pourquoi-passer-le-toefl-ibt\/\",\"name\":\"Pourquoi passer le TOEFL iBT ?\",\"isPartOf\":{\"@id\":\"https:\/\/global-exam.com\/blog\/#website\"},\"datePublished\":\"2021-08-11T14:41:17+00:00\",\"dateModified\":\"2022-08-17T13:41:53+00:00\",\"description\":\"Vous souhaitez valider votre niveau d'anglais avec le TOEFL iBT ? D\\u00e9couvrez les raisons pour lesquelles vous devriez passer l'examen.\",\"breadcrumb\":{\"@id\":\"https:\/\/global-exam.com\/blog\/fr\/examens\/toefl-ibt\/categorie-pourquoi-passer-le-toefl-ibt\/#breadcrumb\"},\"inLanguage\":\"fr-FR\",\"potentialAction\":[{\"@type\":\"ReadAction\",\"target\":[\"https:\/\/global-exam.com\/blog\/fr\/examens\/toefl-ibt\/categorie-pourquoi-passer-le-toefl-ibt\/\"]}]},{\"@type\":\"BreadcrumbList\",\"@id\":\"https:\/\/global-exam.com\/blog\/fr\/examens\/toefl-ibt\/categorie-pourquoi-passer-le-toefl-ibt\/#breadcrumb\",\"itemListElement\":[{\"@type\":\"ListItem\",\"position\":1,\"name\":\"Les examens de langue\",\"item\":\"https:\/\/global-exam.com\/blog\/fr\/examens\/\"},{\"@type\":\"ListItem\",\"position\":2,\"name\":\"TOEFL IBT : pr\\u00e9parer le test\",\"item\":\"https:\/\/global-exam.com\/blog\/fr\/examens\/toefl-ibt\/\"},{\"@type\":\"ListItem\",\"position\":3,\"name\":\"Pourquoi passer le TOEFL iBT ?\"}]}]}<\/script>\n<!-- \/ Yoast SEO plugin. -->","yoast_head_json":{"title":"Pourquoi passer le TOEFL iBT ?","description":"Vous souhaitez valider votre niveau d'anglais avec le TOEFL iBT ? D\u00e9couvrez les raisons pour lesquelles vous devriez passer l'examen.","robots":{"index":"index","follow":"follow","max-snippet":"max-snippet:-1","max-image-preview":"max-image-preview:large","max-video-preview":"max-video-preview:-1"},"canonical":"https:\/\/global-exam.com\/blog\/fr\/examens\/toefl-ibt\/categorie-pourquoi-passer-le-toefl-ibt\/","og_locale":"fr_FR","og_type":"article","og_title":"Pourquoi passer le TOEFL iBT ?","og_description":"Vous souhaitez valider votre niveau d'anglais avec le TOEFL iBT ? D\u00e9couvrez les raisons pour lesquelles vous devriez passer l'examen.","og_url":"https:\/\/global-exam.com\/blog\/fr\/examens\/toefl-ibt\/categorie-pourquoi-passer-le-toefl-ibt\/","og_site_name":"GlobalExam Blog","article_publisher":"https:\/\/www.facebook.com\/Global.Exam","article_modified_time":"2022-08-17T13:41:53+00:00","twitter_card":"summary_large_image","twitter_site":"@Global_Exam","twitter_misc":{"Dur\u00e9e de lecture estim\u00e9e":"1 minute"},"schema":{"@context":"https:\/\/schema.org","@graph":[{"@type":"WebSite","@id":"https:\/\/global-exam.com\/blog\/#website","url":"https:\/\/global-exam.com\/blog\/","name":"GlobalExam Blog","description":"Le blog du sp\u00e9cialiste de la certification linguistique","potentialAction":[{"@type":"SearchAction","target":{"@type":"EntryPoint","urlTemplate":"https:\/\/global-exam.com\/blog\/?s={search_term_string}"},"query-input":"required name=search_term_string"}],"inLanguage":"fr-FR"},{"@type":"WebPage","@id":"https:\/\/global-exam.com\/blog\/fr\/examens\/toefl-ibt\/categorie-pourquoi-passer-le-toefl-ibt\/#webpage","url":"https:\/\/global-exam.com\/blog\/fr\/examens\/toefl-ibt\/categorie-pourquoi-passer-le-toefl-ibt\/","name":"Pourquoi passer le TOEFL iBT ?","isPartOf":{"@id":"https:\/\/global-exam.com\/blog\/#website"},"datePublished":"2021-08-11T14:41:17+00:00","dateModified":"2022-08-17T13:41:53+00:00","description":"Vous souhaitez valider votre niveau d'anglais avec le TOEFL iBT ? D\u00e9couvrez les raisons pour lesquelles vous devriez passer l'examen.","breadcrumb":{"@id":"https:\/\/global-exam.com\/blog\/fr\/examens\/toefl-ibt\/categorie-pourquoi-passer-le-toefl-ibt\/#breadcrumb"},"inLanguage":"fr-FR","potentialAction":[{"@type":"ReadAction","target":["https:\/\/global-exam.com\/blog\/fr\/examens\/toefl-ibt\/categorie-pourquoi-passer-le-toefl-ibt\/"]}]},{"@type":"BreadcrumbList","@id":"https:\/\/global-exam.com\/blog\/fr\/examens\/toefl-ibt\/categorie-pourquoi-passer-le-toefl-ibt\/#breadcrumb","itemListElement":[{"@type":"ListItem","position":1,"name":"Les examens de langue","item":"https:\/\/global-exam.com\/blog\/fr\/examens\/"},{"@type":"ListItem","position":2,"name":"TOEFL IBT : pr\u00e9parer le test","item":"https:\/\/global-exam.com\/blog\/fr\/examens\/toefl-ibt\/"},{"@type":"ListItem","position":3,"name":"Pourquoi passer le TOEFL iBT ?"}]}]}},"lang":"fr","translations":{"fr":59779},"pll_sync_post":[],"_links":{"self":[{"href":"https:\/\/global-exam.com\/blog\/wp-json\/wp\/v2\/pages\/59779"}],"collection":[{"href":"https:\/\/global-exam.com\/blog\/wp-json\/wp\/v2\/pages"}],"about":[{"href":"https:\/\/global-exam.com\/blog\/wp-json\/wp\/v2\/types\/page"}],"author":[{"embeddable":true,"href":"https:\/\/global-exam.com\/blog\/wp-json\/wp\/v2\/users\/2"}],"replies":[{"embeddable":true,"href":"https:\/\/global-exam.com\/blog\/wp-json\/wp\/v2\/comments?post=59779"}],"version-history":[{"count":9,"href":"https:\/\/global-exam.com\/blog\/wp-json\/wp\/v2\/pages\/59779\/revisions"}],"predecessor-version":[{"id":78078,"href":"https:\/\/global-exam.com\/blog\/wp-json\/wp\/v2\/pages\/59779\/revisions\/78078"}],"up":[{"embeddable":true,"href":"https:\/\/global-exam.com\/blog\/wp-json\/wp\/v2\/pages\/2845"}],"wp:attachment":[{"href":"https:\/\/global-exam.com\/blog\/wp-json\/wp\/v2\/media?parent=59779"}],"curies":[{"name":"wp","href":"https:\/\/api.w.org\/{rel}","templated":true}]}}