{"id":59807,"date":"2021-08-11T17:14:25","date_gmt":"2021-08-11T15:14:25","guid":{"rendered":"https:\/\/global-exam.com\/blog\/?page_id=59807"},"modified":"2022-08-17T15:39:00","modified_gmt":"2022-08-17T13:39:00","slug":"categorie-grammaire-toefl-ibt","status":"publish","type":"page","link":"https:\/\/global-exam.com\/blog\/fr\/examens\/toefl-ibt\/categorie-grammaire-toefl-ibt\/","title":{"rendered":"Grammaire TOEFL iBT"},"content":{"rendered":"<p>Am\u00e9liorez votre niveau de grammaire<\/p>\n<p>Pour vous permettre de\u00a0<strong>r\u00e9ussir votre test TOEFL<\/strong>, vous trouverez sur\u00a0<strong>GlobalExam<\/strong>\u00a0des\u00a0<strong>fiches grammaires<\/strong>. Le contenu de chaque fiche est clair et bien d\u00e9taill\u00e9 et pourra vous accompagner tout au long de votre <a href=\"https:\/\/global-exam.com\/fr\/exam\/toefl-ibt\" target=\"_blank\" rel=\"noopener\">pr\u00e9paration au TOEFL<\/a> ou autre certification de test en anglais.<\/p>\n<p>Tous les \u00e9l\u00e9ments que les candidats trouvent difficiles \u00e0 traiter sont pr\u00e9sents sur\u00a0GlobalExam ! Acc\u00e9dez \u00e0 de nombreuses <strong>le\u00e7ons<\/strong> et <strong>guides<\/strong> pour mieux comprendre les exercices de l&rsquo;examen. Pour que vous puissiez <strong>obtenir le certificat TOEFL<\/strong>, la\u00a0grammaire figure parmi les \u00e9l\u00e9ments essentiels \u00e0 ma\u00eetriser.<\/p>\n<p>Retrouvez l&rsquo;ensemble de nos <strong>fiches<\/strong> <strong>gratuites pour le TOEFL IBT<\/strong>, mais aussi des fiches sur les \u00e9preuves de grammaire\u00a0<strong>Bright English<\/strong>, grammaire <strong>Linguaskill<\/strong>, grammaire <strong>TOEFL <\/strong><strong>ITP<\/strong> et grammaire\u00a0<strong>TOEIC.<\/strong>.<\/p>\n","protected":false},"excerpt":{"rendered":"<p>Am\u00e9liorez votre niveau de grammaire Pour vous permettre de\u00a0r\u00e9ussir votre test TOEFL, vous trouverez sur\u00a0GlobalExam\u00a0des\u00a0fiches grammaires. Le contenu de chaque fiche est [&hellip;]<\/p>\n","protected":false},"author":2,"featured_media":0,"parent":2845,"menu_order":0,"comment_status":"closed","ping_status":"closed","template":"","meta":[],"acf":[],"yoast_head":"<!-- This site is optimized with the Yoast SEO plugin v17.2.1 - https:\/\/yoast.com\/wordpress\/plugins\/seo\/ -->\n<title>Grammaire TOEFL iBT<\/title>\n<meta name=\"description\" content=\"Ma\u00eetrisez la grammaire anglaise pour r\u00e9ussir votre TOEFL iBT ! D\u00e9couvrez nos astuces et fiches de grammaire pour progresser avant l&#039;examen.\" \/>\n<meta name=\"robots\" content=\"index, follow, max-snippet:-1, max-image-preview:large, max-video-preview:-1\" \/>\n<link rel=\"canonical\" href=\"https:\/\/global-exam.com\/blog\/fr\/examens\/toefl-ibt\/categorie-grammaire-toefl-ibt\/\" \/>\n<meta property=\"og:locale\" content=\"fr_FR\" \/>\n<meta property=\"og:type\" content=\"article\" \/>\n<meta property=\"og:title\" content=\"Grammaire TOEFL iBT\" \/>\n<meta property=\"og:description\" content=\"Ma\u00eetrisez la grammaire anglaise pour r\u00e9ussir votre TOEFL iBT ! D\u00e9couvrez nos astuces et fiches de grammaire pour progresser avant l&#039;examen.\" \/>\n<meta property=\"og:url\" content=\"https:\/\/global-exam.com\/blog\/fr\/examens\/toefl-ibt\/categorie-grammaire-toefl-ibt\/\" \/>\n<meta property=\"og:site_name\" content=\"GlobalExam Blog\" \/>\n<meta property=\"article:publisher\" content=\"https:\/\/www.facebook.com\/Global.Exam\" \/>\n<meta property=\"article:modified_time\" content=\"2022-08-17T13:39:00+00:00\" \/>\n<meta name=\"twitter:card\" content=\"summary_large_image\" \/>\n<meta name=\"twitter:site\" content=\"@Global_Exam\" \/>\n<meta name=\"twitter:label1\" content=\"Dur\u00e9e de lecture estim\u00e9e\" \/>\n\t<meta name=\"twitter:data1\" content=\"1 minute\" \/>\n<script type=\"application\/ld+json\" class=\"yoast-schema-graph\">{\"@context\":\"https:\/\/schema.org\",\"@graph\":[{\"@type\":\"WebSite\",\"@id\":\"https:\/\/global-exam.com\/blog\/#website\",\"url\":\"https:\/\/global-exam.com\/blog\/\",\"name\":\"GlobalExam Blog\",\"description\":\"Le blog du sp\\u00e9cialiste de la certification linguistique\",\"potentialAction\":[{\"@type\":\"SearchAction\",\"target\":{\"@type\":\"EntryPoint\",\"urlTemplate\":\"https:\/\/global-exam.com\/blog\/?s={search_term_string}\"},\"query-input\":\"required name=search_term_string\"}],\"inLanguage\":\"fr-FR\"},{\"@type\":\"WebPage\",\"@id\":\"https:\/\/global-exam.com\/blog\/fr\/examens\/toefl-ibt\/categorie-grammaire-toefl-ibt\/#webpage\",\"url\":\"https:\/\/global-exam.com\/blog\/fr\/examens\/toefl-ibt\/categorie-grammaire-toefl-ibt\/\",\"name\":\"Grammaire TOEFL iBT\",\"isPartOf\":{\"@id\":\"https:\/\/global-exam.com\/blog\/#website\"},\"datePublished\":\"2021-08-11T15:14:25+00:00\",\"dateModified\":\"2022-08-17T13:39:00+00:00\",\"description\":\"Ma\\u00eetrisez la grammaire anglaise pour r\\u00e9ussir votre TOEFL iBT ! D\\u00e9couvrez nos astuces et fiches de grammaire pour progresser avant l'examen.\",\"breadcrumb\":{\"@id\":\"https:\/\/global-exam.com\/blog\/fr\/examens\/toefl-ibt\/categorie-grammaire-toefl-ibt\/#breadcrumb\"},\"inLanguage\":\"fr-FR\",\"potentialAction\":[{\"@type\":\"ReadAction\",\"target\":[\"https:\/\/global-exam.com\/blog\/fr\/examens\/toefl-ibt\/categorie-grammaire-toefl-ibt\/\"]}]},{\"@type\":\"BreadcrumbList\",\"@id\":\"https:\/\/global-exam.com\/blog\/fr\/examens\/toefl-ibt\/categorie-grammaire-toefl-ibt\/#breadcrumb\",\"itemListElement\":[{\"@type\":\"ListItem\",\"position\":1,\"name\":\"Les examens de langue\",\"item\":\"https:\/\/global-exam.com\/blog\/fr\/examens\/\"},{\"@type\":\"ListItem\",\"position\":2,\"name\":\"TOEFL IBT : pr\\u00e9parer le test\",\"item\":\"https:\/\/global-exam.com\/blog\/fr\/examens\/toefl-ibt\/\"},{\"@type\":\"ListItem\",\"position\":3,\"name\":\"Grammaire TOEFL iBT\"}]}]}<\/script>\n<!-- \/ Yoast SEO plugin. -->","yoast_head_json":{"title":"Grammaire TOEFL iBT","description":"Ma\u00eetrisez la grammaire anglaise pour r\u00e9ussir votre TOEFL iBT ! D\u00e9couvrez nos astuces et fiches de grammaire pour progresser avant l'examen.","robots":{"index":"index","follow":"follow","max-snippet":"max-snippet:-1","max-image-preview":"max-image-preview:large","max-video-preview":"max-video-preview:-1"},"canonical":"https:\/\/global-exam.com\/blog\/fr\/examens\/toefl-ibt\/categorie-grammaire-toefl-ibt\/","og_locale":"fr_FR","og_type":"article","og_title":"Grammaire TOEFL iBT","og_description":"Ma\u00eetrisez la grammaire anglaise pour r\u00e9ussir votre TOEFL iBT ! D\u00e9couvrez nos astuces et fiches de grammaire pour progresser avant l'examen.","og_url":"https:\/\/global-exam.com\/blog\/fr\/examens\/toefl-ibt\/categorie-grammaire-toefl-ibt\/","og_site_name":"GlobalExam Blog","article_publisher":"https:\/\/www.facebook.com\/Global.Exam","article_modified_time":"2022-08-17T13:39:00+00:00","twitter_card":"summary_large_image","twitter_site":"@Global_Exam","twitter_misc":{"Dur\u00e9e de lecture estim\u00e9e":"1 minute"},"schema":{"@context":"https:\/\/schema.org","@graph":[{"@type":"WebSite","@id":"https:\/\/global-exam.com\/blog\/#website","url":"https:\/\/global-exam.com\/blog\/","name":"GlobalExam Blog","description":"Le blog du sp\u00e9cialiste de la certification linguistique","potentialAction":[{"@type":"SearchAction","target":{"@type":"EntryPoint","urlTemplate":"https:\/\/global-exam.com\/blog\/?s={search_term_string}"},"query-input":"required name=search_term_string"}],"inLanguage":"fr-FR"},{"@type":"WebPage","@id":"https:\/\/global-exam.com\/blog\/fr\/examens\/toefl-ibt\/categorie-grammaire-toefl-ibt\/#webpage","url":"https:\/\/global-exam.com\/blog\/fr\/examens\/toefl-ibt\/categorie-grammaire-toefl-ibt\/","name":"Grammaire TOEFL iBT","isPartOf":{"@id":"https:\/\/global-exam.com\/blog\/#website"},"datePublished":"2021-08-11T15:14:25+00:00","dateModified":"2022-08-17T13:39:00+00:00","description":"Ma\u00eetrisez la grammaire anglaise pour r\u00e9ussir votre TOEFL iBT ! D\u00e9couvrez nos astuces et fiches de grammaire pour progresser avant l'examen.","breadcrumb":{"@id":"https:\/\/global-exam.com\/blog\/fr\/examens\/toefl-ibt\/categorie-grammaire-toefl-ibt\/#breadcrumb"},"inLanguage":"fr-FR","potentialAction":[{"@type":"ReadAction","target":["https:\/\/global-exam.com\/blog\/fr\/examens\/toefl-ibt\/categorie-grammaire-toefl-ibt\/"]}]},{"@type":"BreadcrumbList","@id":"https:\/\/global-exam.com\/blog\/fr\/examens\/toefl-ibt\/categorie-grammaire-toefl-ibt\/#breadcrumb","itemListElement":[{"@type":"ListItem","position":1,"name":"Les examens de langue","item":"https:\/\/global-exam.com\/blog\/fr\/examens\/"},{"@type":"ListItem","position":2,"name":"TOEFL IBT : pr\u00e9parer le test","item":"https:\/\/global-exam.com\/blog\/fr\/examens\/toefl-ibt\/"},{"@type":"ListItem","position":3,"name":"Grammaire TOEFL iBT"}]}]}},"lang":"fr","translations":{"fr":59807},"pll_sync_post":[],"_links":{"self":[{"href":"https:\/\/global-exam.com\/blog\/wp-json\/wp\/v2\/pages\/59807"}],"collection":[{"href":"https:\/\/global-exam.com\/blog\/wp-json\/wp\/v2\/pages"}],"about":[{"href":"https:\/\/global-exam.com\/blog\/wp-json\/wp\/v2\/types\/page"}],"author":[{"embeddable":true,"href":"https:\/\/global-exam.com\/blog\/wp-json\/wp\/v2\/users\/2"}],"replies":[{"embeddable":true,"href":"https:\/\/global-exam.com\/blog\/wp-json\/wp\/v2\/comments?post=59807"}],"version-history":[{"count":10,"href":"https:\/\/global-exam.com\/blog\/wp-json\/wp\/v2\/pages\/59807\/revisions"}],"predecessor-version":[{"id":78076,"href":"https:\/\/global-exam.com\/blog\/wp-json\/wp\/v2\/pages\/59807\/revisions\/78076"}],"up":[{"embeddable":true,"href":"https:\/\/global-exam.com\/blog\/wp-json\/wp\/v2\/pages\/2845"}],"wp:attachment":[{"href":"https:\/\/global-exam.com\/blog\/wp-json\/wp\/v2\/media?parent=59807"}],"curies":[{"name":"wp","href":"https:\/\/api.w.org\/{rel}","templated":true}]}}