{"id":59808,"date":"2021-08-11T17:20:16","date_gmt":"2021-08-11T15:20:16","guid":{"rendered":"https:\/\/global-exam.com\/blog\/?page_id=59808"},"modified":"2022-08-17T15:53:20","modified_gmt":"2022-08-17T13:53:20","slug":"categorie-presentation-toefl-itp","status":"publish","type":"page","link":"https:\/\/global-exam.com\/blog\/fr\/examens\/toefl-itp\/categorie-presentation-toefl-itp\/","title":{"rendered":"Pr\u00e9sentation TOEFL ITP"},"content":{"rendered":"<p>Tout ce que vous devez savoir sur le TOEFL ITP<\/p>\n<p>Le\u00a0<strong>Test Of English as a Foreign Language<\/strong>\u00a0(TOEFL) est l\u2019un des tests d\u2019anglais les plus connus dans le monde, avec plus de\u00a0<strong>30 millions de candidats<\/strong>\u00a0recens\u00e9s \u00e0 ce jour. Cet examen donne lieu \u00e0 une\u00a0<strong>attestation<\/strong>\u00a0de niveau\u00a0<strong>valable 2 ans<\/strong>, reconnue par de nombreux\u00a0<strong>\u00e9tablissements professionnels et universitaires<\/strong>\u00a0dans plus de<strong>\u00a0130 pays<\/strong>.<\/p>\n<p>Contrairement au TOEFL IBT, la version\u00a0<strong>ITP<\/strong>\u00a0est r\u00e9alis\u00e9e non pas en ligne mais\u00a0<strong>sur papier<\/strong>\u00a0et se d\u00e9roule au sein d\u2019\u00e9tablissements d\u2019enseignement secondaire.<\/p>\n<p>Tout ce que vous avez toujours voulu savoir sur le\u00a0<strong>TOEFL ITP<\/strong>\u00a0se trouve dans cette cat\u00e9gorie, au sein de laquelle nous avons regroup\u00e9 tous les\u00a0<strong>articles<\/strong>\u00a0en lien avec cet examen.<strong>\u00a0D\u00e9roulement du test<\/strong>,\u00a0<strong>structure<\/strong>\u00a0et\u00a0<strong>organisation<\/strong>\u00a0des \u00e9preuves, score, timing\u2026<\/p>\n","protected":false},"excerpt":{"rendered":"<p>Tout ce que vous devez savoir sur le TOEFL ITP Le\u00a0Test Of English as a Foreign Language\u00a0(TOEFL) est l\u2019un des tests d\u2019anglais [&hellip;]<\/p>\n","protected":false},"author":24,"featured_media":0,"parent":2849,"menu_order":0,"comment_status":"closed","ping_status":"closed","template":"","meta":[],"acf":[],"yoast_head":"<!-- This site is optimized with the Yoast SEO plugin v17.2.1 - https:\/\/yoast.com\/wordpress\/plugins\/seo\/ -->\n<title>Pr\u00e9sentation TOEFL ITP<\/title>\n<meta name=\"robots\" content=\"index, follow, max-snippet:-1, max-image-preview:large, max-video-preview:-1\" \/>\n<link rel=\"canonical\" href=\"https:\/\/global-exam.com\/blog\/fr\/examens\/toefl-itp\/categorie-presentation-toefl-itp\/\" \/>\n<meta property=\"og:locale\" content=\"fr_FR\" \/>\n<meta property=\"og:type\" content=\"article\" \/>\n<meta property=\"og:title\" content=\"Pr\u00e9sentation TOEFL ITP\" \/>\n<meta property=\"og:description\" content=\"Tout ce que vous devez savoir sur le TOEFL ITP Le\u00a0Test Of English as a Foreign Language\u00a0(TOEFL) est l\u2019un des tests d\u2019anglais [&hellip;]\" \/>\n<meta property=\"og:url\" content=\"https:\/\/global-exam.com\/blog\/fr\/examens\/toefl-itp\/categorie-presentation-toefl-itp\/\" \/>\n<meta property=\"og:site_name\" content=\"GlobalExam Blog\" \/>\n<meta property=\"article:publisher\" content=\"https:\/\/www.facebook.com\/Global.Exam\" \/>\n<meta property=\"article:modified_time\" content=\"2022-08-17T13:53:20+00:00\" \/>\n<meta name=\"twitter:card\" content=\"summary_large_image\" \/>\n<meta name=\"twitter:site\" content=\"@Global_Exam\" \/>\n<meta name=\"twitter:label1\" content=\"Dur\u00e9e de lecture estim\u00e9e\" \/>\n\t<meta name=\"twitter:data1\" content=\"1 minute\" \/>\n<script type=\"application\/ld+json\" class=\"yoast-schema-graph\">{\"@context\":\"https:\/\/schema.org\",\"@graph\":[{\"@type\":\"WebSite\",\"@id\":\"https:\/\/global-exam.com\/blog\/#website\",\"url\":\"https:\/\/global-exam.com\/blog\/\",\"name\":\"GlobalExam Blog\",\"description\":\"Le blog du sp\\u00e9cialiste de la certification linguistique\",\"potentialAction\":[{\"@type\":\"SearchAction\",\"target\":{\"@type\":\"EntryPoint\",\"urlTemplate\":\"https:\/\/global-exam.com\/blog\/?s={search_term_string}\"},\"query-input\":\"required name=search_term_string\"}],\"inLanguage\":\"fr-FR\"},{\"@type\":\"WebPage\",\"@id\":\"https:\/\/global-exam.com\/blog\/fr\/examens\/toefl-itp\/categorie-presentation-toefl-itp\/#webpage\",\"url\":\"https:\/\/global-exam.com\/blog\/fr\/examens\/toefl-itp\/categorie-presentation-toefl-itp\/\",\"name\":\"Pr\\u00e9sentation TOEFL ITP\",\"isPartOf\":{\"@id\":\"https:\/\/global-exam.com\/blog\/#website\"},\"datePublished\":\"2021-08-11T15:20:16+00:00\",\"dateModified\":\"2022-08-17T13:53:20+00:00\",\"breadcrumb\":{\"@id\":\"https:\/\/global-exam.com\/blog\/fr\/examens\/toefl-itp\/categorie-presentation-toefl-itp\/#breadcrumb\"},\"inLanguage\":\"fr-FR\",\"potentialAction\":[{\"@type\":\"ReadAction\",\"target\":[\"https:\/\/global-exam.com\/blog\/fr\/examens\/toefl-itp\/categorie-presentation-toefl-itp\/\"]}]},{\"@type\":\"BreadcrumbList\",\"@id\":\"https:\/\/global-exam.com\/blog\/fr\/examens\/toefl-itp\/categorie-presentation-toefl-itp\/#breadcrumb\",\"itemListElement\":[{\"@type\":\"ListItem\",\"position\":1,\"name\":\"Les examens de langue\",\"item\":\"https:\/\/global-exam.com\/blog\/fr\/examens\/\"},{\"@type\":\"ListItem\",\"position\":2,\"name\":\"TOEFL ITP : nos conseils de pr\\u00e9paration\",\"item\":\"https:\/\/global-exam.com\/blog\/fr\/examens\/toefl-itp\/\"},{\"@type\":\"ListItem\",\"position\":3,\"name\":\"Pr\\u00e9sentation TOEFL ITP\"}]}]}<\/script>\n<!-- \/ Yoast SEO plugin. -->","yoast_head_json":{"title":"Pr\u00e9sentation TOEFL ITP","robots":{"index":"index","follow":"follow","max-snippet":"max-snippet:-1","max-image-preview":"max-image-preview:large","max-video-preview":"max-video-preview:-1"},"canonical":"https:\/\/global-exam.com\/blog\/fr\/examens\/toefl-itp\/categorie-presentation-toefl-itp\/","og_locale":"fr_FR","og_type":"article","og_title":"Pr\u00e9sentation TOEFL ITP","og_description":"Tout ce que vous devez savoir sur le TOEFL ITP Le\u00a0Test Of English as a Foreign Language\u00a0(TOEFL) est l\u2019un des tests d\u2019anglais [&hellip;]","og_url":"https:\/\/global-exam.com\/blog\/fr\/examens\/toefl-itp\/categorie-presentation-toefl-itp\/","og_site_name":"GlobalExam Blog","article_publisher":"https:\/\/www.facebook.com\/Global.Exam","article_modified_time":"2022-08-17T13:53:20+00:00","twitter_card":"summary_large_image","twitter_site":"@Global_Exam","twitter_misc":{"Dur\u00e9e de lecture estim\u00e9e":"1 minute"},"schema":{"@context":"https:\/\/schema.org","@graph":[{"@type":"WebSite","@id":"https:\/\/global-exam.com\/blog\/#website","url":"https:\/\/global-exam.com\/blog\/","name":"GlobalExam Blog","description":"Le blog du sp\u00e9cialiste de la certification linguistique","potentialAction":[{"@type":"SearchAction","target":{"@type":"EntryPoint","urlTemplate":"https:\/\/global-exam.com\/blog\/?s={search_term_string}"},"query-input":"required name=search_term_string"}],"inLanguage":"fr-FR"},{"@type":"WebPage","@id":"https:\/\/global-exam.com\/blog\/fr\/examens\/toefl-itp\/categorie-presentation-toefl-itp\/#webpage","url":"https:\/\/global-exam.com\/blog\/fr\/examens\/toefl-itp\/categorie-presentation-toefl-itp\/","name":"Pr\u00e9sentation TOEFL ITP","isPartOf":{"@id":"https:\/\/global-exam.com\/blog\/#website"},"datePublished":"2021-08-11T15:20:16+00:00","dateModified":"2022-08-17T13:53:20+00:00","breadcrumb":{"@id":"https:\/\/global-exam.com\/blog\/fr\/examens\/toefl-itp\/categorie-presentation-toefl-itp\/#breadcrumb"},"inLanguage":"fr-FR","potentialAction":[{"@type":"ReadAction","target":["https:\/\/global-exam.com\/blog\/fr\/examens\/toefl-itp\/categorie-presentation-toefl-itp\/"]}]},{"@type":"BreadcrumbList","@id":"https:\/\/global-exam.com\/blog\/fr\/examens\/toefl-itp\/categorie-presentation-toefl-itp\/#breadcrumb","itemListElement":[{"@type":"ListItem","position":1,"name":"Les examens de langue","item":"https:\/\/global-exam.com\/blog\/fr\/examens\/"},{"@type":"ListItem","position":2,"name":"TOEFL ITP : nos conseils de pr\u00e9paration","item":"https:\/\/global-exam.com\/blog\/fr\/examens\/toefl-itp\/"},{"@type":"ListItem","position":3,"name":"Pr\u00e9sentation TOEFL ITP"}]}]}},"lang":"fr","translations":{"fr":59808},"pll_sync_post":[],"_links":{"self":[{"href":"https:\/\/global-exam.com\/blog\/wp-json\/wp\/v2\/pages\/59808"}],"collection":[{"href":"https:\/\/global-exam.com\/blog\/wp-json\/wp\/v2\/pages"}],"about":[{"href":"https:\/\/global-exam.com\/blog\/wp-json\/wp\/v2\/types\/page"}],"author":[{"embeddable":true,"href":"https:\/\/global-exam.com\/blog\/wp-json\/wp\/v2\/users\/24"}],"replies":[{"embeddable":true,"href":"https:\/\/global-exam.com\/blog\/wp-json\/wp\/v2\/comments?post=59808"}],"version-history":[{"count":8,"href":"https:\/\/global-exam.com\/blog\/wp-json\/wp\/v2\/pages\/59808\/revisions"}],"predecessor-version":[{"id":78088,"href":"https:\/\/global-exam.com\/blog\/wp-json\/wp\/v2\/pages\/59808\/revisions\/78088"}],"up":[{"embeddable":true,"href":"https:\/\/global-exam.com\/blog\/wp-json\/wp\/v2\/pages\/2849"}],"wp:attachment":[{"href":"https:\/\/global-exam.com\/blog\/wp-json\/wp\/v2\/media?parent=59808"}],"curies":[{"name":"wp","href":"https:\/\/api.w.org\/{rel}","templated":true}]}}