{"id":59811,"date":"2021-08-11T17:18:02","date_gmt":"2021-08-11T15:18:02","guid":{"rendered":"https:\/\/global-exam.com\/blog\/?page_id=59811"},"modified":"2022-08-17T15:45:00","modified_gmt":"2022-08-17T13:45:00","slug":"categorie-vocabulaire-toefl-ibt","status":"publish","type":"page","link":"https:\/\/global-exam.com\/blog\/fr\/examens\/toefl-ibt\/categorie-vocabulaire-toefl-ibt\/","title":{"rendered":"Vocabulaire TOEFL iBT"},"content":{"rendered":"<p>Am\u00e9liorez votre vocabulaire anglais<\/p>\n<p>Cette cat\u00e9gorie vous permettra d&rsquo;enrichir votre <strong>vocabulaire<\/strong> dans le cadre de votre <a href=\"https:\/\/global-exam.com\/fr\/exam\/toefl-ibt\" target=\"_blank\" rel=\"noopener\">entra\u00eenement au TOEFL IBT<\/a>. Elle a \u00e9t\u00e9 cr\u00e9\u00e9e pour que vous trouviez les\u00a0<strong>mots appropri\u00e9s<\/strong>\u00a0et pour que vous puissiez vous\u00a0<strong>exprimer librement et spontan\u00e9ment<\/strong> le jour de l&rsquo;examen. Pour vous aider \u00e0 vous <strong>familiariser avec les mots<\/strong> et assurer votre succ\u00e8s, acc\u00e9dez \u00e0 nos fiches de vocabulaire gratuites !<\/p>\n<p>Les<strong> champs lexicaux<\/strong> abord\u00e9s concernent notamment les \u00e9tudes et tout ce qui est relatif \u00e0 la <strong>vie professionnelle<\/strong>\u00a0pour vous aider \u00e0 vous <strong>familiariser<\/strong>\u00a0avec le\u00a0<strong>domaine de l\u2019entreprise<\/strong>.<\/p>\n<p>Pour r\u00e9ussir au mieux votre test et votre familiarisation avec les mots anglais, ces<strong>\u00a0fiches de vocabulaires<\/strong>\u00a0anglais vous\u00a0<strong>aideront<\/strong>. Ceux-ci touchent le champ lexical \u00ab le personnel et les ressources humaines \u00bb, les ordinateurs, la <strong>banque et les finances<\/strong>, la\u00a0<strong>vie d\u2019entreprise<\/strong>, les appels t\u00e9l\u00e9phoniques, l\u2019usine, le logement et les biens immobiliers, la\u00a0<strong>commercialisation<\/strong>\u00a0et la publicit\u00e9.<\/p>\n","protected":false},"excerpt":{"rendered":"<p>Am\u00e9liorez votre vocabulaire anglais Cette cat\u00e9gorie vous permettra d&rsquo;enrichir votre vocabulaire dans le cadre de votre entra\u00eenement au TOEFL IBT. Elle a [&hellip;]<\/p>\n","protected":false},"author":2,"featured_media":0,"parent":2845,"menu_order":0,"comment_status":"closed","ping_status":"closed","template":"","meta":[],"acf":[],"yoast_head":"<!-- This site is optimized with the Yoast SEO plugin v17.2.1 - https:\/\/yoast.com\/wordpress\/plugins\/seo\/ -->\n<title>Vocabulaire TOEFL iBT<\/title>\n<meta name=\"description\" content=\"Enrichissez votre vocabulaire en anglais avant de passer le TOEFL pour r\u00e9ussir l&#039;examen haut la main ! Acc\u00e9dez \u00e0 nos fiches gratuites.\" \/>\n<meta name=\"robots\" content=\"index, follow, max-snippet:-1, max-image-preview:large, max-video-preview:-1\" \/>\n<link rel=\"canonical\" href=\"https:\/\/global-exam.com\/blog\/fr\/examens\/toefl-ibt\/categorie-vocabulaire-toefl-ibt\/\" \/>\n<meta property=\"og:locale\" content=\"fr_FR\" \/>\n<meta property=\"og:type\" content=\"article\" \/>\n<meta property=\"og:title\" content=\"Vocabulaire TOEFL iBT\" \/>\n<meta property=\"og:description\" content=\"Enrichissez votre vocabulaire en anglais avant de passer le TOEFL pour r\u00e9ussir l&#039;examen haut la main ! Acc\u00e9dez \u00e0 nos fiches gratuites.\" \/>\n<meta property=\"og:url\" content=\"https:\/\/global-exam.com\/blog\/fr\/examens\/toefl-ibt\/categorie-vocabulaire-toefl-ibt\/\" \/>\n<meta property=\"og:site_name\" content=\"GlobalExam Blog\" \/>\n<meta property=\"article:publisher\" content=\"https:\/\/www.facebook.com\/Global.Exam\" \/>\n<meta property=\"article:modified_time\" content=\"2022-08-17T13:45:00+00:00\" \/>\n<meta name=\"twitter:card\" content=\"summary_large_image\" \/>\n<meta name=\"twitter:site\" content=\"@Global_Exam\" \/>\n<meta name=\"twitter:label1\" content=\"Dur\u00e9e de lecture estim\u00e9e\" \/>\n\t<meta name=\"twitter:data1\" content=\"1 minute\" \/>\n<script type=\"application\/ld+json\" class=\"yoast-schema-graph\">{\"@context\":\"https:\/\/schema.org\",\"@graph\":[{\"@type\":\"WebSite\",\"@id\":\"https:\/\/global-exam.com\/blog\/#website\",\"url\":\"https:\/\/global-exam.com\/blog\/\",\"name\":\"GlobalExam Blog\",\"description\":\"Le blog du sp\\u00e9cialiste de la certification linguistique\",\"potentialAction\":[{\"@type\":\"SearchAction\",\"target\":{\"@type\":\"EntryPoint\",\"urlTemplate\":\"https:\/\/global-exam.com\/blog\/?s={search_term_string}\"},\"query-input\":\"required name=search_term_string\"}],\"inLanguage\":\"fr-FR\"},{\"@type\":\"WebPage\",\"@id\":\"https:\/\/global-exam.com\/blog\/fr\/examens\/toefl-ibt\/categorie-vocabulaire-toefl-ibt\/#webpage\",\"url\":\"https:\/\/global-exam.com\/blog\/fr\/examens\/toefl-ibt\/categorie-vocabulaire-toefl-ibt\/\",\"name\":\"Vocabulaire TOEFL iBT\",\"isPartOf\":{\"@id\":\"https:\/\/global-exam.com\/blog\/#website\"},\"datePublished\":\"2021-08-11T15:18:02+00:00\",\"dateModified\":\"2022-08-17T13:45:00+00:00\",\"description\":\"Enrichissez votre vocabulaire en anglais avant de passer le TOEFL pour r\\u00e9ussir l'examen haut la main ! Acc\\u00e9dez \\u00e0 nos fiches gratuites.\",\"breadcrumb\":{\"@id\":\"https:\/\/global-exam.com\/blog\/fr\/examens\/toefl-ibt\/categorie-vocabulaire-toefl-ibt\/#breadcrumb\"},\"inLanguage\":\"fr-FR\",\"potentialAction\":[{\"@type\":\"ReadAction\",\"target\":[\"https:\/\/global-exam.com\/blog\/fr\/examens\/toefl-ibt\/categorie-vocabulaire-toefl-ibt\/\"]}]},{\"@type\":\"BreadcrumbList\",\"@id\":\"https:\/\/global-exam.com\/blog\/fr\/examens\/toefl-ibt\/categorie-vocabulaire-toefl-ibt\/#breadcrumb\",\"itemListElement\":[{\"@type\":\"ListItem\",\"position\":1,\"name\":\"Les examens de langue\",\"item\":\"https:\/\/global-exam.com\/blog\/fr\/examens\/\"},{\"@type\":\"ListItem\",\"position\":2,\"name\":\"TOEFL IBT : pr\\u00e9parer le test\",\"item\":\"https:\/\/global-exam.com\/blog\/fr\/examens\/toefl-ibt\/\"},{\"@type\":\"ListItem\",\"position\":3,\"name\":\"Vocabulaire TOEFL iBT\"}]}]}<\/script>\n<!-- \/ Yoast SEO plugin. -->","yoast_head_json":{"title":"Vocabulaire TOEFL iBT","description":"Enrichissez votre vocabulaire en anglais avant de passer le TOEFL pour r\u00e9ussir l'examen haut la main ! Acc\u00e9dez \u00e0 nos fiches gratuites.","robots":{"index":"index","follow":"follow","max-snippet":"max-snippet:-1","max-image-preview":"max-image-preview:large","max-video-preview":"max-video-preview:-1"},"canonical":"https:\/\/global-exam.com\/blog\/fr\/examens\/toefl-ibt\/categorie-vocabulaire-toefl-ibt\/","og_locale":"fr_FR","og_type":"article","og_title":"Vocabulaire TOEFL iBT","og_description":"Enrichissez votre vocabulaire en anglais avant de passer le TOEFL pour r\u00e9ussir l'examen haut la main ! Acc\u00e9dez \u00e0 nos fiches gratuites.","og_url":"https:\/\/global-exam.com\/blog\/fr\/examens\/toefl-ibt\/categorie-vocabulaire-toefl-ibt\/","og_site_name":"GlobalExam Blog","article_publisher":"https:\/\/www.facebook.com\/Global.Exam","article_modified_time":"2022-08-17T13:45:00+00:00","twitter_card":"summary_large_image","twitter_site":"@Global_Exam","twitter_misc":{"Dur\u00e9e de lecture estim\u00e9e":"1 minute"},"schema":{"@context":"https:\/\/schema.org","@graph":[{"@type":"WebSite","@id":"https:\/\/global-exam.com\/blog\/#website","url":"https:\/\/global-exam.com\/blog\/","name":"GlobalExam Blog","description":"Le blog du sp\u00e9cialiste de la certification linguistique","potentialAction":[{"@type":"SearchAction","target":{"@type":"EntryPoint","urlTemplate":"https:\/\/global-exam.com\/blog\/?s={search_term_string}"},"query-input":"required name=search_term_string"}],"inLanguage":"fr-FR"},{"@type":"WebPage","@id":"https:\/\/global-exam.com\/blog\/fr\/examens\/toefl-ibt\/categorie-vocabulaire-toefl-ibt\/#webpage","url":"https:\/\/global-exam.com\/blog\/fr\/examens\/toefl-ibt\/categorie-vocabulaire-toefl-ibt\/","name":"Vocabulaire TOEFL iBT","isPartOf":{"@id":"https:\/\/global-exam.com\/blog\/#website"},"datePublished":"2021-08-11T15:18:02+00:00","dateModified":"2022-08-17T13:45:00+00:00","description":"Enrichissez votre vocabulaire en anglais avant de passer le TOEFL pour r\u00e9ussir l'examen haut la main ! Acc\u00e9dez \u00e0 nos fiches gratuites.","breadcrumb":{"@id":"https:\/\/global-exam.com\/blog\/fr\/examens\/toefl-ibt\/categorie-vocabulaire-toefl-ibt\/#breadcrumb"},"inLanguage":"fr-FR","potentialAction":[{"@type":"ReadAction","target":["https:\/\/global-exam.com\/blog\/fr\/examens\/toefl-ibt\/categorie-vocabulaire-toefl-ibt\/"]}]},{"@type":"BreadcrumbList","@id":"https:\/\/global-exam.com\/blog\/fr\/examens\/toefl-ibt\/categorie-vocabulaire-toefl-ibt\/#breadcrumb","itemListElement":[{"@type":"ListItem","position":1,"name":"Les examens de langue","item":"https:\/\/global-exam.com\/blog\/fr\/examens\/"},{"@type":"ListItem","position":2,"name":"TOEFL IBT : pr\u00e9parer le test","item":"https:\/\/global-exam.com\/blog\/fr\/examens\/toefl-ibt\/"},{"@type":"ListItem","position":3,"name":"Vocabulaire TOEFL iBT"}]}]}},"lang":"fr","translations":{"fr":59811},"pll_sync_post":[],"_links":{"self":[{"href":"https:\/\/global-exam.com\/blog\/wp-json\/wp\/v2\/pages\/59811"}],"collection":[{"href":"https:\/\/global-exam.com\/blog\/wp-json\/wp\/v2\/pages"}],"about":[{"href":"https:\/\/global-exam.com\/blog\/wp-json\/wp\/v2\/types\/page"}],"author":[{"embeddable":true,"href":"https:\/\/global-exam.com\/blog\/wp-json\/wp\/v2\/users\/2"}],"replies":[{"embeddable":true,"href":"https:\/\/global-exam.com\/blog\/wp-json\/wp\/v2\/comments?post=59811"}],"version-history":[{"count":9,"href":"https:\/\/global-exam.com\/blog\/wp-json\/wp\/v2\/pages\/59811\/revisions"}],"predecessor-version":[{"id":78082,"href":"https:\/\/global-exam.com\/blog\/wp-json\/wp\/v2\/pages\/59811\/revisions\/78082"}],"up":[{"embeddable":true,"href":"https:\/\/global-exam.com\/blog\/wp-json\/wp\/v2\/pages\/2845"}],"wp:attachment":[{"href":"https:\/\/global-exam.com\/blog\/wp-json\/wp\/v2\/media?parent=59811"}],"curies":[{"name":"wp","href":"https:\/\/api.w.org\/{rel}","templated":true}]}}