{"id":59822,"date":"2021-08-11T17:51:12","date_gmt":"2021-08-11T15:51:12","guid":{"rendered":"https:\/\/global-exam.com\/blog\/?page_id=59822"},"modified":"2022-08-17T15:52:22","modified_gmt":"2022-08-17T13:52:22","slug":"consignes-toefl-itp","status":"publish","type":"page","link":"https:\/\/global-exam.com\/blog\/fr\/examens\/toefl-itp\/categorie-consignes-toefl-itp\/","title":{"rendered":"Consignes TOEFL ITP"},"content":{"rendered":"<p>Conna\u00eetre les consignes du TOEFL ITP<\/p>\n<p>Le\u00a0<strong>TOEFL<\/strong>\u00a0(Test Of English as a Foreign Language) est probablement le\u00a0<strong>test d\u2019anglais<\/strong>\u00a0le plus connu au monde, d\u00e9j\u00e0 pass\u00e9 par plus de 30 millions de personnes. Ce test est reconnu dans plus de\u00a0<strong>130 pays<\/strong>, par plus de 9000\u00a0<strong>\u00e9tablissements universitaires et professionnels<\/strong>. Il s\u2019agit d\u2019un\u00a0<strong>test standardis\u00e9<\/strong>, encadr\u00e9 par des consignes sp\u00e9cifiques avec lesquelles il est important de se familiariser pour\u00a0<strong>r\u00e9ussir l\u2019examen le jour J<\/strong>.<\/p>\n<p>Pour cela,\u00a0<strong>GlobalExam<\/strong>\u00a0vous propose des\u00a0<strong>exercices types<\/strong>, des\u00a0<strong>sujets blancs<\/strong>\u00a0et des\u00a0<strong>fiches de r\u00e9visions<\/strong>\u00a0qui vous permettront de vous pr\u00e9parer au mieux.<\/p>\n<p>Avant de passer aux\u00a0<strong>exercices<\/strong>, prenez bien le temps de vous renseigner sur les\u00a0<strong>consignes du TOEFL ITP<\/strong>\u00a0et le d\u00e9roulement de chaque \u00e9preuve (Listening, Reading et Writing). Dans cette cat\u00e9gorie, vous retrouverez tout ce qu\u2019il y \u00e0 savoir sur la\u00a0<strong>structure des 3 \u00e9preuves<\/strong>, le\u00a0<strong>timing<\/strong>\u00a0et les\u00a0<strong>consignes<\/strong> propres \u00e0 chaque section.<\/p>\n","protected":false},"excerpt":{"rendered":"<p>Conna\u00eetre les consignes du TOEFL ITP Le\u00a0TOEFL\u00a0(Test Of English as a Foreign Language) est probablement le\u00a0test d\u2019anglais\u00a0le plus connu au monde, d\u00e9j\u00e0 [&hellip;]<\/p>\n","protected":false},"author":24,"featured_media":0,"parent":2849,"menu_order":0,"comment_status":"closed","ping_status":"closed","template":"","meta":[],"acf":[],"yoast_head":"<!-- This site is optimized with the Yoast SEO plugin v17.2.1 - https:\/\/yoast.com\/wordpress\/plugins\/seo\/ -->\n<title>Consignes TOEFL ITP<\/title>\n<meta name=\"robots\" content=\"index, follow, max-snippet:-1, max-image-preview:large, max-video-preview:-1\" \/>\n<link rel=\"canonical\" href=\"https:\/\/global-exam.com\/blog\/fr\/examens\/toefl-itp\/categorie-consignes-toefl-itp\/\" \/>\n<meta property=\"og:locale\" content=\"fr_FR\" \/>\n<meta property=\"og:type\" content=\"article\" \/>\n<meta property=\"og:title\" content=\"Consignes TOEFL ITP\" \/>\n<meta property=\"og:description\" content=\"Conna\u00eetre les consignes du TOEFL ITP Le\u00a0TOEFL\u00a0(Test Of English as a Foreign Language) est probablement le\u00a0test d\u2019anglais\u00a0le plus connu au monde, d\u00e9j\u00e0 [&hellip;]\" \/>\n<meta property=\"og:url\" content=\"https:\/\/global-exam.com\/blog\/fr\/examens\/toefl-itp\/categorie-consignes-toefl-itp\/\" \/>\n<meta property=\"og:site_name\" content=\"GlobalExam Blog\" \/>\n<meta property=\"article:publisher\" content=\"https:\/\/www.facebook.com\/Global.Exam\" \/>\n<meta property=\"article:modified_time\" content=\"2022-08-17T13:52:22+00:00\" \/>\n<meta name=\"twitter:card\" content=\"summary_large_image\" \/>\n<meta name=\"twitter:site\" content=\"@Global_Exam\" \/>\n<meta name=\"twitter:label1\" content=\"Dur\u00e9e de lecture estim\u00e9e\" \/>\n\t<meta name=\"twitter:data1\" content=\"1 minute\" \/>\n<script type=\"application\/ld+json\" class=\"yoast-schema-graph\">{\"@context\":\"https:\/\/schema.org\",\"@graph\":[{\"@type\":\"WebSite\",\"@id\":\"https:\/\/global-exam.com\/blog\/#website\",\"url\":\"https:\/\/global-exam.com\/blog\/\",\"name\":\"GlobalExam Blog\",\"description\":\"Le blog du sp\\u00e9cialiste de la certification linguistique\",\"potentialAction\":[{\"@type\":\"SearchAction\",\"target\":{\"@type\":\"EntryPoint\",\"urlTemplate\":\"https:\/\/global-exam.com\/blog\/?s={search_term_string}\"},\"query-input\":\"required name=search_term_string\"}],\"inLanguage\":\"fr-FR\"},{\"@type\":\"WebPage\",\"@id\":\"https:\/\/global-exam.com\/blog\/fr\/examens\/toefl-itp\/categorie-consignes-toefl-itp\/#webpage\",\"url\":\"https:\/\/global-exam.com\/blog\/fr\/examens\/toefl-itp\/categorie-consignes-toefl-itp\/\",\"name\":\"Consignes TOEFL ITP\",\"isPartOf\":{\"@id\":\"https:\/\/global-exam.com\/blog\/#website\"},\"datePublished\":\"2021-08-11T15:51:12+00:00\",\"dateModified\":\"2022-08-17T13:52:22+00:00\",\"breadcrumb\":{\"@id\":\"https:\/\/global-exam.com\/blog\/fr\/examens\/toefl-itp\/categorie-consignes-toefl-itp\/#breadcrumb\"},\"inLanguage\":\"fr-FR\",\"potentialAction\":[{\"@type\":\"ReadAction\",\"target\":[\"https:\/\/global-exam.com\/blog\/fr\/examens\/toefl-itp\/categorie-consignes-toefl-itp\/\"]}]},{\"@type\":\"BreadcrumbList\",\"@id\":\"https:\/\/global-exam.com\/blog\/fr\/examens\/toefl-itp\/categorie-consignes-toefl-itp\/#breadcrumb\",\"itemListElement\":[{\"@type\":\"ListItem\",\"position\":1,\"name\":\"Les examens de langue\",\"item\":\"https:\/\/global-exam.com\/blog\/fr\/examens\/\"},{\"@type\":\"ListItem\",\"position\":2,\"name\":\"TOEFL ITP : nos conseils de pr\\u00e9paration\",\"item\":\"https:\/\/global-exam.com\/blog\/fr\/examens\/toefl-itp\/\"},{\"@type\":\"ListItem\",\"position\":3,\"name\":\"Consignes TOEFL ITP\"}]}]}<\/script>\n<!-- \/ Yoast SEO plugin. -->","yoast_head_json":{"title":"Consignes TOEFL ITP","robots":{"index":"index","follow":"follow","max-snippet":"max-snippet:-1","max-image-preview":"max-image-preview:large","max-video-preview":"max-video-preview:-1"},"canonical":"https:\/\/global-exam.com\/blog\/fr\/examens\/toefl-itp\/categorie-consignes-toefl-itp\/","og_locale":"fr_FR","og_type":"article","og_title":"Consignes TOEFL ITP","og_description":"Conna\u00eetre les consignes du TOEFL ITP Le\u00a0TOEFL\u00a0(Test Of English as a Foreign Language) est probablement le\u00a0test d\u2019anglais\u00a0le plus connu au monde, d\u00e9j\u00e0 [&hellip;]","og_url":"https:\/\/global-exam.com\/blog\/fr\/examens\/toefl-itp\/categorie-consignes-toefl-itp\/","og_site_name":"GlobalExam Blog","article_publisher":"https:\/\/www.facebook.com\/Global.Exam","article_modified_time":"2022-08-17T13:52:22+00:00","twitter_card":"summary_large_image","twitter_site":"@Global_Exam","twitter_misc":{"Dur\u00e9e de lecture estim\u00e9e":"1 minute"},"schema":{"@context":"https:\/\/schema.org","@graph":[{"@type":"WebSite","@id":"https:\/\/global-exam.com\/blog\/#website","url":"https:\/\/global-exam.com\/blog\/","name":"GlobalExam Blog","description":"Le blog du sp\u00e9cialiste de la certification linguistique","potentialAction":[{"@type":"SearchAction","target":{"@type":"EntryPoint","urlTemplate":"https:\/\/global-exam.com\/blog\/?s={search_term_string}"},"query-input":"required name=search_term_string"}],"inLanguage":"fr-FR"},{"@type":"WebPage","@id":"https:\/\/global-exam.com\/blog\/fr\/examens\/toefl-itp\/categorie-consignes-toefl-itp\/#webpage","url":"https:\/\/global-exam.com\/blog\/fr\/examens\/toefl-itp\/categorie-consignes-toefl-itp\/","name":"Consignes TOEFL ITP","isPartOf":{"@id":"https:\/\/global-exam.com\/blog\/#website"},"datePublished":"2021-08-11T15:51:12+00:00","dateModified":"2022-08-17T13:52:22+00:00","breadcrumb":{"@id":"https:\/\/global-exam.com\/blog\/fr\/examens\/toefl-itp\/categorie-consignes-toefl-itp\/#breadcrumb"},"inLanguage":"fr-FR","potentialAction":[{"@type":"ReadAction","target":["https:\/\/global-exam.com\/blog\/fr\/examens\/toefl-itp\/categorie-consignes-toefl-itp\/"]}]},{"@type":"BreadcrumbList","@id":"https:\/\/global-exam.com\/blog\/fr\/examens\/toefl-itp\/categorie-consignes-toefl-itp\/#breadcrumb","itemListElement":[{"@type":"ListItem","position":1,"name":"Les examens de langue","item":"https:\/\/global-exam.com\/blog\/fr\/examens\/"},{"@type":"ListItem","position":2,"name":"TOEFL ITP : nos conseils de pr\u00e9paration","item":"https:\/\/global-exam.com\/blog\/fr\/examens\/toefl-itp\/"},{"@type":"ListItem","position":3,"name":"Consignes TOEFL ITP"}]}]}},"lang":"fr","translations":{"fr":59822},"pll_sync_post":[],"_links":{"self":[{"href":"https:\/\/global-exam.com\/blog\/wp-json\/wp\/v2\/pages\/59822"}],"collection":[{"href":"https:\/\/global-exam.com\/blog\/wp-json\/wp\/v2\/pages"}],"about":[{"href":"https:\/\/global-exam.com\/blog\/wp-json\/wp\/v2\/types\/page"}],"author":[{"embeddable":true,"href":"https:\/\/global-exam.com\/blog\/wp-json\/wp\/v2\/users\/24"}],"replies":[{"embeddable":true,"href":"https:\/\/global-exam.com\/blog\/wp-json\/wp\/v2\/comments?post=59822"}],"version-history":[{"count":5,"href":"https:\/\/global-exam.com\/blog\/wp-json\/wp\/v2\/pages\/59822\/revisions"}],"predecessor-version":[{"id":78086,"href":"https:\/\/global-exam.com\/blog\/wp-json\/wp\/v2\/pages\/59822\/revisions\/78086"}],"up":[{"embeddable":true,"href":"https:\/\/global-exam.com\/blog\/wp-json\/wp\/v2\/pages\/2849"}],"wp:attachment":[{"href":"https:\/\/global-exam.com\/blog\/wp-json\/wp\/v2\/media?parent=59822"}],"curies":[{"name":"wp","href":"https:\/\/api.w.org\/{rel}","templated":true}]}}