{"id":59824,"date":"2021-08-12T09:19:03","date_gmt":"2021-08-12T07:19:03","guid":{"rendered":"https:\/\/global-exam.com\/blog\/?page_id=59824"},"modified":"2022-08-17T15:53:51","modified_gmt":"2022-08-17T13:53:51","slug":"categorie-sinscrire-au-toefl-itp","status":"publish","type":"page","link":"https:\/\/global-exam.com\/blog\/fr\/examens\/toefl-itp\/categorie-sinscrire-au-toefl-itp\/","title":{"rendered":"S&rsquo;inscrire au TOEFL ITP"},"content":{"rendered":"<p>S&rsquo;inscrire pour passer le TOEFL ITP<\/p>\n<p>Vous pr\u00e9voyez de passer le\u00a0<strong>TOEFL ITP<\/strong>\u00a0mais vous vous posez des questions sur l\u2019<strong>inscription \u00e0 l\u2019examen<\/strong>\u00a0? O\u00f9 et comment s\u2019inscrire\u00a0? Quels sont les\u00a0<strong>d\u00e9lais<\/strong>\u00a0d\u2019attente\u00a0? Et surtout\u00a0: quel est le\u00a0<strong>prix<\/strong>\u00a0de l\u2019inscription\u00a0?<\/p>\n<p>Pour vous\u00a0<strong>faciliter les d\u00e9marches<\/strong>\u00a0et vous faire gagner du temps, nous avons regroup\u00e9 dans cette cat\u00e9gorie tous les\u00a0<strong>articles<\/strong>\u00a0en lien avec l\u2019<strong>inscription<\/strong>\u00a0au\u00a0<strong>TOEFL ITP<\/strong>.<\/p>\n<p>Le\u00a0<strong>TOEFL<\/strong>\u00a0(Test Of English as a Foreign Language) est le test d\u2019anglais le plus connu et le plus pass\u00e9 dans le monde. On d\u00e9nombre \u00e0 ce jour plus de\u00a0<strong>30 millions de candidats<\/strong>\u00a0l\u2019ayant pass\u00e9. Il est destin\u00e9 aux personnes dont l\u2019<strong>anglais<\/strong>\u00a0n\u2019est\u00a0<strong>pas la langue maternelle<\/strong>.<\/p>\n","protected":false},"excerpt":{"rendered":"<p>S&rsquo;inscrire pour passer le TOEFL ITP Vous pr\u00e9voyez de passer le\u00a0TOEFL ITP\u00a0mais vous vous posez des questions sur l\u2019inscription \u00e0 l\u2019examen\u00a0? O\u00f9 [&hellip;]<\/p>\n","protected":false},"author":24,"featured_media":0,"parent":2849,"menu_order":0,"comment_status":"closed","ping_status":"closed","template":"","meta":[],"acf":[],"yoast_head":"<!-- This site is optimized with the Yoast SEO plugin v17.2.1 - https:\/\/yoast.com\/wordpress\/plugins\/seo\/ -->\n<title>S&#039;inscrire au TOEFL ITP<\/title>\n<meta name=\"robots\" content=\"index, follow, max-snippet:-1, max-image-preview:large, max-video-preview:-1\" \/>\n<link rel=\"canonical\" href=\"https:\/\/global-exam.com\/blog\/fr\/examens\/toefl-itp\/categorie-sinscrire-au-toefl-itp\/\" \/>\n<meta property=\"og:locale\" content=\"fr_FR\" \/>\n<meta property=\"og:type\" content=\"article\" \/>\n<meta property=\"og:title\" content=\"S&#039;inscrire au TOEFL ITP\" \/>\n<meta property=\"og:description\" content=\"S&rsquo;inscrire pour passer le TOEFL ITP Vous pr\u00e9voyez de passer le\u00a0TOEFL ITP\u00a0mais vous vous posez des questions sur l\u2019inscription \u00e0 l\u2019examen\u00a0? O\u00f9 [&hellip;]\" \/>\n<meta property=\"og:url\" content=\"https:\/\/global-exam.com\/blog\/fr\/examens\/toefl-itp\/categorie-sinscrire-au-toefl-itp\/\" \/>\n<meta property=\"og:site_name\" content=\"GlobalExam Blog\" \/>\n<meta property=\"article:publisher\" content=\"https:\/\/www.facebook.com\/Global.Exam\" \/>\n<meta property=\"article:modified_time\" content=\"2022-08-17T13:53:51+00:00\" \/>\n<meta name=\"twitter:card\" content=\"summary_large_image\" \/>\n<meta name=\"twitter:site\" content=\"@Global_Exam\" \/>\n<meta name=\"twitter:label1\" content=\"Dur\u00e9e de lecture estim\u00e9e\" \/>\n\t<meta name=\"twitter:data1\" content=\"1 minute\" \/>\n<script type=\"application\/ld+json\" class=\"yoast-schema-graph\">{\"@context\":\"https:\/\/schema.org\",\"@graph\":[{\"@type\":\"WebSite\",\"@id\":\"https:\/\/global-exam.com\/blog\/#website\",\"url\":\"https:\/\/global-exam.com\/blog\/\",\"name\":\"GlobalExam Blog\",\"description\":\"Le blog du sp\\u00e9cialiste de la certification linguistique\",\"potentialAction\":[{\"@type\":\"SearchAction\",\"target\":{\"@type\":\"EntryPoint\",\"urlTemplate\":\"https:\/\/global-exam.com\/blog\/?s={search_term_string}\"},\"query-input\":\"required name=search_term_string\"}],\"inLanguage\":\"fr-FR\"},{\"@type\":\"WebPage\",\"@id\":\"https:\/\/global-exam.com\/blog\/fr\/examens\/toefl-itp\/categorie-sinscrire-au-toefl-itp\/#webpage\",\"url\":\"https:\/\/global-exam.com\/blog\/fr\/examens\/toefl-itp\/categorie-sinscrire-au-toefl-itp\/\",\"name\":\"S'inscrire au TOEFL ITP\",\"isPartOf\":{\"@id\":\"https:\/\/global-exam.com\/blog\/#website\"},\"datePublished\":\"2021-08-12T07:19:03+00:00\",\"dateModified\":\"2022-08-17T13:53:51+00:00\",\"breadcrumb\":{\"@id\":\"https:\/\/global-exam.com\/blog\/fr\/examens\/toefl-itp\/categorie-sinscrire-au-toefl-itp\/#breadcrumb\"},\"inLanguage\":\"fr-FR\",\"potentialAction\":[{\"@type\":\"ReadAction\",\"target\":[\"https:\/\/global-exam.com\/blog\/fr\/examens\/toefl-itp\/categorie-sinscrire-au-toefl-itp\/\"]}]},{\"@type\":\"BreadcrumbList\",\"@id\":\"https:\/\/global-exam.com\/blog\/fr\/examens\/toefl-itp\/categorie-sinscrire-au-toefl-itp\/#breadcrumb\",\"itemListElement\":[{\"@type\":\"ListItem\",\"position\":1,\"name\":\"Les examens de langue\",\"item\":\"https:\/\/global-exam.com\/blog\/fr\/examens\/\"},{\"@type\":\"ListItem\",\"position\":2,\"name\":\"TOEFL ITP : nos conseils de pr\\u00e9paration\",\"item\":\"https:\/\/global-exam.com\/blog\/fr\/examens\/toefl-itp\/\"},{\"@type\":\"ListItem\",\"position\":3,\"name\":\"S&rsquo;inscrire au TOEFL ITP\"}]}]}<\/script>\n<!-- \/ Yoast SEO plugin. -->","yoast_head_json":{"title":"S'inscrire au TOEFL ITP","robots":{"index":"index","follow":"follow","max-snippet":"max-snippet:-1","max-image-preview":"max-image-preview:large","max-video-preview":"max-video-preview:-1"},"canonical":"https:\/\/global-exam.com\/blog\/fr\/examens\/toefl-itp\/categorie-sinscrire-au-toefl-itp\/","og_locale":"fr_FR","og_type":"article","og_title":"S'inscrire au TOEFL ITP","og_description":"S&rsquo;inscrire pour passer le TOEFL ITP Vous pr\u00e9voyez de passer le\u00a0TOEFL ITP\u00a0mais vous vous posez des questions sur l\u2019inscription \u00e0 l\u2019examen\u00a0? O\u00f9 [&hellip;]","og_url":"https:\/\/global-exam.com\/blog\/fr\/examens\/toefl-itp\/categorie-sinscrire-au-toefl-itp\/","og_site_name":"GlobalExam Blog","article_publisher":"https:\/\/www.facebook.com\/Global.Exam","article_modified_time":"2022-08-17T13:53:51+00:00","twitter_card":"summary_large_image","twitter_site":"@Global_Exam","twitter_misc":{"Dur\u00e9e de lecture estim\u00e9e":"1 minute"},"schema":{"@context":"https:\/\/schema.org","@graph":[{"@type":"WebSite","@id":"https:\/\/global-exam.com\/blog\/#website","url":"https:\/\/global-exam.com\/blog\/","name":"GlobalExam Blog","description":"Le blog du sp\u00e9cialiste de la certification linguistique","potentialAction":[{"@type":"SearchAction","target":{"@type":"EntryPoint","urlTemplate":"https:\/\/global-exam.com\/blog\/?s={search_term_string}"},"query-input":"required name=search_term_string"}],"inLanguage":"fr-FR"},{"@type":"WebPage","@id":"https:\/\/global-exam.com\/blog\/fr\/examens\/toefl-itp\/categorie-sinscrire-au-toefl-itp\/#webpage","url":"https:\/\/global-exam.com\/blog\/fr\/examens\/toefl-itp\/categorie-sinscrire-au-toefl-itp\/","name":"S'inscrire au TOEFL ITP","isPartOf":{"@id":"https:\/\/global-exam.com\/blog\/#website"},"datePublished":"2021-08-12T07:19:03+00:00","dateModified":"2022-08-17T13:53:51+00:00","breadcrumb":{"@id":"https:\/\/global-exam.com\/blog\/fr\/examens\/toefl-itp\/categorie-sinscrire-au-toefl-itp\/#breadcrumb"},"inLanguage":"fr-FR","potentialAction":[{"@type":"ReadAction","target":["https:\/\/global-exam.com\/blog\/fr\/examens\/toefl-itp\/categorie-sinscrire-au-toefl-itp\/"]}]},{"@type":"BreadcrumbList","@id":"https:\/\/global-exam.com\/blog\/fr\/examens\/toefl-itp\/categorie-sinscrire-au-toefl-itp\/#breadcrumb","itemListElement":[{"@type":"ListItem","position":1,"name":"Les examens de langue","item":"https:\/\/global-exam.com\/blog\/fr\/examens\/"},{"@type":"ListItem","position":2,"name":"TOEFL ITP : nos conseils de pr\u00e9paration","item":"https:\/\/global-exam.com\/blog\/fr\/examens\/toefl-itp\/"},{"@type":"ListItem","position":3,"name":"S&rsquo;inscrire au TOEFL ITP"}]}]}},"lang":"fr","translations":{"fr":59824},"pll_sync_post":[],"_links":{"self":[{"href":"https:\/\/global-exam.com\/blog\/wp-json\/wp\/v2\/pages\/59824"}],"collection":[{"href":"https:\/\/global-exam.com\/blog\/wp-json\/wp\/v2\/pages"}],"about":[{"href":"https:\/\/global-exam.com\/blog\/wp-json\/wp\/v2\/types\/page"}],"author":[{"embeddable":true,"href":"https:\/\/global-exam.com\/blog\/wp-json\/wp\/v2\/users\/24"}],"replies":[{"embeddable":true,"href":"https:\/\/global-exam.com\/blog\/wp-json\/wp\/v2\/comments?post=59824"}],"version-history":[{"count":7,"href":"https:\/\/global-exam.com\/blog\/wp-json\/wp\/v2\/pages\/59824\/revisions"}],"predecessor-version":[{"id":78089,"href":"https:\/\/global-exam.com\/blog\/wp-json\/wp\/v2\/pages\/59824\/revisions\/78089"}],"up":[{"embeddable":true,"href":"https:\/\/global-exam.com\/blog\/wp-json\/wp\/v2\/pages\/2849"}],"wp:attachment":[{"href":"https:\/\/global-exam.com\/blog\/wp-json\/wp\/v2\/media?parent=59824"}],"curies":[{"name":"wp","href":"https:\/\/api.w.org\/{rel}","templated":true}]}}