{"id":59843,"date":"2021-08-12T11:48:56","date_gmt":"2021-08-12T09:48:56","guid":{"rendered":"https:\/\/global-exam.com\/blog\/?page_id=59843"},"modified":"2022-08-17T15:52:51","modified_gmt":"2022-08-17T13:52:51","slug":"categorie-grammaire-toefl-itp","status":"publish","type":"page","link":"https:\/\/global-exam.com\/blog\/fr\/examens\/toefl-itp\/categorie-grammaire-toefl-itp\/","title":{"rendered":"Grammaire TOEFL ITP"},"content":{"rendered":"<p>Am\u00e9liorez votre grammaire<\/p>\n<p>Le TOEFL est un\u00a0<strong>examen d\u2019anglais<\/strong>\u00a0qui vise \u00e0 tester les comp\u00e9tences en anglais du candidat. Celui qui passe cet examen ne doit pas avoir comme langue maternelle l\u2019anglais.<\/p>\n<p>Lors de ce test, plusieurs \u00e9preuves vous seront pr\u00e9sent\u00e9es. Parmi elle, il y aura\u00a0<strong>une partie \u00ab\u00a0grammaire\u00a0\u00bb<\/strong>.\u00a0C\u2019est pourquoi nous avons d\u00e9cid\u00e9 de vous partager sur le blog un ensemble\u00a0<strong>d\u2019exercices de grammaire<\/strong>.<\/p>\n<p>Vous trouverez <strong>de nombreuses autres fiches de grammaire<\/strong>\u00a0pour vous aider lors de l\u2019examen\u00a0: pr\u00e9positions, noms, superlatifs et comparatifs. Seront \u00e9galement pass\u00e9s en revue le conditionnel, le \u00ab\u00a0present perfect\u00a0\u00bb, les auxiliaires, etc.<\/p>\n<p>En d\u2019autres termes, nous ne vous offrons aucun autre choix que de r\u00e9ussir\u00a0!<\/p>\n","protected":false},"excerpt":{"rendered":"<p>Am\u00e9liorez votre grammaire Le TOEFL est un\u00a0examen d\u2019anglais\u00a0qui vise \u00e0 tester les comp\u00e9tences en anglais du candidat. Celui qui passe cet examen [&hellip;]<\/p>\n","protected":false},"author":24,"featured_media":0,"parent":2849,"menu_order":0,"comment_status":"closed","ping_status":"closed","template":"","meta":[],"acf":[],"yoast_head":"<!-- This site is optimized with the Yoast SEO plugin v17.2.1 - https:\/\/yoast.com\/wordpress\/plugins\/seo\/ -->\n<title>Grammaire TOEFL ITP<\/title>\n<meta name=\"robots\" content=\"index, follow, max-snippet:-1, max-image-preview:large, max-video-preview:-1\" \/>\n<link rel=\"canonical\" href=\"https:\/\/global-exam.com\/blog\/fr\/examens\/toefl-itp\/categorie-grammaire-toefl-itp\/\" \/>\n<meta property=\"og:locale\" content=\"fr_FR\" \/>\n<meta property=\"og:type\" content=\"article\" \/>\n<meta property=\"og:title\" content=\"Grammaire TOEFL ITP\" \/>\n<meta property=\"og:description\" content=\"Am\u00e9liorez votre grammaire Le TOEFL est un\u00a0examen d\u2019anglais\u00a0qui vise \u00e0 tester les comp\u00e9tences en anglais du candidat. Celui qui passe cet examen [&hellip;]\" \/>\n<meta property=\"og:url\" content=\"https:\/\/global-exam.com\/blog\/fr\/examens\/toefl-itp\/categorie-grammaire-toefl-itp\/\" \/>\n<meta property=\"og:site_name\" content=\"GlobalExam Blog\" \/>\n<meta property=\"article:publisher\" content=\"https:\/\/www.facebook.com\/Global.Exam\" \/>\n<meta property=\"article:modified_time\" content=\"2022-08-17T13:52:51+00:00\" \/>\n<meta name=\"twitter:card\" content=\"summary_large_image\" \/>\n<meta name=\"twitter:site\" content=\"@Global_Exam\" \/>\n<meta name=\"twitter:label1\" content=\"Dur\u00e9e de lecture estim\u00e9e\" \/>\n\t<meta name=\"twitter:data1\" content=\"1 minute\" \/>\n<script type=\"application\/ld+json\" class=\"yoast-schema-graph\">{\"@context\":\"https:\/\/schema.org\",\"@graph\":[{\"@type\":\"WebSite\",\"@id\":\"https:\/\/global-exam.com\/blog\/#website\",\"url\":\"https:\/\/global-exam.com\/blog\/\",\"name\":\"GlobalExam Blog\",\"description\":\"Le blog du sp\\u00e9cialiste de la certification linguistique\",\"potentialAction\":[{\"@type\":\"SearchAction\",\"target\":{\"@type\":\"EntryPoint\",\"urlTemplate\":\"https:\/\/global-exam.com\/blog\/?s={search_term_string}\"},\"query-input\":\"required name=search_term_string\"}],\"inLanguage\":\"fr-FR\"},{\"@type\":\"WebPage\",\"@id\":\"https:\/\/global-exam.com\/blog\/fr\/examens\/toefl-itp\/categorie-grammaire-toefl-itp\/#webpage\",\"url\":\"https:\/\/global-exam.com\/blog\/fr\/examens\/toefl-itp\/categorie-grammaire-toefl-itp\/\",\"name\":\"Grammaire TOEFL ITP\",\"isPartOf\":{\"@id\":\"https:\/\/global-exam.com\/blog\/#website\"},\"datePublished\":\"2021-08-12T09:48:56+00:00\",\"dateModified\":\"2022-08-17T13:52:51+00:00\",\"breadcrumb\":{\"@id\":\"https:\/\/global-exam.com\/blog\/fr\/examens\/toefl-itp\/categorie-grammaire-toefl-itp\/#breadcrumb\"},\"inLanguage\":\"fr-FR\",\"potentialAction\":[{\"@type\":\"ReadAction\",\"target\":[\"https:\/\/global-exam.com\/blog\/fr\/examens\/toefl-itp\/categorie-grammaire-toefl-itp\/\"]}]},{\"@type\":\"BreadcrumbList\",\"@id\":\"https:\/\/global-exam.com\/blog\/fr\/examens\/toefl-itp\/categorie-grammaire-toefl-itp\/#breadcrumb\",\"itemListElement\":[{\"@type\":\"ListItem\",\"position\":1,\"name\":\"Les examens de langue\",\"item\":\"https:\/\/global-exam.com\/blog\/fr\/examens\/\"},{\"@type\":\"ListItem\",\"position\":2,\"name\":\"TOEFL ITP : nos conseils de pr\\u00e9paration\",\"item\":\"https:\/\/global-exam.com\/blog\/fr\/examens\/toefl-itp\/\"},{\"@type\":\"ListItem\",\"position\":3,\"name\":\"Grammaire TOEFL ITP\"}]}]}<\/script>\n<!-- \/ Yoast SEO plugin. -->","yoast_head_json":{"title":"Grammaire TOEFL ITP","robots":{"index":"index","follow":"follow","max-snippet":"max-snippet:-1","max-image-preview":"max-image-preview:large","max-video-preview":"max-video-preview:-1"},"canonical":"https:\/\/global-exam.com\/blog\/fr\/examens\/toefl-itp\/categorie-grammaire-toefl-itp\/","og_locale":"fr_FR","og_type":"article","og_title":"Grammaire TOEFL ITP","og_description":"Am\u00e9liorez votre grammaire Le TOEFL est un\u00a0examen d\u2019anglais\u00a0qui vise \u00e0 tester les comp\u00e9tences en anglais du candidat. Celui qui passe cet examen [&hellip;]","og_url":"https:\/\/global-exam.com\/blog\/fr\/examens\/toefl-itp\/categorie-grammaire-toefl-itp\/","og_site_name":"GlobalExam Blog","article_publisher":"https:\/\/www.facebook.com\/Global.Exam","article_modified_time":"2022-08-17T13:52:51+00:00","twitter_card":"summary_large_image","twitter_site":"@Global_Exam","twitter_misc":{"Dur\u00e9e de lecture estim\u00e9e":"1 minute"},"schema":{"@context":"https:\/\/schema.org","@graph":[{"@type":"WebSite","@id":"https:\/\/global-exam.com\/blog\/#website","url":"https:\/\/global-exam.com\/blog\/","name":"GlobalExam Blog","description":"Le blog du sp\u00e9cialiste de la certification linguistique","potentialAction":[{"@type":"SearchAction","target":{"@type":"EntryPoint","urlTemplate":"https:\/\/global-exam.com\/blog\/?s={search_term_string}"},"query-input":"required name=search_term_string"}],"inLanguage":"fr-FR"},{"@type":"WebPage","@id":"https:\/\/global-exam.com\/blog\/fr\/examens\/toefl-itp\/categorie-grammaire-toefl-itp\/#webpage","url":"https:\/\/global-exam.com\/blog\/fr\/examens\/toefl-itp\/categorie-grammaire-toefl-itp\/","name":"Grammaire TOEFL ITP","isPartOf":{"@id":"https:\/\/global-exam.com\/blog\/#website"},"datePublished":"2021-08-12T09:48:56+00:00","dateModified":"2022-08-17T13:52:51+00:00","breadcrumb":{"@id":"https:\/\/global-exam.com\/blog\/fr\/examens\/toefl-itp\/categorie-grammaire-toefl-itp\/#breadcrumb"},"inLanguage":"fr-FR","potentialAction":[{"@type":"ReadAction","target":["https:\/\/global-exam.com\/blog\/fr\/examens\/toefl-itp\/categorie-grammaire-toefl-itp\/"]}]},{"@type":"BreadcrumbList","@id":"https:\/\/global-exam.com\/blog\/fr\/examens\/toefl-itp\/categorie-grammaire-toefl-itp\/#breadcrumb","itemListElement":[{"@type":"ListItem","position":1,"name":"Les examens de langue","item":"https:\/\/global-exam.com\/blog\/fr\/examens\/"},{"@type":"ListItem","position":2,"name":"TOEFL ITP : nos conseils de pr\u00e9paration","item":"https:\/\/global-exam.com\/blog\/fr\/examens\/toefl-itp\/"},{"@type":"ListItem","position":3,"name":"Grammaire TOEFL ITP"}]}]}},"lang":"fr","translations":{"fr":59843},"pll_sync_post":[],"_links":{"self":[{"href":"https:\/\/global-exam.com\/blog\/wp-json\/wp\/v2\/pages\/59843"}],"collection":[{"href":"https:\/\/global-exam.com\/blog\/wp-json\/wp\/v2\/pages"}],"about":[{"href":"https:\/\/global-exam.com\/blog\/wp-json\/wp\/v2\/types\/page"}],"author":[{"embeddable":true,"href":"https:\/\/global-exam.com\/blog\/wp-json\/wp\/v2\/users\/24"}],"replies":[{"embeddable":true,"href":"https:\/\/global-exam.com\/blog\/wp-json\/wp\/v2\/comments?post=59843"}],"version-history":[{"count":6,"href":"https:\/\/global-exam.com\/blog\/wp-json\/wp\/v2\/pages\/59843\/revisions"}],"predecessor-version":[{"id":78087,"href":"https:\/\/global-exam.com\/blog\/wp-json\/wp\/v2\/pages\/59843\/revisions\/78087"}],"up":[{"embeddable":true,"href":"https:\/\/global-exam.com\/blog\/wp-json\/wp\/v2\/pages\/2849"}],"wp:attachment":[{"href":"https:\/\/global-exam.com\/blog\/wp-json\/wp\/v2\/media?parent=59843"}],"curies":[{"name":"wp","href":"https:\/\/api.w.org\/{rel}","templated":true}]}}