{"id":59846,"date":"2021-08-12T11:53:52","date_gmt":"2021-08-12T09:53:52","guid":{"rendered":"https:\/\/global-exam.com\/blog\/?page_id=59846"},"modified":"2022-08-17T15:55:05","modified_gmt":"2022-08-17T13:55:05","slug":"categorie-vocabulaire-toefl-itp","status":"publish","type":"page","link":"https:\/\/global-exam.com\/blog\/fr\/examens\/toefl-itp\/categorie-vocabulaire-toefl-itp\/","title":{"rendered":"Vocabulaire TOEFL ITP"},"content":{"rendered":"<p>Am\u00e9liorez votre vocabulaire pour le TOEFL ITP<\/p>\n<p>Nous vous proposons <strong>des dizaines de fiches de vocabulaire en anglais<\/strong>. Tout ce vocabulaire est adapt\u00e9 au test TOEFL ITP puisqu\u2019il s\u2019agit de vocabulaire que vous pourriez retrouver pendant l\u2019examen. L\u2019objectif de GlobalExam est de pouvoir vous offrir le maximum d\u2019informations possibles pour que vous puissiez r\u00e9ussir. Et bien \u00e9videmment, notre but est aussi de vous donner toutes les cl\u00e9s pour vous entra\u00eener au mieux.<\/p>\n<p>Il est vrai que la langue anglaise n\u2019est pas des plus dures \u00e0 apprendre. Cependant,\u00a0<strong>le vocabulaire reste le pilier et le socle commun d\u2019un bon apprentissage<\/strong>. Et dans le cas du TOEFL, c\u2019est plut\u00f4t le vocabulaire du monde de l\u2019entreprise qui est pris\u00e9.<\/p>\n<p>\u00c0 travers ces fiches, vous retrouverez de nombreux mots\u00a0<strong>de vocabulaire \u00ab\u00a0cl\u00e9s\u00a0\u00bb<\/strong>\u00a0pour passer l\u2019examen. Que cela soit sur la gestion d\u2019entreprise, les ressources humaines, ou encore les logements, il y en aura pour tous les go\u00fbts. Et surtout pour tout l\u2019examen du TOEFL ITP\u2026<\/p>\n<p>\u00c0 vous la r\u00e9ussite\u00a0!<\/p>\n","protected":false},"excerpt":{"rendered":"<p>Am\u00e9liorez votre vocabulaire pour le TOEFL ITP Nous vous proposons des dizaines de fiches de vocabulaire en anglais. Tout ce vocabulaire est [&hellip;]<\/p>\n","protected":false},"author":24,"featured_media":0,"parent":2849,"menu_order":0,"comment_status":"closed","ping_status":"closed","template":"","meta":[],"acf":[],"yoast_head":"<!-- This site is optimized with the Yoast SEO plugin v17.2.1 - https:\/\/yoast.com\/wordpress\/plugins\/seo\/ -->\n<title>Vocabulaire TOEFL ITP<\/title>\n<meta name=\"robots\" content=\"index, follow, max-snippet:-1, max-image-preview:large, max-video-preview:-1\" \/>\n<link rel=\"canonical\" href=\"https:\/\/global-exam.com\/blog\/fr\/examens\/toefl-itp\/categorie-vocabulaire-toefl-itp\/\" \/>\n<meta property=\"og:locale\" content=\"fr_FR\" \/>\n<meta property=\"og:type\" content=\"article\" \/>\n<meta property=\"og:title\" content=\"Vocabulaire TOEFL ITP\" \/>\n<meta property=\"og:description\" content=\"Am\u00e9liorez votre vocabulaire pour le TOEFL ITP Nous vous proposons des dizaines de fiches de vocabulaire en anglais. Tout ce vocabulaire est [&hellip;]\" \/>\n<meta property=\"og:url\" content=\"https:\/\/global-exam.com\/blog\/fr\/examens\/toefl-itp\/categorie-vocabulaire-toefl-itp\/\" \/>\n<meta property=\"og:site_name\" content=\"GlobalExam Blog\" \/>\n<meta property=\"article:publisher\" content=\"https:\/\/www.facebook.com\/Global.Exam\" \/>\n<meta property=\"article:modified_time\" content=\"2022-08-17T13:55:05+00:00\" \/>\n<meta name=\"twitter:card\" content=\"summary_large_image\" \/>\n<meta name=\"twitter:site\" content=\"@Global_Exam\" \/>\n<meta name=\"twitter:label1\" content=\"Dur\u00e9e de lecture estim\u00e9e\" \/>\n\t<meta name=\"twitter:data1\" content=\"1 minute\" \/>\n<script type=\"application\/ld+json\" class=\"yoast-schema-graph\">{\"@context\":\"https:\/\/schema.org\",\"@graph\":[{\"@type\":\"WebSite\",\"@id\":\"https:\/\/global-exam.com\/blog\/#website\",\"url\":\"https:\/\/global-exam.com\/blog\/\",\"name\":\"GlobalExam Blog\",\"description\":\"Le blog du sp\\u00e9cialiste de la certification linguistique\",\"potentialAction\":[{\"@type\":\"SearchAction\",\"target\":{\"@type\":\"EntryPoint\",\"urlTemplate\":\"https:\/\/global-exam.com\/blog\/?s={search_term_string}\"},\"query-input\":\"required name=search_term_string\"}],\"inLanguage\":\"fr-FR\"},{\"@type\":\"WebPage\",\"@id\":\"https:\/\/global-exam.com\/blog\/fr\/examens\/toefl-itp\/categorie-vocabulaire-toefl-itp\/#webpage\",\"url\":\"https:\/\/global-exam.com\/blog\/fr\/examens\/toefl-itp\/categorie-vocabulaire-toefl-itp\/\",\"name\":\"Vocabulaire TOEFL ITP\",\"isPartOf\":{\"@id\":\"https:\/\/global-exam.com\/blog\/#website\"},\"datePublished\":\"2021-08-12T09:53:52+00:00\",\"dateModified\":\"2022-08-17T13:55:05+00:00\",\"breadcrumb\":{\"@id\":\"https:\/\/global-exam.com\/blog\/fr\/examens\/toefl-itp\/categorie-vocabulaire-toefl-itp\/#breadcrumb\"},\"inLanguage\":\"fr-FR\",\"potentialAction\":[{\"@type\":\"ReadAction\",\"target\":[\"https:\/\/global-exam.com\/blog\/fr\/examens\/toefl-itp\/categorie-vocabulaire-toefl-itp\/\"]}]},{\"@type\":\"BreadcrumbList\",\"@id\":\"https:\/\/global-exam.com\/blog\/fr\/examens\/toefl-itp\/categorie-vocabulaire-toefl-itp\/#breadcrumb\",\"itemListElement\":[{\"@type\":\"ListItem\",\"position\":1,\"name\":\"Les examens de langue\",\"item\":\"https:\/\/global-exam.com\/blog\/fr\/examens\/\"},{\"@type\":\"ListItem\",\"position\":2,\"name\":\"TOEFL ITP : nos conseils de pr\\u00e9paration\",\"item\":\"https:\/\/global-exam.com\/blog\/fr\/examens\/toefl-itp\/\"},{\"@type\":\"ListItem\",\"position\":3,\"name\":\"Vocabulaire TOEFL ITP\"}]}]}<\/script>\n<!-- \/ Yoast SEO plugin. -->","yoast_head_json":{"title":"Vocabulaire TOEFL ITP","robots":{"index":"index","follow":"follow","max-snippet":"max-snippet:-1","max-image-preview":"max-image-preview:large","max-video-preview":"max-video-preview:-1"},"canonical":"https:\/\/global-exam.com\/blog\/fr\/examens\/toefl-itp\/categorie-vocabulaire-toefl-itp\/","og_locale":"fr_FR","og_type":"article","og_title":"Vocabulaire TOEFL ITP","og_description":"Am\u00e9liorez votre vocabulaire pour le TOEFL ITP Nous vous proposons des dizaines de fiches de vocabulaire en anglais. Tout ce vocabulaire est [&hellip;]","og_url":"https:\/\/global-exam.com\/blog\/fr\/examens\/toefl-itp\/categorie-vocabulaire-toefl-itp\/","og_site_name":"GlobalExam Blog","article_publisher":"https:\/\/www.facebook.com\/Global.Exam","article_modified_time":"2022-08-17T13:55:05+00:00","twitter_card":"summary_large_image","twitter_site":"@Global_Exam","twitter_misc":{"Dur\u00e9e de lecture estim\u00e9e":"1 minute"},"schema":{"@context":"https:\/\/schema.org","@graph":[{"@type":"WebSite","@id":"https:\/\/global-exam.com\/blog\/#website","url":"https:\/\/global-exam.com\/blog\/","name":"GlobalExam Blog","description":"Le blog du sp\u00e9cialiste de la certification linguistique","potentialAction":[{"@type":"SearchAction","target":{"@type":"EntryPoint","urlTemplate":"https:\/\/global-exam.com\/blog\/?s={search_term_string}"},"query-input":"required name=search_term_string"}],"inLanguage":"fr-FR"},{"@type":"WebPage","@id":"https:\/\/global-exam.com\/blog\/fr\/examens\/toefl-itp\/categorie-vocabulaire-toefl-itp\/#webpage","url":"https:\/\/global-exam.com\/blog\/fr\/examens\/toefl-itp\/categorie-vocabulaire-toefl-itp\/","name":"Vocabulaire TOEFL ITP","isPartOf":{"@id":"https:\/\/global-exam.com\/blog\/#website"},"datePublished":"2021-08-12T09:53:52+00:00","dateModified":"2022-08-17T13:55:05+00:00","breadcrumb":{"@id":"https:\/\/global-exam.com\/blog\/fr\/examens\/toefl-itp\/categorie-vocabulaire-toefl-itp\/#breadcrumb"},"inLanguage":"fr-FR","potentialAction":[{"@type":"ReadAction","target":["https:\/\/global-exam.com\/blog\/fr\/examens\/toefl-itp\/categorie-vocabulaire-toefl-itp\/"]}]},{"@type":"BreadcrumbList","@id":"https:\/\/global-exam.com\/blog\/fr\/examens\/toefl-itp\/categorie-vocabulaire-toefl-itp\/#breadcrumb","itemListElement":[{"@type":"ListItem","position":1,"name":"Les examens de langue","item":"https:\/\/global-exam.com\/blog\/fr\/examens\/"},{"@type":"ListItem","position":2,"name":"TOEFL ITP : nos conseils de pr\u00e9paration","item":"https:\/\/global-exam.com\/blog\/fr\/examens\/toefl-itp\/"},{"@type":"ListItem","position":3,"name":"Vocabulaire TOEFL ITP"}]}]}},"lang":"fr","translations":{"fr":59846},"pll_sync_post":[],"_links":{"self":[{"href":"https:\/\/global-exam.com\/blog\/wp-json\/wp\/v2\/pages\/59846"}],"collection":[{"href":"https:\/\/global-exam.com\/blog\/wp-json\/wp\/v2\/pages"}],"about":[{"href":"https:\/\/global-exam.com\/blog\/wp-json\/wp\/v2\/types\/page"}],"author":[{"embeddable":true,"href":"https:\/\/global-exam.com\/blog\/wp-json\/wp\/v2\/users\/24"}],"replies":[{"embeddable":true,"href":"https:\/\/global-exam.com\/blog\/wp-json\/wp\/v2\/comments?post=59846"}],"version-history":[{"count":7,"href":"https:\/\/global-exam.com\/blog\/wp-json\/wp\/v2\/pages\/59846\/revisions"}],"predecessor-version":[{"id":78091,"href":"https:\/\/global-exam.com\/blog\/wp-json\/wp\/v2\/pages\/59846\/revisions\/78091"}],"up":[{"embeddable":true,"href":"https:\/\/global-exam.com\/blog\/wp-json\/wp\/v2\/pages\/2849"}],"wp:attachment":[{"href":"https:\/\/global-exam.com\/blog\/wp-json\/wp\/v2\/media?parent=59846"}],"curies":[{"name":"wp","href":"https:\/\/api.w.org\/{rel}","templated":true}]}}