{"id":59960,"date":"2021-08-12T17:49:45","date_gmt":"2021-08-12T15:49:45","guid":{"rendered":"https:\/\/global-exam.com\/blog\/?page_id=59960"},"modified":"2022-08-17T15:59:25","modified_gmt":"2022-08-17T13:59:25","slug":"categorie-presentation-du-test-toefl-junior","status":"publish","type":"page","link":"https:\/\/global-exam.com\/blog\/fr\/examens\/toefl-junior\/categorie-presentation-du-test-toefl-junior\/","title":{"rendered":"Pr\u00e9sentation du test TOEFL Junior"},"content":{"rendered":"<p>D\u00e9couvrir le TOEFL Junior<\/p>\n<p>Le\u00a0<strong>TOEFL Junior<\/strong>, cet examen destin\u00e9\u00a0<strong>aux \u00e9l\u00e8ves \u00e0 partir de 11 ans<\/strong>, souvent utilis\u00e9 dans les coll\u00e8ges et lyc\u00e9es pour \u00e9valuer et certifier le niveau de ma\u00eetrise de la langue anglaise.<\/p>\n<p>Vous trouverez dans cet article l\u2019essentiel sur cette certification et les \u00e9l\u00e9ments cl\u00e9 pour r\u00e9ussir<strong>\u00a0votre inscription<\/strong>. Nous vous guidons dans les d\u00e9marches \u00e0 suivre, pour que vous soyez efficace dans cette \u00e9tape pr\u00e9alable et fondamentale.<\/p>\n<p>Vous avez probablement besoin d\u2019y voir clair\u00a0: on va vous aider\u00a0! D\u00e9couvrez, dans les lignes qui suivent, les sp\u00e9cificit\u00e9s de chacune de ces \u00e9preuves, et les crit\u00e8res qui vous permettront de faire votre choix. Suivez-nous\u00a0!<\/p>\n","protected":false},"excerpt":{"rendered":"<p>D\u00e9couvrir le TOEFL Junior Le\u00a0TOEFL Junior, cet examen destin\u00e9\u00a0aux \u00e9l\u00e8ves \u00e0 partir de 11 ans, souvent utilis\u00e9 dans les coll\u00e8ges et lyc\u00e9es [&hellip;]<\/p>\n","protected":false},"author":24,"featured_media":0,"parent":34294,"menu_order":0,"comment_status":"closed","ping_status":"closed","template":"","meta":[],"acf":[],"yoast_head":"<!-- This site is optimized with the Yoast SEO plugin v17.2.1 - https:\/\/yoast.com\/wordpress\/plugins\/seo\/ -->\n<title>Pr\u00e9sentation du test TOEFL Junior<\/title>\n<meta name=\"robots\" content=\"index, follow, max-snippet:-1, max-image-preview:large, max-video-preview:-1\" \/>\n<link rel=\"canonical\" href=\"https:\/\/global-exam.com\/blog\/fr\/examens\/toefl-junior\/categorie-presentation-du-test-toefl-junior\/\" \/>\n<meta property=\"og:locale\" content=\"fr_FR\" \/>\n<meta property=\"og:type\" content=\"article\" \/>\n<meta property=\"og:title\" content=\"Pr\u00e9sentation du test TOEFL Junior\" \/>\n<meta property=\"og:description\" content=\"D\u00e9couvrir le TOEFL Junior Le\u00a0TOEFL Junior, cet examen destin\u00e9\u00a0aux \u00e9l\u00e8ves \u00e0 partir de 11 ans, souvent utilis\u00e9 dans les coll\u00e8ges et lyc\u00e9es [&hellip;]\" \/>\n<meta property=\"og:url\" content=\"https:\/\/global-exam.com\/blog\/fr\/examens\/toefl-junior\/categorie-presentation-du-test-toefl-junior\/\" \/>\n<meta property=\"og:site_name\" content=\"GlobalExam Blog\" \/>\n<meta property=\"article:publisher\" content=\"https:\/\/www.facebook.com\/Global.Exam\" \/>\n<meta property=\"article:modified_time\" content=\"2022-08-17T13:59:25+00:00\" \/>\n<meta name=\"twitter:card\" content=\"summary_large_image\" \/>\n<meta name=\"twitter:site\" content=\"@Global_Exam\" \/>\n<meta name=\"twitter:label1\" content=\"Dur\u00e9e de lecture estim\u00e9e\" \/>\n\t<meta name=\"twitter:data1\" content=\"1 minute\" \/>\n<script type=\"application\/ld+json\" class=\"yoast-schema-graph\">{\"@context\":\"https:\/\/schema.org\",\"@graph\":[{\"@type\":\"WebSite\",\"@id\":\"https:\/\/global-exam.com\/blog\/#website\",\"url\":\"https:\/\/global-exam.com\/blog\/\",\"name\":\"GlobalExam Blog\",\"description\":\"Le blog du sp\\u00e9cialiste de la certification linguistique\",\"potentialAction\":[{\"@type\":\"SearchAction\",\"target\":{\"@type\":\"EntryPoint\",\"urlTemplate\":\"https:\/\/global-exam.com\/blog\/?s={search_term_string}\"},\"query-input\":\"required name=search_term_string\"}],\"inLanguage\":\"fr-FR\"},{\"@type\":\"WebPage\",\"@id\":\"https:\/\/global-exam.com\/blog\/fr\/examens\/toefl-junior\/categorie-presentation-du-test-toefl-junior\/#webpage\",\"url\":\"https:\/\/global-exam.com\/blog\/fr\/examens\/toefl-junior\/categorie-presentation-du-test-toefl-junior\/\",\"name\":\"Pr\\u00e9sentation du test TOEFL Junior\",\"isPartOf\":{\"@id\":\"https:\/\/global-exam.com\/blog\/#website\"},\"datePublished\":\"2021-08-12T15:49:45+00:00\",\"dateModified\":\"2022-08-17T13:59:25+00:00\",\"breadcrumb\":{\"@id\":\"https:\/\/global-exam.com\/blog\/fr\/examens\/toefl-junior\/categorie-presentation-du-test-toefl-junior\/#breadcrumb\"},\"inLanguage\":\"fr-FR\",\"potentialAction\":[{\"@type\":\"ReadAction\",\"target\":[\"https:\/\/global-exam.com\/blog\/fr\/examens\/toefl-junior\/categorie-presentation-du-test-toefl-junior\/\"]}]},{\"@type\":\"BreadcrumbList\",\"@id\":\"https:\/\/global-exam.com\/blog\/fr\/examens\/toefl-junior\/categorie-presentation-du-test-toefl-junior\/#breadcrumb\",\"itemListElement\":[{\"@type\":\"ListItem\",\"position\":1,\"name\":\"Les examens de langue\",\"item\":\"https:\/\/global-exam.com\/blog\/fr\/examens\/\"},{\"@type\":\"ListItem\",\"position\":2,\"name\":\"TOEFL Junior\",\"item\":\"https:\/\/global-exam.com\/blog\/fr\/examens\/toefl-junior\/\"},{\"@type\":\"ListItem\",\"position\":3,\"name\":\"Pr\\u00e9sentation du test TOEFL Junior\"}]}]}<\/script>\n<!-- \/ Yoast SEO plugin. -->","yoast_head_json":{"title":"Pr\u00e9sentation du test TOEFL Junior","robots":{"index":"index","follow":"follow","max-snippet":"max-snippet:-1","max-image-preview":"max-image-preview:large","max-video-preview":"max-video-preview:-1"},"canonical":"https:\/\/global-exam.com\/blog\/fr\/examens\/toefl-junior\/categorie-presentation-du-test-toefl-junior\/","og_locale":"fr_FR","og_type":"article","og_title":"Pr\u00e9sentation du test TOEFL Junior","og_description":"D\u00e9couvrir le TOEFL Junior Le\u00a0TOEFL Junior, cet examen destin\u00e9\u00a0aux \u00e9l\u00e8ves \u00e0 partir de 11 ans, souvent utilis\u00e9 dans les coll\u00e8ges et lyc\u00e9es [&hellip;]","og_url":"https:\/\/global-exam.com\/blog\/fr\/examens\/toefl-junior\/categorie-presentation-du-test-toefl-junior\/","og_site_name":"GlobalExam Blog","article_publisher":"https:\/\/www.facebook.com\/Global.Exam","article_modified_time":"2022-08-17T13:59:25+00:00","twitter_card":"summary_large_image","twitter_site":"@Global_Exam","twitter_misc":{"Dur\u00e9e de lecture estim\u00e9e":"1 minute"},"schema":{"@context":"https:\/\/schema.org","@graph":[{"@type":"WebSite","@id":"https:\/\/global-exam.com\/blog\/#website","url":"https:\/\/global-exam.com\/blog\/","name":"GlobalExam Blog","description":"Le blog du sp\u00e9cialiste de la certification linguistique","potentialAction":[{"@type":"SearchAction","target":{"@type":"EntryPoint","urlTemplate":"https:\/\/global-exam.com\/blog\/?s={search_term_string}"},"query-input":"required name=search_term_string"}],"inLanguage":"fr-FR"},{"@type":"WebPage","@id":"https:\/\/global-exam.com\/blog\/fr\/examens\/toefl-junior\/categorie-presentation-du-test-toefl-junior\/#webpage","url":"https:\/\/global-exam.com\/blog\/fr\/examens\/toefl-junior\/categorie-presentation-du-test-toefl-junior\/","name":"Pr\u00e9sentation du test TOEFL Junior","isPartOf":{"@id":"https:\/\/global-exam.com\/blog\/#website"},"datePublished":"2021-08-12T15:49:45+00:00","dateModified":"2022-08-17T13:59:25+00:00","breadcrumb":{"@id":"https:\/\/global-exam.com\/blog\/fr\/examens\/toefl-junior\/categorie-presentation-du-test-toefl-junior\/#breadcrumb"},"inLanguage":"fr-FR","potentialAction":[{"@type":"ReadAction","target":["https:\/\/global-exam.com\/blog\/fr\/examens\/toefl-junior\/categorie-presentation-du-test-toefl-junior\/"]}]},{"@type":"BreadcrumbList","@id":"https:\/\/global-exam.com\/blog\/fr\/examens\/toefl-junior\/categorie-presentation-du-test-toefl-junior\/#breadcrumb","itemListElement":[{"@type":"ListItem","position":1,"name":"Les examens de langue","item":"https:\/\/global-exam.com\/blog\/fr\/examens\/"},{"@type":"ListItem","position":2,"name":"TOEFL Junior","item":"https:\/\/global-exam.com\/blog\/fr\/examens\/toefl-junior\/"},{"@type":"ListItem","position":3,"name":"Pr\u00e9sentation du test TOEFL Junior"}]}]}},"lang":"fr","translations":{"fr":59960},"pll_sync_post":[],"_links":{"self":[{"href":"https:\/\/global-exam.com\/blog\/wp-json\/wp\/v2\/pages\/59960"}],"collection":[{"href":"https:\/\/global-exam.com\/blog\/wp-json\/wp\/v2\/pages"}],"about":[{"href":"https:\/\/global-exam.com\/blog\/wp-json\/wp\/v2\/types\/page"}],"author":[{"embeddable":true,"href":"https:\/\/global-exam.com\/blog\/wp-json\/wp\/v2\/users\/24"}],"replies":[{"embeddable":true,"href":"https:\/\/global-exam.com\/blog\/wp-json\/wp\/v2\/comments?post=59960"}],"version-history":[{"count":6,"href":"https:\/\/global-exam.com\/blog\/wp-json\/wp\/v2\/pages\/59960\/revisions"}],"predecessor-version":[{"id":78095,"href":"https:\/\/global-exam.com\/blog\/wp-json\/wp\/v2\/pages\/59960\/revisions\/78095"}],"up":[{"embeddable":true,"href":"https:\/\/global-exam.com\/blog\/wp-json\/wp\/v2\/pages\/34294"}],"wp:attachment":[{"href":"https:\/\/global-exam.com\/blog\/wp-json\/wp\/v2\/media?parent=59960"}],"curies":[{"name":"wp","href":"https:\/\/api.w.org\/{rel}","templated":true}]}}