{"id":59970,"date":"2021-08-12T17:56:49","date_gmt":"2021-08-12T15:56:49","guid":{"rendered":"https:\/\/global-exam.com\/blog\/?page_id=59970"},"modified":"2022-08-17T15:59:00","modified_gmt":"2022-08-17T13:59:00","slug":"categorie-consignes-du-test-toefl-junior","status":"publish","type":"page","link":"https:\/\/global-exam.com\/blog\/fr\/examens\/toefl-junior\/categorie-consignes-du-test-toefl-junior\/","title":{"rendered":"Consignes du test TOEFL Junior"},"content":{"rendered":"<p>Conna\u00eetre la structure du test<\/p>\n<p>Vous allez d\u00e9couvrir dans cette cat\u00e9gorie<strong>\u00a0les sp\u00e9cificit\u00e9s du TOEFL Junior<\/strong>. <strong>Ces consignes<\/strong>\u00a0sont un \u00e9l\u00e9ment cl\u00e9 si vous souhaitez<strong>\u00a0vous familiariser avec cette \u00e9preuve<\/strong>\u00a0et \u00eatre pr\u00eat le jour de l\u2019examen. Savoir les comprendre et les appliquer est une technique fondamentale pour atteindre le score que vous vous \u00eates fix\u00e9.<\/p>\n<p>Et\u00a0<strong>\u00e0 chaque test, ses propres consignes<\/strong>, qu\u2019il s\u2019agisse du TOEFL Junior\u00aeStandard ou du TOEFL Junior\u00aeSpeaking. Le premier \u00e9value\u00a0<strong>la compr\u00e9hension \u00e9crite et orale, la s\u00e9mantique et la syntaxe<\/strong>. Le deuxi\u00e8me concerne<strong>\u00a0l\u2019expression orale.\u00a0<\/strong><\/p>\n<p>Si vous avez besoin de d\u00e9finir des groupes de niveau, de suivre le progr\u00e8s de vos \u00e9l\u00e8ves, de d\u00e9finir des objectifs dans l\u2019acquisition d\u2019une langue ou tout simplement de certifier votre niveau ou celui de vos \u00e9l\u00e8ves, nous vous apportons les informations dont vous avez besoin. Donnez-vous la chance de valoriser vos comp\u00e9tences gr\u00e2ce \u00e0 une certification reconnue mondialement.<\/p>\n","protected":false},"excerpt":{"rendered":"<p>Conna\u00eetre la structure du test Vous allez d\u00e9couvrir dans cette cat\u00e9gorie\u00a0les sp\u00e9cificit\u00e9s du TOEFL Junior. Ces consignes\u00a0sont un \u00e9l\u00e9ment cl\u00e9 si vous [&hellip;]<\/p>\n","protected":false},"author":24,"featured_media":0,"parent":34294,"menu_order":0,"comment_status":"closed","ping_status":"closed","template":"","meta":[],"acf":[],"yoast_head":"<!-- This site is optimized with the Yoast SEO plugin v17.2.1 - https:\/\/yoast.com\/wordpress\/plugins\/seo\/ -->\n<title>Consignes du test TOEFL Junior<\/title>\n<meta name=\"robots\" content=\"index, follow, max-snippet:-1, max-image-preview:large, max-video-preview:-1\" \/>\n<link rel=\"canonical\" href=\"https:\/\/global-exam.com\/blog\/fr\/examens\/toefl-junior\/categorie-consignes-du-test-toefl-junior\/\" \/>\n<meta property=\"og:locale\" content=\"fr_FR\" \/>\n<meta property=\"og:type\" content=\"article\" \/>\n<meta property=\"og:title\" content=\"Consignes du test TOEFL Junior\" \/>\n<meta property=\"og:description\" content=\"Conna\u00eetre la structure du test Vous allez d\u00e9couvrir dans cette cat\u00e9gorie\u00a0les sp\u00e9cificit\u00e9s du TOEFL Junior. Ces consignes\u00a0sont un \u00e9l\u00e9ment cl\u00e9 si vous [&hellip;]\" \/>\n<meta property=\"og:url\" content=\"https:\/\/global-exam.com\/blog\/fr\/examens\/toefl-junior\/categorie-consignes-du-test-toefl-junior\/\" \/>\n<meta property=\"og:site_name\" content=\"GlobalExam Blog\" \/>\n<meta property=\"article:publisher\" content=\"https:\/\/www.facebook.com\/Global.Exam\" \/>\n<meta property=\"article:modified_time\" content=\"2022-08-17T13:59:00+00:00\" \/>\n<meta name=\"twitter:card\" content=\"summary_large_image\" \/>\n<meta name=\"twitter:site\" content=\"@Global_Exam\" \/>\n<meta name=\"twitter:label1\" content=\"Dur\u00e9e de lecture estim\u00e9e\" \/>\n\t<meta name=\"twitter:data1\" content=\"1 minute\" \/>\n<script type=\"application\/ld+json\" class=\"yoast-schema-graph\">{\"@context\":\"https:\/\/schema.org\",\"@graph\":[{\"@type\":\"WebSite\",\"@id\":\"https:\/\/global-exam.com\/blog\/#website\",\"url\":\"https:\/\/global-exam.com\/blog\/\",\"name\":\"GlobalExam Blog\",\"description\":\"Le blog du sp\\u00e9cialiste de la certification linguistique\",\"potentialAction\":[{\"@type\":\"SearchAction\",\"target\":{\"@type\":\"EntryPoint\",\"urlTemplate\":\"https:\/\/global-exam.com\/blog\/?s={search_term_string}\"},\"query-input\":\"required name=search_term_string\"}],\"inLanguage\":\"fr-FR\"},{\"@type\":\"WebPage\",\"@id\":\"https:\/\/global-exam.com\/blog\/fr\/examens\/toefl-junior\/categorie-consignes-du-test-toefl-junior\/#webpage\",\"url\":\"https:\/\/global-exam.com\/blog\/fr\/examens\/toefl-junior\/categorie-consignes-du-test-toefl-junior\/\",\"name\":\"Consignes du test TOEFL Junior\",\"isPartOf\":{\"@id\":\"https:\/\/global-exam.com\/blog\/#website\"},\"datePublished\":\"2021-08-12T15:56:49+00:00\",\"dateModified\":\"2022-08-17T13:59:00+00:00\",\"breadcrumb\":{\"@id\":\"https:\/\/global-exam.com\/blog\/fr\/examens\/toefl-junior\/categorie-consignes-du-test-toefl-junior\/#breadcrumb\"},\"inLanguage\":\"fr-FR\",\"potentialAction\":[{\"@type\":\"ReadAction\",\"target\":[\"https:\/\/global-exam.com\/blog\/fr\/examens\/toefl-junior\/categorie-consignes-du-test-toefl-junior\/\"]}]},{\"@type\":\"BreadcrumbList\",\"@id\":\"https:\/\/global-exam.com\/blog\/fr\/examens\/toefl-junior\/categorie-consignes-du-test-toefl-junior\/#breadcrumb\",\"itemListElement\":[{\"@type\":\"ListItem\",\"position\":1,\"name\":\"Les examens de langue\",\"item\":\"https:\/\/global-exam.com\/blog\/fr\/examens\/\"},{\"@type\":\"ListItem\",\"position\":2,\"name\":\"TOEFL Junior\",\"item\":\"https:\/\/global-exam.com\/blog\/fr\/examens\/toefl-junior\/\"},{\"@type\":\"ListItem\",\"position\":3,\"name\":\"Consignes du test TOEFL Junior\"}]}]}<\/script>\n<!-- \/ Yoast SEO plugin. -->","yoast_head_json":{"title":"Consignes du test TOEFL Junior","robots":{"index":"index","follow":"follow","max-snippet":"max-snippet:-1","max-image-preview":"max-image-preview:large","max-video-preview":"max-video-preview:-1"},"canonical":"https:\/\/global-exam.com\/blog\/fr\/examens\/toefl-junior\/categorie-consignes-du-test-toefl-junior\/","og_locale":"fr_FR","og_type":"article","og_title":"Consignes du test TOEFL Junior","og_description":"Conna\u00eetre la structure du test Vous allez d\u00e9couvrir dans cette cat\u00e9gorie\u00a0les sp\u00e9cificit\u00e9s du TOEFL Junior. Ces consignes\u00a0sont un \u00e9l\u00e9ment cl\u00e9 si vous [&hellip;]","og_url":"https:\/\/global-exam.com\/blog\/fr\/examens\/toefl-junior\/categorie-consignes-du-test-toefl-junior\/","og_site_name":"GlobalExam Blog","article_publisher":"https:\/\/www.facebook.com\/Global.Exam","article_modified_time":"2022-08-17T13:59:00+00:00","twitter_card":"summary_large_image","twitter_site":"@Global_Exam","twitter_misc":{"Dur\u00e9e de lecture estim\u00e9e":"1 minute"},"schema":{"@context":"https:\/\/schema.org","@graph":[{"@type":"WebSite","@id":"https:\/\/global-exam.com\/blog\/#website","url":"https:\/\/global-exam.com\/blog\/","name":"GlobalExam Blog","description":"Le blog du sp\u00e9cialiste de la certification linguistique","potentialAction":[{"@type":"SearchAction","target":{"@type":"EntryPoint","urlTemplate":"https:\/\/global-exam.com\/blog\/?s={search_term_string}"},"query-input":"required name=search_term_string"}],"inLanguage":"fr-FR"},{"@type":"WebPage","@id":"https:\/\/global-exam.com\/blog\/fr\/examens\/toefl-junior\/categorie-consignes-du-test-toefl-junior\/#webpage","url":"https:\/\/global-exam.com\/blog\/fr\/examens\/toefl-junior\/categorie-consignes-du-test-toefl-junior\/","name":"Consignes du test TOEFL Junior","isPartOf":{"@id":"https:\/\/global-exam.com\/blog\/#website"},"datePublished":"2021-08-12T15:56:49+00:00","dateModified":"2022-08-17T13:59:00+00:00","breadcrumb":{"@id":"https:\/\/global-exam.com\/blog\/fr\/examens\/toefl-junior\/categorie-consignes-du-test-toefl-junior\/#breadcrumb"},"inLanguage":"fr-FR","potentialAction":[{"@type":"ReadAction","target":["https:\/\/global-exam.com\/blog\/fr\/examens\/toefl-junior\/categorie-consignes-du-test-toefl-junior\/"]}]},{"@type":"BreadcrumbList","@id":"https:\/\/global-exam.com\/blog\/fr\/examens\/toefl-junior\/categorie-consignes-du-test-toefl-junior\/#breadcrumb","itemListElement":[{"@type":"ListItem","position":1,"name":"Les examens de langue","item":"https:\/\/global-exam.com\/blog\/fr\/examens\/"},{"@type":"ListItem","position":2,"name":"TOEFL Junior","item":"https:\/\/global-exam.com\/blog\/fr\/examens\/toefl-junior\/"},{"@type":"ListItem","position":3,"name":"Consignes du test TOEFL Junior"}]}]}},"lang":"fr","translations":{"fr":59970},"pll_sync_post":[],"_links":{"self":[{"href":"https:\/\/global-exam.com\/blog\/wp-json\/wp\/v2\/pages\/59970"}],"collection":[{"href":"https:\/\/global-exam.com\/blog\/wp-json\/wp\/v2\/pages"}],"about":[{"href":"https:\/\/global-exam.com\/blog\/wp-json\/wp\/v2\/types\/page"}],"author":[{"embeddable":true,"href":"https:\/\/global-exam.com\/blog\/wp-json\/wp\/v2\/users\/24"}],"replies":[{"embeddable":true,"href":"https:\/\/global-exam.com\/blog\/wp-json\/wp\/v2\/comments?post=59970"}],"version-history":[{"count":6,"href":"https:\/\/global-exam.com\/blog\/wp-json\/wp\/v2\/pages\/59970\/revisions"}],"predecessor-version":[{"id":78094,"href":"https:\/\/global-exam.com\/blog\/wp-json\/wp\/v2\/pages\/59970\/revisions\/78094"}],"up":[{"embeddable":true,"href":"https:\/\/global-exam.com\/blog\/wp-json\/wp\/v2\/pages\/34294"}],"wp:attachment":[{"href":"https:\/\/global-exam.com\/blog\/wp-json\/wp\/v2\/media?parent=59970"}],"curies":[{"name":"wp","href":"https:\/\/api.w.org\/{rel}","templated":true}]}}