{"id":59976,"date":"2021-08-12T18:00:20","date_gmt":"2021-08-12T16:00:20","guid":{"rendered":"https:\/\/global-exam.com\/blog\/?page_id=59976"},"modified":"2022-08-17T15:59:55","modified_gmt":"2022-08-17T13:59:55","slug":"categorie-supports-pour-sentrainer-au-toefl-junior","status":"publish","type":"page","link":"https:\/\/global-exam.com\/blog\/fr\/examens\/toefl-junior\/categorie-supports-pour-sentrainer-au-toefl-junior\/","title":{"rendered":"Supports pour s&rsquo;entra\u00eener au TOEFL Junior"},"content":{"rendered":"<p>S&rsquo;entra\u00eener pour le TOEFL Junior<\/p>\n<p>Comment maximiser ses chances de r\u00e9ussite au TOEFL Junior\u00a0? Il n\u2019y a pas de myst\u00e8re.\u00a0<strong>Pr\u00e9parez-vous en amont.<\/strong>\u00a0Familiarisez-vous avez le contenu et format des \u00e9preuves, la lecture et compr\u00e9hension des consignes, la gestion du temps. Et cela \u00e0 travers les multiples ressources qui se pr\u00e9sentent \u00e0 vous.<\/p>\n<p>Nous avons dress\u00e9 une liste de ces outils qui vous mettront sur la voie de la r\u00e9ussite. D\u00e9couvrez notre\u00a0<strong>s\u00e9lection des classiques en version papier<\/strong>. Vous aimez le num\u00e9rique ? Naviguer sur les sites web et plateformes ? D\u00e9couvrez \u00e9galement\u00a0<strong>notre s\u00e9lection de sites<\/strong>, sp\u00e9cialement con\u00e7us pour une pr\u00e9paration en toute autonomie, en fonction du rythme et des disponibilit\u00e9s de chacun.<\/p>\n<p>Laissez-vous tenter par\u00a0<strong>notre plateforme e-learning<\/strong>. Il vous suffit de cr\u00e9er un compte pour pouvoir effectuer un test gratuit et identifier votre niveau et vos objectifs. D\u00e9finissez ensuite votre plan de pr\u00e9paration et acc\u00e9dez \u00e0 notre version gratuite dans un premier temps. Voici tout ce qu\u2019il faut pour conna\u00eetre cette \u00e9preuve en profondeur et pratiquer en fonction de son emploi du temps.<\/p>\n","protected":false},"excerpt":{"rendered":"<p>S&rsquo;entra\u00eener pour le TOEFL Junior Comment maximiser ses chances de r\u00e9ussite au TOEFL Junior\u00a0? Il n\u2019y a pas de myst\u00e8re.\u00a0Pr\u00e9parez-vous en amont.\u00a0Familiarisez-vous [&hellip;]<\/p>\n","protected":false},"author":24,"featured_media":0,"parent":34294,"menu_order":0,"comment_status":"closed","ping_status":"closed","template":"","meta":[],"acf":[],"yoast_head":"<!-- This site is optimized with the Yoast SEO plugin v17.2.1 - https:\/\/yoast.com\/wordpress\/plugins\/seo\/ -->\n<title>Supports pour s&#039;entra\u00eener au TOEFL Junior<\/title>\n<meta name=\"robots\" content=\"index, follow, max-snippet:-1, max-image-preview:large, max-video-preview:-1\" \/>\n<link rel=\"canonical\" href=\"https:\/\/global-exam.com\/blog\/fr\/examens\/toefl-junior\/categorie-supports-pour-sentrainer-au-toefl-junior\/\" \/>\n<meta property=\"og:locale\" content=\"fr_FR\" \/>\n<meta property=\"og:type\" content=\"article\" \/>\n<meta property=\"og:title\" content=\"Supports pour s&#039;entra\u00eener au TOEFL Junior\" \/>\n<meta property=\"og:description\" content=\"S&rsquo;entra\u00eener pour le TOEFL Junior Comment maximiser ses chances de r\u00e9ussite au TOEFL Junior\u00a0? Il n\u2019y a pas de myst\u00e8re.\u00a0Pr\u00e9parez-vous en amont.\u00a0Familiarisez-vous [&hellip;]\" \/>\n<meta property=\"og:url\" content=\"https:\/\/global-exam.com\/blog\/fr\/examens\/toefl-junior\/categorie-supports-pour-sentrainer-au-toefl-junior\/\" \/>\n<meta property=\"og:site_name\" content=\"GlobalExam Blog\" \/>\n<meta property=\"article:publisher\" content=\"https:\/\/www.facebook.com\/Global.Exam\" \/>\n<meta property=\"article:modified_time\" content=\"2022-08-17T13:59:55+00:00\" \/>\n<meta name=\"twitter:card\" content=\"summary_large_image\" \/>\n<meta name=\"twitter:site\" content=\"@Global_Exam\" \/>\n<meta name=\"twitter:label1\" content=\"Dur\u00e9e de lecture estim\u00e9e\" \/>\n\t<meta name=\"twitter:data1\" content=\"1 minute\" \/>\n<script type=\"application\/ld+json\" class=\"yoast-schema-graph\">{\"@context\":\"https:\/\/schema.org\",\"@graph\":[{\"@type\":\"WebSite\",\"@id\":\"https:\/\/global-exam.com\/blog\/#website\",\"url\":\"https:\/\/global-exam.com\/blog\/\",\"name\":\"GlobalExam Blog\",\"description\":\"Le blog du sp\\u00e9cialiste de la certification linguistique\",\"potentialAction\":[{\"@type\":\"SearchAction\",\"target\":{\"@type\":\"EntryPoint\",\"urlTemplate\":\"https:\/\/global-exam.com\/blog\/?s={search_term_string}\"},\"query-input\":\"required name=search_term_string\"}],\"inLanguage\":\"fr-FR\"},{\"@type\":\"WebPage\",\"@id\":\"https:\/\/global-exam.com\/blog\/fr\/examens\/toefl-junior\/categorie-supports-pour-sentrainer-au-toefl-junior\/#webpage\",\"url\":\"https:\/\/global-exam.com\/blog\/fr\/examens\/toefl-junior\/categorie-supports-pour-sentrainer-au-toefl-junior\/\",\"name\":\"Supports pour s'entra\\u00eener au TOEFL Junior\",\"isPartOf\":{\"@id\":\"https:\/\/global-exam.com\/blog\/#website\"},\"datePublished\":\"2021-08-12T16:00:20+00:00\",\"dateModified\":\"2022-08-17T13:59:55+00:00\",\"breadcrumb\":{\"@id\":\"https:\/\/global-exam.com\/blog\/fr\/examens\/toefl-junior\/categorie-supports-pour-sentrainer-au-toefl-junior\/#breadcrumb\"},\"inLanguage\":\"fr-FR\",\"potentialAction\":[{\"@type\":\"ReadAction\",\"target\":[\"https:\/\/global-exam.com\/blog\/fr\/examens\/toefl-junior\/categorie-supports-pour-sentrainer-au-toefl-junior\/\"]}]},{\"@type\":\"BreadcrumbList\",\"@id\":\"https:\/\/global-exam.com\/blog\/fr\/examens\/toefl-junior\/categorie-supports-pour-sentrainer-au-toefl-junior\/#breadcrumb\",\"itemListElement\":[{\"@type\":\"ListItem\",\"position\":1,\"name\":\"Les examens de langue\",\"item\":\"https:\/\/global-exam.com\/blog\/fr\/examens\/\"},{\"@type\":\"ListItem\",\"position\":2,\"name\":\"TOEFL Junior\",\"item\":\"https:\/\/global-exam.com\/blog\/fr\/examens\/toefl-junior\/\"},{\"@type\":\"ListItem\",\"position\":3,\"name\":\"Supports pour s&rsquo;entra\\u00eener au TOEFL Junior\"}]}]}<\/script>\n<!-- \/ Yoast SEO plugin. -->","yoast_head_json":{"title":"Supports pour s'entra\u00eener au TOEFL Junior","robots":{"index":"index","follow":"follow","max-snippet":"max-snippet:-1","max-image-preview":"max-image-preview:large","max-video-preview":"max-video-preview:-1"},"canonical":"https:\/\/global-exam.com\/blog\/fr\/examens\/toefl-junior\/categorie-supports-pour-sentrainer-au-toefl-junior\/","og_locale":"fr_FR","og_type":"article","og_title":"Supports pour s'entra\u00eener au TOEFL Junior","og_description":"S&rsquo;entra\u00eener pour le TOEFL Junior Comment maximiser ses chances de r\u00e9ussite au TOEFL Junior\u00a0? Il n\u2019y a pas de myst\u00e8re.\u00a0Pr\u00e9parez-vous en amont.\u00a0Familiarisez-vous [&hellip;]","og_url":"https:\/\/global-exam.com\/blog\/fr\/examens\/toefl-junior\/categorie-supports-pour-sentrainer-au-toefl-junior\/","og_site_name":"GlobalExam Blog","article_publisher":"https:\/\/www.facebook.com\/Global.Exam","article_modified_time":"2022-08-17T13:59:55+00:00","twitter_card":"summary_large_image","twitter_site":"@Global_Exam","twitter_misc":{"Dur\u00e9e de lecture estim\u00e9e":"1 minute"},"schema":{"@context":"https:\/\/schema.org","@graph":[{"@type":"WebSite","@id":"https:\/\/global-exam.com\/blog\/#website","url":"https:\/\/global-exam.com\/blog\/","name":"GlobalExam Blog","description":"Le blog du sp\u00e9cialiste de la certification linguistique","potentialAction":[{"@type":"SearchAction","target":{"@type":"EntryPoint","urlTemplate":"https:\/\/global-exam.com\/blog\/?s={search_term_string}"},"query-input":"required name=search_term_string"}],"inLanguage":"fr-FR"},{"@type":"WebPage","@id":"https:\/\/global-exam.com\/blog\/fr\/examens\/toefl-junior\/categorie-supports-pour-sentrainer-au-toefl-junior\/#webpage","url":"https:\/\/global-exam.com\/blog\/fr\/examens\/toefl-junior\/categorie-supports-pour-sentrainer-au-toefl-junior\/","name":"Supports pour s'entra\u00eener au TOEFL Junior","isPartOf":{"@id":"https:\/\/global-exam.com\/blog\/#website"},"datePublished":"2021-08-12T16:00:20+00:00","dateModified":"2022-08-17T13:59:55+00:00","breadcrumb":{"@id":"https:\/\/global-exam.com\/blog\/fr\/examens\/toefl-junior\/categorie-supports-pour-sentrainer-au-toefl-junior\/#breadcrumb"},"inLanguage":"fr-FR","potentialAction":[{"@type":"ReadAction","target":["https:\/\/global-exam.com\/blog\/fr\/examens\/toefl-junior\/categorie-supports-pour-sentrainer-au-toefl-junior\/"]}]},{"@type":"BreadcrumbList","@id":"https:\/\/global-exam.com\/blog\/fr\/examens\/toefl-junior\/categorie-supports-pour-sentrainer-au-toefl-junior\/#breadcrumb","itemListElement":[{"@type":"ListItem","position":1,"name":"Les examens de langue","item":"https:\/\/global-exam.com\/blog\/fr\/examens\/"},{"@type":"ListItem","position":2,"name":"TOEFL Junior","item":"https:\/\/global-exam.com\/blog\/fr\/examens\/toefl-junior\/"},{"@type":"ListItem","position":3,"name":"Supports pour s&rsquo;entra\u00eener au TOEFL Junior"}]}]}},"lang":"fr","translations":{"fr":59976},"pll_sync_post":[],"_links":{"self":[{"href":"https:\/\/global-exam.com\/blog\/wp-json\/wp\/v2\/pages\/59976"}],"collection":[{"href":"https:\/\/global-exam.com\/blog\/wp-json\/wp\/v2\/pages"}],"about":[{"href":"https:\/\/global-exam.com\/blog\/wp-json\/wp\/v2\/types\/page"}],"author":[{"embeddable":true,"href":"https:\/\/global-exam.com\/blog\/wp-json\/wp\/v2\/users\/24"}],"replies":[{"embeddable":true,"href":"https:\/\/global-exam.com\/blog\/wp-json\/wp\/v2\/comments?post=59976"}],"version-history":[{"count":6,"href":"https:\/\/global-exam.com\/blog\/wp-json\/wp\/v2\/pages\/59976\/revisions"}],"predecessor-version":[{"id":78096,"href":"https:\/\/global-exam.com\/blog\/wp-json\/wp\/v2\/pages\/59976\/revisions\/78096"}],"up":[{"embeddable":true,"href":"https:\/\/global-exam.com\/blog\/wp-json\/wp\/v2\/pages\/34294"}],"wp:attachment":[{"href":"https:\/\/global-exam.com\/blog\/wp-json\/wp\/v2\/media?parent=59976"}],"curies":[{"name":"wp","href":"https:\/\/api.w.org\/{rel}","templated":true}]}}