{"id":60180,"date":"2021-08-16T12:22:17","date_gmt":"2021-08-16T10:22:17","guid":{"rendered":"https:\/\/global-exam.com\/blog\/?page_id=60180"},"modified":"2022-08-31T14:43:23","modified_gmt":"2022-08-31T12:43:23","slug":"categorie-avoir-un-bon-score-au-cambridge-b2-first","status":"publish","type":"page","link":"https:\/\/global-exam.com\/blog\/fr\/examens\/cambridge-fce\/categorie-avoir-un-bon-score-au-cambridge-b2-first\/","title":{"rendered":"Avoir un bon score au Cambridge B2 First (FCE)"},"content":{"rendered":"<p>Obtenir un bon score au B2 First<\/p>\n<p>Cette cat\u00e9gorie vous informe en g\u00e9n\u00e9ral sur tout ce que vous devez savoir sur le\u00a0<strong>B2 First<\/strong>. Cet examen fait partie de la cat\u00e9gorie des diff\u00e9rents\u00a0<strong>examens du Cambridge<\/strong>. Il certifie votre<strong>\u00a0niveau en anglais<\/strong>\u00a0pour vous permettre de poursuivre vos\u00a0<strong>\u00e9tudes universitaires<\/strong>\u00a0\u00e0 l&rsquo;\u00e9tranger.<\/p>\n<p>Gr\u00e2ce \u00e0 cette cat\u00e9gorie, vous pourrez savoir tout ce dont vous avez besoin pour passer le\u00a0<strong>B2 First<\/strong>, comment cela se passe, les diff\u00e9rentes mani\u00e8res qu\u2019on utilisera pour vous interroger et comment vous serez not\u00e9.<\/p>\n<p>Pour vous permettre de vous entra\u00eener et d&rsquo;obtenir un bon score, nous vous offrons toutes les<strong>\u00a0astuces et des ressources pour avoir toutes les chances de r\u00e9ussir<\/strong>\u00a0\u00e0 votre examen.<\/p>\n<p>Dans cette cat\u00e9gorie, vous saurez tout ce qu\u2019il faut savoir sur votre examen, comment il faut le\u00a0<strong>pr\u00e9parer et les dispositions \u00e0 prendre<\/strong>. Avec ces pr\u00e9cieuses\u00a0<strong>informations<\/strong>, vous aurez la facilit\u00e9 \u00e0\u00a0<strong>r\u00e9ussir vos examens<\/strong>.<\/p>\n","protected":false},"excerpt":{"rendered":"<p>Obtenir un bon score au B2 First Cette cat\u00e9gorie vous informe en g\u00e9n\u00e9ral sur tout ce que vous devez savoir sur le\u00a0B2 [&hellip;]<\/p>\n","protected":false},"author":24,"featured_media":0,"parent":2869,"menu_order":0,"comment_status":"closed","ping_status":"closed","template":"","meta":[],"acf":[],"yoast_head":"<!-- This site is optimized with the Yoast SEO plugin v17.2.1 - https:\/\/yoast.com\/wordpress\/plugins\/seo\/ -->\n<title>Avoir un bon score au Cambridge B2 First (FCE)<\/title>\n<meta name=\"robots\" content=\"index, follow, max-snippet:-1, max-image-preview:large, max-video-preview:-1\" \/>\n<link rel=\"canonical\" href=\"https:\/\/global-exam.com\/blog\/fr\/examens\/cambridge-fce\/categorie-avoir-un-bon-score-au-cambridge-b2-first\/\" \/>\n<meta property=\"og:locale\" content=\"fr_FR\" \/>\n<meta property=\"og:type\" content=\"article\" \/>\n<meta property=\"og:title\" content=\"Avoir un bon score au Cambridge B2 First (FCE)\" \/>\n<meta property=\"og:description\" content=\"Obtenir un bon score au B2 First Cette cat\u00e9gorie vous informe en g\u00e9n\u00e9ral sur tout ce que vous devez savoir sur le\u00a0B2 [&hellip;]\" \/>\n<meta property=\"og:url\" content=\"https:\/\/global-exam.com\/blog\/fr\/examens\/cambridge-fce\/categorie-avoir-un-bon-score-au-cambridge-b2-first\/\" \/>\n<meta property=\"og:site_name\" content=\"GlobalExam Blog\" \/>\n<meta property=\"article:publisher\" content=\"https:\/\/www.facebook.com\/Global.Exam\" \/>\n<meta property=\"article:modified_time\" content=\"2022-08-31T12:43:23+00:00\" \/>\n<meta name=\"twitter:card\" content=\"summary_large_image\" \/>\n<meta name=\"twitter:site\" content=\"@Global_Exam\" \/>\n<meta name=\"twitter:label1\" content=\"Dur\u00e9e de lecture estim\u00e9e\" \/>\n\t<meta name=\"twitter:data1\" content=\"3 minutes\" \/>\n<script type=\"application\/ld+json\" class=\"yoast-schema-graph\">{\"@context\":\"https:\/\/schema.org\",\"@graph\":[{\"@type\":\"WebSite\",\"@id\":\"https:\/\/global-exam.com\/blog\/#website\",\"url\":\"https:\/\/global-exam.com\/blog\/\",\"name\":\"GlobalExam Blog\",\"description\":\"Le blog du sp\\u00e9cialiste de la certification linguistique\",\"potentialAction\":[{\"@type\":\"SearchAction\",\"target\":{\"@type\":\"EntryPoint\",\"urlTemplate\":\"https:\/\/global-exam.com\/blog\/?s={search_term_string}\"},\"query-input\":\"required name=search_term_string\"}],\"inLanguage\":\"fr-FR\"},{\"@type\":\"WebPage\",\"@id\":\"https:\/\/global-exam.com\/blog\/fr\/examens\/cambridge-fce\/categorie-avoir-un-bon-score-au-cambridge-b2-first\/#webpage\",\"url\":\"https:\/\/global-exam.com\/blog\/fr\/examens\/cambridge-fce\/categorie-avoir-un-bon-score-au-cambridge-b2-first\/\",\"name\":\"Avoir un bon score au Cambridge B2 First (FCE)\",\"isPartOf\":{\"@id\":\"https:\/\/global-exam.com\/blog\/#website\"},\"datePublished\":\"2021-08-16T10:22:17+00:00\",\"dateModified\":\"2022-08-31T12:43:23+00:00\",\"breadcrumb\":{\"@id\":\"https:\/\/global-exam.com\/blog\/fr\/examens\/cambridge-fce\/categorie-avoir-un-bon-score-au-cambridge-b2-first\/#breadcrumb\"},\"inLanguage\":\"fr-FR\",\"potentialAction\":[{\"@type\":\"ReadAction\",\"target\":[\"https:\/\/global-exam.com\/blog\/fr\/examens\/cambridge-fce\/categorie-avoir-un-bon-score-au-cambridge-b2-first\/\"]}]},{\"@type\":\"BreadcrumbList\",\"@id\":\"https:\/\/global-exam.com\/blog\/fr\/examens\/cambridge-fce\/categorie-avoir-un-bon-score-au-cambridge-b2-first\/#breadcrumb\",\"itemListElement\":[{\"@type\":\"ListItem\",\"position\":1,\"name\":\"Les examens de langue\",\"item\":\"https:\/\/global-exam.com\/blog\/fr\/examens\/\"},{\"@type\":\"ListItem\",\"position\":2,\"name\":\"B2 First (FCE)\",\"item\":\"https:\/\/global-exam.com\/blog\/fr\/examens\/cambridge-fce\/\"},{\"@type\":\"ListItem\",\"position\":3,\"name\":\"Avoir un bon score au Cambridge B2 First (FCE)\"}]}]}<\/script>\n<!-- \/ Yoast SEO plugin. -->","yoast_head_json":{"title":"Avoir un bon score au Cambridge B2 First (FCE)","robots":{"index":"index","follow":"follow","max-snippet":"max-snippet:-1","max-image-preview":"max-image-preview:large","max-video-preview":"max-video-preview:-1"},"canonical":"https:\/\/global-exam.com\/blog\/fr\/examens\/cambridge-fce\/categorie-avoir-un-bon-score-au-cambridge-b2-first\/","og_locale":"fr_FR","og_type":"article","og_title":"Avoir un bon score au Cambridge B2 First (FCE)","og_description":"Obtenir un bon score au B2 First Cette cat\u00e9gorie vous informe en g\u00e9n\u00e9ral sur tout ce que vous devez savoir sur le\u00a0B2 [&hellip;]","og_url":"https:\/\/global-exam.com\/blog\/fr\/examens\/cambridge-fce\/categorie-avoir-un-bon-score-au-cambridge-b2-first\/","og_site_name":"GlobalExam Blog","article_publisher":"https:\/\/www.facebook.com\/Global.Exam","article_modified_time":"2022-08-31T12:43:23+00:00","twitter_card":"summary_large_image","twitter_site":"@Global_Exam","twitter_misc":{"Dur\u00e9e de lecture estim\u00e9e":"3 minutes"},"schema":{"@context":"https:\/\/schema.org","@graph":[{"@type":"WebSite","@id":"https:\/\/global-exam.com\/blog\/#website","url":"https:\/\/global-exam.com\/blog\/","name":"GlobalExam Blog","description":"Le blog du sp\u00e9cialiste de la certification linguistique","potentialAction":[{"@type":"SearchAction","target":{"@type":"EntryPoint","urlTemplate":"https:\/\/global-exam.com\/blog\/?s={search_term_string}"},"query-input":"required name=search_term_string"}],"inLanguage":"fr-FR"},{"@type":"WebPage","@id":"https:\/\/global-exam.com\/blog\/fr\/examens\/cambridge-fce\/categorie-avoir-un-bon-score-au-cambridge-b2-first\/#webpage","url":"https:\/\/global-exam.com\/blog\/fr\/examens\/cambridge-fce\/categorie-avoir-un-bon-score-au-cambridge-b2-first\/","name":"Avoir un bon score au Cambridge B2 First (FCE)","isPartOf":{"@id":"https:\/\/global-exam.com\/blog\/#website"},"datePublished":"2021-08-16T10:22:17+00:00","dateModified":"2022-08-31T12:43:23+00:00","breadcrumb":{"@id":"https:\/\/global-exam.com\/blog\/fr\/examens\/cambridge-fce\/categorie-avoir-un-bon-score-au-cambridge-b2-first\/#breadcrumb"},"inLanguage":"fr-FR","potentialAction":[{"@type":"ReadAction","target":["https:\/\/global-exam.com\/blog\/fr\/examens\/cambridge-fce\/categorie-avoir-un-bon-score-au-cambridge-b2-first\/"]}]},{"@type":"BreadcrumbList","@id":"https:\/\/global-exam.com\/blog\/fr\/examens\/cambridge-fce\/categorie-avoir-un-bon-score-au-cambridge-b2-first\/#breadcrumb","itemListElement":[{"@type":"ListItem","position":1,"name":"Les examens de langue","item":"https:\/\/global-exam.com\/blog\/fr\/examens\/"},{"@type":"ListItem","position":2,"name":"B2 First (FCE)","item":"https:\/\/global-exam.com\/blog\/fr\/examens\/cambridge-fce\/"},{"@type":"ListItem","position":3,"name":"Avoir un bon score au Cambridge B2 First (FCE)"}]}]}},"lang":"fr","translations":{"fr":60180},"pll_sync_post":[],"_links":{"self":[{"href":"https:\/\/global-exam.com\/blog\/wp-json\/wp\/v2\/pages\/60180"}],"collection":[{"href":"https:\/\/global-exam.com\/blog\/wp-json\/wp\/v2\/pages"}],"about":[{"href":"https:\/\/global-exam.com\/blog\/wp-json\/wp\/v2\/types\/page"}],"author":[{"embeddable":true,"href":"https:\/\/global-exam.com\/blog\/wp-json\/wp\/v2\/users\/24"}],"replies":[{"embeddable":true,"href":"https:\/\/global-exam.com\/blog\/wp-json\/wp\/v2\/comments?post=60180"}],"version-history":[{"count":9,"href":"https:\/\/global-exam.com\/blog\/wp-json\/wp\/v2\/pages\/60180\/revisions"}],"predecessor-version":[{"id":79211,"href":"https:\/\/global-exam.com\/blog\/wp-json\/wp\/v2\/pages\/60180\/revisions\/79211"}],"up":[{"embeddable":true,"href":"https:\/\/global-exam.com\/blog\/wp-json\/wp\/v2\/pages\/2869"}],"wp:attachment":[{"href":"https:\/\/global-exam.com\/blog\/wp-json\/wp\/v2\/media?parent=60180"}],"curies":[{"name":"wp","href":"https:\/\/api.w.org\/{rel}","templated":true}]}}