{"id":60194,"date":"2021-08-16T14:14:04","date_gmt":"2021-08-16T12:14:04","guid":{"rendered":"https:\/\/global-exam.com\/blog\/?page_id=60194"},"modified":"2022-08-31T14:44:23","modified_gmt":"2022-08-31T12:44:23","slug":"categorie-conseils-pour-sentrainer-au-cambridge-b2-first","status":"publish","type":"page","link":"https:\/\/global-exam.com\/blog\/fr\/examens\/cambridge-fce\/categorie-conseils-pour-sentrainer-au-cambridge-b2-first\/","title":{"rendered":"Conseils pour s&rsquo;entra\u00eener au Cambridge B2 First (FCE)"},"content":{"rendered":"<p>S&rsquo;entra\u00eener pour le B2 First<\/p>\n<p>Dans cette cat\u00e9gorie, nous allons vous expliquer de mani\u00e8re g\u00e9n\u00e9rale comment\u00a0<strong>bien vous entra\u00eener au B2 First<\/strong>.<\/p>\n<p>Le\u00a0<strong>Cambridge B2 First<\/strong>, c\u2019est en fait un\u00a0<strong>examen d\u2019anglais<\/strong>. Il a pour but de valider votre\u00a0<strong>niveau B2 d\u2019anglais<\/strong>. Il est tr\u00e8s reconnu par les institutions, \u00e0 travers le monde entier. Vous serez \u00e9valu\u00e9 sur plusieurs comp\u00e9tences (oral, \u00e9crit, expression, grammaire\u2026). Une\u00a0<strong>note de A \u00e0 E<\/strong>\u00a0vous sera attribu\u00e9e \u00e0 la fin. \u00c0 savoir que les notes C et D vaudront un \u00e9chec de l\u2019examen.<\/p>\n<p>Avant de pouvoir passer votre\u00a0<strong>B2 First<\/strong>\u00a0en toute s\u00e9r\u00e9nit\u00e9, il est tr\u00e8s important de\u00a0<strong>bien vous entra\u00eener<\/strong>. Comme toute \u00e9preuve, une pr\u00e9paration de plusieurs semaines voire plusieurs mois va \u00eatre n\u00e9cessaire. C\u2019est dans ce sens que nous mettons donc \u00e0 votre disposition de\u00a0<strong>nombreux conseils<\/strong>\u00a0et\u00a0<strong>astuces<\/strong>\u00a0pour r\u00e9ussir le jour J.<\/p>\n<p>Dans ce dossier sp\u00e9cial \u00ab\u00a0<strong>Conseils pour s\u2019entra\u00eener<\/strong>\u00a0\u00bb, on vous montre la strat\u00e9gie que nous utilisons sur le site\u00a0<strong>GlobalExam<\/strong>. Tout a \u00e9t\u00e9 pens\u00e9 pour que vous atteigniez le succ\u00e8s lors de votre examen.<\/p>\n","protected":false},"excerpt":{"rendered":"<p>S&rsquo;entra\u00eener pour le B2 First Dans cette cat\u00e9gorie, nous allons vous expliquer de mani\u00e8re g\u00e9n\u00e9rale comment\u00a0bien vous entra\u00eener au B2 First. Le\u00a0Cambridge [&hellip;]<\/p>\n","protected":false},"author":24,"featured_media":0,"parent":2869,"menu_order":0,"comment_status":"closed","ping_status":"closed","template":"","meta":[],"acf":[],"yoast_head":"<!-- This site is optimized with the Yoast SEO plugin v17.2.1 - https:\/\/yoast.com\/wordpress\/plugins\/seo\/ -->\n<title>Conseils pour s&#039;entra\u00eener au Cambridge B2 First (FCE)<\/title>\n<meta name=\"robots\" content=\"index, follow, max-snippet:-1, max-image-preview:large, max-video-preview:-1\" \/>\n<link rel=\"canonical\" href=\"https:\/\/global-exam.com\/blog\/fr\/examens\/cambridge-fce\/categorie-conseils-pour-sentrainer-au-cambridge-b2-first\/\" \/>\n<meta property=\"og:locale\" content=\"fr_FR\" \/>\n<meta property=\"og:type\" content=\"article\" \/>\n<meta property=\"og:title\" content=\"Conseils pour s&#039;entra\u00eener au Cambridge B2 First (FCE)\" \/>\n<meta property=\"og:description\" content=\"S&rsquo;entra\u00eener pour le B2 First Dans cette cat\u00e9gorie, nous allons vous expliquer de mani\u00e8re g\u00e9n\u00e9rale comment\u00a0bien vous entra\u00eener au B2 First. Le\u00a0Cambridge [&hellip;]\" \/>\n<meta property=\"og:url\" content=\"https:\/\/global-exam.com\/blog\/fr\/examens\/cambridge-fce\/categorie-conseils-pour-sentrainer-au-cambridge-b2-first\/\" \/>\n<meta property=\"og:site_name\" content=\"GlobalExam Blog\" \/>\n<meta property=\"article:publisher\" content=\"https:\/\/www.facebook.com\/Global.Exam\" \/>\n<meta property=\"article:modified_time\" content=\"2022-08-31T12:44:23+00:00\" \/>\n<meta name=\"twitter:card\" content=\"summary_large_image\" \/>\n<meta name=\"twitter:site\" content=\"@Global_Exam\" \/>\n<meta name=\"twitter:label1\" content=\"Dur\u00e9e de lecture estim\u00e9e\" \/>\n\t<meta name=\"twitter:data1\" content=\"3 minutes\" \/>\n<script type=\"application\/ld+json\" class=\"yoast-schema-graph\">{\"@context\":\"https:\/\/schema.org\",\"@graph\":[{\"@type\":\"WebSite\",\"@id\":\"https:\/\/global-exam.com\/blog\/#website\",\"url\":\"https:\/\/global-exam.com\/blog\/\",\"name\":\"GlobalExam Blog\",\"description\":\"Le blog du sp\\u00e9cialiste de la certification linguistique\",\"potentialAction\":[{\"@type\":\"SearchAction\",\"target\":{\"@type\":\"EntryPoint\",\"urlTemplate\":\"https:\/\/global-exam.com\/blog\/?s={search_term_string}\"},\"query-input\":\"required name=search_term_string\"}],\"inLanguage\":\"fr-FR\"},{\"@type\":\"WebPage\",\"@id\":\"https:\/\/global-exam.com\/blog\/fr\/examens\/cambridge-fce\/categorie-conseils-pour-sentrainer-au-cambridge-b2-first\/#webpage\",\"url\":\"https:\/\/global-exam.com\/blog\/fr\/examens\/cambridge-fce\/categorie-conseils-pour-sentrainer-au-cambridge-b2-first\/\",\"name\":\"Conseils pour s'entra\\u00eener au Cambridge B2 First (FCE)\",\"isPartOf\":{\"@id\":\"https:\/\/global-exam.com\/blog\/#website\"},\"datePublished\":\"2021-08-16T12:14:04+00:00\",\"dateModified\":\"2022-08-31T12:44:23+00:00\",\"breadcrumb\":{\"@id\":\"https:\/\/global-exam.com\/blog\/fr\/examens\/cambridge-fce\/categorie-conseils-pour-sentrainer-au-cambridge-b2-first\/#breadcrumb\"},\"inLanguage\":\"fr-FR\",\"potentialAction\":[{\"@type\":\"ReadAction\",\"target\":[\"https:\/\/global-exam.com\/blog\/fr\/examens\/cambridge-fce\/categorie-conseils-pour-sentrainer-au-cambridge-b2-first\/\"]}]},{\"@type\":\"BreadcrumbList\",\"@id\":\"https:\/\/global-exam.com\/blog\/fr\/examens\/cambridge-fce\/categorie-conseils-pour-sentrainer-au-cambridge-b2-first\/#breadcrumb\",\"itemListElement\":[{\"@type\":\"ListItem\",\"position\":1,\"name\":\"Les examens de langue\",\"item\":\"https:\/\/global-exam.com\/blog\/fr\/examens\/\"},{\"@type\":\"ListItem\",\"position\":2,\"name\":\"B2 First (FCE)\",\"item\":\"https:\/\/global-exam.com\/blog\/fr\/examens\/cambridge-fce\/\"},{\"@type\":\"ListItem\",\"position\":3,\"name\":\"Conseils pour s&rsquo;entra\\u00eener au Cambridge B2 First (FCE)\"}]}]}<\/script>\n<!-- \/ Yoast SEO plugin. -->","yoast_head_json":{"title":"Conseils pour s'entra\u00eener au Cambridge B2 First (FCE)","robots":{"index":"index","follow":"follow","max-snippet":"max-snippet:-1","max-image-preview":"max-image-preview:large","max-video-preview":"max-video-preview:-1"},"canonical":"https:\/\/global-exam.com\/blog\/fr\/examens\/cambridge-fce\/categorie-conseils-pour-sentrainer-au-cambridge-b2-first\/","og_locale":"fr_FR","og_type":"article","og_title":"Conseils pour s'entra\u00eener au Cambridge B2 First (FCE)","og_description":"S&rsquo;entra\u00eener pour le B2 First Dans cette cat\u00e9gorie, nous allons vous expliquer de mani\u00e8re g\u00e9n\u00e9rale comment\u00a0bien vous entra\u00eener au B2 First. Le\u00a0Cambridge [&hellip;]","og_url":"https:\/\/global-exam.com\/blog\/fr\/examens\/cambridge-fce\/categorie-conseils-pour-sentrainer-au-cambridge-b2-first\/","og_site_name":"GlobalExam Blog","article_publisher":"https:\/\/www.facebook.com\/Global.Exam","article_modified_time":"2022-08-31T12:44:23+00:00","twitter_card":"summary_large_image","twitter_site":"@Global_Exam","twitter_misc":{"Dur\u00e9e de lecture estim\u00e9e":"3 minutes"},"schema":{"@context":"https:\/\/schema.org","@graph":[{"@type":"WebSite","@id":"https:\/\/global-exam.com\/blog\/#website","url":"https:\/\/global-exam.com\/blog\/","name":"GlobalExam Blog","description":"Le blog du sp\u00e9cialiste de la certification linguistique","potentialAction":[{"@type":"SearchAction","target":{"@type":"EntryPoint","urlTemplate":"https:\/\/global-exam.com\/blog\/?s={search_term_string}"},"query-input":"required name=search_term_string"}],"inLanguage":"fr-FR"},{"@type":"WebPage","@id":"https:\/\/global-exam.com\/blog\/fr\/examens\/cambridge-fce\/categorie-conseils-pour-sentrainer-au-cambridge-b2-first\/#webpage","url":"https:\/\/global-exam.com\/blog\/fr\/examens\/cambridge-fce\/categorie-conseils-pour-sentrainer-au-cambridge-b2-first\/","name":"Conseils pour s'entra\u00eener au Cambridge B2 First (FCE)","isPartOf":{"@id":"https:\/\/global-exam.com\/blog\/#website"},"datePublished":"2021-08-16T12:14:04+00:00","dateModified":"2022-08-31T12:44:23+00:00","breadcrumb":{"@id":"https:\/\/global-exam.com\/blog\/fr\/examens\/cambridge-fce\/categorie-conseils-pour-sentrainer-au-cambridge-b2-first\/#breadcrumb"},"inLanguage":"fr-FR","potentialAction":[{"@type":"ReadAction","target":["https:\/\/global-exam.com\/blog\/fr\/examens\/cambridge-fce\/categorie-conseils-pour-sentrainer-au-cambridge-b2-first\/"]}]},{"@type":"BreadcrumbList","@id":"https:\/\/global-exam.com\/blog\/fr\/examens\/cambridge-fce\/categorie-conseils-pour-sentrainer-au-cambridge-b2-first\/#breadcrumb","itemListElement":[{"@type":"ListItem","position":1,"name":"Les examens de langue","item":"https:\/\/global-exam.com\/blog\/fr\/examens\/"},{"@type":"ListItem","position":2,"name":"B2 First (FCE)","item":"https:\/\/global-exam.com\/blog\/fr\/examens\/cambridge-fce\/"},{"@type":"ListItem","position":3,"name":"Conseils pour s&rsquo;entra\u00eener au Cambridge B2 First (FCE)"}]}]}},"lang":"fr","translations":{"fr":60194},"pll_sync_post":[],"_links":{"self":[{"href":"https:\/\/global-exam.com\/blog\/wp-json\/wp\/v2\/pages\/60194"}],"collection":[{"href":"https:\/\/global-exam.com\/blog\/wp-json\/wp\/v2\/pages"}],"about":[{"href":"https:\/\/global-exam.com\/blog\/wp-json\/wp\/v2\/types\/page"}],"author":[{"embeddable":true,"href":"https:\/\/global-exam.com\/blog\/wp-json\/wp\/v2\/users\/24"}],"replies":[{"embeddable":true,"href":"https:\/\/global-exam.com\/blog\/wp-json\/wp\/v2\/comments?post=60194"}],"version-history":[{"count":9,"href":"https:\/\/global-exam.com\/blog\/wp-json\/wp\/v2\/pages\/60194\/revisions"}],"predecessor-version":[{"id":79213,"href":"https:\/\/global-exam.com\/blog\/wp-json\/wp\/v2\/pages\/60194\/revisions\/79213"}],"up":[{"embeddable":true,"href":"https:\/\/global-exam.com\/blog\/wp-json\/wp\/v2\/pages\/2869"}],"wp:attachment":[{"href":"https:\/\/global-exam.com\/blog\/wp-json\/wp\/v2\/media?parent=60194"}],"curies":[{"name":"wp","href":"https:\/\/api.w.org\/{rel}","templated":true}]}}