{"id":60203,"date":"2021-08-16T14:20:11","date_gmt":"2021-08-16T12:20:11","guid":{"rendered":"https:\/\/global-exam.com\/blog\/?page_id=60203"},"modified":"2022-08-31T14:44:53","modified_gmt":"2022-08-31T12:44:53","slug":"categorie-consignes-du-b2-first","status":"publish","type":"page","link":"https:\/\/global-exam.com\/blog\/fr\/examens\/cambridge-fce\/categorie-consignes-du-b2-first\/","title":{"rendered":"Consignes du B2 First (FCE)"},"content":{"rendered":"<p>Ma\u00eetriser les consignes du B2 First<\/p>\n<p>Dans cette cat\u00e9gorie, vous allez d\u00e9couvrir de mani\u00e8re d\u00e9taill\u00e9e les\u00a0<strong>consignes des diff\u00e9rentes sections du B2 First<\/strong>.<\/p>\n<p>Vous souhaitez parfaitement r\u00e9ussir votre examen le jour J\u00a0? Il va \u00eatre donc \u00eatre tr\u00e8s important de conna\u00eetre les\u00a0<strong>consignes de chaque section<\/strong>.<\/p>\n<p>C\u2019est en ce sens que nous avons cr\u00e9\u00e9 cette cat\u00e9gorie sp\u00e9cifique sur les\u00a0<strong>consignes du B2 First<\/strong>. Vous y trouverez des\u00a0<strong>conseils et des d\u00e9tails<\/strong>\u00a0pour les sections qui se trouvent dans le test.<\/p>\n<p>En effet, plus vous conna\u00eetrez votre sujet, et mieux vous le ma\u00eetriserez. C\u2019est primordial de bien\u00a0<strong>conna\u00eetre<\/strong>\u00a0ce qui vous attend dans le\u00a0<strong>test du B2 First<\/strong>. Surtout si vous d\u00e9sirez obtenir un niveau sup\u00e9rieur, \u00e0 savoir le<strong>\u00a0niveau C1<\/strong>.<\/p>\n","protected":false},"excerpt":{"rendered":"<p>Ma\u00eetriser les consignes du B2 First Dans cette cat\u00e9gorie, vous allez d\u00e9couvrir de mani\u00e8re d\u00e9taill\u00e9e les\u00a0consignes des diff\u00e9rentes sections du B2 First. [&hellip;]<\/p>\n","protected":false},"author":24,"featured_media":0,"parent":2869,"menu_order":0,"comment_status":"closed","ping_status":"closed","template":"","meta":[],"acf":[],"yoast_head":"<!-- This site is optimized with the Yoast SEO plugin v17.2.1 - https:\/\/yoast.com\/wordpress\/plugins\/seo\/ -->\n<title>Consignes du B2 First (FCE)<\/title>\n<meta name=\"robots\" content=\"index, follow, max-snippet:-1, max-image-preview:large, max-video-preview:-1\" \/>\n<link rel=\"canonical\" href=\"https:\/\/global-exam.com\/blog\/fr\/examens\/cambridge-fce\/categorie-consignes-du-b2-first\/\" \/>\n<meta property=\"og:locale\" content=\"fr_FR\" \/>\n<meta property=\"og:type\" content=\"article\" \/>\n<meta property=\"og:title\" content=\"Consignes du B2 First (FCE)\" \/>\n<meta property=\"og:description\" content=\"Ma\u00eetriser les consignes du B2 First Dans cette cat\u00e9gorie, vous allez d\u00e9couvrir de mani\u00e8re d\u00e9taill\u00e9e les\u00a0consignes des diff\u00e9rentes sections du B2 First. [&hellip;]\" \/>\n<meta property=\"og:url\" content=\"https:\/\/global-exam.com\/blog\/fr\/examens\/cambridge-fce\/categorie-consignes-du-b2-first\/\" \/>\n<meta property=\"og:site_name\" content=\"GlobalExam Blog\" \/>\n<meta property=\"article:publisher\" content=\"https:\/\/www.facebook.com\/Global.Exam\" \/>\n<meta property=\"article:modified_time\" content=\"2022-08-31T12:44:53+00:00\" \/>\n<meta name=\"twitter:card\" content=\"summary_large_image\" \/>\n<meta name=\"twitter:site\" content=\"@Global_Exam\" \/>\n<meta name=\"twitter:label1\" content=\"Dur\u00e9e de lecture estim\u00e9e\" \/>\n\t<meta name=\"twitter:data1\" content=\"1 minute\" \/>\n<script type=\"application\/ld+json\" class=\"yoast-schema-graph\">{\"@context\":\"https:\/\/schema.org\",\"@graph\":[{\"@type\":\"WebSite\",\"@id\":\"https:\/\/global-exam.com\/blog\/#website\",\"url\":\"https:\/\/global-exam.com\/blog\/\",\"name\":\"GlobalExam Blog\",\"description\":\"Le blog du sp\\u00e9cialiste de la certification linguistique\",\"potentialAction\":[{\"@type\":\"SearchAction\",\"target\":{\"@type\":\"EntryPoint\",\"urlTemplate\":\"https:\/\/global-exam.com\/blog\/?s={search_term_string}\"},\"query-input\":\"required name=search_term_string\"}],\"inLanguage\":\"fr-FR\"},{\"@type\":\"WebPage\",\"@id\":\"https:\/\/global-exam.com\/blog\/fr\/examens\/cambridge-fce\/categorie-consignes-du-b2-first\/#webpage\",\"url\":\"https:\/\/global-exam.com\/blog\/fr\/examens\/cambridge-fce\/categorie-consignes-du-b2-first\/\",\"name\":\"Consignes du B2 First (FCE)\",\"isPartOf\":{\"@id\":\"https:\/\/global-exam.com\/blog\/#website\"},\"datePublished\":\"2021-08-16T12:20:11+00:00\",\"dateModified\":\"2022-08-31T12:44:53+00:00\",\"breadcrumb\":{\"@id\":\"https:\/\/global-exam.com\/blog\/fr\/examens\/cambridge-fce\/categorie-consignes-du-b2-first\/#breadcrumb\"},\"inLanguage\":\"fr-FR\",\"potentialAction\":[{\"@type\":\"ReadAction\",\"target\":[\"https:\/\/global-exam.com\/blog\/fr\/examens\/cambridge-fce\/categorie-consignes-du-b2-first\/\"]}]},{\"@type\":\"BreadcrumbList\",\"@id\":\"https:\/\/global-exam.com\/blog\/fr\/examens\/cambridge-fce\/categorie-consignes-du-b2-first\/#breadcrumb\",\"itemListElement\":[{\"@type\":\"ListItem\",\"position\":1,\"name\":\"Les examens de langue\",\"item\":\"https:\/\/global-exam.com\/blog\/fr\/examens\/\"},{\"@type\":\"ListItem\",\"position\":2,\"name\":\"B2 First (FCE)\",\"item\":\"https:\/\/global-exam.com\/blog\/fr\/examens\/cambridge-fce\/\"},{\"@type\":\"ListItem\",\"position\":3,\"name\":\"Consignes du B2 First (FCE)\"}]}]}<\/script>\n<!-- \/ Yoast SEO plugin. -->","yoast_head_json":{"title":"Consignes du B2 First (FCE)","robots":{"index":"index","follow":"follow","max-snippet":"max-snippet:-1","max-image-preview":"max-image-preview:large","max-video-preview":"max-video-preview:-1"},"canonical":"https:\/\/global-exam.com\/blog\/fr\/examens\/cambridge-fce\/categorie-consignes-du-b2-first\/","og_locale":"fr_FR","og_type":"article","og_title":"Consignes du B2 First (FCE)","og_description":"Ma\u00eetriser les consignes du B2 First Dans cette cat\u00e9gorie, vous allez d\u00e9couvrir de mani\u00e8re d\u00e9taill\u00e9e les\u00a0consignes des diff\u00e9rentes sections du B2 First. [&hellip;]","og_url":"https:\/\/global-exam.com\/blog\/fr\/examens\/cambridge-fce\/categorie-consignes-du-b2-first\/","og_site_name":"GlobalExam Blog","article_publisher":"https:\/\/www.facebook.com\/Global.Exam","article_modified_time":"2022-08-31T12:44:53+00:00","twitter_card":"summary_large_image","twitter_site":"@Global_Exam","twitter_misc":{"Dur\u00e9e de lecture estim\u00e9e":"1 minute"},"schema":{"@context":"https:\/\/schema.org","@graph":[{"@type":"WebSite","@id":"https:\/\/global-exam.com\/blog\/#website","url":"https:\/\/global-exam.com\/blog\/","name":"GlobalExam Blog","description":"Le blog du sp\u00e9cialiste de la certification linguistique","potentialAction":[{"@type":"SearchAction","target":{"@type":"EntryPoint","urlTemplate":"https:\/\/global-exam.com\/blog\/?s={search_term_string}"},"query-input":"required name=search_term_string"}],"inLanguage":"fr-FR"},{"@type":"WebPage","@id":"https:\/\/global-exam.com\/blog\/fr\/examens\/cambridge-fce\/categorie-consignes-du-b2-first\/#webpage","url":"https:\/\/global-exam.com\/blog\/fr\/examens\/cambridge-fce\/categorie-consignes-du-b2-first\/","name":"Consignes du B2 First (FCE)","isPartOf":{"@id":"https:\/\/global-exam.com\/blog\/#website"},"datePublished":"2021-08-16T12:20:11+00:00","dateModified":"2022-08-31T12:44:53+00:00","breadcrumb":{"@id":"https:\/\/global-exam.com\/blog\/fr\/examens\/cambridge-fce\/categorie-consignes-du-b2-first\/#breadcrumb"},"inLanguage":"fr-FR","potentialAction":[{"@type":"ReadAction","target":["https:\/\/global-exam.com\/blog\/fr\/examens\/cambridge-fce\/categorie-consignes-du-b2-first\/"]}]},{"@type":"BreadcrumbList","@id":"https:\/\/global-exam.com\/blog\/fr\/examens\/cambridge-fce\/categorie-consignes-du-b2-first\/#breadcrumb","itemListElement":[{"@type":"ListItem","position":1,"name":"Les examens de langue","item":"https:\/\/global-exam.com\/blog\/fr\/examens\/"},{"@type":"ListItem","position":2,"name":"B2 First (FCE)","item":"https:\/\/global-exam.com\/blog\/fr\/examens\/cambridge-fce\/"},{"@type":"ListItem","position":3,"name":"Consignes du B2 First (FCE)"}]}]}},"lang":"fr","translations":{"fr":60203},"pll_sync_post":[],"_links":{"self":[{"href":"https:\/\/global-exam.com\/blog\/wp-json\/wp\/v2\/pages\/60203"}],"collection":[{"href":"https:\/\/global-exam.com\/blog\/wp-json\/wp\/v2\/pages"}],"about":[{"href":"https:\/\/global-exam.com\/blog\/wp-json\/wp\/v2\/types\/page"}],"author":[{"embeddable":true,"href":"https:\/\/global-exam.com\/blog\/wp-json\/wp\/v2\/users\/24"}],"replies":[{"embeddable":true,"href":"https:\/\/global-exam.com\/blog\/wp-json\/wp\/v2\/comments?post=60203"}],"version-history":[{"count":9,"href":"https:\/\/global-exam.com\/blog\/wp-json\/wp\/v2\/pages\/60203\/revisions"}],"predecessor-version":[{"id":79214,"href":"https:\/\/global-exam.com\/blog\/wp-json\/wp\/v2\/pages\/60203\/revisions\/79214"}],"up":[{"embeddable":true,"href":"https:\/\/global-exam.com\/blog\/wp-json\/wp\/v2\/pages\/2869"}],"wp:attachment":[{"href":"https:\/\/global-exam.com\/blog\/wp-json\/wp\/v2\/media?parent=60203"}],"curies":[{"name":"wp","href":"https:\/\/api.w.org\/{rel}","templated":true}]}}