{"id":60210,"date":"2021-08-16T14:26:05","date_gmt":"2021-08-16T12:26:05","guid":{"rendered":"https:\/\/global-exam.com\/blog\/?page_id=60210"},"modified":"2022-08-31T14:45:56","modified_gmt":"2022-08-31T12:45:56","slug":"categorie-pourquoi-passer-le-b2-first","status":"publish","type":"page","link":"https:\/\/global-exam.com\/blog\/fr\/examens\/cambridge-fce\/categorie-pourquoi-passer-le-b2-first\/","title":{"rendered":"Pourquoi passer le B2 First ?"},"content":{"rendered":"<p>Les avantages du B2 First<\/p>\n<p>Parfois, il est difficile de se rep\u00e9rer entre tous les\u00a0<strong>tests d\u2019anglais<\/strong>\u00a0qui existent. C\u2019est pourquoi nous avons d\u00e9cid\u00e9 de cr\u00e9er cette cat\u00e9gorie sur\u00a0<strong>GlobalExam<\/strong>. Elle va vous permettre de comprendre\u00a0<strong>pourquoi<\/strong>\u00a0vous devriez ou non\u00a0<strong>passer le B2 First<\/strong>.<\/p>\n<p>Au travers de ce dossier sp\u00e9cial sur \u00ab\u00a0<strong>Pourquoi passer le B2 First<\/strong>\u00a0\u00bb, nous avons voulu mettre l\u2019accent sur trois points essentiels :<\/p>\n<ul>\n<li><strong>Comprendre<\/strong>\u00a0ce qu\u2019est le\u00a0<strong>B2 First<\/strong> ;<\/li>\n<li><strong>Pourquoi\u00a0<\/strong>passer le B2 First si vous \u00eates\u00a0<strong>\u00e9tudiant<\/strong>\u00a0;<\/li>\n<li>Et enfin\u00a0<strong>pourquoi<\/strong>\u00a0le passer si vous \u00eates\u00a0<strong>professionnel<\/strong>.<\/li>\n<\/ul>\n<p>Assur\u00e9ment, ce n\u2019est la m\u00eame chose de passer le\u00a0<strong>FCE<\/strong>\u00a0en tant qu\u2019\u00e9tudiant qu\u2019en tant que professionnel.<\/p>\n<p>D\u00e9couvrez-en plus d\u00e8s maintenant en cliquant sur l\u2019article de votre choix !<\/p>\n","protected":false},"excerpt":{"rendered":"<p>Les avantages du B2 First Parfois, il est difficile de se rep\u00e9rer entre tous les\u00a0tests d\u2019anglais\u00a0qui existent. C\u2019est pourquoi nous avons d\u00e9cid\u00e9 [&hellip;]<\/p>\n","protected":false},"author":24,"featured_media":0,"parent":2869,"menu_order":0,"comment_status":"closed","ping_status":"closed","template":"","meta":[],"acf":[],"yoast_head":"<!-- This site is optimized with the Yoast SEO plugin v17.2.1 - https:\/\/yoast.com\/wordpress\/plugins\/seo\/ -->\n<title>Pourquoi passer le B2 First ?<\/title>\n<meta name=\"robots\" content=\"index, follow, max-snippet:-1, max-image-preview:large, max-video-preview:-1\" \/>\n<link rel=\"canonical\" href=\"https:\/\/global-exam.com\/blog\/fr\/examens\/cambridge-fce\/categorie-pourquoi-passer-le-b2-first\/\" \/>\n<meta property=\"og:locale\" content=\"fr_FR\" \/>\n<meta property=\"og:type\" content=\"article\" \/>\n<meta property=\"og:title\" content=\"Pourquoi passer le B2 First ?\" \/>\n<meta property=\"og:description\" content=\"Les avantages du B2 First Parfois, il est difficile de se rep\u00e9rer entre tous les\u00a0tests d\u2019anglais\u00a0qui existent. C\u2019est pourquoi nous avons d\u00e9cid\u00e9 [&hellip;]\" \/>\n<meta property=\"og:url\" content=\"https:\/\/global-exam.com\/blog\/fr\/examens\/cambridge-fce\/categorie-pourquoi-passer-le-b2-first\/\" \/>\n<meta property=\"og:site_name\" content=\"GlobalExam Blog\" \/>\n<meta property=\"article:publisher\" content=\"https:\/\/www.facebook.com\/Global.Exam\" \/>\n<meta property=\"article:modified_time\" content=\"2022-08-31T12:45:56+00:00\" \/>\n<meta name=\"twitter:card\" content=\"summary_large_image\" \/>\n<meta name=\"twitter:site\" content=\"@Global_Exam\" \/>\n<meta name=\"twitter:label1\" content=\"Dur\u00e9e de lecture estim\u00e9e\" \/>\n\t<meta name=\"twitter:data1\" content=\"1 minute\" \/>\n<script type=\"application\/ld+json\" class=\"yoast-schema-graph\">{\"@context\":\"https:\/\/schema.org\",\"@graph\":[{\"@type\":\"WebSite\",\"@id\":\"https:\/\/global-exam.com\/blog\/#website\",\"url\":\"https:\/\/global-exam.com\/blog\/\",\"name\":\"GlobalExam Blog\",\"description\":\"Le blog du sp\\u00e9cialiste de la certification linguistique\",\"potentialAction\":[{\"@type\":\"SearchAction\",\"target\":{\"@type\":\"EntryPoint\",\"urlTemplate\":\"https:\/\/global-exam.com\/blog\/?s={search_term_string}\"},\"query-input\":\"required name=search_term_string\"}],\"inLanguage\":\"fr-FR\"},{\"@type\":\"WebPage\",\"@id\":\"https:\/\/global-exam.com\/blog\/fr\/examens\/cambridge-fce\/categorie-pourquoi-passer-le-b2-first\/#webpage\",\"url\":\"https:\/\/global-exam.com\/blog\/fr\/examens\/cambridge-fce\/categorie-pourquoi-passer-le-b2-first\/\",\"name\":\"Pourquoi passer le B2 First ?\",\"isPartOf\":{\"@id\":\"https:\/\/global-exam.com\/blog\/#website\"},\"datePublished\":\"2021-08-16T12:26:05+00:00\",\"dateModified\":\"2022-08-31T12:45:56+00:00\",\"breadcrumb\":{\"@id\":\"https:\/\/global-exam.com\/blog\/fr\/examens\/cambridge-fce\/categorie-pourquoi-passer-le-b2-first\/#breadcrumb\"},\"inLanguage\":\"fr-FR\",\"potentialAction\":[{\"@type\":\"ReadAction\",\"target\":[\"https:\/\/global-exam.com\/blog\/fr\/examens\/cambridge-fce\/categorie-pourquoi-passer-le-b2-first\/\"]}]},{\"@type\":\"BreadcrumbList\",\"@id\":\"https:\/\/global-exam.com\/blog\/fr\/examens\/cambridge-fce\/categorie-pourquoi-passer-le-b2-first\/#breadcrumb\",\"itemListElement\":[{\"@type\":\"ListItem\",\"position\":1,\"name\":\"Les examens de langue\",\"item\":\"https:\/\/global-exam.com\/blog\/fr\/examens\/\"},{\"@type\":\"ListItem\",\"position\":2,\"name\":\"B2 First (FCE)\",\"item\":\"https:\/\/global-exam.com\/blog\/fr\/examens\/cambridge-fce\/\"},{\"@type\":\"ListItem\",\"position\":3,\"name\":\"Pourquoi passer le B2 First ?\"}]}]}<\/script>\n<!-- \/ Yoast SEO plugin. -->","yoast_head_json":{"title":"Pourquoi passer le B2 First ?","robots":{"index":"index","follow":"follow","max-snippet":"max-snippet:-1","max-image-preview":"max-image-preview:large","max-video-preview":"max-video-preview:-1"},"canonical":"https:\/\/global-exam.com\/blog\/fr\/examens\/cambridge-fce\/categorie-pourquoi-passer-le-b2-first\/","og_locale":"fr_FR","og_type":"article","og_title":"Pourquoi passer le B2 First ?","og_description":"Les avantages du B2 First Parfois, il est difficile de se rep\u00e9rer entre tous les\u00a0tests d\u2019anglais\u00a0qui existent. C\u2019est pourquoi nous avons d\u00e9cid\u00e9 [&hellip;]","og_url":"https:\/\/global-exam.com\/blog\/fr\/examens\/cambridge-fce\/categorie-pourquoi-passer-le-b2-first\/","og_site_name":"GlobalExam Blog","article_publisher":"https:\/\/www.facebook.com\/Global.Exam","article_modified_time":"2022-08-31T12:45:56+00:00","twitter_card":"summary_large_image","twitter_site":"@Global_Exam","twitter_misc":{"Dur\u00e9e de lecture estim\u00e9e":"1 minute"},"schema":{"@context":"https:\/\/schema.org","@graph":[{"@type":"WebSite","@id":"https:\/\/global-exam.com\/blog\/#website","url":"https:\/\/global-exam.com\/blog\/","name":"GlobalExam Blog","description":"Le blog du sp\u00e9cialiste de la certification linguistique","potentialAction":[{"@type":"SearchAction","target":{"@type":"EntryPoint","urlTemplate":"https:\/\/global-exam.com\/blog\/?s={search_term_string}"},"query-input":"required name=search_term_string"}],"inLanguage":"fr-FR"},{"@type":"WebPage","@id":"https:\/\/global-exam.com\/blog\/fr\/examens\/cambridge-fce\/categorie-pourquoi-passer-le-b2-first\/#webpage","url":"https:\/\/global-exam.com\/blog\/fr\/examens\/cambridge-fce\/categorie-pourquoi-passer-le-b2-first\/","name":"Pourquoi passer le B2 First ?","isPartOf":{"@id":"https:\/\/global-exam.com\/blog\/#website"},"datePublished":"2021-08-16T12:26:05+00:00","dateModified":"2022-08-31T12:45:56+00:00","breadcrumb":{"@id":"https:\/\/global-exam.com\/blog\/fr\/examens\/cambridge-fce\/categorie-pourquoi-passer-le-b2-first\/#breadcrumb"},"inLanguage":"fr-FR","potentialAction":[{"@type":"ReadAction","target":["https:\/\/global-exam.com\/blog\/fr\/examens\/cambridge-fce\/categorie-pourquoi-passer-le-b2-first\/"]}]},{"@type":"BreadcrumbList","@id":"https:\/\/global-exam.com\/blog\/fr\/examens\/cambridge-fce\/categorie-pourquoi-passer-le-b2-first\/#breadcrumb","itemListElement":[{"@type":"ListItem","position":1,"name":"Les examens de langue","item":"https:\/\/global-exam.com\/blog\/fr\/examens\/"},{"@type":"ListItem","position":2,"name":"B2 First (FCE)","item":"https:\/\/global-exam.com\/blog\/fr\/examens\/cambridge-fce\/"},{"@type":"ListItem","position":3,"name":"Pourquoi passer le B2 First ?"}]}]}},"lang":"fr","translations":{"fr":60210},"pll_sync_post":[],"_links":{"self":[{"href":"https:\/\/global-exam.com\/blog\/wp-json\/wp\/v2\/pages\/60210"}],"collection":[{"href":"https:\/\/global-exam.com\/blog\/wp-json\/wp\/v2\/pages"}],"about":[{"href":"https:\/\/global-exam.com\/blog\/wp-json\/wp\/v2\/types\/page"}],"author":[{"embeddable":true,"href":"https:\/\/global-exam.com\/blog\/wp-json\/wp\/v2\/users\/24"}],"replies":[{"embeddable":true,"href":"https:\/\/global-exam.com\/blog\/wp-json\/wp\/v2\/comments?post=60210"}],"version-history":[{"count":7,"href":"https:\/\/global-exam.com\/blog\/wp-json\/wp\/v2\/pages\/60210\/revisions"}],"predecessor-version":[{"id":79216,"href":"https:\/\/global-exam.com\/blog\/wp-json\/wp\/v2\/pages\/60210\/revisions\/79216"}],"up":[{"embeddable":true,"href":"https:\/\/global-exam.com\/blog\/wp-json\/wp\/v2\/pages\/2869"}],"wp:attachment":[{"href":"https:\/\/global-exam.com\/blog\/wp-json\/wp\/v2\/media?parent=60210"}],"curies":[{"name":"wp","href":"https:\/\/api.w.org\/{rel}","templated":true}]}}