{"id":60220,"date":"2021-08-16T14:28:52","date_gmt":"2021-08-16T12:28:52","guid":{"rendered":"https:\/\/global-exam.com\/blog\/?page_id=60220"},"modified":"2022-08-31T14:46:23","modified_gmt":"2022-08-31T12:46:23","slug":"categorie-sinscrire-au-b2-first-fce","status":"publish","type":"page","link":"https:\/\/global-exam.com\/blog\/fr\/examens\/cambridge-fce\/categorie-sinscrire-au-b2-first-fce\/","title":{"rendered":"S&rsquo;inscrire au B2 First (FCE)"},"content":{"rendered":"<p>S&rsquo;inscrire pour passer le B2 First<\/p>\n<p>L\u2019<strong>inscription \u00e0 un examen<\/strong>\u00a0est toujours d\u00e9licate. Il est fort possible que vous ne sachiez pas comment faire, n\u2019y comment vous y prendre.<\/p>\n<p>Chez\u00a0<strong>GlobalExam<\/strong>, vous pouvez \u00eatre s\u00fbr que nous mettrons tout en \u0153uvre pour que vous soyez\u00a0<strong>accompagn\u00e9<\/strong>\u00a0du mieux possible. En ce sens, nous avons cr\u00e9\u00e9 cette cat\u00e9gorie pour vous\u00a0<strong>aider lors de votre inscription<\/strong>\u00a0au\u00a0<strong>Cambridge FCE<\/strong>.<br \/>\nDans ce dossier, nous avons r\u00e9pondu \u00e0\u00a0<strong>certaines questions<\/strong>\u00a0que vous vous posez tous. Que cela soit la mani\u00e8re dont il faut\u00a0<strong>s\u2019inscrire<\/strong>, o\u00f9 s\u2019inscrire, ou encore le\u00a0<strong>prix de l\u2019examen<\/strong>, on vous dit tout ce qu\u2019il faut savoir.<\/p>\n<p>Il existe plus de\u00a0<strong>60 centres<\/strong>\u00a0agr\u00e9\u00e9s en\u00a0<strong>France<\/strong>\u00a0vous permettant de\u00a0<strong>passer le FCE<\/strong>. Il y en aura donc tr\u00e8s certainement un pr\u00e8s de chez vous, m\u00eame si vous n\u2019habitez pas dans une grande ville.<\/p>\n<p>Pour plus d\u2019infos, \u00e7a se passe juste en dessous dans les articles !<\/p>\n","protected":false},"excerpt":{"rendered":"<p>S&rsquo;inscrire pour passer le B2 First L\u2019inscription \u00e0 un examen\u00a0est toujours d\u00e9licate. Il est fort possible que vous ne sachiez pas comment [&hellip;]<\/p>\n","protected":false},"author":24,"featured_media":0,"parent":2869,"menu_order":0,"comment_status":"closed","ping_status":"closed","template":"","meta":[],"acf":[],"yoast_head":"<!-- This site is optimized with the Yoast SEO plugin v17.2.1 - https:\/\/yoast.com\/wordpress\/plugins\/seo\/ -->\n<title>S&#039;inscrire au B2 First (FCE)<\/title>\n<meta name=\"robots\" content=\"index, follow, max-snippet:-1, max-image-preview:large, max-video-preview:-1\" \/>\n<link rel=\"canonical\" href=\"https:\/\/global-exam.com\/blog\/fr\/examens\/cambridge-fce\/categorie-sinscrire-au-b2-first-fce\/\" \/>\n<meta property=\"og:locale\" content=\"fr_FR\" \/>\n<meta property=\"og:type\" content=\"article\" \/>\n<meta property=\"og:title\" content=\"S&#039;inscrire au B2 First (FCE)\" \/>\n<meta property=\"og:description\" content=\"S&rsquo;inscrire pour passer le B2 First L\u2019inscription \u00e0 un examen\u00a0est toujours d\u00e9licate. Il est fort possible que vous ne sachiez pas comment [&hellip;]\" \/>\n<meta property=\"og:url\" content=\"https:\/\/global-exam.com\/blog\/fr\/examens\/cambridge-fce\/categorie-sinscrire-au-b2-first-fce\/\" \/>\n<meta property=\"og:site_name\" content=\"GlobalExam Blog\" \/>\n<meta property=\"article:publisher\" content=\"https:\/\/www.facebook.com\/Global.Exam\" \/>\n<meta property=\"article:modified_time\" content=\"2022-08-31T12:46:23+00:00\" \/>\n<meta name=\"twitter:card\" content=\"summary_large_image\" \/>\n<meta name=\"twitter:site\" content=\"@Global_Exam\" \/>\n<meta name=\"twitter:label1\" content=\"Dur\u00e9e de lecture estim\u00e9e\" \/>\n\t<meta name=\"twitter:data1\" content=\"1 minute\" \/>\n<script type=\"application\/ld+json\" class=\"yoast-schema-graph\">{\"@context\":\"https:\/\/schema.org\",\"@graph\":[{\"@type\":\"WebSite\",\"@id\":\"https:\/\/global-exam.com\/blog\/#website\",\"url\":\"https:\/\/global-exam.com\/blog\/\",\"name\":\"GlobalExam Blog\",\"description\":\"Le blog du sp\\u00e9cialiste de la certification linguistique\",\"potentialAction\":[{\"@type\":\"SearchAction\",\"target\":{\"@type\":\"EntryPoint\",\"urlTemplate\":\"https:\/\/global-exam.com\/blog\/?s={search_term_string}\"},\"query-input\":\"required name=search_term_string\"}],\"inLanguage\":\"fr-FR\"},{\"@type\":\"WebPage\",\"@id\":\"https:\/\/global-exam.com\/blog\/fr\/examens\/cambridge-fce\/categorie-sinscrire-au-b2-first-fce\/#webpage\",\"url\":\"https:\/\/global-exam.com\/blog\/fr\/examens\/cambridge-fce\/categorie-sinscrire-au-b2-first-fce\/\",\"name\":\"S'inscrire au B2 First (FCE)\",\"isPartOf\":{\"@id\":\"https:\/\/global-exam.com\/blog\/#website\"},\"datePublished\":\"2021-08-16T12:28:52+00:00\",\"dateModified\":\"2022-08-31T12:46:23+00:00\",\"breadcrumb\":{\"@id\":\"https:\/\/global-exam.com\/blog\/fr\/examens\/cambridge-fce\/categorie-sinscrire-au-b2-first-fce\/#breadcrumb\"},\"inLanguage\":\"fr-FR\",\"potentialAction\":[{\"@type\":\"ReadAction\",\"target\":[\"https:\/\/global-exam.com\/blog\/fr\/examens\/cambridge-fce\/categorie-sinscrire-au-b2-first-fce\/\"]}]},{\"@type\":\"BreadcrumbList\",\"@id\":\"https:\/\/global-exam.com\/blog\/fr\/examens\/cambridge-fce\/categorie-sinscrire-au-b2-first-fce\/#breadcrumb\",\"itemListElement\":[{\"@type\":\"ListItem\",\"position\":1,\"name\":\"Les examens de langue\",\"item\":\"https:\/\/global-exam.com\/blog\/fr\/examens\/\"},{\"@type\":\"ListItem\",\"position\":2,\"name\":\"B2 First (FCE)\",\"item\":\"https:\/\/global-exam.com\/blog\/fr\/examens\/cambridge-fce\/\"},{\"@type\":\"ListItem\",\"position\":3,\"name\":\"S&rsquo;inscrire au B2 First (FCE)\"}]}]}<\/script>\n<!-- \/ Yoast SEO plugin. -->","yoast_head_json":{"title":"S'inscrire au B2 First (FCE)","robots":{"index":"index","follow":"follow","max-snippet":"max-snippet:-1","max-image-preview":"max-image-preview:large","max-video-preview":"max-video-preview:-1"},"canonical":"https:\/\/global-exam.com\/blog\/fr\/examens\/cambridge-fce\/categorie-sinscrire-au-b2-first-fce\/","og_locale":"fr_FR","og_type":"article","og_title":"S'inscrire au B2 First (FCE)","og_description":"S&rsquo;inscrire pour passer le B2 First L\u2019inscription \u00e0 un examen\u00a0est toujours d\u00e9licate. Il est fort possible que vous ne sachiez pas comment [&hellip;]","og_url":"https:\/\/global-exam.com\/blog\/fr\/examens\/cambridge-fce\/categorie-sinscrire-au-b2-first-fce\/","og_site_name":"GlobalExam Blog","article_publisher":"https:\/\/www.facebook.com\/Global.Exam","article_modified_time":"2022-08-31T12:46:23+00:00","twitter_card":"summary_large_image","twitter_site":"@Global_Exam","twitter_misc":{"Dur\u00e9e de lecture estim\u00e9e":"1 minute"},"schema":{"@context":"https:\/\/schema.org","@graph":[{"@type":"WebSite","@id":"https:\/\/global-exam.com\/blog\/#website","url":"https:\/\/global-exam.com\/blog\/","name":"GlobalExam Blog","description":"Le blog du sp\u00e9cialiste de la certification linguistique","potentialAction":[{"@type":"SearchAction","target":{"@type":"EntryPoint","urlTemplate":"https:\/\/global-exam.com\/blog\/?s={search_term_string}"},"query-input":"required name=search_term_string"}],"inLanguage":"fr-FR"},{"@type":"WebPage","@id":"https:\/\/global-exam.com\/blog\/fr\/examens\/cambridge-fce\/categorie-sinscrire-au-b2-first-fce\/#webpage","url":"https:\/\/global-exam.com\/blog\/fr\/examens\/cambridge-fce\/categorie-sinscrire-au-b2-first-fce\/","name":"S'inscrire au B2 First (FCE)","isPartOf":{"@id":"https:\/\/global-exam.com\/blog\/#website"},"datePublished":"2021-08-16T12:28:52+00:00","dateModified":"2022-08-31T12:46:23+00:00","breadcrumb":{"@id":"https:\/\/global-exam.com\/blog\/fr\/examens\/cambridge-fce\/categorie-sinscrire-au-b2-first-fce\/#breadcrumb"},"inLanguage":"fr-FR","potentialAction":[{"@type":"ReadAction","target":["https:\/\/global-exam.com\/blog\/fr\/examens\/cambridge-fce\/categorie-sinscrire-au-b2-first-fce\/"]}]},{"@type":"BreadcrumbList","@id":"https:\/\/global-exam.com\/blog\/fr\/examens\/cambridge-fce\/categorie-sinscrire-au-b2-first-fce\/#breadcrumb","itemListElement":[{"@type":"ListItem","position":1,"name":"Les examens de langue","item":"https:\/\/global-exam.com\/blog\/fr\/examens\/"},{"@type":"ListItem","position":2,"name":"B2 First (FCE)","item":"https:\/\/global-exam.com\/blog\/fr\/examens\/cambridge-fce\/"},{"@type":"ListItem","position":3,"name":"S&rsquo;inscrire au B2 First (FCE)"}]}]}},"lang":"fr","translations":{"fr":60220},"pll_sync_post":[],"_links":{"self":[{"href":"https:\/\/global-exam.com\/blog\/wp-json\/wp\/v2\/pages\/60220"}],"collection":[{"href":"https:\/\/global-exam.com\/blog\/wp-json\/wp\/v2\/pages"}],"about":[{"href":"https:\/\/global-exam.com\/blog\/wp-json\/wp\/v2\/types\/page"}],"author":[{"embeddable":true,"href":"https:\/\/global-exam.com\/blog\/wp-json\/wp\/v2\/users\/24"}],"replies":[{"embeddable":true,"href":"https:\/\/global-exam.com\/blog\/wp-json\/wp\/v2\/comments?post=60220"}],"version-history":[{"count":7,"href":"https:\/\/global-exam.com\/blog\/wp-json\/wp\/v2\/pages\/60220\/revisions"}],"predecessor-version":[{"id":79217,"href":"https:\/\/global-exam.com\/blog\/wp-json\/wp\/v2\/pages\/60220\/revisions\/79217"}],"up":[{"embeddable":true,"href":"https:\/\/global-exam.com\/blog\/wp-json\/wp\/v2\/pages\/2869"}],"wp:attachment":[{"href":"https:\/\/global-exam.com\/blog\/wp-json\/wp\/v2\/media?parent=60220"}],"curies":[{"name":"wp","href":"https:\/\/api.w.org\/{rel}","templated":true}]}}