{"id":60236,"date":"2021-08-16T14:41:00","date_gmt":"2021-08-16T12:41:00","guid":{"rendered":"https:\/\/global-exam.com\/blog\/?page_id=60236"},"modified":"2022-08-31T14:47:25","modified_gmt":"2022-08-31T12:47:25","slug":"categorie-vocabulaire-b2-first","status":"publish","type":"page","link":"https:\/\/global-exam.com\/blog\/fr\/examens\/cambridge-fce\/categorie-vocabulaire-b2-first\/","title":{"rendered":"Vocabulaire B2 First"},"content":{"rendered":"<p>Ma\u00eetriser le vocabulaire du B2 First<\/p>\n<p style=\"text-align: left;\"><span style=\"font-weight: 400;\">Dans cette cat\u00e9gorie, vous trouverez <\/span><b>des fiches de vocabulaire anglaise pour pr\u00e9parer le Cambridge B2 First.<\/b><span style=\"font-weight: 400;\"> La connaissance du vocabulaire d\u2019une langue est essentielle pour se faire comprendre et int\u00e9grer les subtilit\u00e9s du langage et des expressions.\u00a0<\/span><\/p>\n<p style=\"text-align: left;\"><b>Afin d\u2019approfondir vos connaissances du vocabulaire du monde du marketing et du business,<\/b><span style=\"font-weight: 400;\"> nous avons r\u00e9alis\u00e9 des fiches qui rappellent les mots \u00e0 apprendre pour ma\u00eetriser ce niveau de langue.<\/span><\/p>\n<p style=\"text-align: left;\"><span style=\"font-weight: 400;\">Le vocabulaire de base est bien entendu un pr\u00e9requis pour communiquer en anglais, mais on pourra \u00e9galement vous demander de <\/span><b>ma\u00eetriser un vocabulaire sp\u00e9cifique<\/b><span style=\"font-weight: 400;\"> \u00e0 un c\u0153ur de m\u00e9tier particulier. Cela pourrait vous \u00eatre utile le jour de votre examen au Cambridge B2 First.<\/span><\/p>\n<p style=\"text-align: left;\"><span style=\"font-weight: 400;\">GlobalExam favorise la r\u00e9vision et <\/span><b>l\u2019acquisition solide des r\u00e8gles de vocabulaire \u00e0 l\u2019aide d\u2019exercices. En fonction de vos objectifs et du d\u00e9lai qui vous est imparti, nous vous offrons la possibilit\u00e9 de travailler le vocabulaire associ\u00e9 au Cambridge B2 First de fa\u00e7on appropri\u00e9e.<\/b><\/p>\n","protected":false},"excerpt":{"rendered":"<p>Ma\u00eetriser le vocabulaire du B2 First Dans cette cat\u00e9gorie, vous trouverez des fiches de vocabulaire anglaise pour pr\u00e9parer le Cambridge B2 First. [&hellip;]<\/p>\n","protected":false},"author":24,"featured_media":0,"parent":2869,"menu_order":0,"comment_status":"closed","ping_status":"closed","template":"","meta":[],"acf":[],"yoast_head":"<!-- This site is optimized with the Yoast SEO plugin v17.2.1 - https:\/\/yoast.com\/wordpress\/plugins\/seo\/ -->\n<title>Vocabulaire B2 First<\/title>\n<meta name=\"robots\" content=\"index, follow, max-snippet:-1, max-image-preview:large, max-video-preview:-1\" \/>\n<link rel=\"canonical\" href=\"https:\/\/global-exam.com\/blog\/fr\/examens\/cambridge-fce\/categorie-vocabulaire-b2-first\/\" \/>\n<meta property=\"og:locale\" content=\"fr_FR\" \/>\n<meta property=\"og:type\" content=\"article\" \/>\n<meta property=\"og:title\" content=\"Vocabulaire B2 First\" \/>\n<meta property=\"og:description\" content=\"Ma\u00eetriser le vocabulaire du B2 First Dans cette cat\u00e9gorie, vous trouverez des fiches de vocabulaire anglaise pour pr\u00e9parer le Cambridge B2 First. [&hellip;]\" \/>\n<meta property=\"og:url\" content=\"https:\/\/global-exam.com\/blog\/fr\/examens\/cambridge-fce\/categorie-vocabulaire-b2-first\/\" \/>\n<meta property=\"og:site_name\" content=\"GlobalExam Blog\" \/>\n<meta property=\"article:publisher\" content=\"https:\/\/www.facebook.com\/Global.Exam\" \/>\n<meta property=\"article:modified_time\" content=\"2022-08-31T12:47:25+00:00\" \/>\n<meta name=\"twitter:card\" content=\"summary_large_image\" \/>\n<meta name=\"twitter:site\" content=\"@Global_Exam\" \/>\n<meta name=\"twitter:label1\" content=\"Dur\u00e9e de lecture estim\u00e9e\" \/>\n\t<meta name=\"twitter:data1\" content=\"3 minutes\" \/>\n<script type=\"application\/ld+json\" class=\"yoast-schema-graph\">{\"@context\":\"https:\/\/schema.org\",\"@graph\":[{\"@type\":\"WebSite\",\"@id\":\"https:\/\/global-exam.com\/blog\/#website\",\"url\":\"https:\/\/global-exam.com\/blog\/\",\"name\":\"GlobalExam Blog\",\"description\":\"Le blog du sp\\u00e9cialiste de la certification linguistique\",\"potentialAction\":[{\"@type\":\"SearchAction\",\"target\":{\"@type\":\"EntryPoint\",\"urlTemplate\":\"https:\/\/global-exam.com\/blog\/?s={search_term_string}\"},\"query-input\":\"required name=search_term_string\"}],\"inLanguage\":\"fr-FR\"},{\"@type\":\"WebPage\",\"@id\":\"https:\/\/global-exam.com\/blog\/fr\/examens\/cambridge-fce\/categorie-vocabulaire-b2-first\/#webpage\",\"url\":\"https:\/\/global-exam.com\/blog\/fr\/examens\/cambridge-fce\/categorie-vocabulaire-b2-first\/\",\"name\":\"Vocabulaire B2 First\",\"isPartOf\":{\"@id\":\"https:\/\/global-exam.com\/blog\/#website\"},\"datePublished\":\"2021-08-16T12:41:00+00:00\",\"dateModified\":\"2022-08-31T12:47:25+00:00\",\"breadcrumb\":{\"@id\":\"https:\/\/global-exam.com\/blog\/fr\/examens\/cambridge-fce\/categorie-vocabulaire-b2-first\/#breadcrumb\"},\"inLanguage\":\"fr-FR\",\"potentialAction\":[{\"@type\":\"ReadAction\",\"target\":[\"https:\/\/global-exam.com\/blog\/fr\/examens\/cambridge-fce\/categorie-vocabulaire-b2-first\/\"]}]},{\"@type\":\"BreadcrumbList\",\"@id\":\"https:\/\/global-exam.com\/blog\/fr\/examens\/cambridge-fce\/categorie-vocabulaire-b2-first\/#breadcrumb\",\"itemListElement\":[{\"@type\":\"ListItem\",\"position\":1,\"name\":\"Les examens de langue\",\"item\":\"https:\/\/global-exam.com\/blog\/fr\/examens\/\"},{\"@type\":\"ListItem\",\"position\":2,\"name\":\"B2 First (FCE)\",\"item\":\"https:\/\/global-exam.com\/blog\/fr\/examens\/cambridge-fce\/\"},{\"@type\":\"ListItem\",\"position\":3,\"name\":\"Vocabulaire B2 First\"}]}]}<\/script>\n<!-- \/ Yoast SEO plugin. -->","yoast_head_json":{"title":"Vocabulaire B2 First","robots":{"index":"index","follow":"follow","max-snippet":"max-snippet:-1","max-image-preview":"max-image-preview:large","max-video-preview":"max-video-preview:-1"},"canonical":"https:\/\/global-exam.com\/blog\/fr\/examens\/cambridge-fce\/categorie-vocabulaire-b2-first\/","og_locale":"fr_FR","og_type":"article","og_title":"Vocabulaire B2 First","og_description":"Ma\u00eetriser le vocabulaire du B2 First Dans cette cat\u00e9gorie, vous trouverez des fiches de vocabulaire anglaise pour pr\u00e9parer le Cambridge B2 First. [&hellip;]","og_url":"https:\/\/global-exam.com\/blog\/fr\/examens\/cambridge-fce\/categorie-vocabulaire-b2-first\/","og_site_name":"GlobalExam Blog","article_publisher":"https:\/\/www.facebook.com\/Global.Exam","article_modified_time":"2022-08-31T12:47:25+00:00","twitter_card":"summary_large_image","twitter_site":"@Global_Exam","twitter_misc":{"Dur\u00e9e de lecture estim\u00e9e":"3 minutes"},"schema":{"@context":"https:\/\/schema.org","@graph":[{"@type":"WebSite","@id":"https:\/\/global-exam.com\/blog\/#website","url":"https:\/\/global-exam.com\/blog\/","name":"GlobalExam Blog","description":"Le blog du sp\u00e9cialiste de la certification linguistique","potentialAction":[{"@type":"SearchAction","target":{"@type":"EntryPoint","urlTemplate":"https:\/\/global-exam.com\/blog\/?s={search_term_string}"},"query-input":"required name=search_term_string"}],"inLanguage":"fr-FR"},{"@type":"WebPage","@id":"https:\/\/global-exam.com\/blog\/fr\/examens\/cambridge-fce\/categorie-vocabulaire-b2-first\/#webpage","url":"https:\/\/global-exam.com\/blog\/fr\/examens\/cambridge-fce\/categorie-vocabulaire-b2-first\/","name":"Vocabulaire B2 First","isPartOf":{"@id":"https:\/\/global-exam.com\/blog\/#website"},"datePublished":"2021-08-16T12:41:00+00:00","dateModified":"2022-08-31T12:47:25+00:00","breadcrumb":{"@id":"https:\/\/global-exam.com\/blog\/fr\/examens\/cambridge-fce\/categorie-vocabulaire-b2-first\/#breadcrumb"},"inLanguage":"fr-FR","potentialAction":[{"@type":"ReadAction","target":["https:\/\/global-exam.com\/blog\/fr\/examens\/cambridge-fce\/categorie-vocabulaire-b2-first\/"]}]},{"@type":"BreadcrumbList","@id":"https:\/\/global-exam.com\/blog\/fr\/examens\/cambridge-fce\/categorie-vocabulaire-b2-first\/#breadcrumb","itemListElement":[{"@type":"ListItem","position":1,"name":"Les examens de langue","item":"https:\/\/global-exam.com\/blog\/fr\/examens\/"},{"@type":"ListItem","position":2,"name":"B2 First (FCE)","item":"https:\/\/global-exam.com\/blog\/fr\/examens\/cambridge-fce\/"},{"@type":"ListItem","position":3,"name":"Vocabulaire B2 First"}]}]}},"lang":"fr","translations":{"fr":60236},"pll_sync_post":[],"_links":{"self":[{"href":"https:\/\/global-exam.com\/blog\/wp-json\/wp\/v2\/pages\/60236"}],"collection":[{"href":"https:\/\/global-exam.com\/blog\/wp-json\/wp\/v2\/pages"}],"about":[{"href":"https:\/\/global-exam.com\/blog\/wp-json\/wp\/v2\/types\/page"}],"author":[{"embeddable":true,"href":"https:\/\/global-exam.com\/blog\/wp-json\/wp\/v2\/users\/24"}],"replies":[{"embeddable":true,"href":"https:\/\/global-exam.com\/blog\/wp-json\/wp\/v2\/comments?post=60236"}],"version-history":[{"count":11,"href":"https:\/\/global-exam.com\/blog\/wp-json\/wp\/v2\/pages\/60236\/revisions"}],"predecessor-version":[{"id":79219,"href":"https:\/\/global-exam.com\/blog\/wp-json\/wp\/v2\/pages\/60236\/revisions\/79219"}],"up":[{"embeddable":true,"href":"https:\/\/global-exam.com\/blog\/wp-json\/wp\/v2\/pages\/2869"}],"wp:attachment":[{"href":"https:\/\/global-exam.com\/blog\/wp-json\/wp\/v2\/media?parent=60236"}],"curies":[{"name":"wp","href":"https:\/\/api.w.org\/{rel}","templated":true}]}}