{"id":60245,"date":"2021-08-16T14:43:16","date_gmt":"2021-08-16T12:43:16","guid":{"rendered":"https:\/\/global-exam.com\/blog\/?page_id=60245"},"modified":"2022-08-31T14:45:26","modified_gmt":"2022-08-31T12:45:26","slug":"categorie-grammaire-b2-first","status":"publish","type":"page","link":"https:\/\/global-exam.com\/blog\/fr\/examens\/cambridge-fce\/categorie-grammaire-b2-first\/","title":{"rendered":"Grammaire B2 First"},"content":{"rendered":"<p>Ma\u00eetriser la grammaire du B2 First<\/p>\n<p style=\"text-align: left;\"><span style=\"font-weight: 400;\">Dans cette cat\u00e9gorie, vous trouverez <\/span><b>des fiches de grammaire anglaise pour pr\u00e9parer le Cambridge B2 First.<\/b><span style=\"font-weight: 400;\"> La connaissance de la grammaire d\u2019une langue comme l\u2019anglais est essentielle pour se faire comprendre et entrer dans les subtilit\u00e9s du langage et des expressions.<\/span><\/p>\n<p style=\"text-align: left;\"><b>Afin d\u2019approfondir vos connaissances en grammaire anglaise,<\/b><span style=\"font-weight: 400;\"> nous avons r\u00e9alis\u00e9 des fiches qui rappellent les principales r\u00e8gles de grammaire \u00e0 apprendre pour ma\u00eetriser ce niveau de langue. En effet, m\u00eame si vous avez d\u00e9j\u00e0 acquis la grammaire de base, certaines sp\u00e9cificit\u00e9s propres \u00e0 la langue anglaise peuvent \u00eatre difficiles \u00e0 assimiler.<\/span><\/p>\n<p style=\"text-align: left;\"><span style=\"font-weight: 400;\">GlobalExam favorise la r\u00e9vision et <\/span><b>l\u2019acquisition solide des r\u00e8gles de grammaire \u00e0 l\u2019aide d\u2019exercices.<\/b> Afin de briller \u00e0 l\u2019examen du Cambridge B2 First, nous vous offrons la possibilit\u00e9 de<b> travailler de fa\u00e7on intensive et au rythme qui vous convient.<\/b><\/p>\n","protected":false},"excerpt":{"rendered":"<p>Ma\u00eetriser la grammaire du B2 First Dans cette cat\u00e9gorie, vous trouverez des fiches de grammaire anglaise pour pr\u00e9parer le Cambridge B2 First. [&hellip;]<\/p>\n","protected":false},"author":24,"featured_media":0,"parent":2869,"menu_order":0,"comment_status":"closed","ping_status":"closed","template":"","meta":[],"acf":[],"yoast_head":"<!-- This site is optimized with the Yoast SEO plugin v17.2.1 - https:\/\/yoast.com\/wordpress\/plugins\/seo\/ -->\n<title>Grammaire B2 First<\/title>\n<meta name=\"robots\" content=\"index, follow, max-snippet:-1, max-image-preview:large, max-video-preview:-1\" \/>\n<link rel=\"canonical\" href=\"https:\/\/global-exam.com\/blog\/fr\/examens\/cambridge-fce\/categorie-grammaire-b2-first\/\" \/>\n<meta property=\"og:locale\" content=\"fr_FR\" \/>\n<meta property=\"og:type\" content=\"article\" \/>\n<meta property=\"og:title\" content=\"Grammaire B2 First\" \/>\n<meta property=\"og:description\" content=\"Ma\u00eetriser la grammaire du B2 First Dans cette cat\u00e9gorie, vous trouverez des fiches de grammaire anglaise pour pr\u00e9parer le Cambridge B2 First. [&hellip;]\" \/>\n<meta property=\"og:url\" content=\"https:\/\/global-exam.com\/blog\/fr\/examens\/cambridge-fce\/categorie-grammaire-b2-first\/\" \/>\n<meta property=\"og:site_name\" content=\"GlobalExam Blog\" \/>\n<meta property=\"article:publisher\" content=\"https:\/\/www.facebook.com\/Global.Exam\" \/>\n<meta property=\"article:modified_time\" content=\"2022-08-31T12:45:26+00:00\" \/>\n<meta name=\"twitter:card\" content=\"summary_large_image\" \/>\n<meta name=\"twitter:site\" content=\"@Global_Exam\" \/>\n<meta name=\"twitter:label1\" content=\"Dur\u00e9e de lecture estim\u00e9e\" \/>\n\t<meta name=\"twitter:data1\" content=\"3 minutes\" \/>\n<script type=\"application\/ld+json\" class=\"yoast-schema-graph\">{\"@context\":\"https:\/\/schema.org\",\"@graph\":[{\"@type\":\"WebSite\",\"@id\":\"https:\/\/global-exam.com\/blog\/#website\",\"url\":\"https:\/\/global-exam.com\/blog\/\",\"name\":\"GlobalExam Blog\",\"description\":\"Le blog du sp\\u00e9cialiste de la certification linguistique\",\"potentialAction\":[{\"@type\":\"SearchAction\",\"target\":{\"@type\":\"EntryPoint\",\"urlTemplate\":\"https:\/\/global-exam.com\/blog\/?s={search_term_string}\"},\"query-input\":\"required name=search_term_string\"}],\"inLanguage\":\"fr-FR\"},{\"@type\":\"WebPage\",\"@id\":\"https:\/\/global-exam.com\/blog\/fr\/examens\/cambridge-fce\/categorie-grammaire-b2-first\/#webpage\",\"url\":\"https:\/\/global-exam.com\/blog\/fr\/examens\/cambridge-fce\/categorie-grammaire-b2-first\/\",\"name\":\"Grammaire B2 First\",\"isPartOf\":{\"@id\":\"https:\/\/global-exam.com\/blog\/#website\"},\"datePublished\":\"2021-08-16T12:43:16+00:00\",\"dateModified\":\"2022-08-31T12:45:26+00:00\",\"breadcrumb\":{\"@id\":\"https:\/\/global-exam.com\/blog\/fr\/examens\/cambridge-fce\/categorie-grammaire-b2-first\/#breadcrumb\"},\"inLanguage\":\"fr-FR\",\"potentialAction\":[{\"@type\":\"ReadAction\",\"target\":[\"https:\/\/global-exam.com\/blog\/fr\/examens\/cambridge-fce\/categorie-grammaire-b2-first\/\"]}]},{\"@type\":\"BreadcrumbList\",\"@id\":\"https:\/\/global-exam.com\/blog\/fr\/examens\/cambridge-fce\/categorie-grammaire-b2-first\/#breadcrumb\",\"itemListElement\":[{\"@type\":\"ListItem\",\"position\":1,\"name\":\"Les examens de langue\",\"item\":\"https:\/\/global-exam.com\/blog\/fr\/examens\/\"},{\"@type\":\"ListItem\",\"position\":2,\"name\":\"B2 First (FCE)\",\"item\":\"https:\/\/global-exam.com\/blog\/fr\/examens\/cambridge-fce\/\"},{\"@type\":\"ListItem\",\"position\":3,\"name\":\"Grammaire B2 First\"}]}]}<\/script>\n<!-- \/ Yoast SEO plugin. -->","yoast_head_json":{"title":"Grammaire B2 First","robots":{"index":"index","follow":"follow","max-snippet":"max-snippet:-1","max-image-preview":"max-image-preview:large","max-video-preview":"max-video-preview:-1"},"canonical":"https:\/\/global-exam.com\/blog\/fr\/examens\/cambridge-fce\/categorie-grammaire-b2-first\/","og_locale":"fr_FR","og_type":"article","og_title":"Grammaire B2 First","og_description":"Ma\u00eetriser la grammaire du B2 First Dans cette cat\u00e9gorie, vous trouverez des fiches de grammaire anglaise pour pr\u00e9parer le Cambridge B2 First. [&hellip;]","og_url":"https:\/\/global-exam.com\/blog\/fr\/examens\/cambridge-fce\/categorie-grammaire-b2-first\/","og_site_name":"GlobalExam Blog","article_publisher":"https:\/\/www.facebook.com\/Global.Exam","article_modified_time":"2022-08-31T12:45:26+00:00","twitter_card":"summary_large_image","twitter_site":"@Global_Exam","twitter_misc":{"Dur\u00e9e de lecture estim\u00e9e":"3 minutes"},"schema":{"@context":"https:\/\/schema.org","@graph":[{"@type":"WebSite","@id":"https:\/\/global-exam.com\/blog\/#website","url":"https:\/\/global-exam.com\/blog\/","name":"GlobalExam Blog","description":"Le blog du sp\u00e9cialiste de la certification linguistique","potentialAction":[{"@type":"SearchAction","target":{"@type":"EntryPoint","urlTemplate":"https:\/\/global-exam.com\/blog\/?s={search_term_string}"},"query-input":"required name=search_term_string"}],"inLanguage":"fr-FR"},{"@type":"WebPage","@id":"https:\/\/global-exam.com\/blog\/fr\/examens\/cambridge-fce\/categorie-grammaire-b2-first\/#webpage","url":"https:\/\/global-exam.com\/blog\/fr\/examens\/cambridge-fce\/categorie-grammaire-b2-first\/","name":"Grammaire B2 First","isPartOf":{"@id":"https:\/\/global-exam.com\/blog\/#website"},"datePublished":"2021-08-16T12:43:16+00:00","dateModified":"2022-08-31T12:45:26+00:00","breadcrumb":{"@id":"https:\/\/global-exam.com\/blog\/fr\/examens\/cambridge-fce\/categorie-grammaire-b2-first\/#breadcrumb"},"inLanguage":"fr-FR","potentialAction":[{"@type":"ReadAction","target":["https:\/\/global-exam.com\/blog\/fr\/examens\/cambridge-fce\/categorie-grammaire-b2-first\/"]}]},{"@type":"BreadcrumbList","@id":"https:\/\/global-exam.com\/blog\/fr\/examens\/cambridge-fce\/categorie-grammaire-b2-first\/#breadcrumb","itemListElement":[{"@type":"ListItem","position":1,"name":"Les examens de langue","item":"https:\/\/global-exam.com\/blog\/fr\/examens\/"},{"@type":"ListItem","position":2,"name":"B2 First (FCE)","item":"https:\/\/global-exam.com\/blog\/fr\/examens\/cambridge-fce\/"},{"@type":"ListItem","position":3,"name":"Grammaire B2 First"}]}]}},"lang":"fr","translations":{"fr":60245},"pll_sync_post":[],"_links":{"self":[{"href":"https:\/\/global-exam.com\/blog\/wp-json\/wp\/v2\/pages\/60245"}],"collection":[{"href":"https:\/\/global-exam.com\/blog\/wp-json\/wp\/v2\/pages"}],"about":[{"href":"https:\/\/global-exam.com\/blog\/wp-json\/wp\/v2\/types\/page"}],"author":[{"embeddable":true,"href":"https:\/\/global-exam.com\/blog\/wp-json\/wp\/v2\/users\/24"}],"replies":[{"embeddable":true,"href":"https:\/\/global-exam.com\/blog\/wp-json\/wp\/v2\/comments?post=60245"}],"version-history":[{"count":9,"href":"https:\/\/global-exam.com\/blog\/wp-json\/wp\/v2\/pages\/60245\/revisions"}],"predecessor-version":[{"id":79215,"href":"https:\/\/global-exam.com\/blog\/wp-json\/wp\/v2\/pages\/60245\/revisions\/79215"}],"up":[{"embeddable":true,"href":"https:\/\/global-exam.com\/blog\/wp-json\/wp\/v2\/pages\/2869"}],"wp:attachment":[{"href":"https:\/\/global-exam.com\/blog\/wp-json\/wp\/v2\/media?parent=60245"}],"curies":[{"name":"wp","href":"https:\/\/api.w.org\/{rel}","templated":true}]}}