{"id":60260,"date":"2021-08-16T14:55:24","date_gmt":"2021-08-16T12:55:24","guid":{"rendered":"https:\/\/global-exam.com\/blog\/?page_id=60260"},"modified":"2022-08-31T14:57:42","modified_gmt":"2022-08-31T12:57:42","slug":"categorie-consignes-du-c1-advanced","status":"publish","type":"page","link":"https:\/\/global-exam.com\/blog\/fr\/examens\/cambridge-cae\/categorie-consignes-du-c1-advanced\/","title":{"rendered":"Consignes du C1 Advanced"},"content":{"rendered":"<p>Ma\u00eetriser les consignes du C1 Advanced<\/p>\n<p>Cette cat\u00e9gorie vous informe sur tout ce que vous devez savoir sur la\u00a0<strong>structure<\/strong>\u00a0de cet\u00a0<strong>examen<\/strong>. Qu\u2019il s\u2019agisse du\u00a0<strong>Reading<\/strong>, du\u00a0<strong>Speaking<\/strong>, du\u00a0<strong>Writing<\/strong>, du\u00a0<strong>Listening<\/strong>\u00a0vous savez tout ce \u00e0 quoi vous devez vous attendre en participant \u00e0 cet examen.<\/p>\n<p>Section par section, nous avons r\u00e9capitul\u00e9 pour vous le score attribu\u00e9, le temps imparti, le nombre de questions et nous vous donnons des exemples de questions types, avec des exemples de r\u00e9ponses.<\/p>\n<p>De plus, nous vous livrons toutes les\u00a0<strong>astuces<\/strong>\u00a0et les\u00a0<strong>comp\u00e9tences<\/strong>\u00a0pour\u00a0<strong>r\u00e9ussir<\/strong>\u00a0haut la main et que vous puissiez en finir une fois pour toutes avec cet\u00a0<strong>examen<\/strong>. Vous ne le passerez qu\u2019une seule fois si vous prenez la peine de bien vous\u00a0<strong>informer<\/strong>\u00a0et de faire confiance aux professionnels pour vous aider dans votre\u00a0<strong>r\u00e9ussite<\/strong>.<\/p>\n","protected":false},"excerpt":{"rendered":"<p>Ma\u00eetriser les consignes du C1 Advanced Cette cat\u00e9gorie vous informe sur tout ce que vous devez savoir sur la\u00a0structure\u00a0de cet\u00a0examen. Qu\u2019il s\u2019agisse [&hellip;]<\/p>\n","protected":false},"author":24,"featured_media":0,"parent":13299,"menu_order":0,"comment_status":"closed","ping_status":"closed","template":"","meta":[],"acf":[],"yoast_head":"<!-- This site is optimized with the Yoast SEO plugin v17.2.1 - https:\/\/yoast.com\/wordpress\/plugins\/seo\/ -->\n<title>Consignes du C1 Advanced<\/title>\n<meta name=\"robots\" content=\"index, follow, max-snippet:-1, max-image-preview:large, max-video-preview:-1\" \/>\n<link rel=\"canonical\" href=\"https:\/\/global-exam.com\/blog\/fr\/examens\/cambridge-cae\/categorie-consignes-du-c1-advanced\/\" \/>\n<meta property=\"og:locale\" content=\"fr_FR\" \/>\n<meta property=\"og:type\" content=\"article\" \/>\n<meta property=\"og:title\" content=\"Consignes du C1 Advanced\" \/>\n<meta property=\"og:description\" content=\"Ma\u00eetriser les consignes du C1 Advanced Cette cat\u00e9gorie vous informe sur tout ce que vous devez savoir sur la\u00a0structure\u00a0de cet\u00a0examen. Qu\u2019il s\u2019agisse [&hellip;]\" \/>\n<meta property=\"og:url\" content=\"https:\/\/global-exam.com\/blog\/fr\/examens\/cambridge-cae\/categorie-consignes-du-c1-advanced\/\" \/>\n<meta property=\"og:site_name\" content=\"GlobalExam Blog\" \/>\n<meta property=\"article:publisher\" content=\"https:\/\/www.facebook.com\/Global.Exam\" \/>\n<meta property=\"article:modified_time\" content=\"2022-08-31T12:57:42+00:00\" \/>\n<meta name=\"twitter:card\" content=\"summary_large_image\" \/>\n<meta name=\"twitter:site\" content=\"@Global_Exam\" \/>\n<meta name=\"twitter:label1\" content=\"Dur\u00e9e de lecture estim\u00e9e\" \/>\n\t<meta name=\"twitter:data1\" content=\"1 minute\" \/>\n<script type=\"application\/ld+json\" class=\"yoast-schema-graph\">{\"@context\":\"https:\/\/schema.org\",\"@graph\":[{\"@type\":\"WebSite\",\"@id\":\"https:\/\/global-exam.com\/blog\/#website\",\"url\":\"https:\/\/global-exam.com\/blog\/\",\"name\":\"GlobalExam Blog\",\"description\":\"Le blog du sp\\u00e9cialiste de la certification linguistique\",\"potentialAction\":[{\"@type\":\"SearchAction\",\"target\":{\"@type\":\"EntryPoint\",\"urlTemplate\":\"https:\/\/global-exam.com\/blog\/?s={search_term_string}\"},\"query-input\":\"required name=search_term_string\"}],\"inLanguage\":\"fr-FR\"},{\"@type\":\"WebPage\",\"@id\":\"https:\/\/global-exam.com\/blog\/fr\/examens\/cambridge-cae\/categorie-consignes-du-c1-advanced\/#webpage\",\"url\":\"https:\/\/global-exam.com\/blog\/fr\/examens\/cambridge-cae\/categorie-consignes-du-c1-advanced\/\",\"name\":\"Consignes du C1 Advanced\",\"isPartOf\":{\"@id\":\"https:\/\/global-exam.com\/blog\/#website\"},\"datePublished\":\"2021-08-16T12:55:24+00:00\",\"dateModified\":\"2022-08-31T12:57:42+00:00\",\"breadcrumb\":{\"@id\":\"https:\/\/global-exam.com\/blog\/fr\/examens\/cambridge-cae\/categorie-consignes-du-c1-advanced\/#breadcrumb\"},\"inLanguage\":\"fr-FR\",\"potentialAction\":[{\"@type\":\"ReadAction\",\"target\":[\"https:\/\/global-exam.com\/blog\/fr\/examens\/cambridge-cae\/categorie-consignes-du-c1-advanced\/\"]}]},{\"@type\":\"BreadcrumbList\",\"@id\":\"https:\/\/global-exam.com\/blog\/fr\/examens\/cambridge-cae\/categorie-consignes-du-c1-advanced\/#breadcrumb\",\"itemListElement\":[{\"@type\":\"ListItem\",\"position\":1,\"name\":\"Les examens de langue\",\"item\":\"https:\/\/global-exam.com\/blog\/fr\/examens\/\"},{\"@type\":\"ListItem\",\"position\":2,\"name\":\"C1 Advanced (CAE)\",\"item\":\"https:\/\/global-exam.com\/blog\/fr\/examens\/cambridge-cae\/\"},{\"@type\":\"ListItem\",\"position\":3,\"name\":\"Consignes du C1 Advanced\"}]}]}<\/script>\n<!-- \/ Yoast SEO plugin. -->","yoast_head_json":{"title":"Consignes du C1 Advanced","robots":{"index":"index","follow":"follow","max-snippet":"max-snippet:-1","max-image-preview":"max-image-preview:large","max-video-preview":"max-video-preview:-1"},"canonical":"https:\/\/global-exam.com\/blog\/fr\/examens\/cambridge-cae\/categorie-consignes-du-c1-advanced\/","og_locale":"fr_FR","og_type":"article","og_title":"Consignes du C1 Advanced","og_description":"Ma\u00eetriser les consignes du C1 Advanced Cette cat\u00e9gorie vous informe sur tout ce que vous devez savoir sur la\u00a0structure\u00a0de cet\u00a0examen. Qu\u2019il s\u2019agisse [&hellip;]","og_url":"https:\/\/global-exam.com\/blog\/fr\/examens\/cambridge-cae\/categorie-consignes-du-c1-advanced\/","og_site_name":"GlobalExam Blog","article_publisher":"https:\/\/www.facebook.com\/Global.Exam","article_modified_time":"2022-08-31T12:57:42+00:00","twitter_card":"summary_large_image","twitter_site":"@Global_Exam","twitter_misc":{"Dur\u00e9e de lecture estim\u00e9e":"1 minute"},"schema":{"@context":"https:\/\/schema.org","@graph":[{"@type":"WebSite","@id":"https:\/\/global-exam.com\/blog\/#website","url":"https:\/\/global-exam.com\/blog\/","name":"GlobalExam Blog","description":"Le blog du sp\u00e9cialiste de la certification linguistique","potentialAction":[{"@type":"SearchAction","target":{"@type":"EntryPoint","urlTemplate":"https:\/\/global-exam.com\/blog\/?s={search_term_string}"},"query-input":"required name=search_term_string"}],"inLanguage":"fr-FR"},{"@type":"WebPage","@id":"https:\/\/global-exam.com\/blog\/fr\/examens\/cambridge-cae\/categorie-consignes-du-c1-advanced\/#webpage","url":"https:\/\/global-exam.com\/blog\/fr\/examens\/cambridge-cae\/categorie-consignes-du-c1-advanced\/","name":"Consignes du C1 Advanced","isPartOf":{"@id":"https:\/\/global-exam.com\/blog\/#website"},"datePublished":"2021-08-16T12:55:24+00:00","dateModified":"2022-08-31T12:57:42+00:00","breadcrumb":{"@id":"https:\/\/global-exam.com\/blog\/fr\/examens\/cambridge-cae\/categorie-consignes-du-c1-advanced\/#breadcrumb"},"inLanguage":"fr-FR","potentialAction":[{"@type":"ReadAction","target":["https:\/\/global-exam.com\/blog\/fr\/examens\/cambridge-cae\/categorie-consignes-du-c1-advanced\/"]}]},{"@type":"BreadcrumbList","@id":"https:\/\/global-exam.com\/blog\/fr\/examens\/cambridge-cae\/categorie-consignes-du-c1-advanced\/#breadcrumb","itemListElement":[{"@type":"ListItem","position":1,"name":"Les examens de langue","item":"https:\/\/global-exam.com\/blog\/fr\/examens\/"},{"@type":"ListItem","position":2,"name":"C1 Advanced (CAE)","item":"https:\/\/global-exam.com\/blog\/fr\/examens\/cambridge-cae\/"},{"@type":"ListItem","position":3,"name":"Consignes du C1 Advanced"}]}]}},"lang":"fr","translations":{"fr":60260},"pll_sync_post":[],"_links":{"self":[{"href":"https:\/\/global-exam.com\/blog\/wp-json\/wp\/v2\/pages\/60260"}],"collection":[{"href":"https:\/\/global-exam.com\/blog\/wp-json\/wp\/v2\/pages"}],"about":[{"href":"https:\/\/global-exam.com\/blog\/wp-json\/wp\/v2\/types\/page"}],"author":[{"embeddable":true,"href":"https:\/\/global-exam.com\/blog\/wp-json\/wp\/v2\/users\/24"}],"replies":[{"embeddable":true,"href":"https:\/\/global-exam.com\/blog\/wp-json\/wp\/v2\/comments?post=60260"}],"version-history":[{"count":7,"href":"https:\/\/global-exam.com\/blog\/wp-json\/wp\/v2\/pages\/60260\/revisions"}],"predecessor-version":[{"id":79230,"href":"https:\/\/global-exam.com\/blog\/wp-json\/wp\/v2\/pages\/60260\/revisions\/79230"}],"up":[{"embeddable":true,"href":"https:\/\/global-exam.com\/blog\/wp-json\/wp\/v2\/pages\/13299"}],"wp:attachment":[{"href":"https:\/\/global-exam.com\/blog\/wp-json\/wp\/v2\/media?parent=60260"}],"curies":[{"name":"wp","href":"https:\/\/api.w.org\/{rel}","templated":true}]}}