{"id":60267,"date":"2021-08-16T15:00:20","date_gmt":"2021-08-16T13:00:20","guid":{"rendered":"https:\/\/global-exam.com\/blog\/?page_id=60267"},"modified":"2022-08-31T14:56:53","modified_gmt":"2022-08-31T12:56:53","slug":"categorie-centres-dexamens-c1-advanced","status":"publish","type":"page","link":"https:\/\/global-exam.com\/blog\/fr\/examens\/cambridge-cae\/categorie-centres-dexamens-c1-advanced\/","title":{"rendered":"Centres d&rsquo;examens C1 Advanced"},"content":{"rendered":"<p>Trouver un centre d&rsquo;examen C1 Advanced<\/p>\n<p>Par le biais de cette cat\u00e9gorie d\u2019articles, nous avons souhait\u00e9 vous informer des <strong>centres d\u2019examens<\/strong>\u00a0qui existent en\u00a0<strong>France<\/strong>\u00a0pour passer l\u2019examen du\u00a0<strong>CAE<\/strong>\u00a0(C1 Advanced).<\/p>\n<p>L\u2019avantage de ce test, c\u2019est qu\u2019il sera tr\u00e8s facile pour vous de le\u00a0<strong>passer en France<\/strong>. En effet, les\u00a0<strong>centres d\u2019examen<\/strong>\u00a0agr\u00e9\u00e9s sont au nombre de\u00a0<strong>62<\/strong>. Tr\u00e8s certainement, vous trouverez donc un\u00a0<strong>centre proche<\/strong>\u00a0de chez vous pour vous\u00a0<strong>inscrire<\/strong>, m\u00eame si vous habitez dans une petite ville.<\/p>\n<p>Afin de vous aider dans vos d\u00e9marches, nous avons donc \u00e9labor\u00e9 ce dossier sur les\u00a0<strong>diff\u00e9rents centres d\u2019examen<\/strong>\u00a0qui existent en\u00a0<strong>France<\/strong>. L\u2019objectif est de vous donner les informations n\u00e9cessaires au bon d\u00e9roulement de votre\u00a0<strong>passage d\u2019examen<\/strong>. Que vous habitiez au Nord, au Sud, \u00e0 l\u2019Ouest ou \u00e0 l\u2019Est, nous sommes l\u00e0 pour vous guider dans vos choix.<\/p>\n","protected":false},"excerpt":{"rendered":"<p>Trouver un centre d&rsquo;examen C1 Advanced Par le biais de cette cat\u00e9gorie d\u2019articles, nous avons souhait\u00e9 vous informer des centres d\u2019examens\u00a0qui existent [&hellip;]<\/p>\n","protected":false},"author":24,"featured_media":0,"parent":13299,"menu_order":0,"comment_status":"closed","ping_status":"closed","template":"","meta":[],"acf":[],"yoast_head":"<!-- This site is optimized with the Yoast SEO plugin v17.2.1 - https:\/\/yoast.com\/wordpress\/plugins\/seo\/ -->\n<title>Centres d&#039;examens C1 Advanced<\/title>\n<meta name=\"robots\" content=\"index, follow, max-snippet:-1, max-image-preview:large, max-video-preview:-1\" \/>\n<link rel=\"canonical\" href=\"https:\/\/global-exam.com\/blog\/fr\/examens\/cambridge-cae\/categorie-centres-dexamens-c1-advanced\/\" \/>\n<meta property=\"og:locale\" content=\"fr_FR\" \/>\n<meta property=\"og:type\" content=\"article\" \/>\n<meta property=\"og:title\" content=\"Centres d&#039;examens C1 Advanced\" \/>\n<meta property=\"og:description\" content=\"Trouver un centre d&rsquo;examen C1 Advanced Par le biais de cette cat\u00e9gorie d\u2019articles, nous avons souhait\u00e9 vous informer des centres d\u2019examens\u00a0qui existent [&hellip;]\" \/>\n<meta property=\"og:url\" content=\"https:\/\/global-exam.com\/blog\/fr\/examens\/cambridge-cae\/categorie-centres-dexamens-c1-advanced\/\" \/>\n<meta property=\"og:site_name\" content=\"GlobalExam Blog\" \/>\n<meta property=\"article:publisher\" content=\"https:\/\/www.facebook.com\/Global.Exam\" \/>\n<meta property=\"article:modified_time\" content=\"2022-08-31T12:56:53+00:00\" \/>\n<meta name=\"twitter:card\" content=\"summary_large_image\" \/>\n<meta name=\"twitter:site\" content=\"@Global_Exam\" \/>\n<meta name=\"twitter:label1\" content=\"Dur\u00e9e de lecture estim\u00e9e\" \/>\n\t<meta name=\"twitter:data1\" content=\"1 minute\" \/>\n<script type=\"application\/ld+json\" class=\"yoast-schema-graph\">{\"@context\":\"https:\/\/schema.org\",\"@graph\":[{\"@type\":\"WebSite\",\"@id\":\"https:\/\/global-exam.com\/blog\/#website\",\"url\":\"https:\/\/global-exam.com\/blog\/\",\"name\":\"GlobalExam Blog\",\"description\":\"Le blog du sp\\u00e9cialiste de la certification linguistique\",\"potentialAction\":[{\"@type\":\"SearchAction\",\"target\":{\"@type\":\"EntryPoint\",\"urlTemplate\":\"https:\/\/global-exam.com\/blog\/?s={search_term_string}\"},\"query-input\":\"required name=search_term_string\"}],\"inLanguage\":\"fr-FR\"},{\"@type\":\"WebPage\",\"@id\":\"https:\/\/global-exam.com\/blog\/fr\/examens\/cambridge-cae\/categorie-centres-dexamens-c1-advanced\/#webpage\",\"url\":\"https:\/\/global-exam.com\/blog\/fr\/examens\/cambridge-cae\/categorie-centres-dexamens-c1-advanced\/\",\"name\":\"Centres d'examens C1 Advanced\",\"isPartOf\":{\"@id\":\"https:\/\/global-exam.com\/blog\/#website\"},\"datePublished\":\"2021-08-16T13:00:20+00:00\",\"dateModified\":\"2022-08-31T12:56:53+00:00\",\"breadcrumb\":{\"@id\":\"https:\/\/global-exam.com\/blog\/fr\/examens\/cambridge-cae\/categorie-centres-dexamens-c1-advanced\/#breadcrumb\"},\"inLanguage\":\"fr-FR\",\"potentialAction\":[{\"@type\":\"ReadAction\",\"target\":[\"https:\/\/global-exam.com\/blog\/fr\/examens\/cambridge-cae\/categorie-centres-dexamens-c1-advanced\/\"]}]},{\"@type\":\"BreadcrumbList\",\"@id\":\"https:\/\/global-exam.com\/blog\/fr\/examens\/cambridge-cae\/categorie-centres-dexamens-c1-advanced\/#breadcrumb\",\"itemListElement\":[{\"@type\":\"ListItem\",\"position\":1,\"name\":\"Les examens de langue\",\"item\":\"https:\/\/global-exam.com\/blog\/fr\/examens\/\"},{\"@type\":\"ListItem\",\"position\":2,\"name\":\"C1 Advanced (CAE)\",\"item\":\"https:\/\/global-exam.com\/blog\/fr\/examens\/cambridge-cae\/\"},{\"@type\":\"ListItem\",\"position\":3,\"name\":\"Centres d&rsquo;examens C1 Advanced\"}]}]}<\/script>\n<!-- \/ Yoast SEO plugin. -->","yoast_head_json":{"title":"Centres d'examens C1 Advanced","robots":{"index":"index","follow":"follow","max-snippet":"max-snippet:-1","max-image-preview":"max-image-preview:large","max-video-preview":"max-video-preview:-1"},"canonical":"https:\/\/global-exam.com\/blog\/fr\/examens\/cambridge-cae\/categorie-centres-dexamens-c1-advanced\/","og_locale":"fr_FR","og_type":"article","og_title":"Centres d'examens C1 Advanced","og_description":"Trouver un centre d&rsquo;examen C1 Advanced Par le biais de cette cat\u00e9gorie d\u2019articles, nous avons souhait\u00e9 vous informer des centres d\u2019examens\u00a0qui existent [&hellip;]","og_url":"https:\/\/global-exam.com\/blog\/fr\/examens\/cambridge-cae\/categorie-centres-dexamens-c1-advanced\/","og_site_name":"GlobalExam Blog","article_publisher":"https:\/\/www.facebook.com\/Global.Exam","article_modified_time":"2022-08-31T12:56:53+00:00","twitter_card":"summary_large_image","twitter_site":"@Global_Exam","twitter_misc":{"Dur\u00e9e de lecture estim\u00e9e":"1 minute"},"schema":{"@context":"https:\/\/schema.org","@graph":[{"@type":"WebSite","@id":"https:\/\/global-exam.com\/blog\/#website","url":"https:\/\/global-exam.com\/blog\/","name":"GlobalExam Blog","description":"Le blog du sp\u00e9cialiste de la certification linguistique","potentialAction":[{"@type":"SearchAction","target":{"@type":"EntryPoint","urlTemplate":"https:\/\/global-exam.com\/blog\/?s={search_term_string}"},"query-input":"required name=search_term_string"}],"inLanguage":"fr-FR"},{"@type":"WebPage","@id":"https:\/\/global-exam.com\/blog\/fr\/examens\/cambridge-cae\/categorie-centres-dexamens-c1-advanced\/#webpage","url":"https:\/\/global-exam.com\/blog\/fr\/examens\/cambridge-cae\/categorie-centres-dexamens-c1-advanced\/","name":"Centres d'examens C1 Advanced","isPartOf":{"@id":"https:\/\/global-exam.com\/blog\/#website"},"datePublished":"2021-08-16T13:00:20+00:00","dateModified":"2022-08-31T12:56:53+00:00","breadcrumb":{"@id":"https:\/\/global-exam.com\/blog\/fr\/examens\/cambridge-cae\/categorie-centres-dexamens-c1-advanced\/#breadcrumb"},"inLanguage":"fr-FR","potentialAction":[{"@type":"ReadAction","target":["https:\/\/global-exam.com\/blog\/fr\/examens\/cambridge-cae\/categorie-centres-dexamens-c1-advanced\/"]}]},{"@type":"BreadcrumbList","@id":"https:\/\/global-exam.com\/blog\/fr\/examens\/cambridge-cae\/categorie-centres-dexamens-c1-advanced\/#breadcrumb","itemListElement":[{"@type":"ListItem","position":1,"name":"Les examens de langue","item":"https:\/\/global-exam.com\/blog\/fr\/examens\/"},{"@type":"ListItem","position":2,"name":"C1 Advanced (CAE)","item":"https:\/\/global-exam.com\/blog\/fr\/examens\/cambridge-cae\/"},{"@type":"ListItem","position":3,"name":"Centres d&rsquo;examens C1 Advanced"}]}]}},"lang":"fr","translations":{"fr":60267},"pll_sync_post":[],"_links":{"self":[{"href":"https:\/\/global-exam.com\/blog\/wp-json\/wp\/v2\/pages\/60267"}],"collection":[{"href":"https:\/\/global-exam.com\/blog\/wp-json\/wp\/v2\/pages"}],"about":[{"href":"https:\/\/global-exam.com\/blog\/wp-json\/wp\/v2\/types\/page"}],"author":[{"embeddable":true,"href":"https:\/\/global-exam.com\/blog\/wp-json\/wp\/v2\/users\/24"}],"replies":[{"embeddable":true,"href":"https:\/\/global-exam.com\/blog\/wp-json\/wp\/v2\/comments?post=60267"}],"version-history":[{"count":8,"href":"https:\/\/global-exam.com\/blog\/wp-json\/wp\/v2\/pages\/60267\/revisions"}],"predecessor-version":[{"id":79229,"href":"https:\/\/global-exam.com\/blog\/wp-json\/wp\/v2\/pages\/60267\/revisions\/79229"}],"up":[{"embeddable":true,"href":"https:\/\/global-exam.com\/blog\/wp-json\/wp\/v2\/pages\/13299"}],"wp:attachment":[{"href":"https:\/\/global-exam.com\/blog\/wp-json\/wp\/v2\/media?parent=60267"}],"curies":[{"name":"wp","href":"https:\/\/api.w.org\/{rel}","templated":true}]}}