{"id":60274,"date":"2021-08-16T15:04:04","date_gmt":"2021-08-16T13:04:04","guid":{"rendered":"https:\/\/global-exam.com\/blog\/?page_id=60274"},"modified":"2022-08-31T14:59:40","modified_gmt":"2022-08-31T12:59:40","slug":"categorie-supports-pour-sentrainer-au-c1-advanced","status":"publish","type":"page","link":"https:\/\/global-exam.com\/blog\/fr\/examens\/cambridge-cae\/categorie-supports-pour-sentrainer-au-c1-advanced\/","title":{"rendered":"Supports pour s&rsquo;entra\u00eener au C1 Advanced"},"content":{"rendered":"<p>Ressources pour pr\u00e9parer le C1 Advanced<\/p>\n<p>Un des meilleurs moyens pour\u00a0<strong>r\u00e9ussir un examen<\/strong>\u00a0est de bien s\u2019entra\u00eener. Et qui dit bien s\u2019<strong>entra\u00eener<\/strong>, dit aussi bons supports. C\u2019est pourquoi nous avons d\u00e9cid\u00e9 de cr\u00e9er cette cat\u00e9gorie sp\u00e9ciale des\u00a0<strong>supports pour s\u2019entra\u00eener au CAE<\/strong>.<\/p>\n<p>Nous mettons \u00e0 votre disposition toute une liste de\u00a0<strong>supports pratiques et utiles<\/strong>. Ils vous aideront \u00e0 vous exercer et mieux comprendre le test et sa\u00a0<strong>structure<\/strong>.<\/p>\n<p>Que cela soit des livres, des supports en ligne et m\u00eame des cours en pr\u00e9sentiel, on essaye de vous orienter au mieux. On vous d\u00e9cortique les\u00a0<strong>avantages<\/strong>\u00a0mais aussi les\u00a0<strong>inconv\u00e9nients<\/strong>\u00a0des diff\u00e9rentes\u00a0<strong>m\u00e9thodes utilis\u00e9es<\/strong>. Tr\u00e8s certainement, vous trouverez chaussure \u00e0 votre pied !<\/p>\n<p>Pour vous faire une id\u00e9e r\u00e9elle de ce qui vous attend avec le\u00a0<strong>CAE<\/strong>, nous avons m\u00eame mis en place une\u00a0<strong>version gratuite du test CAE<\/strong>\u00a0sur\u00a0<strong>GlobalExam<\/strong>. Cette version gratuite a pour but de faire un premier test sur l\u2019examen.<\/p>\n","protected":false},"excerpt":{"rendered":"<p>Ressources pour pr\u00e9parer le C1 Advanced Un des meilleurs moyens pour\u00a0r\u00e9ussir un examen\u00a0est de bien s\u2019entra\u00eener. Et qui dit bien s\u2019entra\u00eener, dit [&hellip;]<\/p>\n","protected":false},"author":24,"featured_media":0,"parent":13299,"menu_order":0,"comment_status":"closed","ping_status":"closed","template":"","meta":[],"acf":[],"yoast_head":"<!-- This site is optimized with the Yoast SEO plugin v17.2.1 - https:\/\/yoast.com\/wordpress\/plugins\/seo\/ -->\n<title>Supports pour s&#039;entra\u00eener au C1 Advanced<\/title>\n<meta name=\"robots\" content=\"index, follow, max-snippet:-1, max-image-preview:large, max-video-preview:-1\" \/>\n<link rel=\"canonical\" href=\"https:\/\/global-exam.com\/blog\/fr\/examens\/cambridge-cae\/categorie-supports-pour-sentrainer-au-c1-advanced\/\" \/>\n<meta property=\"og:locale\" content=\"fr_FR\" \/>\n<meta property=\"og:type\" content=\"article\" \/>\n<meta property=\"og:title\" content=\"Supports pour s&#039;entra\u00eener au C1 Advanced\" \/>\n<meta property=\"og:description\" content=\"Ressources pour pr\u00e9parer le C1 Advanced Un des meilleurs moyens pour\u00a0r\u00e9ussir un examen\u00a0est de bien s\u2019entra\u00eener. Et qui dit bien s\u2019entra\u00eener, dit [&hellip;]\" \/>\n<meta property=\"og:url\" content=\"https:\/\/global-exam.com\/blog\/fr\/examens\/cambridge-cae\/categorie-supports-pour-sentrainer-au-c1-advanced\/\" \/>\n<meta property=\"og:site_name\" content=\"GlobalExam Blog\" \/>\n<meta property=\"article:publisher\" content=\"https:\/\/www.facebook.com\/Global.Exam\" \/>\n<meta property=\"article:modified_time\" content=\"2022-08-31T12:59:40+00:00\" \/>\n<meta name=\"twitter:card\" content=\"summary_large_image\" \/>\n<meta name=\"twitter:site\" content=\"@Global_Exam\" \/>\n<meta name=\"twitter:label1\" content=\"Dur\u00e9e de lecture estim\u00e9e\" \/>\n\t<meta name=\"twitter:data1\" content=\"1 minute\" \/>\n<script type=\"application\/ld+json\" class=\"yoast-schema-graph\">{\"@context\":\"https:\/\/schema.org\",\"@graph\":[{\"@type\":\"WebSite\",\"@id\":\"https:\/\/global-exam.com\/blog\/#website\",\"url\":\"https:\/\/global-exam.com\/blog\/\",\"name\":\"GlobalExam Blog\",\"description\":\"Le blog du sp\\u00e9cialiste de la certification linguistique\",\"potentialAction\":[{\"@type\":\"SearchAction\",\"target\":{\"@type\":\"EntryPoint\",\"urlTemplate\":\"https:\/\/global-exam.com\/blog\/?s={search_term_string}\"},\"query-input\":\"required name=search_term_string\"}],\"inLanguage\":\"fr-FR\"},{\"@type\":\"WebPage\",\"@id\":\"https:\/\/global-exam.com\/blog\/fr\/examens\/cambridge-cae\/categorie-supports-pour-sentrainer-au-c1-advanced\/#webpage\",\"url\":\"https:\/\/global-exam.com\/blog\/fr\/examens\/cambridge-cae\/categorie-supports-pour-sentrainer-au-c1-advanced\/\",\"name\":\"Supports pour s'entra\\u00eener au C1 Advanced\",\"isPartOf\":{\"@id\":\"https:\/\/global-exam.com\/blog\/#website\"},\"datePublished\":\"2021-08-16T13:04:04+00:00\",\"dateModified\":\"2022-08-31T12:59:40+00:00\",\"breadcrumb\":{\"@id\":\"https:\/\/global-exam.com\/blog\/fr\/examens\/cambridge-cae\/categorie-supports-pour-sentrainer-au-c1-advanced\/#breadcrumb\"},\"inLanguage\":\"fr-FR\",\"potentialAction\":[{\"@type\":\"ReadAction\",\"target\":[\"https:\/\/global-exam.com\/blog\/fr\/examens\/cambridge-cae\/categorie-supports-pour-sentrainer-au-c1-advanced\/\"]}]},{\"@type\":\"BreadcrumbList\",\"@id\":\"https:\/\/global-exam.com\/blog\/fr\/examens\/cambridge-cae\/categorie-supports-pour-sentrainer-au-c1-advanced\/#breadcrumb\",\"itemListElement\":[{\"@type\":\"ListItem\",\"position\":1,\"name\":\"Les examens de langue\",\"item\":\"https:\/\/global-exam.com\/blog\/fr\/examens\/\"},{\"@type\":\"ListItem\",\"position\":2,\"name\":\"C1 Advanced (CAE)\",\"item\":\"https:\/\/global-exam.com\/blog\/fr\/examens\/cambridge-cae\/\"},{\"@type\":\"ListItem\",\"position\":3,\"name\":\"Supports pour s&rsquo;entra\\u00eener au C1 Advanced\"}]}]}<\/script>\n<!-- \/ Yoast SEO plugin. -->","yoast_head_json":{"title":"Supports pour s'entra\u00eener au C1 Advanced","robots":{"index":"index","follow":"follow","max-snippet":"max-snippet:-1","max-image-preview":"max-image-preview:large","max-video-preview":"max-video-preview:-1"},"canonical":"https:\/\/global-exam.com\/blog\/fr\/examens\/cambridge-cae\/categorie-supports-pour-sentrainer-au-c1-advanced\/","og_locale":"fr_FR","og_type":"article","og_title":"Supports pour s'entra\u00eener au C1 Advanced","og_description":"Ressources pour pr\u00e9parer le C1 Advanced Un des meilleurs moyens pour\u00a0r\u00e9ussir un examen\u00a0est de bien s\u2019entra\u00eener. Et qui dit bien s\u2019entra\u00eener, dit [&hellip;]","og_url":"https:\/\/global-exam.com\/blog\/fr\/examens\/cambridge-cae\/categorie-supports-pour-sentrainer-au-c1-advanced\/","og_site_name":"GlobalExam Blog","article_publisher":"https:\/\/www.facebook.com\/Global.Exam","article_modified_time":"2022-08-31T12:59:40+00:00","twitter_card":"summary_large_image","twitter_site":"@Global_Exam","twitter_misc":{"Dur\u00e9e de lecture estim\u00e9e":"1 minute"},"schema":{"@context":"https:\/\/schema.org","@graph":[{"@type":"WebSite","@id":"https:\/\/global-exam.com\/blog\/#website","url":"https:\/\/global-exam.com\/blog\/","name":"GlobalExam Blog","description":"Le blog du sp\u00e9cialiste de la certification linguistique","potentialAction":[{"@type":"SearchAction","target":{"@type":"EntryPoint","urlTemplate":"https:\/\/global-exam.com\/blog\/?s={search_term_string}"},"query-input":"required name=search_term_string"}],"inLanguage":"fr-FR"},{"@type":"WebPage","@id":"https:\/\/global-exam.com\/blog\/fr\/examens\/cambridge-cae\/categorie-supports-pour-sentrainer-au-c1-advanced\/#webpage","url":"https:\/\/global-exam.com\/blog\/fr\/examens\/cambridge-cae\/categorie-supports-pour-sentrainer-au-c1-advanced\/","name":"Supports pour s'entra\u00eener au C1 Advanced","isPartOf":{"@id":"https:\/\/global-exam.com\/blog\/#website"},"datePublished":"2021-08-16T13:04:04+00:00","dateModified":"2022-08-31T12:59:40+00:00","breadcrumb":{"@id":"https:\/\/global-exam.com\/blog\/fr\/examens\/cambridge-cae\/categorie-supports-pour-sentrainer-au-c1-advanced\/#breadcrumb"},"inLanguage":"fr-FR","potentialAction":[{"@type":"ReadAction","target":["https:\/\/global-exam.com\/blog\/fr\/examens\/cambridge-cae\/categorie-supports-pour-sentrainer-au-c1-advanced\/"]}]},{"@type":"BreadcrumbList","@id":"https:\/\/global-exam.com\/blog\/fr\/examens\/cambridge-cae\/categorie-supports-pour-sentrainer-au-c1-advanced\/#breadcrumb","itemListElement":[{"@type":"ListItem","position":1,"name":"Les examens de langue","item":"https:\/\/global-exam.com\/blog\/fr\/examens\/"},{"@type":"ListItem","position":2,"name":"C1 Advanced (CAE)","item":"https:\/\/global-exam.com\/blog\/fr\/examens\/cambridge-cae\/"},{"@type":"ListItem","position":3,"name":"Supports pour s&rsquo;entra\u00eener au C1 Advanced"}]}]}},"lang":"fr","translations":{"fr":60274},"pll_sync_post":[],"_links":{"self":[{"href":"https:\/\/global-exam.com\/blog\/wp-json\/wp\/v2\/pages\/60274"}],"collection":[{"href":"https:\/\/global-exam.com\/blog\/wp-json\/wp\/v2\/pages"}],"about":[{"href":"https:\/\/global-exam.com\/blog\/wp-json\/wp\/v2\/types\/page"}],"author":[{"embeddable":true,"href":"https:\/\/global-exam.com\/blog\/wp-json\/wp\/v2\/users\/24"}],"replies":[{"embeddable":true,"href":"https:\/\/global-exam.com\/blog\/wp-json\/wp\/v2\/comments?post=60274"}],"version-history":[{"count":7,"href":"https:\/\/global-exam.com\/blog\/wp-json\/wp\/v2\/pages\/60274\/revisions"}],"predecessor-version":[{"id":79233,"href":"https:\/\/global-exam.com\/blog\/wp-json\/wp\/v2\/pages\/60274\/revisions\/79233"}],"up":[{"embeddable":true,"href":"https:\/\/global-exam.com\/blog\/wp-json\/wp\/v2\/pages\/13299"}],"wp:attachment":[{"href":"https:\/\/global-exam.com\/blog\/wp-json\/wp\/v2\/media?parent=60274"}],"curies":[{"name":"wp","href":"https:\/\/api.w.org\/{rel}","templated":true}]}}