{"id":60284,"date":"2021-08-16T15:11:15","date_gmt":"2021-08-16T13:11:15","guid":{"rendered":"https:\/\/global-exam.com\/blog\/?page_id=60284"},"modified":"2022-08-31T15:00:29","modified_gmt":"2022-08-31T13:00:29","slug":"categorie-vocabulaire-c1-advanced","status":"publish","type":"page","link":"https:\/\/global-exam.com\/blog\/fr\/examens\/cambridge-cae\/categorie-vocabulaire-c1-advanced\/","title":{"rendered":"Vocabulaire C1 Advanced"},"content":{"rendered":"<p>Ma\u00eetriser le vocabulaire<\/p>\n<p style=\"text-align: left;\"><span style=\"font-weight: 400;\">D\u00e9couvrez dans cette rubrique comment vous pr\u00e9parer \u00e0 cette \u00e9preuve gr\u00e2ce \u00e0 la <\/span><b>ma\u00eetrise d\u2019un outil fondamental : le vocabulaire.<\/b><\/p>\n<p style=\"text-align: left;\"><span style=\"font-weight: 400;\">Bien \u00e9videmment, une bonne ma\u00eetrise du vocabulaire, des expressions idiomatiques et du jargon et formules de la correspondance commerciale vous aidera \u00e0 booster votre score lors de l\u2019\u00e9preuve <\/span><i><span style=\"font-weight: 400;\">d\u2019Expression \u00e9crite<\/span><\/i><span style=\"font-weight: 400;\">. En r\u00e9sum\u00e9, le vocabulaire est comme le squelette de l\u2019\u00e9preuve car il vous permettra de comprendre ce que vous lisez et vous \u00e9coutez, mais \u00e9galement vous aidera \u00e0 vous exprimer avec aisance \u00e0 l\u2019oral et \u00e0 l\u2019\u00e9crit.<\/span><\/p>\n<p style=\"text-align: left;\"><span style=\"font-weight: 400;\">Dans les diff\u00e9rentes rubriques de cette section, GlobalExam met \u00e0 votre disposition <\/span><b>des fiches de vocabulaire vari\u00e9es<\/b><span style=\"font-weight: 400;\"> et tr\u00e8s pratiques. Elles abordent de sujets g\u00e9n\u00e9raux de la <\/span><b>vie quotidienne<\/b><span style=\"font-weight: 400;\"> (les transports, la m\u00e9t\u00e9o, les courses, les loisirs \u2026), mais constituent \u00e9galement des pr\u00e9cieux outils pour le <\/span><b>monde de l\u2019entreprise<\/b><span style=\"font-weight: 400;\"> (voyages d\u2019affaires, achats et ventes, paiements, vie de l\u2019entreprise \u2026). Ils vous aident notamment \u00e0 savoir g\u00e9rer diverses actions au quotidien, comme par exemple, passer des appels t\u00e9l\u00e9phoniques en anglais.<\/span><\/p>\n","protected":false},"excerpt":{"rendered":"<p>Ma\u00eetriser le vocabulaire D\u00e9couvrez dans cette rubrique comment vous pr\u00e9parer \u00e0 cette \u00e9preuve gr\u00e2ce \u00e0 la ma\u00eetrise d\u2019un outil fondamental : le [&hellip;]<\/p>\n","protected":false},"author":24,"featured_media":0,"parent":13299,"menu_order":0,"comment_status":"closed","ping_status":"closed","template":"","meta":[],"acf":[],"yoast_head":"<!-- This site is optimized with the Yoast SEO plugin v17.2.1 - https:\/\/yoast.com\/wordpress\/plugins\/seo\/ -->\n<title>Vocabulaire C1 Advanced<\/title>\n<meta name=\"robots\" content=\"index, follow, max-snippet:-1, max-image-preview:large, max-video-preview:-1\" \/>\n<link rel=\"canonical\" href=\"https:\/\/global-exam.com\/blog\/fr\/examens\/cambridge-cae\/categorie-vocabulaire-c1-advanced\/\" \/>\n<meta property=\"og:locale\" content=\"fr_FR\" \/>\n<meta property=\"og:type\" content=\"article\" \/>\n<meta property=\"og:title\" content=\"Vocabulaire C1 Advanced\" \/>\n<meta property=\"og:description\" content=\"Ma\u00eetriser le vocabulaire D\u00e9couvrez dans cette rubrique comment vous pr\u00e9parer \u00e0 cette \u00e9preuve gr\u00e2ce \u00e0 la ma\u00eetrise d\u2019un outil fondamental : le [&hellip;]\" \/>\n<meta property=\"og:url\" content=\"https:\/\/global-exam.com\/blog\/fr\/examens\/cambridge-cae\/categorie-vocabulaire-c1-advanced\/\" \/>\n<meta property=\"og:site_name\" content=\"GlobalExam Blog\" \/>\n<meta property=\"article:publisher\" content=\"https:\/\/www.facebook.com\/Global.Exam\" \/>\n<meta property=\"article:modified_time\" content=\"2022-08-31T13:00:29+00:00\" \/>\n<meta name=\"twitter:card\" content=\"summary_large_image\" \/>\n<meta name=\"twitter:site\" content=\"@Global_Exam\" \/>\n<meta name=\"twitter:label1\" content=\"Dur\u00e9e de lecture estim\u00e9e\" \/>\n\t<meta name=\"twitter:data1\" content=\"4 minutes\" \/>\n<script type=\"application\/ld+json\" class=\"yoast-schema-graph\">{\"@context\":\"https:\/\/schema.org\",\"@graph\":[{\"@type\":\"WebSite\",\"@id\":\"https:\/\/global-exam.com\/blog\/#website\",\"url\":\"https:\/\/global-exam.com\/blog\/\",\"name\":\"GlobalExam Blog\",\"description\":\"Le blog du sp\\u00e9cialiste de la certification linguistique\",\"potentialAction\":[{\"@type\":\"SearchAction\",\"target\":{\"@type\":\"EntryPoint\",\"urlTemplate\":\"https:\/\/global-exam.com\/blog\/?s={search_term_string}\"},\"query-input\":\"required name=search_term_string\"}],\"inLanguage\":\"fr-FR\"},{\"@type\":\"WebPage\",\"@id\":\"https:\/\/global-exam.com\/blog\/fr\/examens\/cambridge-cae\/categorie-vocabulaire-c1-advanced\/#webpage\",\"url\":\"https:\/\/global-exam.com\/blog\/fr\/examens\/cambridge-cae\/categorie-vocabulaire-c1-advanced\/\",\"name\":\"Vocabulaire C1 Advanced\",\"isPartOf\":{\"@id\":\"https:\/\/global-exam.com\/blog\/#website\"},\"datePublished\":\"2021-08-16T13:11:15+00:00\",\"dateModified\":\"2022-08-31T13:00:29+00:00\",\"breadcrumb\":{\"@id\":\"https:\/\/global-exam.com\/blog\/fr\/examens\/cambridge-cae\/categorie-vocabulaire-c1-advanced\/#breadcrumb\"},\"inLanguage\":\"fr-FR\",\"potentialAction\":[{\"@type\":\"ReadAction\",\"target\":[\"https:\/\/global-exam.com\/blog\/fr\/examens\/cambridge-cae\/categorie-vocabulaire-c1-advanced\/\"]}]},{\"@type\":\"BreadcrumbList\",\"@id\":\"https:\/\/global-exam.com\/blog\/fr\/examens\/cambridge-cae\/categorie-vocabulaire-c1-advanced\/#breadcrumb\",\"itemListElement\":[{\"@type\":\"ListItem\",\"position\":1,\"name\":\"Les examens de langue\",\"item\":\"https:\/\/global-exam.com\/blog\/fr\/examens\/\"},{\"@type\":\"ListItem\",\"position\":2,\"name\":\"C1 Advanced (CAE)\",\"item\":\"https:\/\/global-exam.com\/blog\/fr\/examens\/cambridge-cae\/\"},{\"@type\":\"ListItem\",\"position\":3,\"name\":\"Vocabulaire C1 Advanced\"}]}]}<\/script>\n<!-- \/ Yoast SEO plugin. -->","yoast_head_json":{"title":"Vocabulaire C1 Advanced","robots":{"index":"index","follow":"follow","max-snippet":"max-snippet:-1","max-image-preview":"max-image-preview:large","max-video-preview":"max-video-preview:-1"},"canonical":"https:\/\/global-exam.com\/blog\/fr\/examens\/cambridge-cae\/categorie-vocabulaire-c1-advanced\/","og_locale":"fr_FR","og_type":"article","og_title":"Vocabulaire C1 Advanced","og_description":"Ma\u00eetriser le vocabulaire D\u00e9couvrez dans cette rubrique comment vous pr\u00e9parer \u00e0 cette \u00e9preuve gr\u00e2ce \u00e0 la ma\u00eetrise d\u2019un outil fondamental : le [&hellip;]","og_url":"https:\/\/global-exam.com\/blog\/fr\/examens\/cambridge-cae\/categorie-vocabulaire-c1-advanced\/","og_site_name":"GlobalExam Blog","article_publisher":"https:\/\/www.facebook.com\/Global.Exam","article_modified_time":"2022-08-31T13:00:29+00:00","twitter_card":"summary_large_image","twitter_site":"@Global_Exam","twitter_misc":{"Dur\u00e9e de lecture estim\u00e9e":"4 minutes"},"schema":{"@context":"https:\/\/schema.org","@graph":[{"@type":"WebSite","@id":"https:\/\/global-exam.com\/blog\/#website","url":"https:\/\/global-exam.com\/blog\/","name":"GlobalExam Blog","description":"Le blog du sp\u00e9cialiste de la certification linguistique","potentialAction":[{"@type":"SearchAction","target":{"@type":"EntryPoint","urlTemplate":"https:\/\/global-exam.com\/blog\/?s={search_term_string}"},"query-input":"required name=search_term_string"}],"inLanguage":"fr-FR"},{"@type":"WebPage","@id":"https:\/\/global-exam.com\/blog\/fr\/examens\/cambridge-cae\/categorie-vocabulaire-c1-advanced\/#webpage","url":"https:\/\/global-exam.com\/blog\/fr\/examens\/cambridge-cae\/categorie-vocabulaire-c1-advanced\/","name":"Vocabulaire C1 Advanced","isPartOf":{"@id":"https:\/\/global-exam.com\/blog\/#website"},"datePublished":"2021-08-16T13:11:15+00:00","dateModified":"2022-08-31T13:00:29+00:00","breadcrumb":{"@id":"https:\/\/global-exam.com\/blog\/fr\/examens\/cambridge-cae\/categorie-vocabulaire-c1-advanced\/#breadcrumb"},"inLanguage":"fr-FR","potentialAction":[{"@type":"ReadAction","target":["https:\/\/global-exam.com\/blog\/fr\/examens\/cambridge-cae\/categorie-vocabulaire-c1-advanced\/"]}]},{"@type":"BreadcrumbList","@id":"https:\/\/global-exam.com\/blog\/fr\/examens\/cambridge-cae\/categorie-vocabulaire-c1-advanced\/#breadcrumb","itemListElement":[{"@type":"ListItem","position":1,"name":"Les examens de langue","item":"https:\/\/global-exam.com\/blog\/fr\/examens\/"},{"@type":"ListItem","position":2,"name":"C1 Advanced (CAE)","item":"https:\/\/global-exam.com\/blog\/fr\/examens\/cambridge-cae\/"},{"@type":"ListItem","position":3,"name":"Vocabulaire C1 Advanced"}]}]}},"lang":"fr","translations":{"fr":60284},"pll_sync_post":[],"_links":{"self":[{"href":"https:\/\/global-exam.com\/blog\/wp-json\/wp\/v2\/pages\/60284"}],"collection":[{"href":"https:\/\/global-exam.com\/blog\/wp-json\/wp\/v2\/pages"}],"about":[{"href":"https:\/\/global-exam.com\/blog\/wp-json\/wp\/v2\/types\/page"}],"author":[{"embeddable":true,"href":"https:\/\/global-exam.com\/blog\/wp-json\/wp\/v2\/users\/24"}],"replies":[{"embeddable":true,"href":"https:\/\/global-exam.com\/blog\/wp-json\/wp\/v2\/comments?post=60284"}],"version-history":[{"count":9,"href":"https:\/\/global-exam.com\/blog\/wp-json\/wp\/v2\/pages\/60284\/revisions"}],"predecessor-version":[{"id":79234,"href":"https:\/\/global-exam.com\/blog\/wp-json\/wp\/v2\/pages\/60284\/revisions\/79234"}],"up":[{"embeddable":true,"href":"https:\/\/global-exam.com\/blog\/wp-json\/wp\/v2\/pages\/13299"}],"wp:attachment":[{"href":"https:\/\/global-exam.com\/blog\/wp-json\/wp\/v2\/media?parent=60284"}],"curies":[{"name":"wp","href":"https:\/\/api.w.org\/{rel}","templated":true}]}}