{"id":60298,"date":"2021-08-16T15:19:23","date_gmt":"2021-08-16T13:19:23","guid":{"rendered":"https:\/\/global-exam.com\/blog\/?page_id=60298"},"modified":"2022-08-31T14:53:11","modified_gmt":"2022-08-31T12:53:11","slug":"categorie-presentation-bright-english","status":"publish","type":"page","link":"https:\/\/global-exam.com\/blog\/fr\/examens\/bright-english\/categorie-presentation-bright-english\/","title":{"rendered":"Pr\u00e9sentation Bright English"},"content":{"rendered":"<p>Des\u00a0<strong>tests d\u2019anglais<\/strong>, il en existe beaucoup. Et si vous \u00eates novice dans le domaine, vous aurez peut-\u00eatre du mal \u00e0 vous d\u00e9cider. Devriez-vous choisir de passer le\u00a0<strong>BRIGHT English<\/strong>\u00a0? Tel est le dilemme.<\/p>\n<p>Dans cette cat\u00e9gorie vous trouverez toutes les\u00a0<strong>informations<\/strong>\u00a0au sujet du\u00a0<strong>BRIGHT English<\/strong>. En effet, avant de passer un test, il est toujours bien de savoir ce qui vous attend. Cela permet non seulement de voir si cet examen est le meilleur pour vous, mais aussi s\u2019il vous convient.<\/p>\n<p>Pour ce qui est du\u00a0<strong>BRIGHT English<\/strong>, il faut savoir que c\u2019est un examen\u00a0<strong>mondialement reconnu<\/strong>. Il est utilis\u00e9 \u00e0 des<strong>\u00a0fins professionnelles<\/strong>, mais aussi \u00e0 des fins\u00a0<strong>\u00e9tudiantes<\/strong>. D\u2019ailleurs, il est possible de passer cet examen en dix autres langues diff\u00e9rentes.<\/p>\n<p>\u00c9videmment, le\u00a0<strong>BRIGHT English<\/strong>\u00a0en lui-m\u00eame a ses\u00a0<strong>sp\u00e9cificit\u00e9s<\/strong>. C\u2019est cela que nous avons mis en avant dans cette cat\u00e9gorie. Vous y trouverez donc la\u00a0<strong>structure de l\u2019examen<\/strong>, les comp\u00e9tences prises en compte, mais aussi la\u00a0<strong>dur\u00e9e du test<\/strong>\u00a0et le\u00a0<strong>nombre de points<\/strong>\u00a0que vous pourrez avoir au total. Nous avons \u00e9galement fait un\u00a0<strong>petit comparatif<\/strong>\u00a0avec quelques autres tests d\u2019anglais, pour que vous compreniez bien les diff\u00e9rences.<\/p>\n","protected":false},"excerpt":{"rendered":"<p>Des\u00a0tests d\u2019anglais, il en existe beaucoup. Et si vous \u00eates novice dans le domaine, vous aurez peut-\u00eatre du mal \u00e0 vous d\u00e9cider. [&hellip;]<\/p>\n","protected":false},"author":24,"featured_media":0,"parent":2847,"menu_order":0,"comment_status":"closed","ping_status":"closed","template":"","meta":[],"acf":[],"yoast_head":"<!-- This site is optimized with the Yoast SEO plugin v17.2.1 - https:\/\/yoast.com\/wordpress\/plugins\/seo\/ -->\n<title>Pr\u00e9sentation Bright English<\/title>\n<meta name=\"robots\" content=\"index, follow, max-snippet:-1, max-image-preview:large, max-video-preview:-1\" \/>\n<link rel=\"canonical\" href=\"https:\/\/global-exam.com\/blog\/fr\/examens\/bright-english\/categorie-presentation-bright-english\/\" \/>\n<meta property=\"og:locale\" content=\"fr_FR\" \/>\n<meta property=\"og:type\" content=\"article\" \/>\n<meta property=\"og:title\" content=\"Pr\u00e9sentation Bright English\" \/>\n<meta property=\"og:description\" content=\"Des\u00a0tests d\u2019anglais, il en existe beaucoup. Et si vous \u00eates novice dans le domaine, vous aurez peut-\u00eatre du mal \u00e0 vous d\u00e9cider. [&hellip;]\" \/>\n<meta property=\"og:url\" content=\"https:\/\/global-exam.com\/blog\/fr\/examens\/bright-english\/categorie-presentation-bright-english\/\" \/>\n<meta property=\"og:site_name\" content=\"GlobalExam Blog\" \/>\n<meta property=\"article:publisher\" content=\"https:\/\/www.facebook.com\/Global.Exam\" \/>\n<meta property=\"article:modified_time\" content=\"2022-08-31T12:53:11+00:00\" \/>\n<meta name=\"twitter:card\" content=\"summary_large_image\" \/>\n<meta name=\"twitter:site\" content=\"@Global_Exam\" \/>\n<meta name=\"twitter:label1\" content=\"Dur\u00e9e de lecture estim\u00e9e\" \/>\n\t<meta name=\"twitter:data1\" content=\"1 minute\" \/>\n<script type=\"application\/ld+json\" class=\"yoast-schema-graph\">{\"@context\":\"https:\/\/schema.org\",\"@graph\":[{\"@type\":\"WebSite\",\"@id\":\"https:\/\/global-exam.com\/blog\/#website\",\"url\":\"https:\/\/global-exam.com\/blog\/\",\"name\":\"GlobalExam Blog\",\"description\":\"Le blog du sp\\u00e9cialiste de la certification linguistique\",\"potentialAction\":[{\"@type\":\"SearchAction\",\"target\":{\"@type\":\"EntryPoint\",\"urlTemplate\":\"https:\/\/global-exam.com\/blog\/?s={search_term_string}\"},\"query-input\":\"required name=search_term_string\"}],\"inLanguage\":\"fr-FR\"},{\"@type\":\"WebPage\",\"@id\":\"https:\/\/global-exam.com\/blog\/fr\/examens\/bright-english\/categorie-presentation-bright-english\/#webpage\",\"url\":\"https:\/\/global-exam.com\/blog\/fr\/examens\/bright-english\/categorie-presentation-bright-english\/\",\"name\":\"Pr\\u00e9sentation Bright English\",\"isPartOf\":{\"@id\":\"https:\/\/global-exam.com\/blog\/#website\"},\"datePublished\":\"2021-08-16T13:19:23+00:00\",\"dateModified\":\"2022-08-31T12:53:11+00:00\",\"breadcrumb\":{\"@id\":\"https:\/\/global-exam.com\/blog\/fr\/examens\/bright-english\/categorie-presentation-bright-english\/#breadcrumb\"},\"inLanguage\":\"fr-FR\",\"potentialAction\":[{\"@type\":\"ReadAction\",\"target\":[\"https:\/\/global-exam.com\/blog\/fr\/examens\/bright-english\/categorie-presentation-bright-english\/\"]}]},{\"@type\":\"BreadcrumbList\",\"@id\":\"https:\/\/global-exam.com\/blog\/fr\/examens\/bright-english\/categorie-presentation-bright-english\/#breadcrumb\",\"itemListElement\":[{\"@type\":\"ListItem\",\"position\":1,\"name\":\"Les examens de langue\",\"item\":\"https:\/\/global-exam.com\/blog\/fr\/examens\/\"},{\"@type\":\"ListItem\",\"position\":2,\"name\":\"BRIGHT English\",\"item\":\"https:\/\/global-exam.com\/blog\/fr\/examens\/bright-english\/\"},{\"@type\":\"ListItem\",\"position\":3,\"name\":\"Pr\\u00e9sentation Bright English\"}]}]}<\/script>\n<!-- \/ Yoast SEO plugin. -->","yoast_head_json":{"title":"Pr\u00e9sentation Bright English","robots":{"index":"index","follow":"follow","max-snippet":"max-snippet:-1","max-image-preview":"max-image-preview:large","max-video-preview":"max-video-preview:-1"},"canonical":"https:\/\/global-exam.com\/blog\/fr\/examens\/bright-english\/categorie-presentation-bright-english\/","og_locale":"fr_FR","og_type":"article","og_title":"Pr\u00e9sentation Bright English","og_description":"Des\u00a0tests d\u2019anglais, il en existe beaucoup. Et si vous \u00eates novice dans le domaine, vous aurez peut-\u00eatre du mal \u00e0 vous d\u00e9cider. [&hellip;]","og_url":"https:\/\/global-exam.com\/blog\/fr\/examens\/bright-english\/categorie-presentation-bright-english\/","og_site_name":"GlobalExam Blog","article_publisher":"https:\/\/www.facebook.com\/Global.Exam","article_modified_time":"2022-08-31T12:53:11+00:00","twitter_card":"summary_large_image","twitter_site":"@Global_Exam","twitter_misc":{"Dur\u00e9e de lecture estim\u00e9e":"1 minute"},"schema":{"@context":"https:\/\/schema.org","@graph":[{"@type":"WebSite","@id":"https:\/\/global-exam.com\/blog\/#website","url":"https:\/\/global-exam.com\/blog\/","name":"GlobalExam Blog","description":"Le blog du sp\u00e9cialiste de la certification linguistique","potentialAction":[{"@type":"SearchAction","target":{"@type":"EntryPoint","urlTemplate":"https:\/\/global-exam.com\/blog\/?s={search_term_string}"},"query-input":"required name=search_term_string"}],"inLanguage":"fr-FR"},{"@type":"WebPage","@id":"https:\/\/global-exam.com\/blog\/fr\/examens\/bright-english\/categorie-presentation-bright-english\/#webpage","url":"https:\/\/global-exam.com\/blog\/fr\/examens\/bright-english\/categorie-presentation-bright-english\/","name":"Pr\u00e9sentation Bright English","isPartOf":{"@id":"https:\/\/global-exam.com\/blog\/#website"},"datePublished":"2021-08-16T13:19:23+00:00","dateModified":"2022-08-31T12:53:11+00:00","breadcrumb":{"@id":"https:\/\/global-exam.com\/blog\/fr\/examens\/bright-english\/categorie-presentation-bright-english\/#breadcrumb"},"inLanguage":"fr-FR","potentialAction":[{"@type":"ReadAction","target":["https:\/\/global-exam.com\/blog\/fr\/examens\/bright-english\/categorie-presentation-bright-english\/"]}]},{"@type":"BreadcrumbList","@id":"https:\/\/global-exam.com\/blog\/fr\/examens\/bright-english\/categorie-presentation-bright-english\/#breadcrumb","itemListElement":[{"@type":"ListItem","position":1,"name":"Les examens de langue","item":"https:\/\/global-exam.com\/blog\/fr\/examens\/"},{"@type":"ListItem","position":2,"name":"BRIGHT English","item":"https:\/\/global-exam.com\/blog\/fr\/examens\/bright-english\/"},{"@type":"ListItem","position":3,"name":"Pr\u00e9sentation Bright English"}]}]}},"lang":"fr","translations":{"fr":60298},"pll_sync_post":[],"_links":{"self":[{"href":"https:\/\/global-exam.com\/blog\/wp-json\/wp\/v2\/pages\/60298"}],"collection":[{"href":"https:\/\/global-exam.com\/blog\/wp-json\/wp\/v2\/pages"}],"about":[{"href":"https:\/\/global-exam.com\/blog\/wp-json\/wp\/v2\/types\/page"}],"author":[{"embeddable":true,"href":"https:\/\/global-exam.com\/blog\/wp-json\/wp\/v2\/users\/24"}],"replies":[{"embeddable":true,"href":"https:\/\/global-exam.com\/blog\/wp-json\/wp\/v2\/comments?post=60298"}],"version-history":[{"count":6,"href":"https:\/\/global-exam.com\/blog\/wp-json\/wp\/v2\/pages\/60298\/revisions"}],"predecessor-version":[{"id":79225,"href":"https:\/\/global-exam.com\/blog\/wp-json\/wp\/v2\/pages\/60298\/revisions\/79225"}],"up":[{"embeddable":true,"href":"https:\/\/global-exam.com\/blog\/wp-json\/wp\/v2\/pages\/2847"}],"wp:attachment":[{"href":"https:\/\/global-exam.com\/blog\/wp-json\/wp\/v2\/media?parent=60298"}],"curies":[{"name":"wp","href":"https:\/\/api.w.org\/{rel}","templated":true}]}}