{"id":60306,"date":"2021-08-16T15:24:14","date_gmt":"2021-08-16T13:24:14","guid":{"rendered":"https:\/\/global-exam.com\/blog\/?page_id=60306"},"modified":"2022-08-31T14:52:05","modified_gmt":"2022-08-31T12:52:05","slug":"categorie-consignes-bright-english","status":"publish","type":"page","link":"https:\/\/global-exam.com\/blog\/fr\/examens\/bright-english\/categorie-consignes-bright-english\/","title":{"rendered":"Consignes Bright English"},"content":{"rendered":"<p>Dans cette cat\u00e9gorie nous vous pr\u00e9sentons tout ce qui concerne le test BRIGHT English, les<strong>\u00a0consignes et les questions types<\/strong>\u00a0pour que vous puissiez r\u00e9ussir ce test !<\/p>\n<p>Vous avez certainement entendu parler du BRIGHT English Test. C\u2019est un test qui vous permet\u00a0<strong>d\u2019\u00e9valuer votre niveau en anglais professionnel<\/strong>. Ce test se focalise sur les comp\u00e9tences et sur les connaissances \u00e9crites et orales pour pouvoir int\u00e9grer un environnement professionnel international.<\/p>\n<p>C\u2019est pour cette raison qu\u2019il existe le BRIGHT English \u2013 Reading et le BRIGHT English \u2013 Listening. Ce test permet d\u2019\u00e9valuer vos comp\u00e9tences linguistiques en anglais professionnel\u00a0<strong>\u00e0 l\u2019oral comme \u00e0 l\u2019\u00e9crit<\/strong>.<\/p>\n<div id=\"post-14633\" class=\"fusion-archive-description post-14633 post type-post status-publish format-standard has-post-thumbnail hentry category-bright-english-consignes\">\n<div class=\"post-content\">\n<div id=\"category-description-content\">\n<p>La partie orale du BRIGHT English, ainsi que la partie \u00e9crite, comporte 60 questions, soit 120 questions au total.<\/p>\n<p>Le BRIGHT English Test est r\u00e9alis\u00e9 en ligne. C\u2019est un test qui vous permet d\u2019int\u00e9grer plus facilement le monde professionnel. D\u2019une dur\u00e9e moyenne de 45 minutes et bas\u00e9 sur 6 niveaux de ma\u00eetrise, le BRIGHT English n\u00e9cessite une\u00a0<strong>excellente pr\u00e9paration et entra\u00eenement<\/strong>.<\/p>\n<p>Dans cette cat\u00e9gorie, vous trouverez des exemples de consignes et des conseils pratiques qui vous permettront de r\u00e9ussir le test BRIGHT English.<\/p>\n<p>Nous avons cr\u00e9\u00e9 cette cat\u00e9gorie pour vous faire profiter de nos conseils et pour vous aider \u00e0 trouver les meilleurs exercices et les examens blancs complets chronom\u00e9tr\u00e9s indispensables \u00e0 la r\u00e9ussite dans cette \u00e9valuation.<\/p>\n<\/div>\n<\/div>\n<\/div>\n","protected":false},"excerpt":{"rendered":"<p>Dans cette cat\u00e9gorie nous vous pr\u00e9sentons tout ce qui concerne le test BRIGHT English, les\u00a0consignes et les questions types\u00a0pour que vous puissiez [&hellip;]<\/p>\n","protected":false},"author":24,"featured_media":0,"parent":2847,"menu_order":0,"comment_status":"closed","ping_status":"closed","template":"","meta":[],"acf":[],"yoast_head":"<!-- This site is optimized with the Yoast SEO plugin v17.2.1 - https:\/\/yoast.com\/wordpress\/plugins\/seo\/ -->\n<title>Consignes Bright English<\/title>\n<meta name=\"robots\" content=\"index, follow, max-snippet:-1, max-image-preview:large, max-video-preview:-1\" \/>\n<link rel=\"canonical\" href=\"https:\/\/global-exam.com\/blog\/fr\/examens\/bright-english\/categorie-consignes-bright-english\/\" \/>\n<meta property=\"og:locale\" content=\"fr_FR\" \/>\n<meta property=\"og:type\" content=\"article\" \/>\n<meta property=\"og:title\" content=\"Consignes Bright English\" \/>\n<meta property=\"og:description\" content=\"Dans cette cat\u00e9gorie nous vous pr\u00e9sentons tout ce qui concerne le test BRIGHT English, les\u00a0consignes et les questions types\u00a0pour que vous puissiez [&hellip;]\" \/>\n<meta property=\"og:url\" content=\"https:\/\/global-exam.com\/blog\/fr\/examens\/bright-english\/categorie-consignes-bright-english\/\" \/>\n<meta property=\"og:site_name\" content=\"GlobalExam Blog\" \/>\n<meta property=\"article:publisher\" content=\"https:\/\/www.facebook.com\/Global.Exam\" \/>\n<meta property=\"article:modified_time\" content=\"2022-08-31T12:52:05+00:00\" \/>\n<meta name=\"twitter:card\" content=\"summary_large_image\" \/>\n<meta name=\"twitter:site\" content=\"@Global_Exam\" \/>\n<meta name=\"twitter:label1\" content=\"Dur\u00e9e de lecture estim\u00e9e\" \/>\n\t<meta name=\"twitter:data1\" content=\"1 minute\" \/>\n<script type=\"application\/ld+json\" class=\"yoast-schema-graph\">{\"@context\":\"https:\/\/schema.org\",\"@graph\":[{\"@type\":\"WebSite\",\"@id\":\"https:\/\/global-exam.com\/blog\/#website\",\"url\":\"https:\/\/global-exam.com\/blog\/\",\"name\":\"GlobalExam Blog\",\"description\":\"Le blog du sp\\u00e9cialiste de la certification linguistique\",\"potentialAction\":[{\"@type\":\"SearchAction\",\"target\":{\"@type\":\"EntryPoint\",\"urlTemplate\":\"https:\/\/global-exam.com\/blog\/?s={search_term_string}\"},\"query-input\":\"required name=search_term_string\"}],\"inLanguage\":\"fr-FR\"},{\"@type\":\"WebPage\",\"@id\":\"https:\/\/global-exam.com\/blog\/fr\/examens\/bright-english\/categorie-consignes-bright-english\/#webpage\",\"url\":\"https:\/\/global-exam.com\/blog\/fr\/examens\/bright-english\/categorie-consignes-bright-english\/\",\"name\":\"Consignes Bright English\",\"isPartOf\":{\"@id\":\"https:\/\/global-exam.com\/blog\/#website\"},\"datePublished\":\"2021-08-16T13:24:14+00:00\",\"dateModified\":\"2022-08-31T12:52:05+00:00\",\"breadcrumb\":{\"@id\":\"https:\/\/global-exam.com\/blog\/fr\/examens\/bright-english\/categorie-consignes-bright-english\/#breadcrumb\"},\"inLanguage\":\"fr-FR\",\"potentialAction\":[{\"@type\":\"ReadAction\",\"target\":[\"https:\/\/global-exam.com\/blog\/fr\/examens\/bright-english\/categorie-consignes-bright-english\/\"]}]},{\"@type\":\"BreadcrumbList\",\"@id\":\"https:\/\/global-exam.com\/blog\/fr\/examens\/bright-english\/categorie-consignes-bright-english\/#breadcrumb\",\"itemListElement\":[{\"@type\":\"ListItem\",\"position\":1,\"name\":\"Les examens de langue\",\"item\":\"https:\/\/global-exam.com\/blog\/fr\/examens\/\"},{\"@type\":\"ListItem\",\"position\":2,\"name\":\"BRIGHT English\",\"item\":\"https:\/\/global-exam.com\/blog\/fr\/examens\/bright-english\/\"},{\"@type\":\"ListItem\",\"position\":3,\"name\":\"Consignes Bright English\"}]}]}<\/script>\n<!-- \/ Yoast SEO plugin. -->","yoast_head_json":{"title":"Consignes Bright English","robots":{"index":"index","follow":"follow","max-snippet":"max-snippet:-1","max-image-preview":"max-image-preview:large","max-video-preview":"max-video-preview:-1"},"canonical":"https:\/\/global-exam.com\/blog\/fr\/examens\/bright-english\/categorie-consignes-bright-english\/","og_locale":"fr_FR","og_type":"article","og_title":"Consignes Bright English","og_description":"Dans cette cat\u00e9gorie nous vous pr\u00e9sentons tout ce qui concerne le test BRIGHT English, les\u00a0consignes et les questions types\u00a0pour que vous puissiez [&hellip;]","og_url":"https:\/\/global-exam.com\/blog\/fr\/examens\/bright-english\/categorie-consignes-bright-english\/","og_site_name":"GlobalExam Blog","article_publisher":"https:\/\/www.facebook.com\/Global.Exam","article_modified_time":"2022-08-31T12:52:05+00:00","twitter_card":"summary_large_image","twitter_site":"@Global_Exam","twitter_misc":{"Dur\u00e9e de lecture estim\u00e9e":"1 minute"},"schema":{"@context":"https:\/\/schema.org","@graph":[{"@type":"WebSite","@id":"https:\/\/global-exam.com\/blog\/#website","url":"https:\/\/global-exam.com\/blog\/","name":"GlobalExam Blog","description":"Le blog du sp\u00e9cialiste de la certification linguistique","potentialAction":[{"@type":"SearchAction","target":{"@type":"EntryPoint","urlTemplate":"https:\/\/global-exam.com\/blog\/?s={search_term_string}"},"query-input":"required name=search_term_string"}],"inLanguage":"fr-FR"},{"@type":"WebPage","@id":"https:\/\/global-exam.com\/blog\/fr\/examens\/bright-english\/categorie-consignes-bright-english\/#webpage","url":"https:\/\/global-exam.com\/blog\/fr\/examens\/bright-english\/categorie-consignes-bright-english\/","name":"Consignes Bright English","isPartOf":{"@id":"https:\/\/global-exam.com\/blog\/#website"},"datePublished":"2021-08-16T13:24:14+00:00","dateModified":"2022-08-31T12:52:05+00:00","breadcrumb":{"@id":"https:\/\/global-exam.com\/blog\/fr\/examens\/bright-english\/categorie-consignes-bright-english\/#breadcrumb"},"inLanguage":"fr-FR","potentialAction":[{"@type":"ReadAction","target":["https:\/\/global-exam.com\/blog\/fr\/examens\/bright-english\/categorie-consignes-bright-english\/"]}]},{"@type":"BreadcrumbList","@id":"https:\/\/global-exam.com\/blog\/fr\/examens\/bright-english\/categorie-consignes-bright-english\/#breadcrumb","itemListElement":[{"@type":"ListItem","position":1,"name":"Les examens de langue","item":"https:\/\/global-exam.com\/blog\/fr\/examens\/"},{"@type":"ListItem","position":2,"name":"BRIGHT English","item":"https:\/\/global-exam.com\/blog\/fr\/examens\/bright-english\/"},{"@type":"ListItem","position":3,"name":"Consignes Bright English"}]}]}},"lang":"fr","translations":{"fr":60306},"pll_sync_post":[],"_links":{"self":[{"href":"https:\/\/global-exam.com\/blog\/wp-json\/wp\/v2\/pages\/60306"}],"collection":[{"href":"https:\/\/global-exam.com\/blog\/wp-json\/wp\/v2\/pages"}],"about":[{"href":"https:\/\/global-exam.com\/blog\/wp-json\/wp\/v2\/types\/page"}],"author":[{"embeddable":true,"href":"https:\/\/global-exam.com\/blog\/wp-json\/wp\/v2\/users\/24"}],"replies":[{"embeddable":true,"href":"https:\/\/global-exam.com\/blog\/wp-json\/wp\/v2\/comments?post=60306"}],"version-history":[{"count":5,"href":"https:\/\/global-exam.com\/blog\/wp-json\/wp\/v2\/pages\/60306\/revisions"}],"predecessor-version":[{"id":79223,"href":"https:\/\/global-exam.com\/blog\/wp-json\/wp\/v2\/pages\/60306\/revisions\/79223"}],"up":[{"embeddable":true,"href":"https:\/\/global-exam.com\/blog\/wp-json\/wp\/v2\/pages\/2847"}],"wp:attachment":[{"href":"https:\/\/global-exam.com\/blog\/wp-json\/wp\/v2\/media?parent=60306"}],"curies":[{"name":"wp","href":"https:\/\/api.w.org\/{rel}","templated":true}]}}