{"id":60313,"date":"2021-08-16T15:28:12","date_gmt":"2021-08-16T13:28:12","guid":{"rendered":"https:\/\/global-exam.com\/blog\/?page_id=60313"},"modified":"2022-08-31T14:50:39","modified_gmt":"2022-08-31T12:50:39","slug":"categorie-avoir-un-bon-score-au-bright-english","status":"publish","type":"page","link":"https:\/\/global-exam.com\/blog\/fr\/examens\/bright-english\/categorie-avoir-un-bon-score-au-bright-english\/","title":{"rendered":"Avoir un bon score au Bright English"},"content":{"rendered":"<p>Obtenir un bon score au BRIGHT English<\/p>\n<p>Si vous \u00eates l\u00e0 c\u2019est que vous avez d\u00e9cid\u00e9 de passer le test BRIGHT English ! Vous trouverez dans cette cat\u00e9gorie des informations pr\u00e9cieuses et utiles pour\u00a0<strong>r\u00e9ussir votre BRIGHT English avec un excellent score<\/strong>.<\/p>\n<p>La notation finale du BRIGHT English est align\u00e9e avec les diff\u00e9rents niveaux d\u2019anglais du CECRL.<\/p>\n<p>Mais quel score faut-il obtenir ? Tout d\u00e9pend de votre projet et de vos objectifs ! Si vous souhaitez, par exemple, partir en voyage et que vous devez communiquer en anglais, le niveau A2 est suffisant. En revanche, si votre projet consiste \u00e0 vous installer dans un pays anglophone ou int\u00e9grer une multinationale, vous devez avoir le niveau C1 ou le niveau C2 pour prouver votre ma\u00eetrise de la langue !<\/p>\n<p>Vous trouverez dans cette rubrique\u00a0<strong>des conseils importants<\/strong>\u00a0et des explications d\u00e9taill\u00e9es et indispensables pour avoir un excellent score au BRIGHT English test.<\/p>\n","protected":false},"excerpt":{"rendered":"<p>Obtenir un bon score au BRIGHT English Si vous \u00eates l\u00e0 c\u2019est que vous avez d\u00e9cid\u00e9 de passer le test BRIGHT English [&hellip;]<\/p>\n","protected":false},"author":24,"featured_media":0,"parent":2847,"menu_order":0,"comment_status":"closed","ping_status":"closed","template":"","meta":[],"acf":[],"yoast_head":"<!-- This site is optimized with the Yoast SEO plugin v17.2.1 - https:\/\/yoast.com\/wordpress\/plugins\/seo\/ -->\n<title>Avoir un bon score au Bright English<\/title>\n<meta name=\"robots\" content=\"index, follow, max-snippet:-1, max-image-preview:large, max-video-preview:-1\" \/>\n<link rel=\"canonical\" href=\"https:\/\/global-exam.com\/blog\/fr\/examens\/bright-english\/categorie-avoir-un-bon-score-au-bright-english\/\" \/>\n<meta property=\"og:locale\" content=\"fr_FR\" \/>\n<meta property=\"og:type\" content=\"article\" \/>\n<meta property=\"og:title\" content=\"Avoir un bon score au Bright English\" \/>\n<meta property=\"og:description\" content=\"Obtenir un bon score au BRIGHT English Si vous \u00eates l\u00e0 c\u2019est que vous avez d\u00e9cid\u00e9 de passer le test BRIGHT English [&hellip;]\" \/>\n<meta property=\"og:url\" content=\"https:\/\/global-exam.com\/blog\/fr\/examens\/bright-english\/categorie-avoir-un-bon-score-au-bright-english\/\" \/>\n<meta property=\"og:site_name\" content=\"GlobalExam Blog\" \/>\n<meta property=\"article:publisher\" content=\"https:\/\/www.facebook.com\/Global.Exam\" \/>\n<meta property=\"article:modified_time\" content=\"2022-08-31T12:50:39+00:00\" \/>\n<meta name=\"twitter:card\" content=\"summary_large_image\" \/>\n<meta name=\"twitter:site\" content=\"@Global_Exam\" \/>\n<meta name=\"twitter:label1\" content=\"Dur\u00e9e de lecture estim\u00e9e\" \/>\n\t<meta name=\"twitter:data1\" content=\"1 minute\" \/>\n<script type=\"application\/ld+json\" class=\"yoast-schema-graph\">{\"@context\":\"https:\/\/schema.org\",\"@graph\":[{\"@type\":\"WebSite\",\"@id\":\"https:\/\/global-exam.com\/blog\/#website\",\"url\":\"https:\/\/global-exam.com\/blog\/\",\"name\":\"GlobalExam Blog\",\"description\":\"Le blog du sp\\u00e9cialiste de la certification linguistique\",\"potentialAction\":[{\"@type\":\"SearchAction\",\"target\":{\"@type\":\"EntryPoint\",\"urlTemplate\":\"https:\/\/global-exam.com\/blog\/?s={search_term_string}\"},\"query-input\":\"required name=search_term_string\"}],\"inLanguage\":\"fr-FR\"},{\"@type\":\"WebPage\",\"@id\":\"https:\/\/global-exam.com\/blog\/fr\/examens\/bright-english\/categorie-avoir-un-bon-score-au-bright-english\/#webpage\",\"url\":\"https:\/\/global-exam.com\/blog\/fr\/examens\/bright-english\/categorie-avoir-un-bon-score-au-bright-english\/\",\"name\":\"Avoir un bon score au Bright English\",\"isPartOf\":{\"@id\":\"https:\/\/global-exam.com\/blog\/#website\"},\"datePublished\":\"2021-08-16T13:28:12+00:00\",\"dateModified\":\"2022-08-31T12:50:39+00:00\",\"breadcrumb\":{\"@id\":\"https:\/\/global-exam.com\/blog\/fr\/examens\/bright-english\/categorie-avoir-un-bon-score-au-bright-english\/#breadcrumb\"},\"inLanguage\":\"fr-FR\",\"potentialAction\":[{\"@type\":\"ReadAction\",\"target\":[\"https:\/\/global-exam.com\/blog\/fr\/examens\/bright-english\/categorie-avoir-un-bon-score-au-bright-english\/\"]}]},{\"@type\":\"BreadcrumbList\",\"@id\":\"https:\/\/global-exam.com\/blog\/fr\/examens\/bright-english\/categorie-avoir-un-bon-score-au-bright-english\/#breadcrumb\",\"itemListElement\":[{\"@type\":\"ListItem\",\"position\":1,\"name\":\"Les examens de langue\",\"item\":\"https:\/\/global-exam.com\/blog\/fr\/examens\/\"},{\"@type\":\"ListItem\",\"position\":2,\"name\":\"BRIGHT English\",\"item\":\"https:\/\/global-exam.com\/blog\/fr\/examens\/bright-english\/\"},{\"@type\":\"ListItem\",\"position\":3,\"name\":\"Avoir un bon score au Bright English\"}]}]}<\/script>\n<!-- \/ Yoast SEO plugin. -->","yoast_head_json":{"title":"Avoir un bon score au Bright English","robots":{"index":"index","follow":"follow","max-snippet":"max-snippet:-1","max-image-preview":"max-image-preview:large","max-video-preview":"max-video-preview:-1"},"canonical":"https:\/\/global-exam.com\/blog\/fr\/examens\/bright-english\/categorie-avoir-un-bon-score-au-bright-english\/","og_locale":"fr_FR","og_type":"article","og_title":"Avoir un bon score au Bright English","og_description":"Obtenir un bon score au BRIGHT English Si vous \u00eates l\u00e0 c\u2019est que vous avez d\u00e9cid\u00e9 de passer le test BRIGHT English [&hellip;]","og_url":"https:\/\/global-exam.com\/blog\/fr\/examens\/bright-english\/categorie-avoir-un-bon-score-au-bright-english\/","og_site_name":"GlobalExam Blog","article_publisher":"https:\/\/www.facebook.com\/Global.Exam","article_modified_time":"2022-08-31T12:50:39+00:00","twitter_card":"summary_large_image","twitter_site":"@Global_Exam","twitter_misc":{"Dur\u00e9e de lecture estim\u00e9e":"1 minute"},"schema":{"@context":"https:\/\/schema.org","@graph":[{"@type":"WebSite","@id":"https:\/\/global-exam.com\/blog\/#website","url":"https:\/\/global-exam.com\/blog\/","name":"GlobalExam Blog","description":"Le blog du sp\u00e9cialiste de la certification linguistique","potentialAction":[{"@type":"SearchAction","target":{"@type":"EntryPoint","urlTemplate":"https:\/\/global-exam.com\/blog\/?s={search_term_string}"},"query-input":"required name=search_term_string"}],"inLanguage":"fr-FR"},{"@type":"WebPage","@id":"https:\/\/global-exam.com\/blog\/fr\/examens\/bright-english\/categorie-avoir-un-bon-score-au-bright-english\/#webpage","url":"https:\/\/global-exam.com\/blog\/fr\/examens\/bright-english\/categorie-avoir-un-bon-score-au-bright-english\/","name":"Avoir un bon score au Bright English","isPartOf":{"@id":"https:\/\/global-exam.com\/blog\/#website"},"datePublished":"2021-08-16T13:28:12+00:00","dateModified":"2022-08-31T12:50:39+00:00","breadcrumb":{"@id":"https:\/\/global-exam.com\/blog\/fr\/examens\/bright-english\/categorie-avoir-un-bon-score-au-bright-english\/#breadcrumb"},"inLanguage":"fr-FR","potentialAction":[{"@type":"ReadAction","target":["https:\/\/global-exam.com\/blog\/fr\/examens\/bright-english\/categorie-avoir-un-bon-score-au-bright-english\/"]}]},{"@type":"BreadcrumbList","@id":"https:\/\/global-exam.com\/blog\/fr\/examens\/bright-english\/categorie-avoir-un-bon-score-au-bright-english\/#breadcrumb","itemListElement":[{"@type":"ListItem","position":1,"name":"Les examens de langue","item":"https:\/\/global-exam.com\/blog\/fr\/examens\/"},{"@type":"ListItem","position":2,"name":"BRIGHT English","item":"https:\/\/global-exam.com\/blog\/fr\/examens\/bright-english\/"},{"@type":"ListItem","position":3,"name":"Avoir un bon score au Bright English"}]}]}},"lang":"fr","translations":{"fr":60313},"pll_sync_post":[],"_links":{"self":[{"href":"https:\/\/global-exam.com\/blog\/wp-json\/wp\/v2\/pages\/60313"}],"collection":[{"href":"https:\/\/global-exam.com\/blog\/wp-json\/wp\/v2\/pages"}],"about":[{"href":"https:\/\/global-exam.com\/blog\/wp-json\/wp\/v2\/types\/page"}],"author":[{"embeddable":true,"href":"https:\/\/global-exam.com\/blog\/wp-json\/wp\/v2\/users\/24"}],"replies":[{"embeddable":true,"href":"https:\/\/global-exam.com\/blog\/wp-json\/wp\/v2\/comments?post=60313"}],"version-history":[{"count":8,"href":"https:\/\/global-exam.com\/blog\/wp-json\/wp\/v2\/pages\/60313\/revisions"}],"predecessor-version":[{"id":79221,"href":"https:\/\/global-exam.com\/blog\/wp-json\/wp\/v2\/pages\/60313\/revisions\/79221"}],"up":[{"embeddable":true,"href":"https:\/\/global-exam.com\/blog\/wp-json\/wp\/v2\/pages\/2847"}],"wp:attachment":[{"href":"https:\/\/global-exam.com\/blog\/wp-json\/wp\/v2\/media?parent=60313"}],"curies":[{"name":"wp","href":"https:\/\/api.w.org\/{rel}","templated":true}]}}