{"id":60316,"date":"2021-08-16T15:30:15","date_gmt":"2021-08-16T13:30:15","guid":{"rendered":"https:\/\/global-exam.com\/blog\/?page_id=60316"},"modified":"2022-08-31T14:54:07","modified_gmt":"2022-08-31T12:54:07","slug":"categorie-supports-pour-sentrainer-au-bright-english","status":"publish","type":"page","link":"https:\/\/global-exam.com\/blog\/fr\/examens\/bright-english\/categorie-supports-pour-sentrainer-au-bright-english\/","title":{"rendered":"Supports pour s&rsquo;entra\u00eener au Bright English"},"content":{"rendered":"<p>Ressources pour pr\u00e9parer le BRIGHT English<\/p>\n<p>Le\u00a0<strong>BRIGHT English<\/strong>\u00a0\u00e9value vos<strong>\u00a0comp\u00e9tences linguistiques<\/strong>\u00a0\u00e0 un instant \u00ab\u00a0T\u00a0\u00bb et peut vous aider \u00e0 appuyer une candidature aupr\u00e8s d\u2019un\u00a0<strong>employeur \u00e9tranger<\/strong>\u00a0ou d\u2019un\u00a0<strong>\u00e9tablissement d\u2019\u00e9tudes sup\u00e9rieures<\/strong>.<\/p>\n<p>Tr\u00e8s demand\u00e9 dans le\u00a0<strong>milieu professionnel<\/strong>, le test du<strong>\u00a0BRIGHT English<\/strong>\u00a0est r\u00e9gi par des consignes tr\u00e8s particuli\u00e8res qu\u2019il est n\u00e9cessaire de comprendre en amont de l\u2019examen. Il s\u2019agit en effet d\u2019un\u00a0<strong>test de rapidit\u00e9<\/strong>\u00a0qui laisse peu de temps pour la r\u00e9flexion. Il est donc important de se familiariser avec le\u00a0<strong>mode de raisonnement<\/strong>\u00a0attendu et la\u00a0<strong>structure du BRIGHT English<\/strong>\u00a0avant de se lancer.<\/p>\n<p>Pour vous\u00a0<strong>entra\u00eener<\/strong>\u00a0au\u00a0<strong>BRIGHT English<\/strong>, plusieurs supports sont disponibles. Dans cette cat\u00e9gorie, retrouvez tous les articles relatifs aux\u00a0<strong>supports d\u2019entra\u00eenement<\/strong>\u00a0pour cet examen, des<strong>\u00a0sites en ligne<\/strong>\u00a0en passant par les livres et les divers supports num\u00e9riques. Bon entra\u00eenement\u00a0!<\/p>\n","protected":false},"excerpt":{"rendered":"<p>Ressources pour pr\u00e9parer le BRIGHT English Le\u00a0BRIGHT English\u00a0\u00e9value vos\u00a0comp\u00e9tences linguistiques\u00a0\u00e0 un instant \u00ab\u00a0T\u00a0\u00bb et peut vous aider \u00e0 appuyer une candidature aupr\u00e8s [&hellip;]<\/p>\n","protected":false},"author":24,"featured_media":0,"parent":2847,"menu_order":0,"comment_status":"closed","ping_status":"closed","template":"","meta":[],"acf":[],"yoast_head":"<!-- This site is optimized with the Yoast SEO plugin v17.2.1 - https:\/\/yoast.com\/wordpress\/plugins\/seo\/ -->\n<title>Supports pour s&#039;entra\u00eener au Bright English<\/title>\n<meta name=\"robots\" content=\"index, follow, max-snippet:-1, max-image-preview:large, max-video-preview:-1\" \/>\n<link rel=\"canonical\" href=\"https:\/\/global-exam.com\/blog\/fr\/examens\/bright-english\/categorie-supports-pour-sentrainer-au-bright-english\/\" \/>\n<meta property=\"og:locale\" content=\"fr_FR\" \/>\n<meta property=\"og:type\" content=\"article\" \/>\n<meta property=\"og:title\" content=\"Supports pour s&#039;entra\u00eener au Bright English\" \/>\n<meta property=\"og:description\" content=\"Ressources pour pr\u00e9parer le BRIGHT English Le\u00a0BRIGHT English\u00a0\u00e9value vos\u00a0comp\u00e9tences linguistiques\u00a0\u00e0 un instant \u00ab\u00a0T\u00a0\u00bb et peut vous aider \u00e0 appuyer une candidature aupr\u00e8s [&hellip;]\" \/>\n<meta property=\"og:url\" content=\"https:\/\/global-exam.com\/blog\/fr\/examens\/bright-english\/categorie-supports-pour-sentrainer-au-bright-english\/\" \/>\n<meta property=\"og:site_name\" content=\"GlobalExam Blog\" \/>\n<meta property=\"article:publisher\" content=\"https:\/\/www.facebook.com\/Global.Exam\" \/>\n<meta property=\"article:modified_time\" content=\"2022-08-31T12:54:07+00:00\" \/>\n<meta name=\"twitter:card\" content=\"summary_large_image\" \/>\n<meta name=\"twitter:site\" content=\"@Global_Exam\" \/>\n<meta name=\"twitter:label1\" content=\"Dur\u00e9e de lecture estim\u00e9e\" \/>\n\t<meta name=\"twitter:data1\" content=\"1 minute\" \/>\n<script type=\"application\/ld+json\" class=\"yoast-schema-graph\">{\"@context\":\"https:\/\/schema.org\",\"@graph\":[{\"@type\":\"WebSite\",\"@id\":\"https:\/\/global-exam.com\/blog\/#website\",\"url\":\"https:\/\/global-exam.com\/blog\/\",\"name\":\"GlobalExam Blog\",\"description\":\"Le blog du sp\\u00e9cialiste de la certification linguistique\",\"potentialAction\":[{\"@type\":\"SearchAction\",\"target\":{\"@type\":\"EntryPoint\",\"urlTemplate\":\"https:\/\/global-exam.com\/blog\/?s={search_term_string}\"},\"query-input\":\"required name=search_term_string\"}],\"inLanguage\":\"fr-FR\"},{\"@type\":\"WebPage\",\"@id\":\"https:\/\/global-exam.com\/blog\/fr\/examens\/bright-english\/categorie-supports-pour-sentrainer-au-bright-english\/#webpage\",\"url\":\"https:\/\/global-exam.com\/blog\/fr\/examens\/bright-english\/categorie-supports-pour-sentrainer-au-bright-english\/\",\"name\":\"Supports pour s'entra\\u00eener au Bright English\",\"isPartOf\":{\"@id\":\"https:\/\/global-exam.com\/blog\/#website\"},\"datePublished\":\"2021-08-16T13:30:15+00:00\",\"dateModified\":\"2022-08-31T12:54:07+00:00\",\"breadcrumb\":{\"@id\":\"https:\/\/global-exam.com\/blog\/fr\/examens\/bright-english\/categorie-supports-pour-sentrainer-au-bright-english\/#breadcrumb\"},\"inLanguage\":\"fr-FR\",\"potentialAction\":[{\"@type\":\"ReadAction\",\"target\":[\"https:\/\/global-exam.com\/blog\/fr\/examens\/bright-english\/categorie-supports-pour-sentrainer-au-bright-english\/\"]}]},{\"@type\":\"BreadcrumbList\",\"@id\":\"https:\/\/global-exam.com\/blog\/fr\/examens\/bright-english\/categorie-supports-pour-sentrainer-au-bright-english\/#breadcrumb\",\"itemListElement\":[{\"@type\":\"ListItem\",\"position\":1,\"name\":\"Les examens de langue\",\"item\":\"https:\/\/global-exam.com\/blog\/fr\/examens\/\"},{\"@type\":\"ListItem\",\"position\":2,\"name\":\"BRIGHT English\",\"item\":\"https:\/\/global-exam.com\/blog\/fr\/examens\/bright-english\/\"},{\"@type\":\"ListItem\",\"position\":3,\"name\":\"Supports pour s&rsquo;entra\\u00eener au Bright English\"}]}]}<\/script>\n<!-- \/ Yoast SEO plugin. -->","yoast_head_json":{"title":"Supports pour s'entra\u00eener au Bright English","robots":{"index":"index","follow":"follow","max-snippet":"max-snippet:-1","max-image-preview":"max-image-preview:large","max-video-preview":"max-video-preview:-1"},"canonical":"https:\/\/global-exam.com\/blog\/fr\/examens\/bright-english\/categorie-supports-pour-sentrainer-au-bright-english\/","og_locale":"fr_FR","og_type":"article","og_title":"Supports pour s'entra\u00eener au Bright English","og_description":"Ressources pour pr\u00e9parer le BRIGHT English Le\u00a0BRIGHT English\u00a0\u00e9value vos\u00a0comp\u00e9tences linguistiques\u00a0\u00e0 un instant \u00ab\u00a0T\u00a0\u00bb et peut vous aider \u00e0 appuyer une candidature aupr\u00e8s [&hellip;]","og_url":"https:\/\/global-exam.com\/blog\/fr\/examens\/bright-english\/categorie-supports-pour-sentrainer-au-bright-english\/","og_site_name":"GlobalExam Blog","article_publisher":"https:\/\/www.facebook.com\/Global.Exam","article_modified_time":"2022-08-31T12:54:07+00:00","twitter_card":"summary_large_image","twitter_site":"@Global_Exam","twitter_misc":{"Dur\u00e9e de lecture estim\u00e9e":"1 minute"},"schema":{"@context":"https:\/\/schema.org","@graph":[{"@type":"WebSite","@id":"https:\/\/global-exam.com\/blog\/#website","url":"https:\/\/global-exam.com\/blog\/","name":"GlobalExam Blog","description":"Le blog du sp\u00e9cialiste de la certification linguistique","potentialAction":[{"@type":"SearchAction","target":{"@type":"EntryPoint","urlTemplate":"https:\/\/global-exam.com\/blog\/?s={search_term_string}"},"query-input":"required name=search_term_string"}],"inLanguage":"fr-FR"},{"@type":"WebPage","@id":"https:\/\/global-exam.com\/blog\/fr\/examens\/bright-english\/categorie-supports-pour-sentrainer-au-bright-english\/#webpage","url":"https:\/\/global-exam.com\/blog\/fr\/examens\/bright-english\/categorie-supports-pour-sentrainer-au-bright-english\/","name":"Supports pour s'entra\u00eener au Bright English","isPartOf":{"@id":"https:\/\/global-exam.com\/blog\/#website"},"datePublished":"2021-08-16T13:30:15+00:00","dateModified":"2022-08-31T12:54:07+00:00","breadcrumb":{"@id":"https:\/\/global-exam.com\/blog\/fr\/examens\/bright-english\/categorie-supports-pour-sentrainer-au-bright-english\/#breadcrumb"},"inLanguage":"fr-FR","potentialAction":[{"@type":"ReadAction","target":["https:\/\/global-exam.com\/blog\/fr\/examens\/bright-english\/categorie-supports-pour-sentrainer-au-bright-english\/"]}]},{"@type":"BreadcrumbList","@id":"https:\/\/global-exam.com\/blog\/fr\/examens\/bright-english\/categorie-supports-pour-sentrainer-au-bright-english\/#breadcrumb","itemListElement":[{"@type":"ListItem","position":1,"name":"Les examens de langue","item":"https:\/\/global-exam.com\/blog\/fr\/examens\/"},{"@type":"ListItem","position":2,"name":"BRIGHT English","item":"https:\/\/global-exam.com\/blog\/fr\/examens\/bright-english\/"},{"@type":"ListItem","position":3,"name":"Supports pour s&rsquo;entra\u00eener au Bright English"}]}]}},"lang":"fr","translations":{"fr":60316},"pll_sync_post":[],"_links":{"self":[{"href":"https:\/\/global-exam.com\/blog\/wp-json\/wp\/v2\/pages\/60316"}],"collection":[{"href":"https:\/\/global-exam.com\/blog\/wp-json\/wp\/v2\/pages"}],"about":[{"href":"https:\/\/global-exam.com\/blog\/wp-json\/wp\/v2\/types\/page"}],"author":[{"embeddable":true,"href":"https:\/\/global-exam.com\/blog\/wp-json\/wp\/v2\/users\/24"}],"replies":[{"embeddable":true,"href":"https:\/\/global-exam.com\/blog\/wp-json\/wp\/v2\/comments?post=60316"}],"version-history":[{"count":7,"href":"https:\/\/global-exam.com\/blog\/wp-json\/wp\/v2\/pages\/60316\/revisions"}],"predecessor-version":[{"id":79226,"href":"https:\/\/global-exam.com\/blog\/wp-json\/wp\/v2\/pages\/60316\/revisions\/79226"}],"up":[{"embeddable":true,"href":"https:\/\/global-exam.com\/blog\/wp-json\/wp\/v2\/pages\/2847"}],"wp:attachment":[{"href":"https:\/\/global-exam.com\/blog\/wp-json\/wp\/v2\/media?parent=60316"}],"curies":[{"name":"wp","href":"https:\/\/api.w.org\/{rel}","templated":true}]}}