{"id":60324,"date":"2021-08-16T15:35:46","date_gmt":"2021-08-16T13:35:46","guid":{"rendered":"https:\/\/global-exam.com\/blog\/?page_id=60324"},"modified":"2022-08-31T14:52:37","modified_gmt":"2022-08-31T12:52:37","slug":"categorie-grammaire-bright-english","status":"publish","type":"page","link":"https:\/\/global-exam.com\/blog\/fr\/examens\/bright-english\/categorie-grammaire-bright-english\/","title":{"rendered":"Grammaire Bright English"},"content":{"rendered":"<p><strong>Test d\u2019anglais\u00a0<\/strong>incontournable dans le<strong>\u00a0monde professionnel anglophone<\/strong>, le BRIGHT English \u00e9value le\u00a0<strong>niveau linguistique<\/strong>\u00a0du candidat et lui d\u00e9livre un\u00a0<strong>score de 0 \u00e0 5<\/strong>, du niveau d\u00e9butant au niveau bilingue. Cette attestation de niveau est\u00a0<strong>valable 2 ans<\/strong>. La r\u00e9ussite \u00e0 ce test peut vous permettre de\u00a0<strong>vous faire remarquer<\/strong>\u00a0aupr\u00e8s des recruteurs, de d\u00e9crocher le<strong>\u00a0job de vos r\u00eaves<\/strong>\u00a0ou d\u2019obtenir une place dans une universit\u00e9 ou une grande \u00e9cole anglophone.<\/p>\n<p>Contrairement \u00e0 ce que l\u2019on pourrait penser, il ne suffit pas d\u2019avoir un\u00a0<strong>bon niveau d\u2019anglais<\/strong>\u00a0pour r\u00e9ussir le\u00a0<strong>BRIGHT English<\/strong>. Il s\u2019agit avant tout d\u2019un<strong>\u00a0test standardis\u00e9<\/strong>, articul\u00e9 par des r\u00e8gles et des consignes tr\u00e8s sp\u00e9cifiques. Sans une\u00a0<strong>bonne pr\u00e9paration<\/strong>\u00a0il est donc tr\u00e8s peu probable de r\u00e9ussir du premier coup. Pour se familiariser avec la<strong>\u00a0structure du test<\/strong>\u00a0et avec son<strong>\u00a0mode de raisonnement<\/strong>, il existe plusieurs\u00a0<strong>supports d\u2019entra\u00eenement<\/strong>\u00a0(livres, sites internet, exercices en ligne etc.).<\/p>\n<p>Le test du\u00a0<strong>BRIGHT English<\/strong>\u00a0se divise en\u00a0<strong>deux \u00e9preuves<\/strong>\u00a0que sont la compr\u00e9hension\u00a0<strong>orale<\/strong>\u00a0et la compr\u00e9hension\u00a0<strong>\u00e9crite<\/strong>. Pour r\u00e9ussir ces deux \u00e9preuves, il est notamment indispensable de\u00a0<strong>ma\u00eetriser la grammaire<\/strong>\u00a0anglaise et donc de la r\u00e9viser plusieurs semaines \u00e0 l\u2019avance. Chez\u00a0<strong>GlobalExam<\/strong>, nous mettons \u00e0 votre disposition de nombreuses\u00a0<strong>fiches de r\u00e9visions<\/strong>\u00a0de grammaire, class\u00e9es par th\u00e8me, que vous retrouverez dans cette cat\u00e9gorie.<\/p>\n","protected":false},"excerpt":{"rendered":"<p>Test d\u2019anglais\u00a0incontournable dans le\u00a0monde professionnel anglophone, le BRIGHT English \u00e9value le\u00a0niveau linguistique\u00a0du candidat et lui d\u00e9livre un\u00a0score de 0 \u00e0 5, du [&hellip;]<\/p>\n","protected":false},"author":24,"featured_media":0,"parent":2847,"menu_order":0,"comment_status":"closed","ping_status":"closed","template":"","meta":[],"acf":[],"yoast_head":"<!-- This site is optimized with the Yoast SEO plugin v17.2.1 - https:\/\/yoast.com\/wordpress\/plugins\/seo\/ -->\n<title>Grammaire Bright English<\/title>\n<meta name=\"robots\" content=\"index, follow, max-snippet:-1, max-image-preview:large, max-video-preview:-1\" \/>\n<link rel=\"canonical\" href=\"https:\/\/global-exam.com\/blog\/fr\/examens\/bright-english\/categorie-grammaire-bright-english\/\" \/>\n<meta property=\"og:locale\" content=\"fr_FR\" \/>\n<meta property=\"og:type\" content=\"article\" \/>\n<meta property=\"og:title\" content=\"Grammaire Bright English\" \/>\n<meta property=\"og:description\" content=\"Test d\u2019anglais\u00a0incontournable dans le\u00a0monde professionnel anglophone, le BRIGHT English \u00e9value le\u00a0niveau linguistique\u00a0du candidat et lui d\u00e9livre un\u00a0score de 0 \u00e0 5, du [&hellip;]\" \/>\n<meta property=\"og:url\" content=\"https:\/\/global-exam.com\/blog\/fr\/examens\/bright-english\/categorie-grammaire-bright-english\/\" \/>\n<meta property=\"og:site_name\" content=\"GlobalExam Blog\" \/>\n<meta property=\"article:publisher\" content=\"https:\/\/www.facebook.com\/Global.Exam\" \/>\n<meta property=\"article:modified_time\" content=\"2022-08-31T12:52:37+00:00\" \/>\n<meta name=\"twitter:card\" content=\"summary_large_image\" \/>\n<meta name=\"twitter:site\" content=\"@Global_Exam\" \/>\n<meta name=\"twitter:label1\" content=\"Dur\u00e9e de lecture estim\u00e9e\" \/>\n\t<meta name=\"twitter:data1\" content=\"1 minute\" \/>\n<script type=\"application\/ld+json\" class=\"yoast-schema-graph\">{\"@context\":\"https:\/\/schema.org\",\"@graph\":[{\"@type\":\"WebSite\",\"@id\":\"https:\/\/global-exam.com\/blog\/#website\",\"url\":\"https:\/\/global-exam.com\/blog\/\",\"name\":\"GlobalExam Blog\",\"description\":\"Le blog du sp\\u00e9cialiste de la certification linguistique\",\"potentialAction\":[{\"@type\":\"SearchAction\",\"target\":{\"@type\":\"EntryPoint\",\"urlTemplate\":\"https:\/\/global-exam.com\/blog\/?s={search_term_string}\"},\"query-input\":\"required name=search_term_string\"}],\"inLanguage\":\"fr-FR\"},{\"@type\":\"WebPage\",\"@id\":\"https:\/\/global-exam.com\/blog\/fr\/examens\/bright-english\/categorie-grammaire-bright-english\/#webpage\",\"url\":\"https:\/\/global-exam.com\/blog\/fr\/examens\/bright-english\/categorie-grammaire-bright-english\/\",\"name\":\"Grammaire Bright English\",\"isPartOf\":{\"@id\":\"https:\/\/global-exam.com\/blog\/#website\"},\"datePublished\":\"2021-08-16T13:35:46+00:00\",\"dateModified\":\"2022-08-31T12:52:37+00:00\",\"breadcrumb\":{\"@id\":\"https:\/\/global-exam.com\/blog\/fr\/examens\/bright-english\/categorie-grammaire-bright-english\/#breadcrumb\"},\"inLanguage\":\"fr-FR\",\"potentialAction\":[{\"@type\":\"ReadAction\",\"target\":[\"https:\/\/global-exam.com\/blog\/fr\/examens\/bright-english\/categorie-grammaire-bright-english\/\"]}]},{\"@type\":\"BreadcrumbList\",\"@id\":\"https:\/\/global-exam.com\/blog\/fr\/examens\/bright-english\/categorie-grammaire-bright-english\/#breadcrumb\",\"itemListElement\":[{\"@type\":\"ListItem\",\"position\":1,\"name\":\"Les examens de langue\",\"item\":\"https:\/\/global-exam.com\/blog\/fr\/examens\/\"},{\"@type\":\"ListItem\",\"position\":2,\"name\":\"BRIGHT English\",\"item\":\"https:\/\/global-exam.com\/blog\/fr\/examens\/bright-english\/\"},{\"@type\":\"ListItem\",\"position\":3,\"name\":\"Grammaire Bright English\"}]}]}<\/script>\n<!-- \/ Yoast SEO plugin. -->","yoast_head_json":{"title":"Grammaire Bright English","robots":{"index":"index","follow":"follow","max-snippet":"max-snippet:-1","max-image-preview":"max-image-preview:large","max-video-preview":"max-video-preview:-1"},"canonical":"https:\/\/global-exam.com\/blog\/fr\/examens\/bright-english\/categorie-grammaire-bright-english\/","og_locale":"fr_FR","og_type":"article","og_title":"Grammaire Bright English","og_description":"Test d\u2019anglais\u00a0incontournable dans le\u00a0monde professionnel anglophone, le BRIGHT English \u00e9value le\u00a0niveau linguistique\u00a0du candidat et lui d\u00e9livre un\u00a0score de 0 \u00e0 5, du [&hellip;]","og_url":"https:\/\/global-exam.com\/blog\/fr\/examens\/bright-english\/categorie-grammaire-bright-english\/","og_site_name":"GlobalExam Blog","article_publisher":"https:\/\/www.facebook.com\/Global.Exam","article_modified_time":"2022-08-31T12:52:37+00:00","twitter_card":"summary_large_image","twitter_site":"@Global_Exam","twitter_misc":{"Dur\u00e9e de lecture estim\u00e9e":"1 minute"},"schema":{"@context":"https:\/\/schema.org","@graph":[{"@type":"WebSite","@id":"https:\/\/global-exam.com\/blog\/#website","url":"https:\/\/global-exam.com\/blog\/","name":"GlobalExam Blog","description":"Le blog du sp\u00e9cialiste de la certification linguistique","potentialAction":[{"@type":"SearchAction","target":{"@type":"EntryPoint","urlTemplate":"https:\/\/global-exam.com\/blog\/?s={search_term_string}"},"query-input":"required name=search_term_string"}],"inLanguage":"fr-FR"},{"@type":"WebPage","@id":"https:\/\/global-exam.com\/blog\/fr\/examens\/bright-english\/categorie-grammaire-bright-english\/#webpage","url":"https:\/\/global-exam.com\/blog\/fr\/examens\/bright-english\/categorie-grammaire-bright-english\/","name":"Grammaire Bright English","isPartOf":{"@id":"https:\/\/global-exam.com\/blog\/#website"},"datePublished":"2021-08-16T13:35:46+00:00","dateModified":"2022-08-31T12:52:37+00:00","breadcrumb":{"@id":"https:\/\/global-exam.com\/blog\/fr\/examens\/bright-english\/categorie-grammaire-bright-english\/#breadcrumb"},"inLanguage":"fr-FR","potentialAction":[{"@type":"ReadAction","target":["https:\/\/global-exam.com\/blog\/fr\/examens\/bright-english\/categorie-grammaire-bright-english\/"]}]},{"@type":"BreadcrumbList","@id":"https:\/\/global-exam.com\/blog\/fr\/examens\/bright-english\/categorie-grammaire-bright-english\/#breadcrumb","itemListElement":[{"@type":"ListItem","position":1,"name":"Les examens de langue","item":"https:\/\/global-exam.com\/blog\/fr\/examens\/"},{"@type":"ListItem","position":2,"name":"BRIGHT English","item":"https:\/\/global-exam.com\/blog\/fr\/examens\/bright-english\/"},{"@type":"ListItem","position":3,"name":"Grammaire Bright English"}]}]}},"lang":"fr","translations":{"fr":60324},"pll_sync_post":[],"_links":{"self":[{"href":"https:\/\/global-exam.com\/blog\/wp-json\/wp\/v2\/pages\/60324"}],"collection":[{"href":"https:\/\/global-exam.com\/blog\/wp-json\/wp\/v2\/pages"}],"about":[{"href":"https:\/\/global-exam.com\/blog\/wp-json\/wp\/v2\/types\/page"}],"author":[{"embeddable":true,"href":"https:\/\/global-exam.com\/blog\/wp-json\/wp\/v2\/users\/24"}],"replies":[{"embeddable":true,"href":"https:\/\/global-exam.com\/blog\/wp-json\/wp\/v2\/comments?post=60324"}],"version-history":[{"count":6,"href":"https:\/\/global-exam.com\/blog\/wp-json\/wp\/v2\/pages\/60324\/revisions"}],"predecessor-version":[{"id":79224,"href":"https:\/\/global-exam.com\/blog\/wp-json\/wp\/v2\/pages\/60324\/revisions\/79224"}],"up":[{"embeddable":true,"href":"https:\/\/global-exam.com\/blog\/wp-json\/wp\/v2\/pages\/2847"}],"wp:attachment":[{"href":"https:\/\/global-exam.com\/blog\/wp-json\/wp\/v2\/media?parent=60324"}],"curies":[{"name":"wp","href":"https:\/\/api.w.org\/{rel}","templated":true}]}}