{"id":60327,"date":"2021-08-16T15:38:13","date_gmt":"2021-08-16T13:38:13","guid":{"rendered":"https:\/\/global-exam.com\/blog\/?page_id=60327"},"modified":"2022-08-31T14:54:37","modified_gmt":"2022-08-31T12:54:37","slug":"categorie-vocabulaire-bright-english","status":"publish","type":"page","link":"https:\/\/global-exam.com\/blog\/fr\/examens\/bright-english\/categorie-vocabulaire-bright-english\/","title":{"rendered":"Vocabulaire Bright English"},"content":{"rendered":"<p>Ma\u00eetriser le vocabulaire du BRIGHT English<\/p>\n<p style=\"text-align: left;\"><span style=\"font-weight: 400;\">D\u00e9couvrez dans cette cat\u00e9gorie de nombreuses ressources pour ma\u00eetriser le vocabulaire en vue de la pr\u00e9paration de l\u2019examen BRIGHT English.<\/span><\/p>\n<p><span style=\"font-weight: 400;\">Chaque test Bright se compose de <\/span><b>2 parties<\/b><span style=\"font-weight: 400;\">, pour \u00e9valuer la compr\u00e9hension \u00e9crite (Reading) et la compr\u00e9hension orale (Listening). Les candidats doivent d\u00e9montrer leurs connaissances en mati\u00e8re de grammaire, conjugaison et structures syntaxiques. Cependant, <\/span><b>la ma\u00eetrise du vocabulaire est une comp\u00e9tence cl\u00e9<\/b><span style=\"font-weight: 400;\"> si vous voulez obtenir un bon score dans les deux \u00e9preuves.<\/span><\/p>\n<p><span style=\"font-weight: 400;\">Dans cette section, GlobalExam met \u00e0 votre disposition une vari\u00e9t\u00e9 de <\/span><b>fiches de vocabulaire<\/b><span style=\"font-weight: 400;\"> traitant sur des <\/span><b>sujets de la vie quotidienne<\/b><span style=\"font-weight: 400;\"> et en rapport avec le <\/span><b>monde de l\u2019entreprise<\/b><span style=\"font-weight: 400;\"> : informatique, ressources humaines, banque et finances, vie de l\u2019entreprise, logement et biens immobiliers, modes de paiement, droit et fiscalit\u00e9, etc.<\/span><\/p>\n","protected":false},"excerpt":{"rendered":"<p>Ma\u00eetriser le vocabulaire du BRIGHT English D\u00e9couvrez dans cette cat\u00e9gorie de nombreuses ressources pour ma\u00eetriser le vocabulaire en vue de la pr\u00e9paration [&hellip;]<\/p>\n","protected":false},"author":24,"featured_media":0,"parent":2847,"menu_order":0,"comment_status":"closed","ping_status":"closed","template":"","meta":[],"acf":[],"yoast_head":"<!-- This site is optimized with the Yoast SEO plugin v17.2.1 - https:\/\/yoast.com\/wordpress\/plugins\/seo\/ -->\n<title>Vocabulaire Bright English<\/title>\n<meta name=\"robots\" content=\"index, follow, max-snippet:-1, max-image-preview:large, max-video-preview:-1\" \/>\n<link rel=\"canonical\" href=\"https:\/\/global-exam.com\/blog\/fr\/examens\/bright-english\/categorie-vocabulaire-bright-english\/\" \/>\n<meta property=\"og:locale\" content=\"fr_FR\" \/>\n<meta property=\"og:type\" content=\"article\" \/>\n<meta property=\"og:title\" content=\"Vocabulaire Bright English\" \/>\n<meta property=\"og:description\" content=\"Ma\u00eetriser le vocabulaire du BRIGHT English D\u00e9couvrez dans cette cat\u00e9gorie de nombreuses ressources pour ma\u00eetriser le vocabulaire en vue de la pr\u00e9paration [&hellip;]\" \/>\n<meta property=\"og:url\" content=\"https:\/\/global-exam.com\/blog\/fr\/examens\/bright-english\/categorie-vocabulaire-bright-english\/\" \/>\n<meta property=\"og:site_name\" content=\"GlobalExam Blog\" \/>\n<meta property=\"article:publisher\" content=\"https:\/\/www.facebook.com\/Global.Exam\" \/>\n<meta property=\"article:modified_time\" content=\"2022-08-31T12:54:37+00:00\" \/>\n<meta name=\"twitter:card\" content=\"summary_large_image\" \/>\n<meta name=\"twitter:site\" content=\"@Global_Exam\" \/>\n<meta name=\"twitter:label1\" content=\"Dur\u00e9e de lecture estim\u00e9e\" \/>\n\t<meta name=\"twitter:data1\" content=\"1 minute\" \/>\n<script type=\"application\/ld+json\" class=\"yoast-schema-graph\">{\"@context\":\"https:\/\/schema.org\",\"@graph\":[{\"@type\":\"WebSite\",\"@id\":\"https:\/\/global-exam.com\/blog\/#website\",\"url\":\"https:\/\/global-exam.com\/blog\/\",\"name\":\"GlobalExam Blog\",\"description\":\"Le blog du sp\\u00e9cialiste de la certification linguistique\",\"potentialAction\":[{\"@type\":\"SearchAction\",\"target\":{\"@type\":\"EntryPoint\",\"urlTemplate\":\"https:\/\/global-exam.com\/blog\/?s={search_term_string}\"},\"query-input\":\"required name=search_term_string\"}],\"inLanguage\":\"fr-FR\"},{\"@type\":\"WebPage\",\"@id\":\"https:\/\/global-exam.com\/blog\/fr\/examens\/bright-english\/categorie-vocabulaire-bright-english\/#webpage\",\"url\":\"https:\/\/global-exam.com\/blog\/fr\/examens\/bright-english\/categorie-vocabulaire-bright-english\/\",\"name\":\"Vocabulaire Bright English\",\"isPartOf\":{\"@id\":\"https:\/\/global-exam.com\/blog\/#website\"},\"datePublished\":\"2021-08-16T13:38:13+00:00\",\"dateModified\":\"2022-08-31T12:54:37+00:00\",\"breadcrumb\":{\"@id\":\"https:\/\/global-exam.com\/blog\/fr\/examens\/bright-english\/categorie-vocabulaire-bright-english\/#breadcrumb\"},\"inLanguage\":\"fr-FR\",\"potentialAction\":[{\"@type\":\"ReadAction\",\"target\":[\"https:\/\/global-exam.com\/blog\/fr\/examens\/bright-english\/categorie-vocabulaire-bright-english\/\"]}]},{\"@type\":\"BreadcrumbList\",\"@id\":\"https:\/\/global-exam.com\/blog\/fr\/examens\/bright-english\/categorie-vocabulaire-bright-english\/#breadcrumb\",\"itemListElement\":[{\"@type\":\"ListItem\",\"position\":1,\"name\":\"Les examens de langue\",\"item\":\"https:\/\/global-exam.com\/blog\/fr\/examens\/\"},{\"@type\":\"ListItem\",\"position\":2,\"name\":\"BRIGHT English\",\"item\":\"https:\/\/global-exam.com\/blog\/fr\/examens\/bright-english\/\"},{\"@type\":\"ListItem\",\"position\":3,\"name\":\"Vocabulaire Bright English\"}]}]}<\/script>\n<!-- \/ Yoast SEO plugin. -->","yoast_head_json":{"title":"Vocabulaire Bright English","robots":{"index":"index","follow":"follow","max-snippet":"max-snippet:-1","max-image-preview":"max-image-preview:large","max-video-preview":"max-video-preview:-1"},"canonical":"https:\/\/global-exam.com\/blog\/fr\/examens\/bright-english\/categorie-vocabulaire-bright-english\/","og_locale":"fr_FR","og_type":"article","og_title":"Vocabulaire Bright English","og_description":"Ma\u00eetriser le vocabulaire du BRIGHT English D\u00e9couvrez dans cette cat\u00e9gorie de nombreuses ressources pour ma\u00eetriser le vocabulaire en vue de la pr\u00e9paration [&hellip;]","og_url":"https:\/\/global-exam.com\/blog\/fr\/examens\/bright-english\/categorie-vocabulaire-bright-english\/","og_site_name":"GlobalExam Blog","article_publisher":"https:\/\/www.facebook.com\/Global.Exam","article_modified_time":"2022-08-31T12:54:37+00:00","twitter_card":"summary_large_image","twitter_site":"@Global_Exam","twitter_misc":{"Dur\u00e9e de lecture estim\u00e9e":"1 minute"},"schema":{"@context":"https:\/\/schema.org","@graph":[{"@type":"WebSite","@id":"https:\/\/global-exam.com\/blog\/#website","url":"https:\/\/global-exam.com\/blog\/","name":"GlobalExam Blog","description":"Le blog du sp\u00e9cialiste de la certification linguistique","potentialAction":[{"@type":"SearchAction","target":{"@type":"EntryPoint","urlTemplate":"https:\/\/global-exam.com\/blog\/?s={search_term_string}"},"query-input":"required name=search_term_string"}],"inLanguage":"fr-FR"},{"@type":"WebPage","@id":"https:\/\/global-exam.com\/blog\/fr\/examens\/bright-english\/categorie-vocabulaire-bright-english\/#webpage","url":"https:\/\/global-exam.com\/blog\/fr\/examens\/bright-english\/categorie-vocabulaire-bright-english\/","name":"Vocabulaire Bright English","isPartOf":{"@id":"https:\/\/global-exam.com\/blog\/#website"},"datePublished":"2021-08-16T13:38:13+00:00","dateModified":"2022-08-31T12:54:37+00:00","breadcrumb":{"@id":"https:\/\/global-exam.com\/blog\/fr\/examens\/bright-english\/categorie-vocabulaire-bright-english\/#breadcrumb"},"inLanguage":"fr-FR","potentialAction":[{"@type":"ReadAction","target":["https:\/\/global-exam.com\/blog\/fr\/examens\/bright-english\/categorie-vocabulaire-bright-english\/"]}]},{"@type":"BreadcrumbList","@id":"https:\/\/global-exam.com\/blog\/fr\/examens\/bright-english\/categorie-vocabulaire-bright-english\/#breadcrumb","itemListElement":[{"@type":"ListItem","position":1,"name":"Les examens de langue","item":"https:\/\/global-exam.com\/blog\/fr\/examens\/"},{"@type":"ListItem","position":2,"name":"BRIGHT English","item":"https:\/\/global-exam.com\/blog\/fr\/examens\/bright-english\/"},{"@type":"ListItem","position":3,"name":"Vocabulaire Bright English"}]}]}},"lang":"fr","translations":{"fr":60327},"pll_sync_post":[],"_links":{"self":[{"href":"https:\/\/global-exam.com\/blog\/wp-json\/wp\/v2\/pages\/60327"}],"collection":[{"href":"https:\/\/global-exam.com\/blog\/wp-json\/wp\/v2\/pages"}],"about":[{"href":"https:\/\/global-exam.com\/blog\/wp-json\/wp\/v2\/types\/page"}],"author":[{"embeddable":true,"href":"https:\/\/global-exam.com\/blog\/wp-json\/wp\/v2\/users\/24"}],"replies":[{"embeddable":true,"href":"https:\/\/global-exam.com\/blog\/wp-json\/wp\/v2\/comments?post=60327"}],"version-history":[{"count":10,"href":"https:\/\/global-exam.com\/blog\/wp-json\/wp\/v2\/pages\/60327\/revisions"}],"predecessor-version":[{"id":79227,"href":"https:\/\/global-exam.com\/blog\/wp-json\/wp\/v2\/pages\/60327\/revisions\/79227"}],"up":[{"embeddable":true,"href":"https:\/\/global-exam.com\/blog\/wp-json\/wp\/v2\/pages\/2847"}],"wp:attachment":[{"href":"https:\/\/global-exam.com\/blog\/wp-json\/wp\/v2\/media?parent=60327"}],"curies":[{"name":"wp","href":"https:\/\/api.w.org\/{rel}","templated":true}]}}