{"id":60343,"date":"2021-08-16T15:52:00","date_gmt":"2021-08-16T13:52:00","guid":{"rendered":"https:\/\/global-exam.com\/blog\/?page_id=60343"},"modified":"2022-08-18T11:55:25","modified_gmt":"2022-08-18T09:55:25","slug":"categorie-presentation-du-toeic-bridge","status":"publish","type":"page","link":"https:\/\/global-exam.com\/blog\/fr\/examens\/toeic-bridge\/categorie-presentation-du-toeic-bridge\/","title":{"rendered":"Pr\u00e9sentation du TOEIC Bridge"},"content":{"rendered":"<p>D\u00e9couvrir le TOEIC Bridge<\/p>\n<p>Envie ou besoin de conna\u00eetre votre\u00a0<b>niveau en compr\u00e9hension orale et \u00e9crite<\/b>\u00a0de la langue anglaise\u2009? Passez l\u2019examen du\u00a0<b>TOEIC Bridge<\/b> ou du Test Of English International Communication Bridge. Cette cat\u00e9gorie pr\u00e9sente toutes les informations \u00e0 savoir concernant cet examen.<\/p>\n<p>Contrairement au TOEIC qui est uniquement r\u00e9serv\u00e9 aux niveaux interm\u00e9diaire et avanc\u00e9, le TOEIC Bridge s\u2019adresse aux\u00a0<b>d\u00e9butants et aux interm\u00e9diaires<\/b>\u00a0dont la langue maternelle est autre que l\u2019anglais. Et si le TOEIC\u00a0s\u2019\u00e9value sur une centaine de\u00a0<b>questions \u00e0 choix multiples<\/b>\u00a0par partie, le TOEIC Bridge en propose la moiti\u00e9, soit 50 questions. La\u00a0<b>compr\u00e9hension orale et \u00e9crite<\/b>\u00a0sont aussi r\u00e9duites de moiti\u00e9 respectivement \u00e0 25\u00a0min et 35\u00a0min.<\/p>\n<p>En tout cas, nous pouvons vous aider \u00e0\u00a0<b>pr\u00e9parer le TOEIC Bridge<\/b>\u00a0apr\u00e8s avoir consult\u00e9 nos articles sur cet examen officiel dans cette cat\u00e9gorie.<\/p>\n","protected":false},"excerpt":{"rendered":"<p>D\u00e9couvrir le TOEIC Bridge Envie ou besoin de conna\u00eetre votre\u00a0niveau en compr\u00e9hension orale et \u00e9crite\u00a0de la langue anglaise\u2009? Passez l\u2019examen du\u00a0TOEIC Bridge [&hellip;]<\/p>\n","protected":false},"author":24,"featured_media":0,"parent":2865,"menu_order":0,"comment_status":"closed","ping_status":"closed","template":"","meta":[],"acf":[],"yoast_head":"<!-- This site is optimized with the Yoast SEO plugin v17.2.1 - https:\/\/yoast.com\/wordpress\/plugins\/seo\/ -->\n<title>Pr\u00e9sentation du TOEIC Bridge<\/title>\n<meta name=\"description\" content=\"Gr\u00e2ce \u00e0 GlobalExam, d\u00e9couvrez l&#039;examen d&#039;anglais TOEIC Bridge ! Structure de l&#039;examen, score requis ou encore lieu de passage, GlobalExam vous explique tout !\" \/>\n<meta name=\"robots\" content=\"index, follow, max-snippet:-1, max-image-preview:large, max-video-preview:-1\" \/>\n<link rel=\"canonical\" href=\"https:\/\/global-exam.com\/blog\/fr\/examens\/toeic-bridge\/categorie-presentation-du-toeic-bridge\/\" \/>\n<meta property=\"og:locale\" content=\"fr_FR\" \/>\n<meta property=\"og:type\" content=\"article\" \/>\n<meta property=\"og:title\" content=\"Pr\u00e9sentation du TOEIC Bridge\" \/>\n<meta property=\"og:description\" content=\"Gr\u00e2ce \u00e0 GlobalExam, d\u00e9couvrez l&#039;examen d&#039;anglais TOEIC Bridge ! Structure de l&#039;examen, score requis ou encore lieu de passage, GlobalExam vous explique tout !\" \/>\n<meta property=\"og:url\" content=\"https:\/\/global-exam.com\/blog\/fr\/examens\/toeic-bridge\/categorie-presentation-du-toeic-bridge\/\" \/>\n<meta property=\"og:site_name\" content=\"GlobalExam Blog\" \/>\n<meta property=\"article:publisher\" content=\"https:\/\/www.facebook.com\/Global.Exam\" \/>\n<meta property=\"article:modified_time\" content=\"2022-08-18T09:55:25+00:00\" \/>\n<meta name=\"twitter:card\" content=\"summary_large_image\" \/>\n<meta name=\"twitter:site\" content=\"@Global_Exam\" \/>\n<meta name=\"twitter:label1\" content=\"Dur\u00e9e de lecture estim\u00e9e\" \/>\n\t<meta name=\"twitter:data1\" content=\"1 minute\" \/>\n<script type=\"application\/ld+json\" class=\"yoast-schema-graph\">{\"@context\":\"https:\/\/schema.org\",\"@graph\":[{\"@type\":\"WebSite\",\"@id\":\"https:\/\/global-exam.com\/blog\/#website\",\"url\":\"https:\/\/global-exam.com\/blog\/\",\"name\":\"GlobalExam Blog\",\"description\":\"Le blog du sp\\u00e9cialiste de la certification linguistique\",\"potentialAction\":[{\"@type\":\"SearchAction\",\"target\":{\"@type\":\"EntryPoint\",\"urlTemplate\":\"https:\/\/global-exam.com\/blog\/?s={search_term_string}\"},\"query-input\":\"required name=search_term_string\"}],\"inLanguage\":\"fr-FR\"},{\"@type\":\"WebPage\",\"@id\":\"https:\/\/global-exam.com\/blog\/fr\/examens\/toeic-bridge\/categorie-presentation-du-toeic-bridge\/#webpage\",\"url\":\"https:\/\/global-exam.com\/blog\/fr\/examens\/toeic-bridge\/categorie-presentation-du-toeic-bridge\/\",\"name\":\"Pr\\u00e9sentation du TOEIC Bridge\",\"isPartOf\":{\"@id\":\"https:\/\/global-exam.com\/blog\/#website\"},\"datePublished\":\"2021-08-16T13:52:00+00:00\",\"dateModified\":\"2022-08-18T09:55:25+00:00\",\"description\":\"Gr\\u00e2ce \\u00e0 GlobalExam, d\\u00e9couvrez l'examen d'anglais TOEIC Bridge ! Structure de l'examen, score requis ou encore lieu de passage, GlobalExam vous explique tout !\",\"breadcrumb\":{\"@id\":\"https:\/\/global-exam.com\/blog\/fr\/examens\/toeic-bridge\/categorie-presentation-du-toeic-bridge\/#breadcrumb\"},\"inLanguage\":\"fr-FR\",\"potentialAction\":[{\"@type\":\"ReadAction\",\"target\":[\"https:\/\/global-exam.com\/blog\/fr\/examens\/toeic-bridge\/categorie-presentation-du-toeic-bridge\/\"]}]},{\"@type\":\"BreadcrumbList\",\"@id\":\"https:\/\/global-exam.com\/blog\/fr\/examens\/toeic-bridge\/categorie-presentation-du-toeic-bridge\/#breadcrumb\",\"itemListElement\":[{\"@type\":\"ListItem\",\"position\":1,\"name\":\"Les examens de langue\",\"item\":\"https:\/\/global-exam.com\/blog\/fr\/examens\/\"},{\"@type\":\"ListItem\",\"position\":2,\"name\":\"TOEIC BRIDGE\",\"item\":\"https:\/\/global-exam.com\/blog\/fr\/examens\/toeic-bridge\/\"},{\"@type\":\"ListItem\",\"position\":3,\"name\":\"Pr\\u00e9sentation du TOEIC Bridge\"}]}]}<\/script>\n<!-- \/ Yoast SEO plugin. -->","yoast_head_json":{"title":"Pr\u00e9sentation du TOEIC Bridge","description":"Gr\u00e2ce \u00e0 GlobalExam, d\u00e9couvrez l'examen d'anglais TOEIC Bridge ! Structure de l'examen, score requis ou encore lieu de passage, GlobalExam vous explique tout !","robots":{"index":"index","follow":"follow","max-snippet":"max-snippet:-1","max-image-preview":"max-image-preview:large","max-video-preview":"max-video-preview:-1"},"canonical":"https:\/\/global-exam.com\/blog\/fr\/examens\/toeic-bridge\/categorie-presentation-du-toeic-bridge\/","og_locale":"fr_FR","og_type":"article","og_title":"Pr\u00e9sentation du TOEIC Bridge","og_description":"Gr\u00e2ce \u00e0 GlobalExam, d\u00e9couvrez l'examen d'anglais TOEIC Bridge ! Structure de l'examen, score requis ou encore lieu de passage, GlobalExam vous explique tout !","og_url":"https:\/\/global-exam.com\/blog\/fr\/examens\/toeic-bridge\/categorie-presentation-du-toeic-bridge\/","og_site_name":"GlobalExam Blog","article_publisher":"https:\/\/www.facebook.com\/Global.Exam","article_modified_time":"2022-08-18T09:55:25+00:00","twitter_card":"summary_large_image","twitter_site":"@Global_Exam","twitter_misc":{"Dur\u00e9e de lecture estim\u00e9e":"1 minute"},"schema":{"@context":"https:\/\/schema.org","@graph":[{"@type":"WebSite","@id":"https:\/\/global-exam.com\/blog\/#website","url":"https:\/\/global-exam.com\/blog\/","name":"GlobalExam Blog","description":"Le blog du sp\u00e9cialiste de la certification linguistique","potentialAction":[{"@type":"SearchAction","target":{"@type":"EntryPoint","urlTemplate":"https:\/\/global-exam.com\/blog\/?s={search_term_string}"},"query-input":"required name=search_term_string"}],"inLanguage":"fr-FR"},{"@type":"WebPage","@id":"https:\/\/global-exam.com\/blog\/fr\/examens\/toeic-bridge\/categorie-presentation-du-toeic-bridge\/#webpage","url":"https:\/\/global-exam.com\/blog\/fr\/examens\/toeic-bridge\/categorie-presentation-du-toeic-bridge\/","name":"Pr\u00e9sentation du TOEIC Bridge","isPartOf":{"@id":"https:\/\/global-exam.com\/blog\/#website"},"datePublished":"2021-08-16T13:52:00+00:00","dateModified":"2022-08-18T09:55:25+00:00","description":"Gr\u00e2ce \u00e0 GlobalExam, d\u00e9couvrez l'examen d'anglais TOEIC Bridge ! Structure de l'examen, score requis ou encore lieu de passage, GlobalExam vous explique tout !","breadcrumb":{"@id":"https:\/\/global-exam.com\/blog\/fr\/examens\/toeic-bridge\/categorie-presentation-du-toeic-bridge\/#breadcrumb"},"inLanguage":"fr-FR","potentialAction":[{"@type":"ReadAction","target":["https:\/\/global-exam.com\/blog\/fr\/examens\/toeic-bridge\/categorie-presentation-du-toeic-bridge\/"]}]},{"@type":"BreadcrumbList","@id":"https:\/\/global-exam.com\/blog\/fr\/examens\/toeic-bridge\/categorie-presentation-du-toeic-bridge\/#breadcrumb","itemListElement":[{"@type":"ListItem","position":1,"name":"Les examens de langue","item":"https:\/\/global-exam.com\/blog\/fr\/examens\/"},{"@type":"ListItem","position":2,"name":"TOEIC BRIDGE","item":"https:\/\/global-exam.com\/blog\/fr\/examens\/toeic-bridge\/"},{"@type":"ListItem","position":3,"name":"Pr\u00e9sentation du TOEIC Bridge"}]}]}},"lang":"fr","translations":{"fr":60343},"pll_sync_post":[],"_links":{"self":[{"href":"https:\/\/global-exam.com\/blog\/wp-json\/wp\/v2\/pages\/60343"}],"collection":[{"href":"https:\/\/global-exam.com\/blog\/wp-json\/wp\/v2\/pages"}],"about":[{"href":"https:\/\/global-exam.com\/blog\/wp-json\/wp\/v2\/types\/page"}],"author":[{"embeddable":true,"href":"https:\/\/global-exam.com\/blog\/wp-json\/wp\/v2\/users\/24"}],"replies":[{"embeddable":true,"href":"https:\/\/global-exam.com\/blog\/wp-json\/wp\/v2\/comments?post=60343"}],"version-history":[{"count":6,"href":"https:\/\/global-exam.com\/blog\/wp-json\/wp\/v2\/pages\/60343\/revisions"}],"predecessor-version":[{"id":78226,"href":"https:\/\/global-exam.com\/blog\/wp-json\/wp\/v2\/pages\/60343\/revisions\/78226"}],"up":[{"embeddable":true,"href":"https:\/\/global-exam.com\/blog\/wp-json\/wp\/v2\/pages\/2865"}],"wp:attachment":[{"href":"https:\/\/global-exam.com\/blog\/wp-json\/wp\/v2\/media?parent=60343"}],"curies":[{"name":"wp","href":"https:\/\/api.w.org\/{rel}","templated":true}]}}