{"id":60347,"date":"2021-08-16T15:55:06","date_gmt":"2021-08-16T13:55:06","guid":{"rendered":"https:\/\/global-exam.com\/blog\/?page_id=60347"},"modified":"2022-08-18T11:54:07","modified_gmt":"2022-08-18T09:54:07","slug":"categorie-consignes-du-toeic-bridge","status":"publish","type":"page","link":"https:\/\/global-exam.com\/blog\/fr\/examens\/toeic-bridge\/categorie-consignes-du-toeic-bridge\/","title":{"rendered":"Consignes du TOEIC Bridge"},"content":{"rendered":"<p>Ma\u00eetriser les consignes du TOEIC Bridge<\/p>\n<p>\u00c0 l\u2019origine con\u00e7u pour toute personne d\u2019une autre nationalit\u00e9 que l\u2019anglais, le TOEIC Bridge mesure vos comp\u00e9tences en\u00a0<b>compr\u00e9hension orale et \u00e9crite<\/b>\u00a0de cette langue. Vous \u00eates un interm\u00e9diaire ou un vrai d\u00e9butant en langue anglaise\u2009? Cet examen officiel vous est particuli\u00e8rement destin\u00e9. Dans cette cat\u00e9gorie, nous avons regroup\u00e9 toutes les\u00a0<b>consignes \u00e0 conna\u00eetre<\/b> concernant le TOEIC Bridge.<\/p>\n<p>Notre cat\u00e9gorie vous livre plus d\u2019explications sur les diverses\u00a0<b>consignes du TOEIC Bridge<\/b>. Dans notre section TOEIC, vous retrouverez \u00e9galement les consignes correspondant \u00e0 ce dernier.<\/p>\n<p>Nos explications sur le TOEIC Bridge pr\u00e9cisent les diff\u00e9rents th\u00e8mes que cet examen d\u2019anglais traite, notamment les hobbies, l\u2019univers de l\u2019entreprise, la vie quotidienne, les voyages, l\u2019\u00e9cole\u2026 Dans ce sens, il peut vous demander absolument tout genre de question courante. D\u2019o\u00f9 l\u2019importance de<b>\u00a0bien<\/b>\u00a0<b>se pr\u00e9parer au TOEIC Bridge<\/b>.<\/p>\n","protected":false},"excerpt":{"rendered":"<p>Ma\u00eetriser les consignes du TOEIC Bridge \u00c0 l\u2019origine con\u00e7u pour toute personne d\u2019une autre nationalit\u00e9 que l\u2019anglais, le TOEIC Bridge mesure vos [&hellip;]<\/p>\n","protected":false},"author":24,"featured_media":0,"parent":2865,"menu_order":0,"comment_status":"closed","ping_status":"closed","template":"","meta":[],"acf":[],"yoast_head":"<!-- This site is optimized with the Yoast SEO plugin v17.2.1 - https:\/\/yoast.com\/wordpress\/plugins\/seo\/ -->\n<title>Consignes du TOEIC Bridge<\/title>\n<meta name=\"description\" content=\"Pour r\u00e9ussir le test TOEIC Bridge, une bonne connaissance de l&#039;ensemble des consignes est indispensable. GlobalExam vous informe et vous pr\u00e9pare \u00e0 cet examen !\" \/>\n<meta name=\"robots\" content=\"index, follow, max-snippet:-1, max-image-preview:large, max-video-preview:-1\" \/>\n<link rel=\"canonical\" href=\"https:\/\/global-exam.com\/blog\/fr\/examens\/toeic-bridge\/categorie-consignes-du-toeic-bridge\/\" \/>\n<meta property=\"og:locale\" content=\"fr_FR\" \/>\n<meta property=\"og:type\" content=\"article\" \/>\n<meta property=\"og:title\" content=\"Consignes du TOEIC Bridge\" \/>\n<meta property=\"og:description\" content=\"Pour r\u00e9ussir le test TOEIC Bridge, une bonne connaissance de l&#039;ensemble des consignes est indispensable. GlobalExam vous informe et vous pr\u00e9pare \u00e0 cet examen !\" \/>\n<meta property=\"og:url\" content=\"https:\/\/global-exam.com\/blog\/fr\/examens\/toeic-bridge\/categorie-consignes-du-toeic-bridge\/\" \/>\n<meta property=\"og:site_name\" content=\"GlobalExam Blog\" \/>\n<meta property=\"article:publisher\" content=\"https:\/\/www.facebook.com\/Global.Exam\" \/>\n<meta property=\"article:modified_time\" content=\"2022-08-18T09:54:07+00:00\" \/>\n<meta name=\"twitter:card\" content=\"summary_large_image\" \/>\n<meta name=\"twitter:site\" content=\"@Global_Exam\" \/>\n<meta name=\"twitter:label1\" content=\"Dur\u00e9e de lecture estim\u00e9e\" \/>\n\t<meta name=\"twitter:data1\" content=\"1 minute\" \/>\n<script type=\"application\/ld+json\" class=\"yoast-schema-graph\">{\"@context\":\"https:\/\/schema.org\",\"@graph\":[{\"@type\":\"WebSite\",\"@id\":\"https:\/\/global-exam.com\/blog\/#website\",\"url\":\"https:\/\/global-exam.com\/blog\/\",\"name\":\"GlobalExam Blog\",\"description\":\"Le blog du sp\\u00e9cialiste de la certification linguistique\",\"potentialAction\":[{\"@type\":\"SearchAction\",\"target\":{\"@type\":\"EntryPoint\",\"urlTemplate\":\"https:\/\/global-exam.com\/blog\/?s={search_term_string}\"},\"query-input\":\"required name=search_term_string\"}],\"inLanguage\":\"fr-FR\"},{\"@type\":\"WebPage\",\"@id\":\"https:\/\/global-exam.com\/blog\/fr\/examens\/toeic-bridge\/categorie-consignes-du-toeic-bridge\/#webpage\",\"url\":\"https:\/\/global-exam.com\/blog\/fr\/examens\/toeic-bridge\/categorie-consignes-du-toeic-bridge\/\",\"name\":\"Consignes du TOEIC Bridge\",\"isPartOf\":{\"@id\":\"https:\/\/global-exam.com\/blog\/#website\"},\"datePublished\":\"2021-08-16T13:55:06+00:00\",\"dateModified\":\"2022-08-18T09:54:07+00:00\",\"description\":\"Pour r\\u00e9ussir le test TOEIC Bridge, une bonne connaissance de l'ensemble des consignes est indispensable. GlobalExam vous informe et vous pr\\u00e9pare \\u00e0 cet examen !\",\"breadcrumb\":{\"@id\":\"https:\/\/global-exam.com\/blog\/fr\/examens\/toeic-bridge\/categorie-consignes-du-toeic-bridge\/#breadcrumb\"},\"inLanguage\":\"fr-FR\",\"potentialAction\":[{\"@type\":\"ReadAction\",\"target\":[\"https:\/\/global-exam.com\/blog\/fr\/examens\/toeic-bridge\/categorie-consignes-du-toeic-bridge\/\"]}]},{\"@type\":\"BreadcrumbList\",\"@id\":\"https:\/\/global-exam.com\/blog\/fr\/examens\/toeic-bridge\/categorie-consignes-du-toeic-bridge\/#breadcrumb\",\"itemListElement\":[{\"@type\":\"ListItem\",\"position\":1,\"name\":\"Les examens de langue\",\"item\":\"https:\/\/global-exam.com\/blog\/fr\/examens\/\"},{\"@type\":\"ListItem\",\"position\":2,\"name\":\"TOEIC BRIDGE\",\"item\":\"https:\/\/global-exam.com\/blog\/fr\/examens\/toeic-bridge\/\"},{\"@type\":\"ListItem\",\"position\":3,\"name\":\"Consignes du TOEIC Bridge\"}]}]}<\/script>\n<!-- \/ Yoast SEO plugin. -->","yoast_head_json":{"title":"Consignes du TOEIC Bridge","description":"Pour r\u00e9ussir le test TOEIC Bridge, une bonne connaissance de l'ensemble des consignes est indispensable. GlobalExam vous informe et vous pr\u00e9pare \u00e0 cet examen !","robots":{"index":"index","follow":"follow","max-snippet":"max-snippet:-1","max-image-preview":"max-image-preview:large","max-video-preview":"max-video-preview:-1"},"canonical":"https:\/\/global-exam.com\/blog\/fr\/examens\/toeic-bridge\/categorie-consignes-du-toeic-bridge\/","og_locale":"fr_FR","og_type":"article","og_title":"Consignes du TOEIC Bridge","og_description":"Pour r\u00e9ussir le test TOEIC Bridge, une bonne connaissance de l'ensemble des consignes est indispensable. GlobalExam vous informe et vous pr\u00e9pare \u00e0 cet examen !","og_url":"https:\/\/global-exam.com\/blog\/fr\/examens\/toeic-bridge\/categorie-consignes-du-toeic-bridge\/","og_site_name":"GlobalExam Blog","article_publisher":"https:\/\/www.facebook.com\/Global.Exam","article_modified_time":"2022-08-18T09:54:07+00:00","twitter_card":"summary_large_image","twitter_site":"@Global_Exam","twitter_misc":{"Dur\u00e9e de lecture estim\u00e9e":"1 minute"},"schema":{"@context":"https:\/\/schema.org","@graph":[{"@type":"WebSite","@id":"https:\/\/global-exam.com\/blog\/#website","url":"https:\/\/global-exam.com\/blog\/","name":"GlobalExam Blog","description":"Le blog du sp\u00e9cialiste de la certification linguistique","potentialAction":[{"@type":"SearchAction","target":{"@type":"EntryPoint","urlTemplate":"https:\/\/global-exam.com\/blog\/?s={search_term_string}"},"query-input":"required name=search_term_string"}],"inLanguage":"fr-FR"},{"@type":"WebPage","@id":"https:\/\/global-exam.com\/blog\/fr\/examens\/toeic-bridge\/categorie-consignes-du-toeic-bridge\/#webpage","url":"https:\/\/global-exam.com\/blog\/fr\/examens\/toeic-bridge\/categorie-consignes-du-toeic-bridge\/","name":"Consignes du TOEIC Bridge","isPartOf":{"@id":"https:\/\/global-exam.com\/blog\/#website"},"datePublished":"2021-08-16T13:55:06+00:00","dateModified":"2022-08-18T09:54:07+00:00","description":"Pour r\u00e9ussir le test TOEIC Bridge, une bonne connaissance de l'ensemble des consignes est indispensable. GlobalExam vous informe et vous pr\u00e9pare \u00e0 cet examen !","breadcrumb":{"@id":"https:\/\/global-exam.com\/blog\/fr\/examens\/toeic-bridge\/categorie-consignes-du-toeic-bridge\/#breadcrumb"},"inLanguage":"fr-FR","potentialAction":[{"@type":"ReadAction","target":["https:\/\/global-exam.com\/blog\/fr\/examens\/toeic-bridge\/categorie-consignes-du-toeic-bridge\/"]}]},{"@type":"BreadcrumbList","@id":"https:\/\/global-exam.com\/blog\/fr\/examens\/toeic-bridge\/categorie-consignes-du-toeic-bridge\/#breadcrumb","itemListElement":[{"@type":"ListItem","position":1,"name":"Les examens de langue","item":"https:\/\/global-exam.com\/blog\/fr\/examens\/"},{"@type":"ListItem","position":2,"name":"TOEIC BRIDGE","item":"https:\/\/global-exam.com\/blog\/fr\/examens\/toeic-bridge\/"},{"@type":"ListItem","position":3,"name":"Consignes du TOEIC Bridge"}]}]}},"lang":"fr","translations":{"fr":60347},"pll_sync_post":[],"_links":{"self":[{"href":"https:\/\/global-exam.com\/blog\/wp-json\/wp\/v2\/pages\/60347"}],"collection":[{"href":"https:\/\/global-exam.com\/blog\/wp-json\/wp\/v2\/pages"}],"about":[{"href":"https:\/\/global-exam.com\/blog\/wp-json\/wp\/v2\/types\/page"}],"author":[{"embeddable":true,"href":"https:\/\/global-exam.com\/blog\/wp-json\/wp\/v2\/users\/24"}],"replies":[{"embeddable":true,"href":"https:\/\/global-exam.com\/blog\/wp-json\/wp\/v2\/comments?post=60347"}],"version-history":[{"count":6,"href":"https:\/\/global-exam.com\/blog\/wp-json\/wp\/v2\/pages\/60347\/revisions"}],"predecessor-version":[{"id":78224,"href":"https:\/\/global-exam.com\/blog\/wp-json\/wp\/v2\/pages\/60347\/revisions\/78224"}],"up":[{"embeddable":true,"href":"https:\/\/global-exam.com\/blog\/wp-json\/wp\/v2\/pages\/2865"}],"wp:attachment":[{"href":"https:\/\/global-exam.com\/blog\/wp-json\/wp\/v2\/media?parent=60347"}],"curies":[{"name":"wp","href":"https:\/\/api.w.org\/{rel}","templated":true}]}}