{"id":60354,"date":"2021-08-16T15:58:06","date_gmt":"2021-08-16T13:58:06","guid":{"rendered":"https:\/\/global-exam.com\/blog\/?page_id=60354"},"modified":"2022-08-18T11:54:46","modified_gmt":"2022-08-18T09:54:46","slug":"categorie-sinscrire-au-toeic-bridge","status":"publish","type":"page","link":"https:\/\/global-exam.com\/blog\/fr\/examens\/toeic-bridge\/categorie-sinscrire-au-toeic-bridge\/","title":{"rendered":"Inscription au TOEIC Bridge"},"content":{"rendered":"<p>S&rsquo;inscrire au TOEIC Bridge<\/p>\n<p>Pour des raisons personnelles ou professionnelles, vous avez d\u00e9cid\u00e9 de <strong>passer l\u2019examen du TOEIC Bridge<\/strong>\u2009? La premi\u00e8re \u00e9tape vous oblige \u00e0 faire une inscription. Dans cette cat\u00e9gorie, nous vous donnons de plus amples informations \u00e0 ce sujet.<\/p>\n<p>L\u2019<strong>inscription au TOEIC Bridge<\/strong> se fait uniquement aupr\u00e8s d\u2019une institution acad\u00e9mique en langue anglaise ou encore un centre de test poss\u00e9dant une agr\u00e9mentation de l\u2019ETS Global. Ce dernier se charge de la pr\u00e9paration et de l\u2019organisation de l\u2019examen dans son ensemble. \u00c0 l\u2019issue de l\u2019examen, un certificat vous est d\u00e9livr\u00e9 mentionnant votre niveau et les points que vous avez accumul\u00e9s.<\/p>\n<p>L\u2019inscription au <strong>TOEIC Bridge peut se faire en ligne<\/strong>, mais directement sur le site officiel de l\u2019ETS Global. Pour ce faire, il vous suffira de s\u00e9lectionner respectivement le type de test, le centre d\u2019examen le plus proche de votre ville ou d\u00e9partement et la date qui vous conviendra pour le passer. Nous pouvons vous fournir une aide pr\u00e9cieuse dans les d\u00e9marches et processus \u00e0 suivre pour vous inscrire \u00e0 cet examen officiel.<\/p>\n","protected":false},"excerpt":{"rendered":"<p>S&rsquo;inscrire au TOEIC Bridge Pour des raisons personnelles ou professionnelles, vous avez d\u00e9cid\u00e9 de passer l\u2019examen du TOEIC Bridge\u2009? La premi\u00e8re \u00e9tape [&hellip;]<\/p>\n","protected":false},"author":24,"featured_media":0,"parent":2865,"menu_order":0,"comment_status":"closed","ping_status":"closed","template":"","meta":[],"acf":[],"yoast_head":"<!-- This site is optimized with the Yoast SEO plugin v17.2.1 - https:\/\/yoast.com\/wordpress\/plugins\/seo\/ -->\n<title>Inscription au TOEIC Bridge - GlobalExam Blog<\/title>\n<meta name=\"description\" content=\"Pour s&#039;inscrire au TOEIC Bridge, il faut conna\u00eetre les d\u00e9marches, le prix et la p\u00e9riode de validit\u00e9 du test. GlobalExam vous accompagne pour votre inscription !\" \/>\n<meta name=\"robots\" content=\"index, follow, max-snippet:-1, max-image-preview:large, max-video-preview:-1\" \/>\n<link rel=\"canonical\" href=\"https:\/\/global-exam.com\/blog\/fr\/examens\/toeic-bridge\/categorie-sinscrire-au-toeic-bridge\/\" \/>\n<meta property=\"og:locale\" content=\"fr_FR\" \/>\n<meta property=\"og:type\" content=\"article\" \/>\n<meta property=\"og:title\" content=\"Inscription au TOEIC Bridge - GlobalExam Blog\" \/>\n<meta property=\"og:description\" content=\"Pour s&#039;inscrire au TOEIC Bridge, il faut conna\u00eetre les d\u00e9marches, le prix et la p\u00e9riode de validit\u00e9 du test. GlobalExam vous accompagne pour votre inscription !\" \/>\n<meta property=\"og:url\" content=\"https:\/\/global-exam.com\/blog\/fr\/examens\/toeic-bridge\/categorie-sinscrire-au-toeic-bridge\/\" \/>\n<meta property=\"og:site_name\" content=\"GlobalExam Blog\" \/>\n<meta property=\"article:publisher\" content=\"https:\/\/www.facebook.com\/Global.Exam\" \/>\n<meta property=\"article:modified_time\" content=\"2022-08-18T09:54:46+00:00\" \/>\n<meta name=\"twitter:card\" content=\"summary_large_image\" \/>\n<meta name=\"twitter:site\" content=\"@Global_Exam\" \/>\n<meta name=\"twitter:label1\" content=\"Dur\u00e9e de lecture estim\u00e9e\" \/>\n\t<meta name=\"twitter:data1\" content=\"1 minute\" \/>\n<script type=\"application\/ld+json\" class=\"yoast-schema-graph\">{\"@context\":\"https:\/\/schema.org\",\"@graph\":[{\"@type\":\"WebSite\",\"@id\":\"https:\/\/global-exam.com\/blog\/#website\",\"url\":\"https:\/\/global-exam.com\/blog\/\",\"name\":\"GlobalExam Blog\",\"description\":\"Le blog du sp\\u00e9cialiste de la certification linguistique\",\"potentialAction\":[{\"@type\":\"SearchAction\",\"target\":{\"@type\":\"EntryPoint\",\"urlTemplate\":\"https:\/\/global-exam.com\/blog\/?s={search_term_string}\"},\"query-input\":\"required name=search_term_string\"}],\"inLanguage\":\"fr-FR\"},{\"@type\":\"WebPage\",\"@id\":\"https:\/\/global-exam.com\/blog\/fr\/examens\/toeic-bridge\/categorie-sinscrire-au-toeic-bridge\/#webpage\",\"url\":\"https:\/\/global-exam.com\/blog\/fr\/examens\/toeic-bridge\/categorie-sinscrire-au-toeic-bridge\/\",\"name\":\"Inscription au TOEIC Bridge - GlobalExam Blog\",\"isPartOf\":{\"@id\":\"https:\/\/global-exam.com\/blog\/#website\"},\"datePublished\":\"2021-08-16T13:58:06+00:00\",\"dateModified\":\"2022-08-18T09:54:46+00:00\",\"description\":\"Pour s'inscrire au TOEIC Bridge, il faut conna\\u00eetre les d\\u00e9marches, le prix et la p\\u00e9riode de validit\\u00e9 du test. GlobalExam vous accompagne pour votre inscription !\",\"breadcrumb\":{\"@id\":\"https:\/\/global-exam.com\/blog\/fr\/examens\/toeic-bridge\/categorie-sinscrire-au-toeic-bridge\/#breadcrumb\"},\"inLanguage\":\"fr-FR\",\"potentialAction\":[{\"@type\":\"ReadAction\",\"target\":[\"https:\/\/global-exam.com\/blog\/fr\/examens\/toeic-bridge\/categorie-sinscrire-au-toeic-bridge\/\"]}]},{\"@type\":\"BreadcrumbList\",\"@id\":\"https:\/\/global-exam.com\/blog\/fr\/examens\/toeic-bridge\/categorie-sinscrire-au-toeic-bridge\/#breadcrumb\",\"itemListElement\":[{\"@type\":\"ListItem\",\"position\":1,\"name\":\"Les examens de langue\",\"item\":\"https:\/\/global-exam.com\/blog\/fr\/examens\/\"},{\"@type\":\"ListItem\",\"position\":2,\"name\":\"TOEIC BRIDGE\",\"item\":\"https:\/\/global-exam.com\/blog\/fr\/examens\/toeic-bridge\/\"},{\"@type\":\"ListItem\",\"position\":3,\"name\":\"Inscription au TOEIC Bridge\"}]}]}<\/script>\n<!-- \/ Yoast SEO plugin. -->","yoast_head_json":{"title":"Inscription au TOEIC Bridge - GlobalExam Blog","description":"Pour s'inscrire au TOEIC Bridge, il faut conna\u00eetre les d\u00e9marches, le prix et la p\u00e9riode de validit\u00e9 du test. GlobalExam vous accompagne pour votre inscription !","robots":{"index":"index","follow":"follow","max-snippet":"max-snippet:-1","max-image-preview":"max-image-preview:large","max-video-preview":"max-video-preview:-1"},"canonical":"https:\/\/global-exam.com\/blog\/fr\/examens\/toeic-bridge\/categorie-sinscrire-au-toeic-bridge\/","og_locale":"fr_FR","og_type":"article","og_title":"Inscription au TOEIC Bridge - GlobalExam Blog","og_description":"Pour s'inscrire au TOEIC Bridge, il faut conna\u00eetre les d\u00e9marches, le prix et la p\u00e9riode de validit\u00e9 du test. GlobalExam vous accompagne pour votre inscription !","og_url":"https:\/\/global-exam.com\/blog\/fr\/examens\/toeic-bridge\/categorie-sinscrire-au-toeic-bridge\/","og_site_name":"GlobalExam Blog","article_publisher":"https:\/\/www.facebook.com\/Global.Exam","article_modified_time":"2022-08-18T09:54:46+00:00","twitter_card":"summary_large_image","twitter_site":"@Global_Exam","twitter_misc":{"Dur\u00e9e de lecture estim\u00e9e":"1 minute"},"schema":{"@context":"https:\/\/schema.org","@graph":[{"@type":"WebSite","@id":"https:\/\/global-exam.com\/blog\/#website","url":"https:\/\/global-exam.com\/blog\/","name":"GlobalExam Blog","description":"Le blog du sp\u00e9cialiste de la certification linguistique","potentialAction":[{"@type":"SearchAction","target":{"@type":"EntryPoint","urlTemplate":"https:\/\/global-exam.com\/blog\/?s={search_term_string}"},"query-input":"required name=search_term_string"}],"inLanguage":"fr-FR"},{"@type":"WebPage","@id":"https:\/\/global-exam.com\/blog\/fr\/examens\/toeic-bridge\/categorie-sinscrire-au-toeic-bridge\/#webpage","url":"https:\/\/global-exam.com\/blog\/fr\/examens\/toeic-bridge\/categorie-sinscrire-au-toeic-bridge\/","name":"Inscription au TOEIC Bridge - GlobalExam Blog","isPartOf":{"@id":"https:\/\/global-exam.com\/blog\/#website"},"datePublished":"2021-08-16T13:58:06+00:00","dateModified":"2022-08-18T09:54:46+00:00","description":"Pour s'inscrire au TOEIC Bridge, il faut conna\u00eetre les d\u00e9marches, le prix et la p\u00e9riode de validit\u00e9 du test. GlobalExam vous accompagne pour votre inscription !","breadcrumb":{"@id":"https:\/\/global-exam.com\/blog\/fr\/examens\/toeic-bridge\/categorie-sinscrire-au-toeic-bridge\/#breadcrumb"},"inLanguage":"fr-FR","potentialAction":[{"@type":"ReadAction","target":["https:\/\/global-exam.com\/blog\/fr\/examens\/toeic-bridge\/categorie-sinscrire-au-toeic-bridge\/"]}]},{"@type":"BreadcrumbList","@id":"https:\/\/global-exam.com\/blog\/fr\/examens\/toeic-bridge\/categorie-sinscrire-au-toeic-bridge\/#breadcrumb","itemListElement":[{"@type":"ListItem","position":1,"name":"Les examens de langue","item":"https:\/\/global-exam.com\/blog\/fr\/examens\/"},{"@type":"ListItem","position":2,"name":"TOEIC BRIDGE","item":"https:\/\/global-exam.com\/blog\/fr\/examens\/toeic-bridge\/"},{"@type":"ListItem","position":3,"name":"Inscription au TOEIC Bridge"}]}]}},"lang":"fr","translations":{"fr":60354},"pll_sync_post":[],"_links":{"self":[{"href":"https:\/\/global-exam.com\/blog\/wp-json\/wp\/v2\/pages\/60354"}],"collection":[{"href":"https:\/\/global-exam.com\/blog\/wp-json\/wp\/v2\/pages"}],"about":[{"href":"https:\/\/global-exam.com\/blog\/wp-json\/wp\/v2\/types\/page"}],"author":[{"embeddable":true,"href":"https:\/\/global-exam.com\/blog\/wp-json\/wp\/v2\/users\/24"}],"replies":[{"embeddable":true,"href":"https:\/\/global-exam.com\/blog\/wp-json\/wp\/v2\/comments?post=60354"}],"version-history":[{"count":8,"href":"https:\/\/global-exam.com\/blog\/wp-json\/wp\/v2\/pages\/60354\/revisions"}],"predecessor-version":[{"id":78225,"href":"https:\/\/global-exam.com\/blog\/wp-json\/wp\/v2\/pages\/60354\/revisions\/78225"}],"up":[{"embeddable":true,"href":"https:\/\/global-exam.com\/blog\/wp-json\/wp\/v2\/pages\/2865"}],"wp:attachment":[{"href":"https:\/\/global-exam.com\/blog\/wp-json\/wp\/v2\/media?parent=60354"}],"curies":[{"name":"wp","href":"https:\/\/api.w.org\/{rel}","templated":true}]}}