{"id":60360,"date":"2021-08-16T16:00:48","date_gmt":"2021-08-16T14:00:48","guid":{"rendered":"https:\/\/global-exam.com\/blog\/?page_id=60360"},"modified":"2022-08-17T16:19:42","modified_gmt":"2022-08-17T14:19:42","slug":"categorie-centre-dexamens-delf","status":"publish","type":"page","link":"https:\/\/global-exam.com\/blog\/fr\/examens\/delf\/categorie-centre-dexamens-delf\/","title":{"rendered":"Centres d&rsquo;examen DELF"},"content":{"rendered":"<p>Trouver un centre d&rsquo;examen pour le DELF<\/p>\n<p>Si vous souhaitez faire\u00a0<strong>\u00e9valuer et faire certifier votre niveau de fran\u00e7ais<\/strong>, alors le DELF est fait pour vous. De plus, il est sp\u00e9cialement \u00e9labor\u00e9 pour les\u00a0<strong>non natifs francophones<\/strong>, ce qui est l\u2019id\u00e9al si vous n\u2019\u00eates pas fran\u00e7ais.<\/p>\n<p>Mais si vous n\u2019habitez pas en France depuis longtemps, cela peut para\u00eetre difficile, tout comme si vous \u00eates un \u00e9tudiant \u00e9tranger, ne connaissant pas bien le pays.\u00a0C\u2019est pourquoi GlobalExam a cr\u00e9\u00e9 cette cat\u00e9gorie sur<strong> les centres d\u2019examens du DELF, en France, au Maroc et en Suisse<\/strong>.<\/p>\n<p>On vous y explique o\u00f9 se trouvent les centres d\u2019examens en France, que cela soit \u00e0 Paris ou en province.\u00a0Nous vous avons fait une liste compl\u00e8te de toutes les acad\u00e9mies pr\u00e9sentant des centres d\u2019examens pour le DELF.<\/p>\n","protected":false},"excerpt":{"rendered":"<p>Trouver un centre d&rsquo;examen pour le DELF Si vous souhaitez faire\u00a0\u00e9valuer et faire certifier votre niveau de fran\u00e7ais, alors le DELF est [&hellip;]<\/p>\n","protected":false},"author":2,"featured_media":0,"parent":2853,"menu_order":0,"comment_status":"closed","ping_status":"closed","template":"","meta":[],"acf":[],"yoast_head":"<!-- This site is optimized with the Yoast SEO plugin v17.2.1 - https:\/\/yoast.com\/wordpress\/plugins\/seo\/ -->\n<title>Centres d&#039;examen DELF<\/title>\n<meta name=\"robots\" content=\"index, follow, max-snippet:-1, max-image-preview:large, max-video-preview:-1\" \/>\n<link rel=\"canonical\" href=\"https:\/\/global-exam.com\/blog\/fr\/examens\/delf\/categorie-centre-dexamens-delf\/\" \/>\n<meta property=\"og:locale\" content=\"fr_FR\" \/>\n<meta property=\"og:type\" content=\"article\" \/>\n<meta property=\"og:title\" content=\"Centres d&#039;examen DELF\" \/>\n<meta property=\"og:description\" content=\"Trouver un centre d&rsquo;examen pour le DELF Si vous souhaitez faire\u00a0\u00e9valuer et faire certifier votre niveau de fran\u00e7ais, alors le DELF est [&hellip;]\" \/>\n<meta property=\"og:url\" content=\"https:\/\/global-exam.com\/blog\/fr\/examens\/delf\/categorie-centre-dexamens-delf\/\" \/>\n<meta property=\"og:site_name\" content=\"GlobalExam Blog\" \/>\n<meta property=\"article:publisher\" content=\"https:\/\/www.facebook.com\/Global.Exam\" \/>\n<meta property=\"article:modified_time\" content=\"2022-08-17T14:19:42+00:00\" \/>\n<meta name=\"twitter:card\" content=\"summary_large_image\" \/>\n<meta name=\"twitter:site\" content=\"@Global_Exam\" \/>\n<meta name=\"twitter:label1\" content=\"Dur\u00e9e de lecture estim\u00e9e\" \/>\n\t<meta name=\"twitter:data1\" content=\"1 minute\" \/>\n<script type=\"application\/ld+json\" class=\"yoast-schema-graph\">{\"@context\":\"https:\/\/schema.org\",\"@graph\":[{\"@type\":\"WebSite\",\"@id\":\"https:\/\/global-exam.com\/blog\/#website\",\"url\":\"https:\/\/global-exam.com\/blog\/\",\"name\":\"GlobalExam Blog\",\"description\":\"Le blog du sp\\u00e9cialiste de la certification linguistique\",\"potentialAction\":[{\"@type\":\"SearchAction\",\"target\":{\"@type\":\"EntryPoint\",\"urlTemplate\":\"https:\/\/global-exam.com\/blog\/?s={search_term_string}\"},\"query-input\":\"required name=search_term_string\"}],\"inLanguage\":\"fr-FR\"},{\"@type\":\"WebPage\",\"@id\":\"https:\/\/global-exam.com\/blog\/fr\/examens\/delf\/categorie-centre-dexamens-delf\/#webpage\",\"url\":\"https:\/\/global-exam.com\/blog\/fr\/examens\/delf\/categorie-centre-dexamens-delf\/\",\"name\":\"Centres d'examen DELF\",\"isPartOf\":{\"@id\":\"https:\/\/global-exam.com\/blog\/#website\"},\"datePublished\":\"2021-08-16T14:00:48+00:00\",\"dateModified\":\"2022-08-17T14:19:42+00:00\",\"breadcrumb\":{\"@id\":\"https:\/\/global-exam.com\/blog\/fr\/examens\/delf\/categorie-centre-dexamens-delf\/#breadcrumb\"},\"inLanguage\":\"fr-FR\",\"potentialAction\":[{\"@type\":\"ReadAction\",\"target\":[\"https:\/\/global-exam.com\/blog\/fr\/examens\/delf\/categorie-centre-dexamens-delf\/\"]}]},{\"@type\":\"BreadcrumbList\",\"@id\":\"https:\/\/global-exam.com\/blog\/fr\/examens\/delf\/categorie-centre-dexamens-delf\/#breadcrumb\",\"itemListElement\":[{\"@type\":\"ListItem\",\"position\":1,\"name\":\"Les examens de langue\",\"item\":\"https:\/\/global-exam.com\/blog\/fr\/examens\/\"},{\"@type\":\"ListItem\",\"position\":2,\"name\":\"DELF : conseils et pr\\u00e9paration au test\",\"item\":\"https:\/\/global-exam.com\/blog\/fr\/examens\/delf\/\"},{\"@type\":\"ListItem\",\"position\":3,\"name\":\"Centres d&rsquo;examen DELF\"}]}]}<\/script>\n<!-- \/ Yoast SEO plugin. -->","yoast_head_json":{"title":"Centres d'examen DELF","robots":{"index":"index","follow":"follow","max-snippet":"max-snippet:-1","max-image-preview":"max-image-preview:large","max-video-preview":"max-video-preview:-1"},"canonical":"https:\/\/global-exam.com\/blog\/fr\/examens\/delf\/categorie-centre-dexamens-delf\/","og_locale":"fr_FR","og_type":"article","og_title":"Centres d'examen DELF","og_description":"Trouver un centre d&rsquo;examen pour le DELF Si vous souhaitez faire\u00a0\u00e9valuer et faire certifier votre niveau de fran\u00e7ais, alors le DELF est [&hellip;]","og_url":"https:\/\/global-exam.com\/blog\/fr\/examens\/delf\/categorie-centre-dexamens-delf\/","og_site_name":"GlobalExam Blog","article_publisher":"https:\/\/www.facebook.com\/Global.Exam","article_modified_time":"2022-08-17T14:19:42+00:00","twitter_card":"summary_large_image","twitter_site":"@Global_Exam","twitter_misc":{"Dur\u00e9e de lecture estim\u00e9e":"1 minute"},"schema":{"@context":"https:\/\/schema.org","@graph":[{"@type":"WebSite","@id":"https:\/\/global-exam.com\/blog\/#website","url":"https:\/\/global-exam.com\/blog\/","name":"GlobalExam Blog","description":"Le blog du sp\u00e9cialiste de la certification linguistique","potentialAction":[{"@type":"SearchAction","target":{"@type":"EntryPoint","urlTemplate":"https:\/\/global-exam.com\/blog\/?s={search_term_string}"},"query-input":"required name=search_term_string"}],"inLanguage":"fr-FR"},{"@type":"WebPage","@id":"https:\/\/global-exam.com\/blog\/fr\/examens\/delf\/categorie-centre-dexamens-delf\/#webpage","url":"https:\/\/global-exam.com\/blog\/fr\/examens\/delf\/categorie-centre-dexamens-delf\/","name":"Centres d'examen DELF","isPartOf":{"@id":"https:\/\/global-exam.com\/blog\/#website"},"datePublished":"2021-08-16T14:00:48+00:00","dateModified":"2022-08-17T14:19:42+00:00","breadcrumb":{"@id":"https:\/\/global-exam.com\/blog\/fr\/examens\/delf\/categorie-centre-dexamens-delf\/#breadcrumb"},"inLanguage":"fr-FR","potentialAction":[{"@type":"ReadAction","target":["https:\/\/global-exam.com\/blog\/fr\/examens\/delf\/categorie-centre-dexamens-delf\/"]}]},{"@type":"BreadcrumbList","@id":"https:\/\/global-exam.com\/blog\/fr\/examens\/delf\/categorie-centre-dexamens-delf\/#breadcrumb","itemListElement":[{"@type":"ListItem","position":1,"name":"Les examens de langue","item":"https:\/\/global-exam.com\/blog\/fr\/examens\/"},{"@type":"ListItem","position":2,"name":"DELF : conseils et pr\u00e9paration au test","item":"https:\/\/global-exam.com\/blog\/fr\/examens\/delf\/"},{"@type":"ListItem","position":3,"name":"Centres d&rsquo;examen DELF"}]}]}},"lang":"fr","translations":{"fr":60360},"pll_sync_post":[],"_links":{"self":[{"href":"https:\/\/global-exam.com\/blog\/wp-json\/wp\/v2\/pages\/60360"}],"collection":[{"href":"https:\/\/global-exam.com\/blog\/wp-json\/wp\/v2\/pages"}],"about":[{"href":"https:\/\/global-exam.com\/blog\/wp-json\/wp\/v2\/types\/page"}],"author":[{"embeddable":true,"href":"https:\/\/global-exam.com\/blog\/wp-json\/wp\/v2\/users\/2"}],"replies":[{"embeddable":true,"href":"https:\/\/global-exam.com\/blog\/wp-json\/wp\/v2\/comments?post=60360"}],"version-history":[{"count":10,"href":"https:\/\/global-exam.com\/blog\/wp-json\/wp\/v2\/pages\/60360\/revisions"}],"predecessor-version":[{"id":78114,"href":"https:\/\/global-exam.com\/blog\/wp-json\/wp\/v2\/pages\/60360\/revisions\/78114"}],"up":[{"embeddable":true,"href":"https:\/\/global-exam.com\/blog\/wp-json\/wp\/v2\/pages\/2853"}],"wp:attachment":[{"href":"https:\/\/global-exam.com\/blog\/wp-json\/wp\/v2\/media?parent=60360"}],"curies":[{"name":"wp","href":"https:\/\/api.w.org\/{rel}","templated":true}]}}