{"id":60368,"date":"2021-08-16T16:08:12","date_gmt":"2021-08-16T14:08:12","guid":{"rendered":"https:\/\/global-exam.com\/blog\/?page_id=60368"},"modified":"2022-08-18T11:52:36","modified_gmt":"2022-08-18T09:52:36","slug":"categorie-centres-dexamens-toeic-bridge","status":"publish","type":"page","link":"https:\/\/global-exam.com\/blog\/fr\/examens\/toeic-bridge\/categorie-centres-dexamens-toeic-bridge\/","title":{"rendered":"Centres d&rsquo;examens TOEIC Bridge"},"content":{"rendered":"<p>Trouver un centre d&rsquo;examen TOEIC Bridge<\/p>\n<p>Pour connaitre son niveau actuel de\u00a0<b>compr\u00e9hension orale &amp; \u00e9crite en langue anglaise<\/b>\u00a0en tant que\u00a0<b>d\u00e9butant ou interm\u00e9diaire<\/b>, le\u00a0<b>TOEIC Bridge<\/b>\u00a0est un examen officiel conseill\u00e9. Mais comment se passe l\u2019inscription et dans quel centre d\u2019examen devrait-on le passer pour obtenir sa certification depuis la France\u2009? Pour plus de d\u00e9tails, n\u2019h\u00e9sitez pas \u00e0 consulter nos articles dans cette cat\u00e9gorie.<\/p>\n<p>Seules les inscriptions r\u00e9alis\u00e9es aupr\u00e8s de l\u2019ETS Global sont valides pour\u00a0<b>passer le TOEIC Bridge<\/b>. Vous pouvez bien \u00e9videmment consulter son site officiel et faire votre inscription en ligne. Mais faudrait-il encore s\u2019inscrire aupr\u00e8s d\u2019un\u00a0<b>centre d\u2019examen<\/b>\u00a0dans son pays.<\/p>\n<p>Dans cette cat\u00e9gorie, nous vous transmettons des informations sur les\u00a0<b>centres d\u2019examen du TOEIC Bridge<\/b>\u00a0disponible en\u00a0<b>France<\/b>\u00a0et dans d\u2019autres pays parlant l\u2019anglais.<\/p>\n","protected":false},"excerpt":{"rendered":"<p>Trouver un centre d&rsquo;examen TOEIC Bridge Pour connaitre son niveau actuel de\u00a0compr\u00e9hension orale &amp; \u00e9crite en langue anglaise\u00a0en tant que\u00a0d\u00e9butant ou interm\u00e9diaire, [&hellip;]<\/p>\n","protected":false},"author":24,"featured_media":0,"parent":2865,"menu_order":0,"comment_status":"closed","ping_status":"closed","template":"","meta":[],"acf":[],"yoast_head":"<!-- This site is optimized with the Yoast SEO plugin v17.2.1 - https:\/\/yoast.com\/wordpress\/plugins\/seo\/ -->\n<title>Centres d&#039;examens TOEIC Bridge<\/title>\n<meta name=\"description\" content=\"Pour conna\u00eetre l&#039;ensemble des centres d&#039;examen qui proposent de passer le TOEIC Bridge en France, n&#039;h\u00e9sitez pas \u00e0 consulter nos articles r\u00e9dig\u00e9s sur le sujet.\" \/>\n<meta name=\"robots\" content=\"index, follow, max-snippet:-1, max-image-preview:large, max-video-preview:-1\" \/>\n<link rel=\"canonical\" href=\"https:\/\/global-exam.com\/blog\/fr\/examens\/toeic-bridge\/categorie-centres-dexamens-toeic-bridge\/\" \/>\n<meta property=\"og:locale\" content=\"fr_FR\" \/>\n<meta property=\"og:type\" content=\"article\" \/>\n<meta property=\"og:title\" content=\"Centres d&#039;examens TOEIC Bridge\" \/>\n<meta property=\"og:description\" content=\"Pour conna\u00eetre l&#039;ensemble des centres d&#039;examen qui proposent de passer le TOEIC Bridge en France, n&#039;h\u00e9sitez pas \u00e0 consulter nos articles r\u00e9dig\u00e9s sur le sujet.\" \/>\n<meta property=\"og:url\" content=\"https:\/\/global-exam.com\/blog\/fr\/examens\/toeic-bridge\/categorie-centres-dexamens-toeic-bridge\/\" \/>\n<meta property=\"og:site_name\" content=\"GlobalExam Blog\" \/>\n<meta property=\"article:publisher\" content=\"https:\/\/www.facebook.com\/Global.Exam\" \/>\n<meta property=\"article:modified_time\" content=\"2022-08-18T09:52:36+00:00\" \/>\n<meta name=\"twitter:card\" content=\"summary_large_image\" \/>\n<meta name=\"twitter:site\" content=\"@Global_Exam\" \/>\n<meta name=\"twitter:label1\" content=\"Dur\u00e9e de lecture estim\u00e9e\" \/>\n\t<meta name=\"twitter:data1\" content=\"1 minute\" \/>\n<script type=\"application\/ld+json\" class=\"yoast-schema-graph\">{\"@context\":\"https:\/\/schema.org\",\"@graph\":[{\"@type\":\"WebSite\",\"@id\":\"https:\/\/global-exam.com\/blog\/#website\",\"url\":\"https:\/\/global-exam.com\/blog\/\",\"name\":\"GlobalExam Blog\",\"description\":\"Le blog du sp\\u00e9cialiste de la certification linguistique\",\"potentialAction\":[{\"@type\":\"SearchAction\",\"target\":{\"@type\":\"EntryPoint\",\"urlTemplate\":\"https:\/\/global-exam.com\/blog\/?s={search_term_string}\"},\"query-input\":\"required name=search_term_string\"}],\"inLanguage\":\"fr-FR\"},{\"@type\":\"WebPage\",\"@id\":\"https:\/\/global-exam.com\/blog\/fr\/examens\/toeic-bridge\/categorie-centres-dexamens-toeic-bridge\/#webpage\",\"url\":\"https:\/\/global-exam.com\/blog\/fr\/examens\/toeic-bridge\/categorie-centres-dexamens-toeic-bridge\/\",\"name\":\"Centres d'examens TOEIC Bridge\",\"isPartOf\":{\"@id\":\"https:\/\/global-exam.com\/blog\/#website\"},\"datePublished\":\"2021-08-16T14:08:12+00:00\",\"dateModified\":\"2022-08-18T09:52:36+00:00\",\"description\":\"Pour conna\\u00eetre l'ensemble des centres d'examen qui proposent de passer le TOEIC Bridge en France, n'h\\u00e9sitez pas \\u00e0 consulter nos articles r\\u00e9dig\\u00e9s sur le sujet.\",\"breadcrumb\":{\"@id\":\"https:\/\/global-exam.com\/blog\/fr\/examens\/toeic-bridge\/categorie-centres-dexamens-toeic-bridge\/#breadcrumb\"},\"inLanguage\":\"fr-FR\",\"potentialAction\":[{\"@type\":\"ReadAction\",\"target\":[\"https:\/\/global-exam.com\/blog\/fr\/examens\/toeic-bridge\/categorie-centres-dexamens-toeic-bridge\/\"]}]},{\"@type\":\"BreadcrumbList\",\"@id\":\"https:\/\/global-exam.com\/blog\/fr\/examens\/toeic-bridge\/categorie-centres-dexamens-toeic-bridge\/#breadcrumb\",\"itemListElement\":[{\"@type\":\"ListItem\",\"position\":1,\"name\":\"Les examens de langue\",\"item\":\"https:\/\/global-exam.com\/blog\/fr\/examens\/\"},{\"@type\":\"ListItem\",\"position\":2,\"name\":\"TOEIC BRIDGE\",\"item\":\"https:\/\/global-exam.com\/blog\/fr\/examens\/toeic-bridge\/\"},{\"@type\":\"ListItem\",\"position\":3,\"name\":\"Centres d&rsquo;examens TOEIC Bridge\"}]}]}<\/script>\n<!-- \/ Yoast SEO plugin. -->","yoast_head_json":{"title":"Centres d'examens TOEIC Bridge","description":"Pour conna\u00eetre l'ensemble des centres d'examen qui proposent de passer le TOEIC Bridge en France, n'h\u00e9sitez pas \u00e0 consulter nos articles r\u00e9dig\u00e9s sur le sujet.","robots":{"index":"index","follow":"follow","max-snippet":"max-snippet:-1","max-image-preview":"max-image-preview:large","max-video-preview":"max-video-preview:-1"},"canonical":"https:\/\/global-exam.com\/blog\/fr\/examens\/toeic-bridge\/categorie-centres-dexamens-toeic-bridge\/","og_locale":"fr_FR","og_type":"article","og_title":"Centres d'examens TOEIC Bridge","og_description":"Pour conna\u00eetre l'ensemble des centres d'examen qui proposent de passer le TOEIC Bridge en France, n'h\u00e9sitez pas \u00e0 consulter nos articles r\u00e9dig\u00e9s sur le sujet.","og_url":"https:\/\/global-exam.com\/blog\/fr\/examens\/toeic-bridge\/categorie-centres-dexamens-toeic-bridge\/","og_site_name":"GlobalExam Blog","article_publisher":"https:\/\/www.facebook.com\/Global.Exam","article_modified_time":"2022-08-18T09:52:36+00:00","twitter_card":"summary_large_image","twitter_site":"@Global_Exam","twitter_misc":{"Dur\u00e9e de lecture estim\u00e9e":"1 minute"},"schema":{"@context":"https:\/\/schema.org","@graph":[{"@type":"WebSite","@id":"https:\/\/global-exam.com\/blog\/#website","url":"https:\/\/global-exam.com\/blog\/","name":"GlobalExam Blog","description":"Le blog du sp\u00e9cialiste de la certification linguistique","potentialAction":[{"@type":"SearchAction","target":{"@type":"EntryPoint","urlTemplate":"https:\/\/global-exam.com\/blog\/?s={search_term_string}"},"query-input":"required name=search_term_string"}],"inLanguage":"fr-FR"},{"@type":"WebPage","@id":"https:\/\/global-exam.com\/blog\/fr\/examens\/toeic-bridge\/categorie-centres-dexamens-toeic-bridge\/#webpage","url":"https:\/\/global-exam.com\/blog\/fr\/examens\/toeic-bridge\/categorie-centres-dexamens-toeic-bridge\/","name":"Centres d'examens TOEIC Bridge","isPartOf":{"@id":"https:\/\/global-exam.com\/blog\/#website"},"datePublished":"2021-08-16T14:08:12+00:00","dateModified":"2022-08-18T09:52:36+00:00","description":"Pour conna\u00eetre l'ensemble des centres d'examen qui proposent de passer le TOEIC Bridge en France, n'h\u00e9sitez pas \u00e0 consulter nos articles r\u00e9dig\u00e9s sur le sujet.","breadcrumb":{"@id":"https:\/\/global-exam.com\/blog\/fr\/examens\/toeic-bridge\/categorie-centres-dexamens-toeic-bridge\/#breadcrumb"},"inLanguage":"fr-FR","potentialAction":[{"@type":"ReadAction","target":["https:\/\/global-exam.com\/blog\/fr\/examens\/toeic-bridge\/categorie-centres-dexamens-toeic-bridge\/"]}]},{"@type":"BreadcrumbList","@id":"https:\/\/global-exam.com\/blog\/fr\/examens\/toeic-bridge\/categorie-centres-dexamens-toeic-bridge\/#breadcrumb","itemListElement":[{"@type":"ListItem","position":1,"name":"Les examens de langue","item":"https:\/\/global-exam.com\/blog\/fr\/examens\/"},{"@type":"ListItem","position":2,"name":"TOEIC BRIDGE","item":"https:\/\/global-exam.com\/blog\/fr\/examens\/toeic-bridge\/"},{"@type":"ListItem","position":3,"name":"Centres d&rsquo;examens TOEIC Bridge"}]}]}},"lang":"fr","translations":{"fr":60368},"pll_sync_post":[],"_links":{"self":[{"href":"https:\/\/global-exam.com\/blog\/wp-json\/wp\/v2\/pages\/60368"}],"collection":[{"href":"https:\/\/global-exam.com\/blog\/wp-json\/wp\/v2\/pages"}],"about":[{"href":"https:\/\/global-exam.com\/blog\/wp-json\/wp\/v2\/types\/page"}],"author":[{"embeddable":true,"href":"https:\/\/global-exam.com\/blog\/wp-json\/wp\/v2\/users\/24"}],"replies":[{"embeddable":true,"href":"https:\/\/global-exam.com\/blog\/wp-json\/wp\/v2\/comments?post=60368"}],"version-history":[{"count":7,"href":"https:\/\/global-exam.com\/blog\/wp-json\/wp\/v2\/pages\/60368\/revisions"}],"predecessor-version":[{"id":78222,"href":"https:\/\/global-exam.com\/blog\/wp-json\/wp\/v2\/pages\/60368\/revisions\/78222"}],"up":[{"embeddable":true,"href":"https:\/\/global-exam.com\/blog\/wp-json\/wp\/v2\/pages\/2865"}],"wp:attachment":[{"href":"https:\/\/global-exam.com\/blog\/wp-json\/wp\/v2\/media?parent=60368"}],"curies":[{"name":"wp","href":"https:\/\/api.w.org\/{rel}","templated":true}]}}