{"id":60374,"date":"2021-08-16T16:12:47","date_gmt":"2021-08-16T14:12:47","guid":{"rendered":"https:\/\/global-exam.com\/blog\/?page_id=60374"},"modified":"2022-08-18T11:53:13","modified_gmt":"2022-08-18T09:53:13","slug":"categorie-conseils-toeic-bridge","status":"publish","type":"page","link":"https:\/\/global-exam.com\/blog\/fr\/examens\/toeic-bridge\/categorie-conseils-toeic-bridge\/","title":{"rendered":"Conseils TOEIC Bridge"},"content":{"rendered":"<p>R\u00e9ussir le TOEIC Bridge<\/p>\n<p>Vous comptez bient\u00f4t passer l\u2019<b>examen du TOEIC Bridge<\/b>\u2009? Retrouvez dans cette cat\u00e9gorie\u00a0<b>tous les conseils<\/b> \u00e0 savoir pour r\u00e9ussir votre test et obtenir le\u00a0maximum de points.<\/p>\n<p>Comme\u00a0premier conseil, il n\u2019y a rien de mieux qu\u2019une\u00a0<b>bonne pr\u00e9paration<\/b>\u00a0en amont pour r\u00e9ussir un examen. Le\u00a0TOEIC Bridge\u00a0ne fait pas du tout exception \u00e0 cette r\u00e8gle. De ce fait, si vous avez envie d\u2019augmenter vos chances de\u00a0<b>r\u00e9ussir \u00e0 cet examen<\/b>, mettez-vous au boulot le plus t\u00f4t possible.<\/p>\n<p>Les th\u00e8mes abord\u00e9s dans le\u00a0TOEIC Bridge\u00a0portent sur la vie quotidienne, l\u2019h\u00e9bergement, la sant\u00e9, les loisirs, les voyages ou encore la vie professionnelle et l\u2019<b>univers de l\u2019entreprise<\/b>. Il faut donc bien se pr\u00e9parer en s\u2019entra\u00eenant sur des exercices traitant principalement ces th\u00e8mes.<\/p>\n<p>Si votre objectif est d\u2019obtenir un\u00a0<b>score nettement plus \u00e9lev\u00e9<\/b>, soit entre 170 et 180 points, alors n\u2019h\u00e9sitez pas \u00e0 passer plus de temps \u00e0\u00a0faire des r\u00e9visions. Nous pouvons justement vous aider \u00e0\u00a0maximiser votre score\u00a0au\u00a0TOEIC Bridge\u00a0avec nos conseils et astuces sur mesure.<\/p>\n","protected":false},"excerpt":{"rendered":"<p>R\u00e9ussir le TOEIC Bridge Vous comptez bient\u00f4t passer l\u2019examen du TOEIC Bridge\u2009? Retrouvez dans cette cat\u00e9gorie\u00a0tous les conseils \u00e0 savoir pour r\u00e9ussir [&hellip;]<\/p>\n","protected":false},"author":24,"featured_media":0,"parent":2865,"menu_order":0,"comment_status":"closed","ping_status":"closed","template":"","meta":[],"acf":[],"yoast_head":"<!-- This site is optimized with the Yoast SEO plugin v17.2.1 - https:\/\/yoast.com\/wordpress\/plugins\/seo\/ -->\n<title>Conseils TOEIC Bridge<\/title>\n<meta name=\"description\" content=\"Pour r\u00e9ussir le TOEIC Bridge une bonne pr\u00e9paration et des conseils sont n\u00e9cessaires. GlobalExam vous conseille et accompagne dans votre r\u00e9ussite au TOEIC Bridge\" \/>\n<meta name=\"robots\" content=\"index, follow, max-snippet:-1, max-image-preview:large, max-video-preview:-1\" \/>\n<link rel=\"canonical\" href=\"https:\/\/global-exam.com\/blog\/fr\/examens\/toeic-bridge\/categorie-conseils-toeic-bridge\/\" \/>\n<meta property=\"og:locale\" content=\"fr_FR\" \/>\n<meta property=\"og:type\" content=\"article\" \/>\n<meta property=\"og:title\" content=\"Conseils TOEIC Bridge\" \/>\n<meta property=\"og:description\" content=\"Pour r\u00e9ussir le TOEIC Bridge une bonne pr\u00e9paration et des conseils sont n\u00e9cessaires. GlobalExam vous conseille et accompagne dans votre r\u00e9ussite au TOEIC Bridge\" \/>\n<meta property=\"og:url\" content=\"https:\/\/global-exam.com\/blog\/fr\/examens\/toeic-bridge\/categorie-conseils-toeic-bridge\/\" \/>\n<meta property=\"og:site_name\" content=\"GlobalExam Blog\" \/>\n<meta property=\"article:publisher\" content=\"https:\/\/www.facebook.com\/Global.Exam\" \/>\n<meta property=\"article:modified_time\" content=\"2022-08-18T09:53:13+00:00\" \/>\n<meta name=\"twitter:card\" content=\"summary_large_image\" \/>\n<meta name=\"twitter:site\" content=\"@Global_Exam\" \/>\n<meta name=\"twitter:label1\" content=\"Dur\u00e9e de lecture estim\u00e9e\" \/>\n\t<meta name=\"twitter:data1\" content=\"1 minute\" \/>\n<script type=\"application\/ld+json\" class=\"yoast-schema-graph\">{\"@context\":\"https:\/\/schema.org\",\"@graph\":[{\"@type\":\"WebSite\",\"@id\":\"https:\/\/global-exam.com\/blog\/#website\",\"url\":\"https:\/\/global-exam.com\/blog\/\",\"name\":\"GlobalExam Blog\",\"description\":\"Le blog du sp\\u00e9cialiste de la certification linguistique\",\"potentialAction\":[{\"@type\":\"SearchAction\",\"target\":{\"@type\":\"EntryPoint\",\"urlTemplate\":\"https:\/\/global-exam.com\/blog\/?s={search_term_string}\"},\"query-input\":\"required name=search_term_string\"}],\"inLanguage\":\"fr-FR\"},{\"@type\":\"WebPage\",\"@id\":\"https:\/\/global-exam.com\/blog\/fr\/examens\/toeic-bridge\/categorie-conseils-toeic-bridge\/#webpage\",\"url\":\"https:\/\/global-exam.com\/blog\/fr\/examens\/toeic-bridge\/categorie-conseils-toeic-bridge\/\",\"name\":\"Conseils TOEIC Bridge\",\"isPartOf\":{\"@id\":\"https:\/\/global-exam.com\/blog\/#website\"},\"datePublished\":\"2021-08-16T14:12:47+00:00\",\"dateModified\":\"2022-08-18T09:53:13+00:00\",\"description\":\"Pour r\\u00e9ussir le TOEIC Bridge une bonne pr\\u00e9paration et des conseils sont n\\u00e9cessaires. GlobalExam vous conseille et accompagne dans votre r\\u00e9ussite au TOEIC Bridge\",\"breadcrumb\":{\"@id\":\"https:\/\/global-exam.com\/blog\/fr\/examens\/toeic-bridge\/categorie-conseils-toeic-bridge\/#breadcrumb\"},\"inLanguage\":\"fr-FR\",\"potentialAction\":[{\"@type\":\"ReadAction\",\"target\":[\"https:\/\/global-exam.com\/blog\/fr\/examens\/toeic-bridge\/categorie-conseils-toeic-bridge\/\"]}]},{\"@type\":\"BreadcrumbList\",\"@id\":\"https:\/\/global-exam.com\/blog\/fr\/examens\/toeic-bridge\/categorie-conseils-toeic-bridge\/#breadcrumb\",\"itemListElement\":[{\"@type\":\"ListItem\",\"position\":1,\"name\":\"Les examens de langue\",\"item\":\"https:\/\/global-exam.com\/blog\/fr\/examens\/\"},{\"@type\":\"ListItem\",\"position\":2,\"name\":\"TOEIC BRIDGE\",\"item\":\"https:\/\/global-exam.com\/blog\/fr\/examens\/toeic-bridge\/\"},{\"@type\":\"ListItem\",\"position\":3,\"name\":\"Conseils TOEIC Bridge\"}]}]}<\/script>\n<!-- \/ Yoast SEO plugin. -->","yoast_head_json":{"title":"Conseils TOEIC Bridge","description":"Pour r\u00e9ussir le TOEIC Bridge une bonne pr\u00e9paration et des conseils sont n\u00e9cessaires. GlobalExam vous conseille et accompagne dans votre r\u00e9ussite au TOEIC Bridge","robots":{"index":"index","follow":"follow","max-snippet":"max-snippet:-1","max-image-preview":"max-image-preview:large","max-video-preview":"max-video-preview:-1"},"canonical":"https:\/\/global-exam.com\/blog\/fr\/examens\/toeic-bridge\/categorie-conseils-toeic-bridge\/","og_locale":"fr_FR","og_type":"article","og_title":"Conseils TOEIC Bridge","og_description":"Pour r\u00e9ussir le TOEIC Bridge une bonne pr\u00e9paration et des conseils sont n\u00e9cessaires. GlobalExam vous conseille et accompagne dans votre r\u00e9ussite au TOEIC Bridge","og_url":"https:\/\/global-exam.com\/blog\/fr\/examens\/toeic-bridge\/categorie-conseils-toeic-bridge\/","og_site_name":"GlobalExam Blog","article_publisher":"https:\/\/www.facebook.com\/Global.Exam","article_modified_time":"2022-08-18T09:53:13+00:00","twitter_card":"summary_large_image","twitter_site":"@Global_Exam","twitter_misc":{"Dur\u00e9e de lecture estim\u00e9e":"1 minute"},"schema":{"@context":"https:\/\/schema.org","@graph":[{"@type":"WebSite","@id":"https:\/\/global-exam.com\/blog\/#website","url":"https:\/\/global-exam.com\/blog\/","name":"GlobalExam Blog","description":"Le blog du sp\u00e9cialiste de la certification linguistique","potentialAction":[{"@type":"SearchAction","target":{"@type":"EntryPoint","urlTemplate":"https:\/\/global-exam.com\/blog\/?s={search_term_string}"},"query-input":"required name=search_term_string"}],"inLanguage":"fr-FR"},{"@type":"WebPage","@id":"https:\/\/global-exam.com\/blog\/fr\/examens\/toeic-bridge\/categorie-conseils-toeic-bridge\/#webpage","url":"https:\/\/global-exam.com\/blog\/fr\/examens\/toeic-bridge\/categorie-conseils-toeic-bridge\/","name":"Conseils TOEIC Bridge","isPartOf":{"@id":"https:\/\/global-exam.com\/blog\/#website"},"datePublished":"2021-08-16T14:12:47+00:00","dateModified":"2022-08-18T09:53:13+00:00","description":"Pour r\u00e9ussir le TOEIC Bridge une bonne pr\u00e9paration et des conseils sont n\u00e9cessaires. GlobalExam vous conseille et accompagne dans votre r\u00e9ussite au TOEIC Bridge","breadcrumb":{"@id":"https:\/\/global-exam.com\/blog\/fr\/examens\/toeic-bridge\/categorie-conseils-toeic-bridge\/#breadcrumb"},"inLanguage":"fr-FR","potentialAction":[{"@type":"ReadAction","target":["https:\/\/global-exam.com\/blog\/fr\/examens\/toeic-bridge\/categorie-conseils-toeic-bridge\/"]}]},{"@type":"BreadcrumbList","@id":"https:\/\/global-exam.com\/blog\/fr\/examens\/toeic-bridge\/categorie-conseils-toeic-bridge\/#breadcrumb","itemListElement":[{"@type":"ListItem","position":1,"name":"Les examens de langue","item":"https:\/\/global-exam.com\/blog\/fr\/examens\/"},{"@type":"ListItem","position":2,"name":"TOEIC BRIDGE","item":"https:\/\/global-exam.com\/blog\/fr\/examens\/toeic-bridge\/"},{"@type":"ListItem","position":3,"name":"Conseils TOEIC Bridge"}]}]}},"lang":"fr","translations":{"fr":60374},"pll_sync_post":[],"_links":{"self":[{"href":"https:\/\/global-exam.com\/blog\/wp-json\/wp\/v2\/pages\/60374"}],"collection":[{"href":"https:\/\/global-exam.com\/blog\/wp-json\/wp\/v2\/pages"}],"about":[{"href":"https:\/\/global-exam.com\/blog\/wp-json\/wp\/v2\/types\/page"}],"author":[{"embeddable":true,"href":"https:\/\/global-exam.com\/blog\/wp-json\/wp\/v2\/users\/24"}],"replies":[{"embeddable":true,"href":"https:\/\/global-exam.com\/blog\/wp-json\/wp\/v2\/comments?post=60374"}],"version-history":[{"count":6,"href":"https:\/\/global-exam.com\/blog\/wp-json\/wp\/v2\/pages\/60374\/revisions"}],"predecessor-version":[{"id":78223,"href":"https:\/\/global-exam.com\/blog\/wp-json\/wp\/v2\/pages\/60374\/revisions\/78223"}],"up":[{"embeddable":true,"href":"https:\/\/global-exam.com\/blog\/wp-json\/wp\/v2\/pages\/2865"}],"wp:attachment":[{"href":"https:\/\/global-exam.com\/blog\/wp-json\/wp\/v2\/media?parent=60374"}],"curies":[{"name":"wp","href":"https:\/\/api.w.org\/{rel}","templated":true}]}}