{"id":60379,"date":"2021-08-16T16:17:49","date_gmt":"2021-08-16T14:17:49","guid":{"rendered":"https:\/\/global-exam.com\/blog\/?page_id=60379"},"modified":"2025-04-14T10:21:38","modified_gmt":"2025-04-14T08:21:38","slug":"categorie-avoir-un-bon-score-au-toeic-bridge","status":"publish","type":"page","link":"https:\/\/global-exam.com\/blog\/fr\/examens\/toeic-bridge\/categorie-avoir-un-bon-score-au-toeic-bridge\/","title":{"rendered":"Avoir un bon score au TOEIC Bridge"},"content":{"rendered":"<p>Obtenir un bon score au TOEIC Bridge<\/p>\n<p>Comme la plupart des examens d\u2019\u00e9valuation de langue \u00e9trang\u00e8re, le TOEIC Bridge teste \u00e0 la fois votre niveau de\u00a0<b>compr\u00e9hension orale et \u00e9crite<\/b>. R\u00e9alis\u00e9 sur papier, il comprend 3 diff\u00e9rentes parties\u00a0: l\u2019<b>entretien pr\u00e9liminaire\u00a0<\/b>d\u2019une trentaine de minutes, la\u00a0<b>compr\u00e9hension orale<\/b>\u00a0en 25 minutes et la\u00a0<b>compr\u00e9hension \u00e9crite<\/b>\u00a0en 35 minutes.<\/p>\n<p>Le TOEIC Bridge propose une \u00e9valuation avec un\u00a0<strong>score de 30 \u00e0 100 points<\/strong>. Pour \u00eatre class\u00e9 au niveau A1, vous devez au moins obtenir 35 points et au plus 59 points. Le niveau A2 est d\u00e9fini entre 60 et 83 points. Enfin, le niveau B1 vous est accessible si vous gagnez entre 84 et 100 points.<\/p>\n<p>Que faire pour gagner le maximum de points au TOEIC Bridge\u2009? D\u00e9couvrez nos dossiers d\u00e9di\u00e9s pouvant vous aider \u00e0\u00a0<b>avoir un bon score<\/b>\u00a0\u00e0 cet examen d\u00e9di\u00e9 aux\u00a0<b>d\u00e9butants et interm\u00e9diaires<\/b>\u00a0en langue anglaise.<\/p>\n","protected":false},"excerpt":{"rendered":"<p>Obtenir un bon score au TOEIC Bridge Comme la plupart des examens d\u2019\u00e9valuation de langue \u00e9trang\u00e8re, le TOEIC Bridge teste \u00e0 la [&hellip;]<\/p>\n","protected":false},"author":24,"featured_media":0,"parent":2865,"menu_order":0,"comment_status":"closed","ping_status":"closed","template":"","meta":[],"acf":[],"yoast_head":"<!-- This site is optimized with the Yoast SEO plugin v17.2.1 - https:\/\/yoast.com\/wordpress\/plugins\/seo\/ -->\n<title>Avoir un bon score au TOEIC Bridge<\/title>\n<meta name=\"description\" content=\"Pour avoir un bon score au TOEIC Bridge, il faut avoir connaissance du syst\u00e8me de notation de cet examen. Consultez nos articles pour am\u00e9liorer votre score !\" \/>\n<meta name=\"robots\" content=\"index, follow, max-snippet:-1, max-image-preview:large, max-video-preview:-1\" \/>\n<link rel=\"canonical\" href=\"https:\/\/global-exam.com\/blog\/fr\/examens\/toeic-bridge\/categorie-avoir-un-bon-score-au-toeic-bridge\/\" \/>\n<meta property=\"og:locale\" content=\"fr_FR\" \/>\n<meta property=\"og:type\" content=\"article\" \/>\n<meta property=\"og:title\" content=\"Avoir un bon score au TOEIC Bridge\" \/>\n<meta property=\"og:description\" content=\"Pour avoir un bon score au TOEIC Bridge, il faut avoir connaissance du syst\u00e8me de notation de cet examen. Consultez nos articles pour am\u00e9liorer votre score !\" \/>\n<meta property=\"og:url\" content=\"https:\/\/global-exam.com\/blog\/fr\/examens\/toeic-bridge\/categorie-avoir-un-bon-score-au-toeic-bridge\/\" \/>\n<meta property=\"og:site_name\" content=\"GlobalExam Blog\" \/>\n<meta property=\"article:publisher\" content=\"https:\/\/www.facebook.com\/Global.Exam\" \/>\n<meta property=\"article:modified_time\" content=\"2025-04-14T08:21:38+00:00\" \/>\n<meta name=\"twitter:card\" content=\"summary_large_image\" \/>\n<meta name=\"twitter:site\" content=\"@Global_Exam\" \/>\n<meta name=\"twitter:label1\" content=\"Dur\u00e9e de lecture estim\u00e9e\" \/>\n\t<meta name=\"twitter:data1\" content=\"1 minute\" \/>\n<script type=\"application\/ld+json\" class=\"yoast-schema-graph\">{\"@context\":\"https:\/\/schema.org\",\"@graph\":[{\"@type\":\"WebSite\",\"@id\":\"https:\/\/global-exam.com\/blog\/#website\",\"url\":\"https:\/\/global-exam.com\/blog\/\",\"name\":\"GlobalExam Blog\",\"description\":\"Le blog du sp\\u00e9cialiste de la certification linguistique\",\"potentialAction\":[{\"@type\":\"SearchAction\",\"target\":{\"@type\":\"EntryPoint\",\"urlTemplate\":\"https:\/\/global-exam.com\/blog\/?s={search_term_string}\"},\"query-input\":\"required name=search_term_string\"}],\"inLanguage\":\"fr-FR\"},{\"@type\":\"WebPage\",\"@id\":\"https:\/\/global-exam.com\/blog\/fr\/examens\/toeic-bridge\/categorie-avoir-un-bon-score-au-toeic-bridge\/#webpage\",\"url\":\"https:\/\/global-exam.com\/blog\/fr\/examens\/toeic-bridge\/categorie-avoir-un-bon-score-au-toeic-bridge\/\",\"name\":\"Avoir un bon score au TOEIC Bridge\",\"isPartOf\":{\"@id\":\"https:\/\/global-exam.com\/blog\/#website\"},\"datePublished\":\"2021-08-16T14:17:49+00:00\",\"dateModified\":\"2025-04-14T08:21:38+00:00\",\"description\":\"Pour avoir un bon score au TOEIC Bridge, il faut avoir connaissance du syst\\u00e8me de notation de cet examen. Consultez nos articles pour am\\u00e9liorer votre score !\",\"breadcrumb\":{\"@id\":\"https:\/\/global-exam.com\/blog\/fr\/examens\/toeic-bridge\/categorie-avoir-un-bon-score-au-toeic-bridge\/#breadcrumb\"},\"inLanguage\":\"fr-FR\",\"potentialAction\":[{\"@type\":\"ReadAction\",\"target\":[\"https:\/\/global-exam.com\/blog\/fr\/examens\/toeic-bridge\/categorie-avoir-un-bon-score-au-toeic-bridge\/\"]}]},{\"@type\":\"BreadcrumbList\",\"@id\":\"https:\/\/global-exam.com\/blog\/fr\/examens\/toeic-bridge\/categorie-avoir-un-bon-score-au-toeic-bridge\/#breadcrumb\",\"itemListElement\":[{\"@type\":\"ListItem\",\"position\":1,\"name\":\"Les examens de langue\",\"item\":\"https:\/\/global-exam.com\/blog\/fr\/examens\/\"},{\"@type\":\"ListItem\",\"position\":2,\"name\":\"TOEIC BRIDGE\",\"item\":\"https:\/\/global-exam.com\/blog\/fr\/examens\/toeic-bridge\/\"},{\"@type\":\"ListItem\",\"position\":3,\"name\":\"Avoir un bon score au TOEIC Bridge\"}]}]}<\/script>\n<!-- \/ Yoast SEO plugin. -->","yoast_head_json":{"title":"Avoir un bon score au TOEIC Bridge","description":"Pour avoir un bon score au TOEIC Bridge, il faut avoir connaissance du syst\u00e8me de notation de cet examen. Consultez nos articles pour am\u00e9liorer votre score !","robots":{"index":"index","follow":"follow","max-snippet":"max-snippet:-1","max-image-preview":"max-image-preview:large","max-video-preview":"max-video-preview:-1"},"canonical":"https:\/\/global-exam.com\/blog\/fr\/examens\/toeic-bridge\/categorie-avoir-un-bon-score-au-toeic-bridge\/","og_locale":"fr_FR","og_type":"article","og_title":"Avoir un bon score au TOEIC Bridge","og_description":"Pour avoir un bon score au TOEIC Bridge, il faut avoir connaissance du syst\u00e8me de notation de cet examen. Consultez nos articles pour am\u00e9liorer votre score !","og_url":"https:\/\/global-exam.com\/blog\/fr\/examens\/toeic-bridge\/categorie-avoir-un-bon-score-au-toeic-bridge\/","og_site_name":"GlobalExam Blog","article_publisher":"https:\/\/www.facebook.com\/Global.Exam","article_modified_time":"2025-04-14T08:21:38+00:00","twitter_card":"summary_large_image","twitter_site":"@Global_Exam","twitter_misc":{"Dur\u00e9e de lecture estim\u00e9e":"1 minute"},"schema":{"@context":"https:\/\/schema.org","@graph":[{"@type":"WebSite","@id":"https:\/\/global-exam.com\/blog\/#website","url":"https:\/\/global-exam.com\/blog\/","name":"GlobalExam Blog","description":"Le blog du sp\u00e9cialiste de la certification linguistique","potentialAction":[{"@type":"SearchAction","target":{"@type":"EntryPoint","urlTemplate":"https:\/\/global-exam.com\/blog\/?s={search_term_string}"},"query-input":"required name=search_term_string"}],"inLanguage":"fr-FR"},{"@type":"WebPage","@id":"https:\/\/global-exam.com\/blog\/fr\/examens\/toeic-bridge\/categorie-avoir-un-bon-score-au-toeic-bridge\/#webpage","url":"https:\/\/global-exam.com\/blog\/fr\/examens\/toeic-bridge\/categorie-avoir-un-bon-score-au-toeic-bridge\/","name":"Avoir un bon score au TOEIC Bridge","isPartOf":{"@id":"https:\/\/global-exam.com\/blog\/#website"},"datePublished":"2021-08-16T14:17:49+00:00","dateModified":"2025-04-14T08:21:38+00:00","description":"Pour avoir un bon score au TOEIC Bridge, il faut avoir connaissance du syst\u00e8me de notation de cet examen. Consultez nos articles pour am\u00e9liorer votre score !","breadcrumb":{"@id":"https:\/\/global-exam.com\/blog\/fr\/examens\/toeic-bridge\/categorie-avoir-un-bon-score-au-toeic-bridge\/#breadcrumb"},"inLanguage":"fr-FR","potentialAction":[{"@type":"ReadAction","target":["https:\/\/global-exam.com\/blog\/fr\/examens\/toeic-bridge\/categorie-avoir-un-bon-score-au-toeic-bridge\/"]}]},{"@type":"BreadcrumbList","@id":"https:\/\/global-exam.com\/blog\/fr\/examens\/toeic-bridge\/categorie-avoir-un-bon-score-au-toeic-bridge\/#breadcrumb","itemListElement":[{"@type":"ListItem","position":1,"name":"Les examens de langue","item":"https:\/\/global-exam.com\/blog\/fr\/examens\/"},{"@type":"ListItem","position":2,"name":"TOEIC BRIDGE","item":"https:\/\/global-exam.com\/blog\/fr\/examens\/toeic-bridge\/"},{"@type":"ListItem","position":3,"name":"Avoir un bon score au TOEIC Bridge"}]}]}},"lang":"fr","translations":{"fr":60379},"pll_sync_post":[],"_links":{"self":[{"href":"https:\/\/global-exam.com\/blog\/wp-json\/wp\/v2\/pages\/60379"}],"collection":[{"href":"https:\/\/global-exam.com\/blog\/wp-json\/wp\/v2\/pages"}],"about":[{"href":"https:\/\/global-exam.com\/blog\/wp-json\/wp\/v2\/types\/page"}],"author":[{"embeddable":true,"href":"https:\/\/global-exam.com\/blog\/wp-json\/wp\/v2\/users\/24"}],"replies":[{"embeddable":true,"href":"https:\/\/global-exam.com\/blog\/wp-json\/wp\/v2\/comments?post=60379"}],"version-history":[{"count":7,"href":"https:\/\/global-exam.com\/blog\/wp-json\/wp\/v2\/pages\/60379\/revisions"}],"predecessor-version":[{"id":79985,"href":"https:\/\/global-exam.com\/blog\/wp-json\/wp\/v2\/pages\/60379\/revisions\/79985"}],"up":[{"embeddable":true,"href":"https:\/\/global-exam.com\/blog\/wp-json\/wp\/v2\/pages\/2865"}],"wp:attachment":[{"href":"https:\/\/global-exam.com\/blog\/wp-json\/wp\/v2\/media?parent=60379"}],"curies":[{"name":"wp","href":"https:\/\/api.w.org\/{rel}","templated":true}]}}