{"id":60386,"date":"2021-08-16T16:19:51","date_gmt":"2021-08-16T14:19:51","guid":{"rendered":"https:\/\/global-exam.com\/blog\/?page_id=60386"},"modified":"2022-08-17T16:22:59","modified_gmt":"2022-08-17T14:22:59","slug":"categorie-conseils-pour-le-test-delf","status":"publish","type":"page","link":"https:\/\/global-exam.com\/blog\/fr\/examens\/delf\/categorie-conseils-pour-le-test-delf\/","title":{"rendered":"Conseils pour le test DELF"},"content":{"rendered":"<p>Se pr\u00e9parer pour le DELF<\/p>\n<p>Le DELF est un examen de fran\u00e7ais qui permet d\u2019<strong>\u00e9valuer vos comp\u00e9tences en fran\u00e7ais<\/strong>. Vous pouvez le passer uniquement si vous n\u2019\u00eates pas natif fran\u00e7ais.<\/p>\n<p>Pour passer cet examen, vous aurez tr\u00e8s certainement<strong>\u00a0besoin de conseils<\/strong> pour pouvoir <a href=\"https:\/\/global-exam.com\/fr\/exam\/delf\" target=\"_blank\" rel=\"noopener\">pr\u00e9parer votre DELF<\/a> au mieux. C\u2019est dans cette optique que nous avons cr\u00e9\u00e9 cette cat\u00e9gorie \u00ab Conseils \u00bb.<\/p>\n<p>Et puisque nous souhaitons que vous r\u00e9ussissiez votre DELF, nous vous avons pr\u00e9par\u00e9 quelques dossiers pour vous aider \u00e0\u00a0<strong>trouver et adopter une bonne strat\u00e9gie pour r\u00e9viser<\/strong>. Entra\u00eenement passif, entra\u00eenement actif, on vous explique pourquoi et comment faire. Nous vous donnons aussi des conseils g\u00e9n\u00e9raux pour que vous puissiez r\u00e9ussir au mieux votre examen.<\/p>\n<p>Avec de la motivation et du travail, Le DELF avec GlobalExam, c\u2019est le succ\u00e8s gagn\u00e9 d\u2019avance\u00a0!<\/p>\n","protected":false},"excerpt":{"rendered":"<p>Se pr\u00e9parer pour le DELF Le DELF est un examen de fran\u00e7ais qui permet d\u2019\u00e9valuer vos comp\u00e9tences en fran\u00e7ais. Vous pouvez le [&hellip;]<\/p>\n","protected":false},"author":2,"featured_media":0,"parent":2853,"menu_order":0,"comment_status":"closed","ping_status":"closed","template":"","meta":[],"acf":[],"yoast_head":"<!-- This site is optimized with the Yoast SEO plugin v17.2.1 - https:\/\/yoast.com\/wordpress\/plugins\/seo\/ -->\n<title>Conseils pour le test DELF<\/title>\n<meta name=\"robots\" content=\"index, follow, max-snippet:-1, max-image-preview:large, max-video-preview:-1\" \/>\n<link rel=\"canonical\" href=\"https:\/\/global-exam.com\/blog\/fr\/examens\/delf\/categorie-conseils-pour-le-test-delf\/\" \/>\n<meta property=\"og:locale\" content=\"fr_FR\" \/>\n<meta property=\"og:type\" content=\"article\" \/>\n<meta property=\"og:title\" content=\"Conseils pour le test DELF\" \/>\n<meta property=\"og:description\" content=\"Se pr\u00e9parer pour le DELF Le DELF est un examen de fran\u00e7ais qui permet d\u2019\u00e9valuer vos comp\u00e9tences en fran\u00e7ais. Vous pouvez le [&hellip;]\" \/>\n<meta property=\"og:url\" content=\"https:\/\/global-exam.com\/blog\/fr\/examens\/delf\/categorie-conseils-pour-le-test-delf\/\" \/>\n<meta property=\"og:site_name\" content=\"GlobalExam Blog\" \/>\n<meta property=\"article:publisher\" content=\"https:\/\/www.facebook.com\/Global.Exam\" \/>\n<meta property=\"article:modified_time\" content=\"2022-08-17T14:22:59+00:00\" \/>\n<meta name=\"twitter:card\" content=\"summary_large_image\" \/>\n<meta name=\"twitter:site\" content=\"@Global_Exam\" \/>\n<meta name=\"twitter:label1\" content=\"Dur\u00e9e de lecture estim\u00e9e\" \/>\n\t<meta name=\"twitter:data1\" content=\"1 minute\" \/>\n<script type=\"application\/ld+json\" class=\"yoast-schema-graph\">{\"@context\":\"https:\/\/schema.org\",\"@graph\":[{\"@type\":\"WebSite\",\"@id\":\"https:\/\/global-exam.com\/blog\/#website\",\"url\":\"https:\/\/global-exam.com\/blog\/\",\"name\":\"GlobalExam Blog\",\"description\":\"Le blog du sp\\u00e9cialiste de la certification linguistique\",\"potentialAction\":[{\"@type\":\"SearchAction\",\"target\":{\"@type\":\"EntryPoint\",\"urlTemplate\":\"https:\/\/global-exam.com\/blog\/?s={search_term_string}\"},\"query-input\":\"required name=search_term_string\"}],\"inLanguage\":\"fr-FR\"},{\"@type\":\"WebPage\",\"@id\":\"https:\/\/global-exam.com\/blog\/fr\/examens\/delf\/categorie-conseils-pour-le-test-delf\/#webpage\",\"url\":\"https:\/\/global-exam.com\/blog\/fr\/examens\/delf\/categorie-conseils-pour-le-test-delf\/\",\"name\":\"Conseils pour le test DELF\",\"isPartOf\":{\"@id\":\"https:\/\/global-exam.com\/blog\/#website\"},\"datePublished\":\"2021-08-16T14:19:51+00:00\",\"dateModified\":\"2022-08-17T14:22:59+00:00\",\"breadcrumb\":{\"@id\":\"https:\/\/global-exam.com\/blog\/fr\/examens\/delf\/categorie-conseils-pour-le-test-delf\/#breadcrumb\"},\"inLanguage\":\"fr-FR\",\"potentialAction\":[{\"@type\":\"ReadAction\",\"target\":[\"https:\/\/global-exam.com\/blog\/fr\/examens\/delf\/categorie-conseils-pour-le-test-delf\/\"]}]},{\"@type\":\"BreadcrumbList\",\"@id\":\"https:\/\/global-exam.com\/blog\/fr\/examens\/delf\/categorie-conseils-pour-le-test-delf\/#breadcrumb\",\"itemListElement\":[{\"@type\":\"ListItem\",\"position\":1,\"name\":\"Les examens de langue\",\"item\":\"https:\/\/global-exam.com\/blog\/fr\/examens\/\"},{\"@type\":\"ListItem\",\"position\":2,\"name\":\"DELF : conseils et pr\\u00e9paration au test\",\"item\":\"https:\/\/global-exam.com\/blog\/fr\/examens\/delf\/\"},{\"@type\":\"ListItem\",\"position\":3,\"name\":\"Conseils pour le test DELF\"}]}]}<\/script>\n<!-- \/ Yoast SEO plugin. -->","yoast_head_json":{"title":"Conseils pour le test DELF","robots":{"index":"index","follow":"follow","max-snippet":"max-snippet:-1","max-image-preview":"max-image-preview:large","max-video-preview":"max-video-preview:-1"},"canonical":"https:\/\/global-exam.com\/blog\/fr\/examens\/delf\/categorie-conseils-pour-le-test-delf\/","og_locale":"fr_FR","og_type":"article","og_title":"Conseils pour le test DELF","og_description":"Se pr\u00e9parer pour le DELF Le DELF est un examen de fran\u00e7ais qui permet d\u2019\u00e9valuer vos comp\u00e9tences en fran\u00e7ais. Vous pouvez le [&hellip;]","og_url":"https:\/\/global-exam.com\/blog\/fr\/examens\/delf\/categorie-conseils-pour-le-test-delf\/","og_site_name":"GlobalExam Blog","article_publisher":"https:\/\/www.facebook.com\/Global.Exam","article_modified_time":"2022-08-17T14:22:59+00:00","twitter_card":"summary_large_image","twitter_site":"@Global_Exam","twitter_misc":{"Dur\u00e9e de lecture estim\u00e9e":"1 minute"},"schema":{"@context":"https:\/\/schema.org","@graph":[{"@type":"WebSite","@id":"https:\/\/global-exam.com\/blog\/#website","url":"https:\/\/global-exam.com\/blog\/","name":"GlobalExam Blog","description":"Le blog du sp\u00e9cialiste de la certification linguistique","potentialAction":[{"@type":"SearchAction","target":{"@type":"EntryPoint","urlTemplate":"https:\/\/global-exam.com\/blog\/?s={search_term_string}"},"query-input":"required name=search_term_string"}],"inLanguage":"fr-FR"},{"@type":"WebPage","@id":"https:\/\/global-exam.com\/blog\/fr\/examens\/delf\/categorie-conseils-pour-le-test-delf\/#webpage","url":"https:\/\/global-exam.com\/blog\/fr\/examens\/delf\/categorie-conseils-pour-le-test-delf\/","name":"Conseils pour le test DELF","isPartOf":{"@id":"https:\/\/global-exam.com\/blog\/#website"},"datePublished":"2021-08-16T14:19:51+00:00","dateModified":"2022-08-17T14:22:59+00:00","breadcrumb":{"@id":"https:\/\/global-exam.com\/blog\/fr\/examens\/delf\/categorie-conseils-pour-le-test-delf\/#breadcrumb"},"inLanguage":"fr-FR","potentialAction":[{"@type":"ReadAction","target":["https:\/\/global-exam.com\/blog\/fr\/examens\/delf\/categorie-conseils-pour-le-test-delf\/"]}]},{"@type":"BreadcrumbList","@id":"https:\/\/global-exam.com\/blog\/fr\/examens\/delf\/categorie-conseils-pour-le-test-delf\/#breadcrumb","itemListElement":[{"@type":"ListItem","position":1,"name":"Les examens de langue","item":"https:\/\/global-exam.com\/blog\/fr\/examens\/"},{"@type":"ListItem","position":2,"name":"DELF : conseils et pr\u00e9paration au test","item":"https:\/\/global-exam.com\/blog\/fr\/examens\/delf\/"},{"@type":"ListItem","position":3,"name":"Conseils pour le test DELF"}]}]}},"lang":"fr","translations":{"fr":60386},"pll_sync_post":[],"_links":{"self":[{"href":"https:\/\/global-exam.com\/blog\/wp-json\/wp\/v2\/pages\/60386"}],"collection":[{"href":"https:\/\/global-exam.com\/blog\/wp-json\/wp\/v2\/pages"}],"about":[{"href":"https:\/\/global-exam.com\/blog\/wp-json\/wp\/v2\/types\/page"}],"author":[{"embeddable":true,"href":"https:\/\/global-exam.com\/blog\/wp-json\/wp\/v2\/users\/2"}],"replies":[{"embeddable":true,"href":"https:\/\/global-exam.com\/blog\/wp-json\/wp\/v2\/comments?post=60386"}],"version-history":[{"count":8,"href":"https:\/\/global-exam.com\/blog\/wp-json\/wp\/v2\/pages\/60386\/revisions"}],"predecessor-version":[{"id":78115,"href":"https:\/\/global-exam.com\/blog\/wp-json\/wp\/v2\/pages\/60386\/revisions\/78115"}],"up":[{"embeddable":true,"href":"https:\/\/global-exam.com\/blog\/wp-json\/wp\/v2\/pages\/2853"}],"wp:attachment":[{"href":"https:\/\/global-exam.com\/blog\/wp-json\/wp\/v2\/media?parent=60386"}],"curies":[{"name":"wp","href":"https:\/\/api.w.org\/{rel}","templated":true}]}}