{"id":60389,"date":"2021-08-16T16:21:54","date_gmt":"2021-08-16T14:21:54","guid":{"rendered":"https:\/\/global-exam.com\/blog\/?page_id=60389"},"modified":"2022-08-18T11:56:02","modified_gmt":"2022-08-18T09:56:02","slug":"categorie-supports-pour-sentrainer-au-toeic-bridge","status":"publish","type":"page","link":"https:\/\/global-exam.com\/blog\/fr\/examens\/toeic-bridge\/categorie-supports-pour-sentrainer-au-toeic-bridge\/","title":{"rendered":"Supports pour s&rsquo;entra\u00eener au TOEIC Bridge"},"content":{"rendered":"<p>Ressources pour pr\u00e9parer le TOEIC Bridge<\/p>\n<p>Un examen d\u2019une grande importance comme le\u00a0<b>TOEIC Bridge<\/b>\u00a0m\u00e9rite bien une\u00a0<b>pr\u00e9paration avanc\u00e9e<\/b>. Cette cat\u00e9gorie pr\u00e9sente \u00e0 cet effet les\u00a0<b>meilleurs supports pour s\u2019entra\u00eener<\/b>\u00a0\u00e0 cet examen officiel pour\u00a0<b>d\u00e9butant et interm\u00e9diaire<\/b>.<\/p>\n<p>Vous aimez lire des livres\u2009? Sachez qu\u2019il est possible de\u00a0<b>s\u2019entra\u00eener au TOEIC Bridge<\/b>\u00a0avec des livres, dont les plus connus et utilis\u00e9s sont le\u00a0<i>Barron\u2019s TOEIC Bridge<\/i>\u00a0et le\u00a0<i>TOEIC Bridge Test<\/i>. On retrouve dans ces<b>\u00a0livres des apprentissages\u00a0<\/b>complets en grammaire et en vocabulaire. On pourra m\u00eame mieux s\u2019exercer en \u00e9coutant des extraits sous format CD audio.<\/p>\n<p><span style=\"font-weight: 400;\">Nous avons \u00e9galement pens\u00e9 aux apprentis les plus \u00e0 l\u2019aise avec la <\/span><b>communication digitale<\/b><span style=\"font-weight: 400;\"> et proposons des <\/span><b>supports d\u2019apprentissage en ligne<\/b><span style=\"font-weight: 400;\">. Sur notre site, vous trouverez diff\u00e9rents types d\u2019exercice et des consignes portant sur les <\/span><b>\u00e9preuves du TOEIC Bridge<\/b><\/p>\n","protected":false},"excerpt":{"rendered":"<p>Ressources pour pr\u00e9parer le TOEIC Bridge Un examen d\u2019une grande importance comme le\u00a0TOEIC Bridge\u00a0m\u00e9rite bien une\u00a0pr\u00e9paration avanc\u00e9e. Cette cat\u00e9gorie pr\u00e9sente \u00e0 cet [&hellip;]<\/p>\n","protected":false},"author":24,"featured_media":0,"parent":2865,"menu_order":0,"comment_status":"closed","ping_status":"closed","template":"","meta":[],"acf":[],"yoast_head":"<!-- This site is optimized with the Yoast SEO plugin v17.2.1 - https:\/\/yoast.com\/wordpress\/plugins\/seo\/ -->\n<title>Supports pour s&#039;entra\u00eener au TOEIC Bridge<\/title>\n<meta name=\"description\" content=\"S&#039;entra\u00eener au TOEIC Bridge est une \u00e9tape n\u00e9cessaire dans la r\u00e9ussite \u00e0 l&#039;examen. Si vous souhaitez avoir des supports d&#039;entra\u00eenement GlobalExam vous accompagne\" \/>\n<meta name=\"robots\" content=\"index, follow, max-snippet:-1, max-image-preview:large, max-video-preview:-1\" \/>\n<link rel=\"canonical\" href=\"https:\/\/global-exam.com\/blog\/fr\/examens\/toeic-bridge\/categorie-supports-pour-sentrainer-au-toeic-bridge\/\" \/>\n<meta property=\"og:locale\" content=\"fr_FR\" \/>\n<meta property=\"og:type\" content=\"article\" \/>\n<meta property=\"og:title\" content=\"Supports pour s&#039;entra\u00eener au TOEIC Bridge\" \/>\n<meta property=\"og:description\" content=\"S&#039;entra\u00eener au TOEIC Bridge est une \u00e9tape n\u00e9cessaire dans la r\u00e9ussite \u00e0 l&#039;examen. Si vous souhaitez avoir des supports d&#039;entra\u00eenement GlobalExam vous accompagne\" \/>\n<meta property=\"og:url\" content=\"https:\/\/global-exam.com\/blog\/fr\/examens\/toeic-bridge\/categorie-supports-pour-sentrainer-au-toeic-bridge\/\" \/>\n<meta property=\"og:site_name\" content=\"GlobalExam Blog\" \/>\n<meta property=\"article:publisher\" content=\"https:\/\/www.facebook.com\/Global.Exam\" \/>\n<meta property=\"article:modified_time\" content=\"2022-08-18T09:56:02+00:00\" \/>\n<meta name=\"twitter:card\" content=\"summary_large_image\" \/>\n<meta name=\"twitter:site\" content=\"@Global_Exam\" \/>\n<meta name=\"twitter:label1\" content=\"Dur\u00e9e de lecture estim\u00e9e\" \/>\n\t<meta name=\"twitter:data1\" content=\"1 minute\" \/>\n<script type=\"application\/ld+json\" class=\"yoast-schema-graph\">{\"@context\":\"https:\/\/schema.org\",\"@graph\":[{\"@type\":\"WebSite\",\"@id\":\"https:\/\/global-exam.com\/blog\/#website\",\"url\":\"https:\/\/global-exam.com\/blog\/\",\"name\":\"GlobalExam Blog\",\"description\":\"Le blog du sp\\u00e9cialiste de la certification linguistique\",\"potentialAction\":[{\"@type\":\"SearchAction\",\"target\":{\"@type\":\"EntryPoint\",\"urlTemplate\":\"https:\/\/global-exam.com\/blog\/?s={search_term_string}\"},\"query-input\":\"required name=search_term_string\"}],\"inLanguage\":\"fr-FR\"},{\"@type\":\"WebPage\",\"@id\":\"https:\/\/global-exam.com\/blog\/fr\/examens\/toeic-bridge\/categorie-supports-pour-sentrainer-au-toeic-bridge\/#webpage\",\"url\":\"https:\/\/global-exam.com\/blog\/fr\/examens\/toeic-bridge\/categorie-supports-pour-sentrainer-au-toeic-bridge\/\",\"name\":\"Supports pour s'entra\\u00eener au TOEIC Bridge\",\"isPartOf\":{\"@id\":\"https:\/\/global-exam.com\/blog\/#website\"},\"datePublished\":\"2021-08-16T14:21:54+00:00\",\"dateModified\":\"2022-08-18T09:56:02+00:00\",\"description\":\"S'entra\\u00eener au TOEIC Bridge est une \\u00e9tape n\\u00e9cessaire dans la r\\u00e9ussite \\u00e0 l'examen. Si vous souhaitez avoir des supports d'entra\\u00eenement GlobalExam vous accompagne\",\"breadcrumb\":{\"@id\":\"https:\/\/global-exam.com\/blog\/fr\/examens\/toeic-bridge\/categorie-supports-pour-sentrainer-au-toeic-bridge\/#breadcrumb\"},\"inLanguage\":\"fr-FR\",\"potentialAction\":[{\"@type\":\"ReadAction\",\"target\":[\"https:\/\/global-exam.com\/blog\/fr\/examens\/toeic-bridge\/categorie-supports-pour-sentrainer-au-toeic-bridge\/\"]}]},{\"@type\":\"BreadcrumbList\",\"@id\":\"https:\/\/global-exam.com\/blog\/fr\/examens\/toeic-bridge\/categorie-supports-pour-sentrainer-au-toeic-bridge\/#breadcrumb\",\"itemListElement\":[{\"@type\":\"ListItem\",\"position\":1,\"name\":\"Les examens de langue\",\"item\":\"https:\/\/global-exam.com\/blog\/fr\/examens\/\"},{\"@type\":\"ListItem\",\"position\":2,\"name\":\"TOEIC BRIDGE\",\"item\":\"https:\/\/global-exam.com\/blog\/fr\/examens\/toeic-bridge\/\"},{\"@type\":\"ListItem\",\"position\":3,\"name\":\"Supports pour s&rsquo;entra\\u00eener au TOEIC Bridge\"}]}]}<\/script>\n<!-- \/ Yoast SEO plugin. -->","yoast_head_json":{"title":"Supports pour s'entra\u00eener au TOEIC Bridge","description":"S'entra\u00eener au TOEIC Bridge est une \u00e9tape n\u00e9cessaire dans la r\u00e9ussite \u00e0 l'examen. Si vous souhaitez avoir des supports d'entra\u00eenement GlobalExam vous accompagne","robots":{"index":"index","follow":"follow","max-snippet":"max-snippet:-1","max-image-preview":"max-image-preview:large","max-video-preview":"max-video-preview:-1"},"canonical":"https:\/\/global-exam.com\/blog\/fr\/examens\/toeic-bridge\/categorie-supports-pour-sentrainer-au-toeic-bridge\/","og_locale":"fr_FR","og_type":"article","og_title":"Supports pour s'entra\u00eener au TOEIC Bridge","og_description":"S'entra\u00eener au TOEIC Bridge est une \u00e9tape n\u00e9cessaire dans la r\u00e9ussite \u00e0 l'examen. Si vous souhaitez avoir des supports d'entra\u00eenement GlobalExam vous accompagne","og_url":"https:\/\/global-exam.com\/blog\/fr\/examens\/toeic-bridge\/categorie-supports-pour-sentrainer-au-toeic-bridge\/","og_site_name":"GlobalExam Blog","article_publisher":"https:\/\/www.facebook.com\/Global.Exam","article_modified_time":"2022-08-18T09:56:02+00:00","twitter_card":"summary_large_image","twitter_site":"@Global_Exam","twitter_misc":{"Dur\u00e9e de lecture estim\u00e9e":"1 minute"},"schema":{"@context":"https:\/\/schema.org","@graph":[{"@type":"WebSite","@id":"https:\/\/global-exam.com\/blog\/#website","url":"https:\/\/global-exam.com\/blog\/","name":"GlobalExam Blog","description":"Le blog du sp\u00e9cialiste de la certification linguistique","potentialAction":[{"@type":"SearchAction","target":{"@type":"EntryPoint","urlTemplate":"https:\/\/global-exam.com\/blog\/?s={search_term_string}"},"query-input":"required name=search_term_string"}],"inLanguage":"fr-FR"},{"@type":"WebPage","@id":"https:\/\/global-exam.com\/blog\/fr\/examens\/toeic-bridge\/categorie-supports-pour-sentrainer-au-toeic-bridge\/#webpage","url":"https:\/\/global-exam.com\/blog\/fr\/examens\/toeic-bridge\/categorie-supports-pour-sentrainer-au-toeic-bridge\/","name":"Supports pour s'entra\u00eener au TOEIC Bridge","isPartOf":{"@id":"https:\/\/global-exam.com\/blog\/#website"},"datePublished":"2021-08-16T14:21:54+00:00","dateModified":"2022-08-18T09:56:02+00:00","description":"S'entra\u00eener au TOEIC Bridge est une \u00e9tape n\u00e9cessaire dans la r\u00e9ussite \u00e0 l'examen. Si vous souhaitez avoir des supports d'entra\u00eenement GlobalExam vous accompagne","breadcrumb":{"@id":"https:\/\/global-exam.com\/blog\/fr\/examens\/toeic-bridge\/categorie-supports-pour-sentrainer-au-toeic-bridge\/#breadcrumb"},"inLanguage":"fr-FR","potentialAction":[{"@type":"ReadAction","target":["https:\/\/global-exam.com\/blog\/fr\/examens\/toeic-bridge\/categorie-supports-pour-sentrainer-au-toeic-bridge\/"]}]},{"@type":"BreadcrumbList","@id":"https:\/\/global-exam.com\/blog\/fr\/examens\/toeic-bridge\/categorie-supports-pour-sentrainer-au-toeic-bridge\/#breadcrumb","itemListElement":[{"@type":"ListItem","position":1,"name":"Les examens de langue","item":"https:\/\/global-exam.com\/blog\/fr\/examens\/"},{"@type":"ListItem","position":2,"name":"TOEIC BRIDGE","item":"https:\/\/global-exam.com\/blog\/fr\/examens\/toeic-bridge\/"},{"@type":"ListItem","position":3,"name":"Supports pour s&rsquo;entra\u00eener au TOEIC Bridge"}]}]}},"lang":"fr","translations":{"fr":60389},"pll_sync_post":[],"_links":{"self":[{"href":"https:\/\/global-exam.com\/blog\/wp-json\/wp\/v2\/pages\/60389"}],"collection":[{"href":"https:\/\/global-exam.com\/blog\/wp-json\/wp\/v2\/pages"}],"about":[{"href":"https:\/\/global-exam.com\/blog\/wp-json\/wp\/v2\/types\/page"}],"author":[{"embeddable":true,"href":"https:\/\/global-exam.com\/blog\/wp-json\/wp\/v2\/users\/24"}],"replies":[{"embeddable":true,"href":"https:\/\/global-exam.com\/blog\/wp-json\/wp\/v2\/comments?post=60389"}],"version-history":[{"count":6,"href":"https:\/\/global-exam.com\/blog\/wp-json\/wp\/v2\/pages\/60389\/revisions"}],"predecessor-version":[{"id":78227,"href":"https:\/\/global-exam.com\/blog\/wp-json\/wp\/v2\/pages\/60389\/revisions\/78227"}],"up":[{"embeddable":true,"href":"https:\/\/global-exam.com\/blog\/wp-json\/wp\/v2\/pages\/2865"}],"wp:attachment":[{"href":"https:\/\/global-exam.com\/blog\/wp-json\/wp\/v2\/media?parent=60389"}],"curies":[{"name":"wp","href":"https:\/\/api.w.org\/{rel}","templated":true}]}}