{"id":60394,"date":"2021-08-16T16:22:19","date_gmt":"2021-08-16T14:22:19","guid":{"rendered":"https:\/\/global-exam.com\/blog\/?page_id=60394"},"modified":"2022-08-17T16:23:48","modified_gmt":"2022-08-17T14:23:48","slug":"categorie-consignes-du-test-delf","status":"publish","type":"page","link":"https:\/\/global-exam.com\/blog\/fr\/examens\/delf\/categorie-consignes-du-test-delf\/","title":{"rendered":"Consignes du test DELF"},"content":{"rendered":"<p>Conna\u00eetre les consignes du DELF<\/p>\n<p>Dans cette cat\u00e9gorie, nous vous expliquons toutes les\u00a0<b>consignes \u00e0 suivre<\/b>\u00a0pour passer le DELF et le DALF. Des conseils qui pourront vous \u00eatre utiles lors du passage de ces examens vous seront aussi fournis.<\/p>\n<p>Pour assurer un bon d\u00e9roulement de cette \u00e9preuve et mettre toutes les chances de votre c\u00f4t\u00e9, vous aurez besoin de conna\u00eetre \u00e0 l&rsquo;avance les <b>consignes\u00a0<\/b>\u00e0 suivre, ainsi que d&rsquo;une <a href=\"https:\/\/global-exam.com\/fr\/exam\/delf\" target=\"_blank\" rel=\"noopener\">pr\u00e9paration de qualit\u00e9 au DELF<\/a>. Nous vous offrons tous les d\u00e9tails sur la <b>structure de l\u2019\u00e9preuve<\/b>\u00a0et sur les\u00a0<b>directives\u00a0<\/b>\u00e0 respecter lors du test.<\/p>\n<p>Pour avoir une id\u00e9e de ce qui vous attendra lors des \u00e9preuves, vous avez besoin de vous renseigner sur les\u00a0<b>principales instructions<\/b> \u00e0 respecter pour r\u00e9aliser les tests.<\/p>\n<p>Vous trouverez de nombreux conseils utiles sur cette cat\u00e9gorie. N&rsquo;h\u00e9sitez pas \u00e9galement \u00e0 d\u00e9couvrir nos offres de pr\u00e9paration et d&rsquo;entra\u00eenement incluant fiches de r\u00e9vision, examens blancs et exercices-type.<\/p>\n","protected":false},"excerpt":{"rendered":"<p>Conna\u00eetre les consignes du DELF Dans cette cat\u00e9gorie, nous vous expliquons toutes les\u00a0consignes \u00e0 suivre\u00a0pour passer le DELF et le DALF. Des [&hellip;]<\/p>\n","protected":false},"author":2,"featured_media":0,"parent":2853,"menu_order":0,"comment_status":"closed","ping_status":"closed","template":"","meta":[],"acf":[],"yoast_head":"<!-- This site is optimized with the Yoast SEO plugin v17.2.1 - https:\/\/yoast.com\/wordpress\/plugins\/seo\/ -->\n<title>Consignes du test DELF<\/title>\n<meta name=\"robots\" content=\"index, follow, max-snippet:-1, max-image-preview:large, max-video-preview:-1\" \/>\n<link rel=\"canonical\" href=\"https:\/\/global-exam.com\/blog\/fr\/examens\/delf\/categorie-consignes-du-test-delf\/\" \/>\n<meta property=\"og:locale\" content=\"fr_FR\" \/>\n<meta property=\"og:type\" content=\"article\" \/>\n<meta property=\"og:title\" content=\"Consignes du test DELF\" \/>\n<meta property=\"og:description\" content=\"Conna\u00eetre les consignes du DELF Dans cette cat\u00e9gorie, nous vous expliquons toutes les\u00a0consignes \u00e0 suivre\u00a0pour passer le DELF et le DALF. Des [&hellip;]\" \/>\n<meta property=\"og:url\" content=\"https:\/\/global-exam.com\/blog\/fr\/examens\/delf\/categorie-consignes-du-test-delf\/\" \/>\n<meta property=\"og:site_name\" content=\"GlobalExam Blog\" \/>\n<meta property=\"article:publisher\" content=\"https:\/\/www.facebook.com\/Global.Exam\" \/>\n<meta property=\"article:modified_time\" content=\"2022-08-17T14:23:48+00:00\" \/>\n<meta name=\"twitter:card\" content=\"summary_large_image\" \/>\n<meta name=\"twitter:site\" content=\"@Global_Exam\" \/>\n<meta name=\"twitter:label1\" content=\"Dur\u00e9e de lecture estim\u00e9e\" \/>\n\t<meta name=\"twitter:data1\" content=\"1 minute\" \/>\n<script type=\"application\/ld+json\" class=\"yoast-schema-graph\">{\"@context\":\"https:\/\/schema.org\",\"@graph\":[{\"@type\":\"WebSite\",\"@id\":\"https:\/\/global-exam.com\/blog\/#website\",\"url\":\"https:\/\/global-exam.com\/blog\/\",\"name\":\"GlobalExam Blog\",\"description\":\"Le blog du sp\\u00e9cialiste de la certification linguistique\",\"potentialAction\":[{\"@type\":\"SearchAction\",\"target\":{\"@type\":\"EntryPoint\",\"urlTemplate\":\"https:\/\/global-exam.com\/blog\/?s={search_term_string}\"},\"query-input\":\"required name=search_term_string\"}],\"inLanguage\":\"fr-FR\"},{\"@type\":\"WebPage\",\"@id\":\"https:\/\/global-exam.com\/blog\/fr\/examens\/delf\/categorie-consignes-du-test-delf\/#webpage\",\"url\":\"https:\/\/global-exam.com\/blog\/fr\/examens\/delf\/categorie-consignes-du-test-delf\/\",\"name\":\"Consignes du test DELF\",\"isPartOf\":{\"@id\":\"https:\/\/global-exam.com\/blog\/#website\"},\"datePublished\":\"2021-08-16T14:22:19+00:00\",\"dateModified\":\"2022-08-17T14:23:48+00:00\",\"breadcrumb\":{\"@id\":\"https:\/\/global-exam.com\/blog\/fr\/examens\/delf\/categorie-consignes-du-test-delf\/#breadcrumb\"},\"inLanguage\":\"fr-FR\",\"potentialAction\":[{\"@type\":\"ReadAction\",\"target\":[\"https:\/\/global-exam.com\/blog\/fr\/examens\/delf\/categorie-consignes-du-test-delf\/\"]}]},{\"@type\":\"BreadcrumbList\",\"@id\":\"https:\/\/global-exam.com\/blog\/fr\/examens\/delf\/categorie-consignes-du-test-delf\/#breadcrumb\",\"itemListElement\":[{\"@type\":\"ListItem\",\"position\":1,\"name\":\"Les examens de langue\",\"item\":\"https:\/\/global-exam.com\/blog\/fr\/examens\/\"},{\"@type\":\"ListItem\",\"position\":2,\"name\":\"DELF : conseils et pr\\u00e9paration au test\",\"item\":\"https:\/\/global-exam.com\/blog\/fr\/examens\/delf\/\"},{\"@type\":\"ListItem\",\"position\":3,\"name\":\"Consignes du test DELF\"}]}]}<\/script>\n<!-- \/ Yoast SEO plugin. -->","yoast_head_json":{"title":"Consignes du test DELF","robots":{"index":"index","follow":"follow","max-snippet":"max-snippet:-1","max-image-preview":"max-image-preview:large","max-video-preview":"max-video-preview:-1"},"canonical":"https:\/\/global-exam.com\/blog\/fr\/examens\/delf\/categorie-consignes-du-test-delf\/","og_locale":"fr_FR","og_type":"article","og_title":"Consignes du test DELF","og_description":"Conna\u00eetre les consignes du DELF Dans cette cat\u00e9gorie, nous vous expliquons toutes les\u00a0consignes \u00e0 suivre\u00a0pour passer le DELF et le DALF. Des [&hellip;]","og_url":"https:\/\/global-exam.com\/blog\/fr\/examens\/delf\/categorie-consignes-du-test-delf\/","og_site_name":"GlobalExam Blog","article_publisher":"https:\/\/www.facebook.com\/Global.Exam","article_modified_time":"2022-08-17T14:23:48+00:00","twitter_card":"summary_large_image","twitter_site":"@Global_Exam","twitter_misc":{"Dur\u00e9e de lecture estim\u00e9e":"1 minute"},"schema":{"@context":"https:\/\/schema.org","@graph":[{"@type":"WebSite","@id":"https:\/\/global-exam.com\/blog\/#website","url":"https:\/\/global-exam.com\/blog\/","name":"GlobalExam Blog","description":"Le blog du sp\u00e9cialiste de la certification linguistique","potentialAction":[{"@type":"SearchAction","target":{"@type":"EntryPoint","urlTemplate":"https:\/\/global-exam.com\/blog\/?s={search_term_string}"},"query-input":"required name=search_term_string"}],"inLanguage":"fr-FR"},{"@type":"WebPage","@id":"https:\/\/global-exam.com\/blog\/fr\/examens\/delf\/categorie-consignes-du-test-delf\/#webpage","url":"https:\/\/global-exam.com\/blog\/fr\/examens\/delf\/categorie-consignes-du-test-delf\/","name":"Consignes du test DELF","isPartOf":{"@id":"https:\/\/global-exam.com\/blog\/#website"},"datePublished":"2021-08-16T14:22:19+00:00","dateModified":"2022-08-17T14:23:48+00:00","breadcrumb":{"@id":"https:\/\/global-exam.com\/blog\/fr\/examens\/delf\/categorie-consignes-du-test-delf\/#breadcrumb"},"inLanguage":"fr-FR","potentialAction":[{"@type":"ReadAction","target":["https:\/\/global-exam.com\/blog\/fr\/examens\/delf\/categorie-consignes-du-test-delf\/"]}]},{"@type":"BreadcrumbList","@id":"https:\/\/global-exam.com\/blog\/fr\/examens\/delf\/categorie-consignes-du-test-delf\/#breadcrumb","itemListElement":[{"@type":"ListItem","position":1,"name":"Les examens de langue","item":"https:\/\/global-exam.com\/blog\/fr\/examens\/"},{"@type":"ListItem","position":2,"name":"DELF : conseils et pr\u00e9paration au test","item":"https:\/\/global-exam.com\/blog\/fr\/examens\/delf\/"},{"@type":"ListItem","position":3,"name":"Consignes du test DELF"}]}]}},"lang":"fr","translations":{"fr":60394},"pll_sync_post":[],"_links":{"self":[{"href":"https:\/\/global-exam.com\/blog\/wp-json\/wp\/v2\/pages\/60394"}],"collection":[{"href":"https:\/\/global-exam.com\/blog\/wp-json\/wp\/v2\/pages"}],"about":[{"href":"https:\/\/global-exam.com\/blog\/wp-json\/wp\/v2\/types\/page"}],"author":[{"embeddable":true,"href":"https:\/\/global-exam.com\/blog\/wp-json\/wp\/v2\/users\/2"}],"replies":[{"embeddable":true,"href":"https:\/\/global-exam.com\/blog\/wp-json\/wp\/v2\/comments?post=60394"}],"version-history":[{"count":10,"href":"https:\/\/global-exam.com\/blog\/wp-json\/wp\/v2\/pages\/60394\/revisions"}],"predecessor-version":[{"id":78116,"href":"https:\/\/global-exam.com\/blog\/wp-json\/wp\/v2\/pages\/60394\/revisions\/78116"}],"up":[{"embeddable":true,"href":"https:\/\/global-exam.com\/blog\/wp-json\/wp\/v2\/pages\/2853"}],"wp:attachment":[{"href":"https:\/\/global-exam.com\/blog\/wp-json\/wp\/v2\/media?parent=60394"}],"curies":[{"name":"wp","href":"https:\/\/api.w.org\/{rel}","templated":true}]}}