{"id":60405,"date":"2021-08-16T16:25:30","date_gmt":"2021-08-16T14:25:30","guid":{"rendered":"https:\/\/global-exam.com\/blog\/?page_id=60405"},"modified":"2022-08-17T16:26:16","modified_gmt":"2022-08-17T14:26:16","slug":"categorie-presentation-du-test-delf","status":"publish","type":"page","link":"https:\/\/global-exam.com\/blog\/fr\/examens\/delf\/categorie-presentation-du-test-delf\/","title":{"rendered":"Pr\u00e9sentation du test DELF"},"content":{"rendered":"<p>D\u00e9couvrir le DELF<\/p>\n<p>Nous vous expliquons dans cette cat\u00e9gorie\u00a0<strong>tout ce que vous devez savoir sur le DELF<\/strong>, les\u00a0<strong>avantages<\/strong>, les\u00a0<strong>sites de r\u00e9vision<\/strong>\u00a0et d\u2019entra\u00eenement, le\u00a0<strong>tarif<\/strong>\u00a0et la\u00a0<strong>dur\u00e9e de vie<\/strong>, les\u00a0<strong>d\u00e9riv\u00e9s<\/strong>\u00a0et\u00a0<strong>classements<\/strong>.<\/p>\n<p>La ma\u00eetrise de la langue fran\u00e7aise est d\u2019une importance capitale dans tous les domaines : professionnel, business\u2026 Certains secteurs demandent un\u00a0<strong>justificatif<\/strong> de cette ma\u00eetrise. Le passage du <a href=\"https:\/\/global-exam.com\/fr\/exam\/delf\" target=\"_blank\" rel=\"noopener\">DELF avec un entra\u00eenement<\/a> pr\u00e9alable est donc essentiel. <strong>Le DELF ou Dipl\u00f4me d\u2019Etudes en Langue Fran\u00e7aise<\/strong>\u00a0est un dipl\u00f4me officiel d\u00e9livr\u00e9 par le minist\u00e8re fran\u00e7ais de l\u2019\u00e9ducation.<\/p>\n<p>Le\u00a0<strong>DELF Junior<\/strong>\u00a0et le\u00a0<strong>DELF Tout Public<\/strong>\u00a0sont les d\u00e9riv\u00e9s du DELF. Le DELF Junior est un examen mis en place par le Minist\u00e8re de l\u2019Education nationale, de l\u2019Enseignement sup\u00e9rieur. Le DELF Tout Public est l\u2019\u00e9preuve la plus couramment choisie par tous les candidats.<\/p>\n","protected":false},"excerpt":{"rendered":"<p>D\u00e9couvrir le DELF Nous vous expliquons dans cette cat\u00e9gorie\u00a0tout ce que vous devez savoir sur le DELF, les\u00a0avantages, les\u00a0sites de r\u00e9vision\u00a0et d\u2019entra\u00eenement, [&hellip;]<\/p>\n","protected":false},"author":2,"featured_media":0,"parent":2853,"menu_order":0,"comment_status":"closed","ping_status":"closed","template":"","meta":[],"acf":[],"yoast_head":"<!-- This site is optimized with the Yoast SEO plugin v17.2.1 - https:\/\/yoast.com\/wordpress\/plugins\/seo\/ -->\n<title>Pr\u00e9sentation du test DELF<\/title>\n<meta name=\"robots\" content=\"index, follow, max-snippet:-1, max-image-preview:large, max-video-preview:-1\" \/>\n<link rel=\"canonical\" href=\"https:\/\/global-exam.com\/blog\/fr\/examens\/delf\/categorie-presentation-du-test-delf\/\" \/>\n<meta property=\"og:locale\" content=\"fr_FR\" \/>\n<meta property=\"og:type\" content=\"article\" \/>\n<meta property=\"og:title\" content=\"Pr\u00e9sentation du test DELF\" \/>\n<meta property=\"og:description\" content=\"D\u00e9couvrir le DELF Nous vous expliquons dans cette cat\u00e9gorie\u00a0tout ce que vous devez savoir sur le DELF, les\u00a0avantages, les\u00a0sites de r\u00e9vision\u00a0et d\u2019entra\u00eenement, [&hellip;]\" \/>\n<meta property=\"og:url\" content=\"https:\/\/global-exam.com\/blog\/fr\/examens\/delf\/categorie-presentation-du-test-delf\/\" \/>\n<meta property=\"og:site_name\" content=\"GlobalExam Blog\" \/>\n<meta property=\"article:publisher\" content=\"https:\/\/www.facebook.com\/Global.Exam\" \/>\n<meta property=\"article:modified_time\" content=\"2022-08-17T14:26:16+00:00\" \/>\n<meta name=\"twitter:card\" content=\"summary_large_image\" \/>\n<meta name=\"twitter:site\" content=\"@Global_Exam\" \/>\n<meta name=\"twitter:label1\" content=\"Dur\u00e9e de lecture estim\u00e9e\" \/>\n\t<meta name=\"twitter:data1\" content=\"1 minute\" \/>\n<script type=\"application\/ld+json\" class=\"yoast-schema-graph\">{\"@context\":\"https:\/\/schema.org\",\"@graph\":[{\"@type\":\"WebSite\",\"@id\":\"https:\/\/global-exam.com\/blog\/#website\",\"url\":\"https:\/\/global-exam.com\/blog\/\",\"name\":\"GlobalExam Blog\",\"description\":\"Le blog du sp\\u00e9cialiste de la certification linguistique\",\"potentialAction\":[{\"@type\":\"SearchAction\",\"target\":{\"@type\":\"EntryPoint\",\"urlTemplate\":\"https:\/\/global-exam.com\/blog\/?s={search_term_string}\"},\"query-input\":\"required name=search_term_string\"}],\"inLanguage\":\"fr-FR\"},{\"@type\":\"WebPage\",\"@id\":\"https:\/\/global-exam.com\/blog\/fr\/examens\/delf\/categorie-presentation-du-test-delf\/#webpage\",\"url\":\"https:\/\/global-exam.com\/blog\/fr\/examens\/delf\/categorie-presentation-du-test-delf\/\",\"name\":\"Pr\\u00e9sentation du test DELF\",\"isPartOf\":{\"@id\":\"https:\/\/global-exam.com\/blog\/#website\"},\"datePublished\":\"2021-08-16T14:25:30+00:00\",\"dateModified\":\"2022-08-17T14:26:16+00:00\",\"breadcrumb\":{\"@id\":\"https:\/\/global-exam.com\/blog\/fr\/examens\/delf\/categorie-presentation-du-test-delf\/#breadcrumb\"},\"inLanguage\":\"fr-FR\",\"potentialAction\":[{\"@type\":\"ReadAction\",\"target\":[\"https:\/\/global-exam.com\/blog\/fr\/examens\/delf\/categorie-presentation-du-test-delf\/\"]}]},{\"@type\":\"BreadcrumbList\",\"@id\":\"https:\/\/global-exam.com\/blog\/fr\/examens\/delf\/categorie-presentation-du-test-delf\/#breadcrumb\",\"itemListElement\":[{\"@type\":\"ListItem\",\"position\":1,\"name\":\"Les examens de langue\",\"item\":\"https:\/\/global-exam.com\/blog\/fr\/examens\/\"},{\"@type\":\"ListItem\",\"position\":2,\"name\":\"DELF : conseils et pr\\u00e9paration au test\",\"item\":\"https:\/\/global-exam.com\/blog\/fr\/examens\/delf\/\"},{\"@type\":\"ListItem\",\"position\":3,\"name\":\"Pr\\u00e9sentation du test DELF\"}]}]}<\/script>\n<!-- \/ Yoast SEO plugin. -->","yoast_head_json":{"title":"Pr\u00e9sentation du test DELF","robots":{"index":"index","follow":"follow","max-snippet":"max-snippet:-1","max-image-preview":"max-image-preview:large","max-video-preview":"max-video-preview:-1"},"canonical":"https:\/\/global-exam.com\/blog\/fr\/examens\/delf\/categorie-presentation-du-test-delf\/","og_locale":"fr_FR","og_type":"article","og_title":"Pr\u00e9sentation du test DELF","og_description":"D\u00e9couvrir le DELF Nous vous expliquons dans cette cat\u00e9gorie\u00a0tout ce que vous devez savoir sur le DELF, les\u00a0avantages, les\u00a0sites de r\u00e9vision\u00a0et d\u2019entra\u00eenement, [&hellip;]","og_url":"https:\/\/global-exam.com\/blog\/fr\/examens\/delf\/categorie-presentation-du-test-delf\/","og_site_name":"GlobalExam Blog","article_publisher":"https:\/\/www.facebook.com\/Global.Exam","article_modified_time":"2022-08-17T14:26:16+00:00","twitter_card":"summary_large_image","twitter_site":"@Global_Exam","twitter_misc":{"Dur\u00e9e de lecture estim\u00e9e":"1 minute"},"schema":{"@context":"https:\/\/schema.org","@graph":[{"@type":"WebSite","@id":"https:\/\/global-exam.com\/blog\/#website","url":"https:\/\/global-exam.com\/blog\/","name":"GlobalExam Blog","description":"Le blog du sp\u00e9cialiste de la certification linguistique","potentialAction":[{"@type":"SearchAction","target":{"@type":"EntryPoint","urlTemplate":"https:\/\/global-exam.com\/blog\/?s={search_term_string}"},"query-input":"required name=search_term_string"}],"inLanguage":"fr-FR"},{"@type":"WebPage","@id":"https:\/\/global-exam.com\/blog\/fr\/examens\/delf\/categorie-presentation-du-test-delf\/#webpage","url":"https:\/\/global-exam.com\/blog\/fr\/examens\/delf\/categorie-presentation-du-test-delf\/","name":"Pr\u00e9sentation du test DELF","isPartOf":{"@id":"https:\/\/global-exam.com\/blog\/#website"},"datePublished":"2021-08-16T14:25:30+00:00","dateModified":"2022-08-17T14:26:16+00:00","breadcrumb":{"@id":"https:\/\/global-exam.com\/blog\/fr\/examens\/delf\/categorie-presentation-du-test-delf\/#breadcrumb"},"inLanguage":"fr-FR","potentialAction":[{"@type":"ReadAction","target":["https:\/\/global-exam.com\/blog\/fr\/examens\/delf\/categorie-presentation-du-test-delf\/"]}]},{"@type":"BreadcrumbList","@id":"https:\/\/global-exam.com\/blog\/fr\/examens\/delf\/categorie-presentation-du-test-delf\/#breadcrumb","itemListElement":[{"@type":"ListItem","position":1,"name":"Les examens de langue","item":"https:\/\/global-exam.com\/blog\/fr\/examens\/"},{"@type":"ListItem","position":2,"name":"DELF : conseils et pr\u00e9paration au test","item":"https:\/\/global-exam.com\/blog\/fr\/examens\/delf\/"},{"@type":"ListItem","position":3,"name":"Pr\u00e9sentation du test DELF"}]}]}},"lang":"fr","translations":{"fr":60405},"pll_sync_post":[],"_links":{"self":[{"href":"https:\/\/global-exam.com\/blog\/wp-json\/wp\/v2\/pages\/60405"}],"collection":[{"href":"https:\/\/global-exam.com\/blog\/wp-json\/wp\/v2\/pages"}],"about":[{"href":"https:\/\/global-exam.com\/blog\/wp-json\/wp\/v2\/types\/page"}],"author":[{"embeddable":true,"href":"https:\/\/global-exam.com\/blog\/wp-json\/wp\/v2\/users\/2"}],"replies":[{"embeddable":true,"href":"https:\/\/global-exam.com\/blog\/wp-json\/wp\/v2\/comments?post=60405"}],"version-history":[{"count":7,"href":"https:\/\/global-exam.com\/blog\/wp-json\/wp\/v2\/pages\/60405\/revisions"}],"predecessor-version":[{"id":78119,"href":"https:\/\/global-exam.com\/blog\/wp-json\/wp\/v2\/pages\/60405\/revisions\/78119"}],"up":[{"embeddable":true,"href":"https:\/\/global-exam.com\/blog\/wp-json\/wp\/v2\/pages\/2853"}],"wp:attachment":[{"href":"https:\/\/global-exam.com\/blog\/wp-json\/wp\/v2\/media?parent=60405"}],"curies":[{"name":"wp","href":"https:\/\/api.w.org\/{rel}","templated":true}]}}